{"id":38956,"date":"2025-01-16T14:37:49","date_gmt":"2025-01-16T14:37:49","guid":{"rendered":"https:\/\/reanpackaging.com\/product\/custom-luxury-floral-bouquets-gift-cardboard-flower-tube-packaging-round-cylinder-craft-paper-box-for-flowers\/"},"modified":"2025-01-16T16:08:34","modified_gmt":"2025-01-16T16:08:34","slug":"custom-luxury-floral-bouquets-gift-cardboard-flower-tube-packaging-round-cylinder-craft-paper-box-for-flowers","status":"publish","type":"product","link":"https:\/\/reanpackaging.com\/et\/toode\/custom-luxury-floral-bouquets-gift-cardboard-flower-tube-packaging-round-cylinder-craft-paper-box-for-flowers\/","title":{"rendered":"Kohandatud luksuslik lillekimpude kinkekarbi lillepapp-toru pakendi \u00fcmmargune silindriline k\u00e4sit\u00f6\u00f6paberikarp lilledele"},"content":{"rendered":"<h4>T\u00f6\u00f6stusspetsiifilised omadused<\/h4>\n<table border=\"1\">\n<tbody>\n<tr>\n<td><strong>T\u00f6\u00f6stuslik kasutamine<\/strong><\/td>\n<td>Kingitus ja k\u00e4sit\u00f6\u00f6<\/td>\n<\/tr>\n<tr>\n<td><strong>Paberi t\u00fc\u00fcp<\/strong><\/td>\n<td>Papp<\/td>\n<\/tr>\n<tr>\n<td><strong>Funktsioon<\/strong><\/td>\n<td>Moetrend, Muud, K\u00e4sitsi valmistatud<\/td>\n<\/tr>\n<tr>\n<td><strong>kasti t\u00fc\u00fcp<\/strong><\/td>\n<td>Teised<\/td>\n<\/tr>\n<\/tbody>\n<\/table>\n<h4>Muud omadused<\/h4>\n<table border=\"1\">\n<tbody>\n<tr>\n<td><strong>Kuju<\/strong><\/td>\n<td>Ruudukujuline kast<\/td>\n<\/tr>\n<tr>\n<td><strong>Tr\u00fckkimise k\u00e4sitlemine<\/strong><\/td>\n<td>S\u00fcgavtr\u00fckk, TEKSTUURNE, GL\u0130TTER, LASER L\u00d5IKED, pruunistamine, UV-tr\u00fckk, h\u00f5befoolium, matt lamineerimine, lakkimine, tembeldamine, reljeef, l\u00e4ikiv lamineerimine, UV-pinnakate, VANISATSIOON, kuldfoolium, Offset-tr\u00fckk, reljeef\/tahvtimine, flexograafiline tr\u00fckkimine, siiditr\u00fckk, membranae tectoria, stantsimine, lamineerimine, k\u00fclmpressimine, hologrammitr\u00fckk.<\/td>\n<\/tr>\n<tr>\n<td><strong>Kohandatud tellimus<\/strong><\/td>\n<td>Aktsepteeri<\/td>\n<\/tr>\n<tr>\n<td><strong>Logo tr\u00fckkimine<\/strong><\/td>\n<td>Aktsepteeri kohandatud logo<\/td>\n<\/tr>\n<tr>\n<td><strong>Tarvikud<\/strong><\/td>\n<td>Magnetiline sulgemine, pael, k\u00e4epide<\/td>\n<\/tr>\n<tr>\n<td><strong>Vooderdise t\u00fc\u00fcp<\/strong><\/td>\n<td>j\u00f5upaberist lainepaberist<\/td>\n<\/tr>\n<\/tbody>\n<\/table>\n<p><img decoding=\"async\" class=\"detail-desc-decorate-image\" style=\"max-width: 100%; height: auto; display: block; margin: 0 auto;\" src=\"https:\/\/reanpackaging.com\/wp-content\/uploads\/2025\/01\/1-description-Custom-Luxury-Floral-Bouquets-Gift-Cardboard-Flower-Tube-Packaging-Round-Cylinder-Craft-Paper-Box-For-Flowers.jpg\" \/><br \/>\n<img decoding=\"async\" class=\"detail-desc-decorate-image\" style=\"max-width: 100%; height: auto; display: block; margin: 0 auto;\" src=\"https:\/\/reanpackaging.com\/wp-content\/uploads\/2025\/01\/2-description-Custom-Luxury-Floral-Bouquets-Gift-Cardboard-Flower-Tube-Packaging-Round-Cylinder-Craft-Paper-Box-For-Flowers.jpg\" \/><br \/>\n<img decoding=\"async\" class=\"detail-desc-decorate-image\" style=\"max-width: 100%; height: auto; display: block; margin: 0 auto;\" src=\"https:\/\/reanpackaging.com\/wp-content\/uploads\/2025\/01\/3-description-Custom-Luxury-Floral-Bouquets-Gift-Cardboard-Flower-Tube-Packaging-Round-Cylinder-Craft-Paper-Box-For-Flowers.jpg\" \/><br \/>\n<img decoding=\"async\" class=\"detail-desc-decorate-image\" style=\"max-width: 100%; height: auto; display: block; margin: 0 auto;\" src=\"https:\/\/reanpackaging.com\/wp-content\/uploads\/2025\/01\/4-description-Custom-Luxury-Floral-Bouquets-Gift-Cardboard-Flower-Tube-Packaging-Round-Cylinder-Craft-Paper-Box-For-Flowers.jpg\" \/><br \/>\n<img decoding=\"async\" class=\"detail-desc-decorate-image\" style=\"max-width: 100%; height: auto; display: block; margin: 0 auto;\" src=\"https:\/\/reanpackaging.com\/wp-content\/uploads\/2025\/01\/5-description-Custom-Luxury-Floral-Bouquets-Gift-Cardboard-Flower-Tube-Packaging-Round-Cylinder-Craft-Paper-Box-For-Flowers.jpg\" \/><br \/>\n<img decoding=\"async\" class=\"detail-desc-decorate-image\" style=\"max-width: 100%; height: auto; display: block; margin: 0 auto;\" src=\"https:\/\/reanpackaging.com\/wp-content\/uploads\/2025\/01\/6-description-Custom-Luxury-Floral-Bouquets-Gift-Cardboard-Flower-Tube-Packaging-Round-Cylinder-Craft-Paper-Box-For-Flowers.jpg\" \/><\/p>","protected":false},"excerpt":{"rendered":"<p>Industry-Specific Attributes Industrial Use Gift &amp; Craft Paper Type Paperboard Feature Fashion Trend, Other, Handmade box type Others Other Attributes Shape Square box Printing Handling Gravure printing, TEXTURED, GL\u0130TTER, LASER CUTTING, Bronzing, UV printing, silver foil, Matt Lamination, Varnishing, Stamping, Embossing, Glossy Lamination, UV Coating, VANISHING, Gold Foil, Offset printing, Embossing\/Debossing, Flexographic Printing, Silk screen [&hellip;]<\/p>\n","protected":false},"featured_media":38613,"template":"","meta":{"_seopress_robots_primary_cat":"none","_seopress_titles_title":"Custom Luxury Floral Bouquets Gift Cardboard Flower Tube Packaging Round Cylinder Craft Paper Box For Flowers","_seopress_titles_desc":"","_seopress_robots_index":"","site-sidebar-layout":"default","site-content-layout":"","ast-site-content-layout":"default","site-content-style":"default","site-sidebar-style":"default","ast-global-header-display":"","ast-banner-title-visibility":"","ast-main-header-display":"","ast-hfb-above-header-display":"","ast-hfb-below-header-display":"","ast-hfb-mobile-header-display":"","site-post-title":"","ast-breadcrumbs-content":"","ast-featured-img":"","footer-sml-layout":"","ast-disable-related-posts":"","theme-transparent-header-meta":"default","adv-header-id-meta":"","stick-header-meta":"default","header-above-stick-meta":"","header-main-stick-meta":"","header-below-stick-meta":"","astra-migrate-meta-layouts":"set","ast-page-background-enabled":"default","ast-page-background-meta":{"desktop":{"background-color":"","background-image":"","background-repeat":"repeat","background-position":"center center","background-size":"auto","background-attachment":"scroll","background-type":"","background-media":"","overlay-type":"","overlay-color":"","overlay-opacity":"","overlay-gradient":""},"tablet":{"background-color":"","background-image":"","background-repeat":"repeat","background-position":"center center","background-size":"auto","background-attachment":"scroll","background-type":"","background-media":"","overlay-type":"","overlay-color":"","overlay-opacity":"","overlay-gradient":""},"mobile":{"background-color":"","background-image":"","background-repeat":"repeat","background-position":"center center","background-size":"auto","background-attachment":"scroll","background-type":"","background-media":"","overlay-type":"","overlay-color":"","overlay-opacity":"","overlay-gradient":""}},"ast-content-background-meta":{"desktop":{"background-color":"var(--ast-global-color-5)","background-image":"","background-repeat":"repeat","background-position":"center center","background-size":"auto","background-attachment":"scroll","background-type":"","background-media":"","overlay-type":"","overlay-color":"","overlay-opacity":"","overlay-gradient":""},"tablet":{"background-color":"var(--ast-global-color-5)","background-image":"","background-repeat":"repeat","background-position":"center center","background-size":"auto","background-attachment":"scroll","background-type":"","background-media":"","overlay-type":"","overlay-color":"","overlay-opacity":"","overlay-gradient":""},"mobile":{"background-color":"var(--ast-global-color-5)","background-image":"","background-repeat":"repeat","background-position":"center center","background-size":"auto","background-attachment":"scroll","background-type":"","background-media":"","overlay-type":"","overlay-color":"","overlay-opacity":"","overlay-gradient":""}}},"product_brand":[],"product_cat":[88],"product_tag":[],"class_list":{"0":"post-38956","1":"product","2":"type-product","3":"status-publish","4":"has-post-thumbnail","6":"product_cat-round-gift-boxes","7":"desktop-align-left","8":"tablet-align-left","9":"mobile-align-left","10":"ast-product-gallery-layout-horizontal","11":"ast-product-tabs-layout-horizontal","13":"first","14":"instock","15":"product-type-simple"},"_links":{"self":[{"href":"https:\/\/reanpackaging.com\/et\/wp-json\/wp\/v2\/product\/38956","targetHints":{"allow":["GET"]}}],"collection":[{"href":"https:\/\/reanpackaging.com\/et\/wp-json\/wp\/v2\/product"}],"about":[{"href":"https:\/\/reanpackaging.com\/et\/wp-json\/wp\/v2\/types\/product"}],"wp:featuredmedia":[{"embeddable":true,"href":"https:\/\/reanpackaging.com\/et\/wp-json\/wp\/v2\/media\/38613"}],"wp:attachment":[{"href":"https:\/\/reanpackaging.com\/et\/wp-json\/wp\/v2\/media?parent=38956"}],"wp:term":[{"taxonomy":"product_brand","embeddable":true,"href":"https:\/\/reanpackaging.com\/et\/wp-json\/wp\/v2\/product_brand?post=38956"},{"taxonomy":"product_cat","embeddable":true,"href":"https:\/\/reanpackaging.com\/et\/wp-json\/wp\/v2\/product_cat?post=38956"},{"taxonomy":"product_tag","embeddable":true,"href":"https:\/\/reanpackaging.com\/et\/wp-json\/wp\/v2\/product_tag?post=38956"}],"curies":[{"name":"wp","href":"https:\/\/api.w.org\/{rel}","templated":true}]}}