{"id":39009,"date":"2025-01-16T14:40:17","date_gmt":"2025-01-16T14:40:17","guid":{"rendered":"https:\/\/reanpackaging.com\/product\/custom-logo-printed-coated-paper-tube-round-candle-packaging-boxes-luxury-gift-box-for-candles\/"},"modified":"2025-01-16T16:07:40","modified_gmt":"2025-01-16T16:07:40","slug":"custom-logo-printed-coated-paper-tube-round-candle-packaging-boxes-luxury-gift-box-for-candles","status":"publish","type":"product","link":"https:\/\/reanpackaging.com\/et\/toode\/custom-logo-printed-coated-paper-tube-round-candle-packaging-boxes-luxury-gift-box-for-candles\/","title":{"rendered":"Kohandatud logo tr\u00fckitud kaetud paberitoru \u00fcmmargune k\u00fc\u00fcnla pakendikarpide luksuslik kinkekarp k\u00fc\u00fcnalde jaoks"},"content":{"rendered":"<h4>T\u00f6\u00f6stusspetsiifilised omadused<\/h4>\n<table border=\"1\">\n<tbody>\n<tr>\n<td><strong>T\u00f6\u00f6stuslik kasutamine<\/strong><\/td>\n<td>Kingitus ja k\u00e4sit\u00f6\u00f6<\/td>\n<\/tr>\n<tr>\n<td><strong>Paberi t\u00fc\u00fcp<\/strong><\/td>\n<td>Papp<\/td>\n<\/tr>\n<tr>\n<td><strong>Funktsioon<\/strong><\/td>\n<td>Ringlussev\u00f5etav<\/td>\n<\/tr>\n<tr>\n<td><strong>kasti t\u00fc\u00fcp<\/strong><\/td>\n<td>J\u00e4igad kastid<\/td>\n<\/tr>\n<\/tbody>\n<\/table>\n<h4>Muud omadused<\/h4>\n<table border=\"1\">\n<tbody>\n<tr>\n<td><strong>Kuju<\/strong><\/td>\n<td>Silinder<\/td>\n<\/tr>\n<tr>\n<td><strong>Tr\u00fckkimise k\u00e4sitlemine<\/strong><\/td>\n<td>Matt lamineerimine, lakkimine, tembeldamine, reljeefne, l\u00e4ikiv lamineerimine, UV-pinnakate, VANISHING, kuldfoolium.<\/td>\n<\/tr>\n<tr>\n<td><strong>Kohandatud tellimus<\/strong><\/td>\n<td>Aktsepteeri<\/td>\n<\/tr>\n<tr>\n<td><strong>Logo tr\u00fckkimine<\/strong><\/td>\n<td>Aktsepteeri<\/td>\n<\/tr>\n<tr>\n<td><strong>Tarvikud<\/strong><\/td>\n<td>Lint, kohandatud<\/td>\n<\/tr>\n<tr>\n<td><strong>Vooderdise t\u00fc\u00fcp<\/strong><\/td>\n<td>Vaht, papp, EVA<\/td>\n<\/tr>\n<tr>\n<td><strong>Kasutamine<\/strong><\/td>\n<td>Kosmeetika pakendamine<\/td>\n<\/tr>\n<tr>\n<td><strong>Materjal<\/strong><\/td>\n<td>Paberikartong<\/td>\n<\/tr>\n<tr>\n<td><strong>V\u00e4rv<\/strong><\/td>\n<td>CMYK<\/td>\n<\/tr>\n<tr>\n<td><strong>Logo<\/strong><\/td>\n<td>Kliendi logo<\/td>\n<\/tr>\n<tr>\n<td><strong>Tr\u00fckkimine<\/strong><\/td>\n<td>4c Offset tr\u00fckkimine<\/td>\n<\/tr>\n<tr>\n<td><strong>Suurus<\/strong><\/td>\n<td>Kohandatud suurus aktsepteeritud<\/td>\n<\/tr>\n<tr>\n<td><strong>Pinna viimistlus<\/strong><\/td>\n<td>4C\/UV\/Lamineerimine\/pressimine\/tembeldamine\/ tembeldamine<\/td>\n<\/tr>\n<tr>\n<td><strong>Disain<\/strong><\/td>\n<td>Kliendi erivajadus<\/td>\n<\/tr>\n<tr>\n<td><strong>Prooviaeg<\/strong><\/td>\n<td>3-7 t\u00f6\u00f6p\u00e4eva<\/td>\n<\/tr>\n<tr>\n<td><strong>MOQ<\/strong><\/td>\n<td>500 tk<\/td>\n<\/tr>\n<\/tbody>\n<\/table>","protected":false},"excerpt":{"rendered":"<p>Industry-Specific Attributes Industrial Use Gift &amp; Craft Paper Type Paperboard Feature Recyclable box type Rigid Boxes Other Attributes Shape Cylinder Printing Handling Matt Lamination, Varnishing, Stamping, Embossing, Glossy Lamination, UV Coating, VANISHING, Gold Foil Custom Order Accept Logo printing Accept Accessories Ribbon, Custom Liner type Sponge, Paperboard, EVA Usage Cosmetic Packing Material Paper Board Color [&hellip;]<\/p>\n","protected":false},"featured_media":38591,"template":"","meta":{"_seopress_robots_primary_cat":"none","_seopress_titles_title":"Custom logo printed coated paper tube round candle packaging boxes luxury gift box for candles","_seopress_titles_desc":"","_seopress_robots_index":"","site-sidebar-layout":"default","site-content-layout":"","ast-site-content-layout":"default","site-content-style":"default","site-sidebar-style":"default","ast-global-header-display":"","ast-banner-title-visibility":"","ast-main-header-display":"","ast-hfb-above-header-display":"","ast-hfb-below-header-display":"","ast-hfb-mobile-header-display":"","site-post-title":"","ast-breadcrumbs-content":"","ast-featured-img":"","footer-sml-layout":"","ast-disable-related-posts":"","theme-transparent-header-meta":"default","adv-header-id-meta":"","stick-header-meta":"default","header-above-stick-meta":"","header-main-stick-meta":"","header-below-stick-meta":"","astra-migrate-meta-layouts":"set","ast-page-background-enabled":"default","ast-page-background-meta":{"desktop":{"background-color":"","background-image":"","background-repeat":"repeat","background-position":"center center","background-size":"auto","background-attachment":"scroll","background-type":"","background-media":"","overlay-type":"","overlay-color":"","overlay-opacity":"","overlay-gradient":""},"tablet":{"background-color":"","background-image":"","background-repeat":"repeat","background-position":"center center","background-size":"auto","background-attachment":"scroll","background-type":"","background-media":"","overlay-type":"","overlay-color":"","overlay-opacity":"","overlay-gradient":""},"mobile":{"background-color":"","background-image":"","background-repeat":"repeat","background-position":"center center","background-size":"auto","background-attachment":"scroll","background-type":"","background-media":"","overlay-type":"","overlay-color":"","overlay-opacity":"","overlay-gradient":""}},"ast-content-background-meta":{"desktop":{"background-color":"var(--ast-global-color-5)","background-image":"","background-repeat":"repeat","background-position":"center center","background-size":"auto","background-attachment":"scroll","background-type":"","background-media":"","overlay-type":"","overlay-color":"","overlay-opacity":"","overlay-gradient":""},"tablet":{"background-color":"var(--ast-global-color-5)","background-image":"","background-repeat":"repeat","background-position":"center center","background-size":"auto","background-attachment":"scroll","background-type":"","background-media":"","overlay-type":"","overlay-color":"","overlay-opacity":"","overlay-gradient":""},"mobile":{"background-color":"var(--ast-global-color-5)","background-image":"","background-repeat":"repeat","background-position":"center center","background-size":"auto","background-attachment":"scroll","background-type":"","background-media":"","overlay-type":"","overlay-color":"","overlay-opacity":"","overlay-gradient":""}}},"product_brand":[],"product_cat":[88],"product_tag":[],"class_list":{"0":"post-39009","1":"product","2":"type-product","3":"status-publish","4":"has-post-thumbnail","6":"product_cat-round-gift-boxes","7":"desktop-align-left","8":"tablet-align-left","9":"mobile-align-left","10":"ast-product-gallery-layout-horizontal","11":"ast-product-tabs-layout-horizontal","13":"first","14":"instock","15":"product-type-simple"},"_links":{"self":[{"href":"https:\/\/reanpackaging.com\/et\/wp-json\/wp\/v2\/product\/39009","targetHints":{"allow":["GET"]}}],"collection":[{"href":"https:\/\/reanpackaging.com\/et\/wp-json\/wp\/v2\/product"}],"about":[{"href":"https:\/\/reanpackaging.com\/et\/wp-json\/wp\/v2\/types\/product"}],"wp:featuredmedia":[{"embeddable":true,"href":"https:\/\/reanpackaging.com\/et\/wp-json\/wp\/v2\/media\/38591"}],"wp:attachment":[{"href":"https:\/\/reanpackaging.com\/et\/wp-json\/wp\/v2\/media?parent=39009"}],"wp:term":[{"taxonomy":"product_brand","embeddable":true,"href":"https:\/\/reanpackaging.com\/et\/wp-json\/wp\/v2\/product_brand?post=39009"},{"taxonomy":"product_cat","embeddable":true,"href":"https:\/\/reanpackaging.com\/et\/wp-json\/wp\/v2\/product_cat?post=39009"},{"taxonomy":"product_tag","embeddable":true,"href":"https:\/\/reanpackaging.com\/et\/wp-json\/wp\/v2\/product_tag?post=39009"}],"curies":[{"name":"wp","href":"https:\/\/api.w.org\/{rel}","templated":true}]}}