{"id":41708,"date":"2025-01-19T09:42:39","date_gmt":"2025-01-19T09:42:39","guid":{"rendered":"https:\/\/reanpackaging.com\/product\/lovebay-valentine-gift-real-touch-single-eternal-roses-in-round-heart-square-box-long-lasting-natural-preserved-flowers-in-box\/"},"modified":"2025-01-19T09:43:00","modified_gmt":"2025-01-19T09:43:00","slug":"lovebay-valentine-gift-real-touch-single-eternal-roses-in-round-heart-square-box-long-lasting-natural-preserved-flowers-in-box","status":"publish","type":"product","link":"https:\/\/reanpackaging.com\/et\/toode\/lovebay-valentine-gift-real-touch-single-eternal-roses-in-round-heart-square-box-long-lasting-natural-preserved-flowers-in-box\/","title":{"rendered":"Lovebay Valentine kingitus Real Touch \u00dcksikud igavene roosid \u00fcmmarguses s\u00fcdame ruudukujulises kastis Pikaajalised looduslikud konserveeritud lilled karbis"},"content":{"rendered":"<h4>T\u00f6\u00f6stusspetsiifilised omadused<\/h4>\n<table border=\"1\">\n<tr>\n<td><strong>Juhus<\/strong><\/td>\n<td>aprillineljap\u00e4ev, kooliminek, Hiina uusaasta, j\u00f5ulud, Maarjap\u00e4ev, lihav\u00f5tted, isadep\u00e4ev, l\u00f5petamine, Halloween, emadep\u00e4ev, uusaasta, t\u00e4nup\u00fcha, s\u00f5brap\u00e4ev, s\u00f5brap\u00e4ev.<\/td>\n<\/tr>\n<\/table>\n<h4>Muud omadused<\/h4>\n<table border=\"1\">\n<tr>\n<td><strong>Suurus<\/strong><\/td>\n<td>6*8.5\/13*13\/18.8*18\/23*23<\/td>\n<\/tr>\n<tr>\n<td><strong>Toote nimi<\/strong><\/td>\n<td>Konserveeritud lilled karbis<\/td>\n<\/tr>\n<tr>\n<td><strong>Materjal<\/strong><\/td>\n<td>\u00dcksikud igaveseid roose<\/td>\n<\/tr>\n<tr>\n<td><strong>MQQ<\/strong><\/td>\n<td>1 karp<\/td>\n<\/tr>\n<tr>\n<td><strong>ODM\/OEM<\/strong><\/td>\n<td>Aktsepteerida erinevaid kohandatud n\u00f5udeid<\/td>\n<\/tr>\n<tr>\n<td><strong>Advantage<\/strong><\/td>\n<td>S\u00e4ilitatud t\u00f5elised roosid<\/td>\n<\/tr>\n<tr>\n<td><strong>M\u00e4rks\u00f5nad<\/strong><\/td>\n<td>Eternal boxed roosid s\u00e4ilinud lill<\/td>\n<\/tr>\n<tr>\n<td><strong>Logo<\/strong><\/td>\n<td>Kohandatud logo aktsepteeritud<\/td>\n<\/tr>\n<tr>\n<td><strong>Kvaliteet<\/strong><\/td>\n<td>Konserveeritud roosid Pikaealised roosid<\/td>\n<\/tr>\n<tr>\n<td><strong>Tarneaeg<\/strong><\/td>\n<td>7-15 p\u00e4eva<\/td>\n<\/tr>\n<tr>\n<td><strong>Konserveeritud rooside kasutamine<\/strong><\/td>\n<td>Kingitused ja kodudekoratsioonid<\/td>\n<\/tr>\n<\/table>\n<p><img decoding=\"async\" class=\"detail-desc-decorate-image\" src=\"https:\/\/reanpackaging.com\/wp-content\/uploads\/2025\/01\/1-description-Lovebay-Valentine-Gift-Real-Touch-Single-Eternal-Roses-in-Round-Heart-Square-Box-Long-Lasting-Natural-Preserved-Flowers-in-Box.jpg\" slate-data-type=\"image\" style=\"max-width: 100%; height: auto; display: block; margin: 0 auto;\"><br \/>\n<img decoding=\"async\" class=\"detail-desc-decorate-image\" src=\"https:\/\/reanpackaging.com\/wp-content\/uploads\/2025\/01\/3-description-Lovebay-Valentine-Gift-Real-Touch-Single-Eternal-Roses-in-Round-Heart-Square-Box-Long-Lasting-Natural-Preserved-Flowers-in-Box.jpg\" slate-data-type=\"image\" style=\"max-width: 100%; height: auto; display: block; margin: 0 auto;\"><br \/>\n<img decoding=\"async\" class=\"detail-desc-decorate-image\" src=\"https:\/\/reanpackaging.com\/wp-content\/uploads\/2025\/01\/4-description-Lovebay-Valentine-Gift-Real-Touch-Single-Eternal-Roses-in-Round-Heart-Square-Box-Long-Lasting-Natural-Preserved-Flowers-in-Box.jpg\" slate-data-type=\"image\" style=\"max-width: 100%; height: auto; display: block; margin: 0 auto;\"><br \/>\n<img decoding=\"async\" class=\"detail-desc-decorate-image\" src=\"https:\/\/reanpackaging.com\/wp-content\/uploads\/2025\/01\/5-description-Lovebay-Valentine-Gift-Real-Touch-Single-Eternal-Roses-in-Round-Heart-Square-Box-Long-Lasting-Natural-Preserved-Flowers-in-Box.jpg\" slate-data-type=\"image\" style=\"max-width: 100%; height: auto; display: block; margin: 0 auto;\"><br \/>\n<img decoding=\"async\" class=\"detail-desc-decorate-image\" src=\"https:\/\/reanpackaging.com\/wp-content\/uploads\/2025\/01\/13-description-Lovebay-Valentine-Gift-Real-Touch-Single-Eternal-Roses-in-Round-Heart-Square-Box-Long-Lasting-Natural-Preserved-Flowers-in-Box.jpg\" slate-data-type=\"image\" style=\"max-width: 100%; height: auto; display: block; margin: 0 auto;\"><\/p>","protected":false},"excerpt":{"rendered":"<p>Industry-Specific Attributes Occasion April Fool&#8217;s Day, Back to School, Chinese New Year, Christmas, Earth Day, Easter, Father&#8217;s Day, Graduation, Halloween, Mother&#8217;s Day, New Year, Thanksgiving, Valentine&#8217;s Day Other Attributes Size 6*8.5\/13*13\/18.8*18\/23*23 Product name Preserved Flowers in Box Material Single Eternal Roses MQQ 1 boxes ODM\/OEM Accept various customized requirements Advantage Preserved Real Roses Keywords Eternal [&hellip;]<\/p>\n","protected":false},"featured_media":41517,"template":"","meta":{"_seopress_robots_primary_cat":"","_seopress_titles_title":"","_seopress_titles_desc":"","_seopress_robots_index":"","site-sidebar-layout":"default","site-content-layout":"","ast-site-content-layout":"default","site-content-style":"default","site-sidebar-style":"default","ast-global-header-display":"","ast-banner-title-visibility":"","ast-main-header-display":"","ast-hfb-above-header-display":"","ast-hfb-below-header-display":"","ast-hfb-mobile-header-display":"","site-post-title":"","ast-breadcrumbs-content":"","ast-featured-img":"","footer-sml-layout":"","ast-disable-related-posts":"","theme-transparent-header-meta":"","adv-header-id-meta":"","stick-header-meta":"","header-above-stick-meta":"","header-main-stick-meta":"","header-below-stick-meta":"","astra-migrate-meta-layouts":"default","ast-page-background-enabled":"default","ast-page-background-meta":{"desktop":{"background-color":"","background-image":"","background-repeat":"repeat","background-position":"center center","background-size":"auto","background-attachment":"scroll","background-type":"","background-media":"","overlay-type":"","overlay-color":"","overlay-opacity":"","overlay-gradient":""},"tablet":{"background-color":"","background-image":"","background-repeat":"repeat","background-position":"center center","background-size":"auto","background-attachment":"scroll","background-type":"","background-media":"","overlay-type":"","overlay-color":"","overlay-opacity":"","overlay-gradient":""},"mobile":{"background-color":"","background-image":"","background-repeat":"repeat","background-position":"center center","background-size":"auto","background-attachment":"scroll","background-type":"","background-media":"","overlay-type":"","overlay-color":"","overlay-opacity":"","overlay-gradient":""}},"ast-content-background-meta":{"desktop":{"background-color":"var(--ast-global-color-5)","background-image":"","background-repeat":"repeat","background-position":"center center","background-size":"auto","background-attachment":"scroll","background-type":"","background-media":"","overlay-type":"","overlay-color":"","overlay-opacity":"","overlay-gradient":""},"tablet":{"background-color":"var(--ast-global-color-5)","background-image":"","background-repeat":"repeat","background-position":"center center","background-size":"auto","background-attachment":"scroll","background-type":"","background-media":"","overlay-type":"","overlay-color":"","overlay-opacity":"","overlay-gradient":""},"mobile":{"background-color":"var(--ast-global-color-5)","background-image":"","background-repeat":"repeat","background-position":"center center","background-size":"auto","background-attachment":"scroll","background-type":"","background-media":"","overlay-type":"","overlay-color":"","overlay-opacity":"","overlay-gradient":""}}},"product_brand":[],"product_cat":[89],"product_tag":[],"class_list":{"0":"post-41708","1":"product","2":"type-product","3":"status-publish","4":"has-post-thumbnail","6":"product_cat-flower-gift-boxes","7":"desktop-align-left","8":"tablet-align-left","9":"mobile-align-left","10":"ast-product-gallery-layout-horizontal","11":"ast-product-tabs-layout-horizontal","13":"first","14":"instock","15":"product-type-simple"},"_links":{"self":[{"href":"https:\/\/reanpackaging.com\/et\/wp-json\/wp\/v2\/product\/41708","targetHints":{"allow":["GET"]}}],"collection":[{"href":"https:\/\/reanpackaging.com\/et\/wp-json\/wp\/v2\/product"}],"about":[{"href":"https:\/\/reanpackaging.com\/et\/wp-json\/wp\/v2\/types\/product"}],"wp:featuredmedia":[{"embeddable":true,"href":"https:\/\/reanpackaging.com\/et\/wp-json\/wp\/v2\/media\/41517"}],"wp:attachment":[{"href":"https:\/\/reanpackaging.com\/et\/wp-json\/wp\/v2\/media?parent=41708"}],"wp:term":[{"taxonomy":"product_brand","embeddable":true,"href":"https:\/\/reanpackaging.com\/et\/wp-json\/wp\/v2\/product_brand?post=41708"},{"taxonomy":"product_cat","embeddable":true,"href":"https:\/\/reanpackaging.com\/et\/wp-json\/wp\/v2\/product_cat?post=41708"},{"taxonomy":"product_tag","embeddable":true,"href":"https:\/\/reanpackaging.com\/et\/wp-json\/wp\/v2\/product_tag?post=41708"}],"curies":[{"name":"wp","href":"https:\/\/api.w.org\/{rel}","templated":true}]}}