{"id":41713,"date":"2025-01-19T09:42:39","date_gmt":"2025-01-19T09:42:39","guid":{"rendered":"https:\/\/reanpackaging.com\/product\/5-pcs-lot-black-white-no-logo-package-custom-hat-shape-luxury-preserved-gift-roses-round-flower-box\/"},"modified":"2025-01-19T11:12:59","modified_gmt":"2025-01-19T11:12:59","slug":"5-pcs-lot-black-white-no-logo-package-custom-hat-shape-luxury-preserved-gift-roses-round-flower-box","status":"publish","type":"product","link":"https:\/\/reanpackaging.com\/et\/toode\/5-pcs-lot-black-white-no-logo-package-custom-hat-shape-luxury-preserved-gift-roses-round-flower-box\/","title":{"rendered":"5 tk partii must valge ilma logo pakett kohandatud m\u00fctsi kuju luksuslik s\u00e4ilitatud kingitus roosid \u00fcmmargune lillekarbis"},"content":{"rendered":"<h4>T\u00f6\u00f6stusspetsiifilised omadused<\/h4>\n<table border=\"1\">\n<tbody>\n<tr>\n<td><strong>T\u00f6\u00f6stuslik kasutamine<\/strong><\/td>\n<td>Kingitus ja k\u00e4sit\u00f6\u00f6<\/td>\n<\/tr>\n<tr>\n<td><strong>Paberi t\u00fc\u00fcp<\/strong><\/td>\n<td>Kaetud paber<\/td>\n<\/tr>\n<tr>\n<td><strong>Funktsioon<\/strong><\/td>\n<td>K\u00e4sitsi valmistatud<\/td>\n<\/tr>\n<tr>\n<td><strong>kasti t\u00fc\u00fcp<\/strong><\/td>\n<td>J\u00e4igad kastid<\/td>\n<\/tr>\n<\/tbody>\n<\/table>\n<h4>Muud omadused<\/h4>\n<table border=\"1\">\n<tbody>\n<tr>\n<td><strong>Kuju<\/strong><\/td>\n<td>s\u00fcda, ruudukujuline, \u00fcmmargune<\/td>\n<\/tr>\n<tr>\n<td><strong>Tr\u00fckkimise k\u00e4sitlemine<\/strong><\/td>\n<td>Matt lamineerimine, lakkimine, tembeldamine, reljeefne, l\u00e4ikiv lamineerimine, UV-pinnakate, VANISHING, kuldfoolium.<\/td>\n<\/tr>\n<tr>\n<td><strong>Kohandatud tellimus<\/strong><\/td>\n<td>Aktsepteeri<\/td>\n<\/tr>\n<tr>\n<td><strong>Tarvikud<\/strong><\/td>\n<td>Ribbon<\/td>\n<\/tr>\n<tr>\n<td><strong>Vooderdise t\u00fc\u00fcp<\/strong><\/td>\n<td>Sponge<\/td>\n<\/tr>\n<tr>\n<td><strong>V\u00e4rvid<\/strong><\/td>\n<td>must, valge, roosa, punane...<\/td>\n<\/tr>\n<tr>\n<td><strong>suurus<\/strong><\/td>\n<td>Kohandatud Aktsepteeri<\/td>\n<\/tr>\n<tr>\n<td><strong>Logo<\/strong><\/td>\n<td>Kliendi logo, tavaline karp<\/td>\n<\/tr>\n<tr>\n<td><strong>Kasutamine<\/strong><\/td>\n<td>kinkekarp, lillekast, m\u00fctsikarp<\/td>\n<\/tr>\n<tr>\n<td><strong>MOQ<\/strong><\/td>\n<td>500 KOMPLEKTI<\/td>\n<\/tr>\n<tr>\n<td><strong>T\u00f6\u00f6stuslik kasutamine<\/strong><\/td>\n<td>kingituspakend<\/td>\n<\/tr>\n<tr>\n<td><strong>Kasutage<\/strong><\/td>\n<td>kingituspakend<\/td>\n<\/tr>\n<tr>\n<td><strong>Materjal<\/strong><\/td>\n<td>Paberikartong, samet jne.<\/td>\n<\/tr>\n<tr>\n<td><strong>Kuju<\/strong><\/td>\n<td>\u00dcmmargune, kuppel, ruut, s\u00fcda jne.<\/td>\n<\/tr>\n<tr>\n<td><strong>Pakkimine<\/strong><\/td>\n<td>Mullpaber ja kartong<\/td>\n<\/tr>\n<\/tbody>\n<\/table>\n<p><img decoding=\"async\" class=\"detail-desc-decorate-image\" style=\"max-width: 100%; height: auto; display: block; margin: 0 auto;\" src=\"https:\/\/reanpackaging.com\/wp-content\/uploads\/2025\/01\/1-description-5-Pcs-Lot-Black-White-No-Logo-Package-Custom-Hat-Shape-Luxury-Preserved-Gift-Roses-Round-Flower-Box.jpg\" \/><br \/>\n<img decoding=\"async\" class=\"detail-desc-decorate-image\" style=\"max-width: 100%; height: auto; display: block; margin: 0 auto;\" src=\"https:\/\/reanpackaging.com\/wp-content\/uploads\/2025\/01\/2-description-5-Pcs-Lot-Black-White-No-Logo-Package-Custom-Hat-Shape-Luxury-Preserved-Gift-Roses-Round-Flower-Box.jpg\" \/><br \/>\n<img decoding=\"async\" class=\"detail-desc-decorate-image\" style=\"max-width: 100%; height: auto; display: block; margin: 0 auto;\" src=\"https:\/\/reanpackaging.com\/wp-content\/uploads\/2025\/01\/4-description-5-Pcs-Lot-Black-White-No-Logo-Package-Custom-Hat-Shape-Luxury-Preserved-Gift-Roses-Round-Flower-Box.jpg\" \/><br \/>\n<img decoding=\"async\" class=\"detail-desc-decorate-image\" style=\"max-width: 100%; height: auto; display: block; margin: 0 auto;\" src=\"https:\/\/reanpackaging.com\/wp-content\/uploads\/2025\/01\/8-description-5-Pcs-Lot-Black-White-No-Logo-Package-Custom-Hat-Shape-Luxury-Preserved-Gift-Roses-Round-Flower-Box.jpg\" \/><br \/>\n<img decoding=\"async\" class=\"detail-desc-decorate-image\" style=\"max-width: 100%; height: auto; display: block; margin: 0 auto;\" src=\"https:\/\/reanpackaging.com\/wp-content\/uploads\/2025\/01\/9-description-5-Pcs-Lot-Black-White-No-Logo-Package-Custom-Hat-Shape-Luxury-Preserved-Gift-Roses-Round-Flower-Box.jpg\" \/><br \/>\n<img decoding=\"async\" class=\"detail-desc-decorate-image\" style=\"max-width: 100%; height: auto; display: block; margin: 0 auto;\" src=\"https:\/\/reanpackaging.com\/wp-content\/uploads\/2025\/01\/10-description-5-Pcs-Lot-Black-White-No-Logo-Package-Custom-Hat-Shape-Luxury-Preserved-Gift-Roses-Round-Flower-Box.jpg\" \/><br \/>\n<img decoding=\"async\" class=\"detail-desc-decorate-image\" style=\"max-width: 100%; height: auto; display: block; margin: 0 auto;\" src=\"https:\/\/reanpackaging.com\/wp-content\/uploads\/2025\/01\/11-description-5-Pcs-Lot-Black-White-No-Logo-Package-Custom-Hat-Shape-Luxury-Preserved-Gift-Roses-Round-Flower-Box.jpg\" \/><br \/>\n<img decoding=\"async\" class=\"detail-desc-decorate-image\" style=\"max-width: 100%; height: auto; display: block; margin: 0 auto;\" src=\"https:\/\/reanpackaging.com\/wp-content\/uploads\/2025\/01\/12-description-5-Pcs-Lot-Black-White-No-Logo-Package-Custom-Hat-Shape-Luxury-Preserved-Gift-Roses-Round-Flower-Box.jpg\" \/><br \/>\n<img decoding=\"async\" class=\"detail-desc-decorate-image\" style=\"max-width: 100%; height: auto; display: block; margin: 0 auto;\" src=\"https:\/\/reanpackaging.com\/wp-content\/uploads\/2025\/01\/13-description-5-Pcs-Lot-Black-White-No-Logo-Package-Custom-Hat-Shape-Luxury-Preserved-Gift-Roses-Round-Flower-Box.jpg\" \/><br \/>\n<img decoding=\"async\" class=\"detail-desc-decorate-image\" style=\"max-width: 100%; height: auto; display: block; margin: 0 auto;\" src=\"https:\/\/reanpackaging.com\/wp-content\/uploads\/2025\/01\/14-description-5-Pcs-Lot-Black-White-No-Logo-Package-Custom-Hat-Shape-Luxury-Preserved-Gift-Roses-Round-Flower-Box.jpg\" \/><br \/>\n<img decoding=\"async\" class=\"detail-desc-decorate-image\" style=\"max-width: 100%; height: auto; display: block; margin: 0 auto;\" src=\"https:\/\/reanpackaging.com\/wp-content\/uploads\/2025\/01\/15-description-5-Pcs-Lot-Black-White-No-Logo-Package-Custom-Hat-Shape-Luxury-Preserved-Gift-Roses-Round-Flower-Box.jpg\" \/><br \/>\n<img decoding=\"async\" class=\"detail-desc-decorate-image\" style=\"max-width: 100%; height: auto; display: block; margin: 0 auto;\" src=\"https:\/\/reanpackaging.com\/wp-content\/uploads\/2025\/01\/16-description-5-Pcs-Lot-Black-White-No-Logo-Package-Custom-Hat-Shape-Luxury-Preserved-Gift-Roses-Round-Flower-Box.jpg\" \/><br \/>\n<img decoding=\"async\" class=\"detail-desc-decorate-image\" style=\"max-width: 100%; height: auto; display: block; margin: 0 auto;\" src=\"https:\/\/reanpackaging.com\/wp-content\/uploads\/2025\/01\/17-description-5-Pcs-Lot-Black-White-No-Logo-Package-Custom-Hat-Shape-Luxury-Preserved-Gift-Roses-Round-Flower-Box.jpg\" \/><br \/>\n<img decoding=\"async\" class=\"detail-desc-decorate-image\" style=\"max-width: 100%; height: auto; display: block; margin: 0 auto;\" src=\"https:\/\/reanpackaging.com\/wp-content\/uploads\/2025\/01\/18-description-5-Pcs-Lot-Black-White-No-Logo-Package-Custom-Hat-Shape-Luxury-Preserved-Gift-Roses-Round-Flower-Box.jpg\" \/><br \/>\n<img decoding=\"async\" class=\"detail-desc-decorate-image\" style=\"max-width: 100%; height: auto; display: block; margin: 0 auto;\" src=\"https:\/\/reanpackaging.com\/wp-content\/uploads\/2025\/01\/19-description-5-Pcs-Lot-Black-White-No-Logo-Package-Custom-Hat-Shape-Luxury-Preserved-Gift-Roses-Round-Flower-Box.jpg\" \/><br \/>\n<img decoding=\"async\" class=\"detail-desc-decorate-image\" style=\"max-width: 100%; height: auto; display: block; margin: 0 auto;\" src=\"https:\/\/reanpackaging.com\/wp-content\/uploads\/2025\/01\/20-description-5-Pcs-Lot-Black-White-No-Logo-Package-Custom-Hat-Shape-Luxury-Preserved-Gift-Roses-Round-Flower-Box.jpg\" \/><br \/>\n<img decoding=\"async\" class=\"detail-desc-decorate-image\" style=\"max-width: 100%; height: auto; display: block; margin: 0 auto;\" src=\"https:\/\/reanpackaging.com\/wp-content\/uploads\/2025\/01\/21-description-5-Pcs-Lot-Black-White-No-Logo-Package-Custom-Hat-Shape-Luxury-Preserved-Gift-Roses-Round-Flower-Box.jpg\" \/><br \/>\n<img decoding=\"async\" class=\"detail-desc-decorate-image\" style=\"max-width: 100%; height: auto; display: block; margin: 0 auto;\" src=\"https:\/\/reanpackaging.com\/wp-content\/uploads\/2025\/01\/22-description-5-Pcs-Lot-Black-White-No-Logo-Package-Custom-Hat-Shape-Luxury-Preserved-Gift-Roses-Round-Flower-Box.jpg\" \/><br \/>\n<img decoding=\"async\" class=\"detail-desc-decorate-image\" style=\"max-width: 100%; height: auto; display: block; margin: 0 auto;\" src=\"https:\/\/reanpackaging.com\/wp-content\/uploads\/2025\/01\/23-description-5-Pcs-Lot-Black-White-No-Logo-Package-Custom-Hat-Shape-Luxury-Preserved-Gift-Roses-Round-Flower-Box.jpg\" \/><br \/>\n<img decoding=\"async\" class=\"detail-desc-decorate-image\" style=\"max-width: 100%; height: auto; display: block; margin: 0 auto;\" src=\"https:\/\/reanpackaging.com\/wp-content\/uploads\/2025\/01\/24-description-5-Pcs-Lot-Black-White-No-Logo-Package-Custom-Hat-Shape-Luxury-Preserved-Gift-Roses-Round-Flower-Box.jpg\" \/><br \/>\n<img decoding=\"async\" class=\"detail-desc-decorate-image\" style=\"max-width: 100%; height: auto; display: block; margin: 0 auto;\" src=\"https:\/\/reanpackaging.com\/wp-content\/uploads\/2025\/01\/32-description-5-Pcs-Lot-Black-White-No-Logo-Package-Custom-Hat-Shape-Luxury-Preserved-Gift-Roses-Round-Flower-Box.jpg\" \/><br \/>\n<img decoding=\"async\" class=\"detail-desc-decorate-image\" style=\"max-width: 100%; height: auto; display: block; margin: 0 auto;\" src=\"https:\/\/reanpackaging.com\/wp-content\/uploads\/2025\/01\/33-description-5-Pcs-Lot-Black-White-No-Logo-Package-Custom-Hat-Shape-Luxury-Preserved-Gift-Roses-Round-Flower-Box.jpg\" \/><br \/>\n<img decoding=\"async\" class=\"detail-desc-decorate-image\" style=\"max-width: 100%; height: auto; display: block; margin: 0 auto;\" src=\"https:\/\/reanpackaging.com\/wp-content\/uploads\/2025\/01\/42-description-5-Pcs-Lot-Black-White-No-Logo-Package-Custom-Hat-Shape-Luxury-Preserved-Gift-Roses-Round-Flower-Box.jpg\" \/><\/p>","protected":false},"excerpt":{"rendered":"<p>Industry-Specific Attributes Industrial Use Gift &amp; Craft Paper Type Coated Paper Feature Handmade box type Rigid Boxes Other Attributes Shape heart, square, round Printing Handling Matt Lamination, Varnishing, Stamping, Embossing, Glossy Lamination, UV Coating, VANISHING, Gold Foil Custom Order Accept Accessories Ribbon Liner type Sponge Colors black, white, pink, red&#8230; size Customized Accept Logo Customer&#8217;s [&hellip;]<\/p>\n","protected":false},"featured_media":41281,"template":"","meta":{"_seopress_robots_primary_cat":"none","_seopress_titles_title":"","_seopress_titles_desc":"","_seopress_robots_index":"","_seopress_analysis_target_kw":"","site-sidebar-layout":"default","site-content-layout":"","ast-site-content-layout":"default","site-content-style":"default","site-sidebar-style":"default","ast-global-header-display":"","ast-banner-title-visibility":"","ast-main-header-display":"","ast-hfb-above-header-display":"","ast-hfb-below-header-display":"","ast-hfb-mobile-header-display":"","site-post-title":"","ast-breadcrumbs-content":"","ast-featured-img":"","footer-sml-layout":"","ast-disable-related-posts":"","theme-transparent-header-meta":"default","adv-header-id-meta":"","stick-header-meta":"default","header-above-stick-meta":"","header-main-stick-meta":"","header-below-stick-meta":"","astra-migrate-meta-layouts":"set","ast-page-background-enabled":"default","ast-page-background-meta":{"desktop":{"background-color":"","background-image":"","background-repeat":"repeat","background-position":"center center","background-size":"auto","background-attachment":"scroll","background-type":"","background-media":"","overlay-type":"","overlay-color":"","overlay-opacity":"","overlay-gradient":""},"tablet":{"background-color":"","background-image":"","background-repeat":"repeat","background-position":"center center","background-size":"auto","background-attachment":"scroll","background-type":"","background-media":"","overlay-type":"","overlay-color":"","overlay-opacity":"","overlay-gradient":""},"mobile":{"background-color":"","background-image":"","background-repeat":"repeat","background-position":"center center","background-size":"auto","background-attachment":"scroll","background-type":"","background-media":"","overlay-type":"","overlay-color":"","overlay-opacity":"","overlay-gradient":""}},"ast-content-background-meta":{"desktop":{"background-color":"var(--ast-global-color-5)","background-image":"","background-repeat":"repeat","background-position":"center center","background-size":"auto","background-attachment":"scroll","background-type":"","background-media":"","overlay-type":"","overlay-color":"","overlay-opacity":"","overlay-gradient":""},"tablet":{"background-color":"var(--ast-global-color-5)","background-image":"","background-repeat":"repeat","background-position":"center center","background-size":"auto","background-attachment":"scroll","background-type":"","background-media":"","overlay-type":"","overlay-color":"","overlay-opacity":"","overlay-gradient":""},"mobile":{"background-color":"var(--ast-global-color-5)","background-image":"","background-repeat":"repeat","background-position":"center center","background-size":"auto","background-attachment":"scroll","background-type":"","background-media":"","overlay-type":"","overlay-color":"","overlay-opacity":"","overlay-gradient":""}}},"product_brand":[],"product_cat":[89],"product_tag":[],"class_list":{"0":"post-41713","1":"product","2":"type-product","3":"status-publish","4":"has-post-thumbnail","6":"product_cat-flower-gift-boxes","7":"desktop-align-left","8":"tablet-align-left","9":"mobile-align-left","10":"ast-product-gallery-layout-horizontal","11":"ast-product-tabs-layout-horizontal","13":"first","14":"instock","15":"product-type-simple"},"_links":{"self":[{"href":"https:\/\/reanpackaging.com\/et\/wp-json\/wp\/v2\/product\/41713","targetHints":{"allow":["GET"]}}],"collection":[{"href":"https:\/\/reanpackaging.com\/et\/wp-json\/wp\/v2\/product"}],"about":[{"href":"https:\/\/reanpackaging.com\/et\/wp-json\/wp\/v2\/types\/product"}],"wp:featuredmedia":[{"embeddable":true,"href":"https:\/\/reanpackaging.com\/et\/wp-json\/wp\/v2\/media\/41281"}],"wp:attachment":[{"href":"https:\/\/reanpackaging.com\/et\/wp-json\/wp\/v2\/media?parent=41713"}],"wp:term":[{"taxonomy":"product_brand","embeddable":true,"href":"https:\/\/reanpackaging.com\/et\/wp-json\/wp\/v2\/product_brand?post=41713"},{"taxonomy":"product_cat","embeddable":true,"href":"https:\/\/reanpackaging.com\/et\/wp-json\/wp\/v2\/product_cat?post=41713"},{"taxonomy":"product_tag","embeddable":true,"href":"https:\/\/reanpackaging.com\/et\/wp-json\/wp\/v2\/product_tag?post=41713"}],"curies":[{"name":"wp","href":"https:\/\/api.w.org\/{rel}","templated":true}]}}