{"id":41717,"date":"2025-01-19T09:42:39","date_gmt":"2025-01-19T09:42:39","guid":{"rendered":"https:\/\/reanpackaging.com\/product\/factory-custom-lcd-digital-7-inch-screen-video-flower-gift-boxes-video-player-brochure\/"},"modified":"2025-01-19T09:43:26","modified_gmt":"2025-01-19T09:43:26","slug":"factory-custom-lcd-digital-7-inch-screen-video-flower-gift-boxes-video-player-brochure","status":"publish","type":"product","link":"https:\/\/reanpackaging.com\/et\/toode\/factory-custom-lcd-digital-7-inch-screen-video-flower-gift-boxes-video-player-brochure\/","title":{"rendered":"Factory Custom Lcd digitaalne 7-tolline ekraani Video Flower Kingitus karbid Video Player Brochure"},"content":{"rendered":"<h4>T\u00f6\u00f6stusspetsiifilised omadused<\/h4>\n<table border=\"1\">\n<tr>\n<td><strong>Materjal<\/strong><\/td>\n<td>paber<\/td>\n<\/tr>\n<tr>\n<td><strong>Toote t\u00fc\u00fcp<\/strong><\/td>\n<td>Volditud paber<\/td>\n<\/tr>\n<tr>\n<td><strong>Teema<\/strong><\/td>\n<td>Muusika<\/td>\n<\/tr>\n<\/table>\n<h4>Muud omadused<\/h4>\n<table border=\"1\">\n<tr>\n<td><strong>Tr\u00fckkimine<\/strong><\/td>\n<td>Termotransfer tr\u00fckkimine, siiditr\u00fckk, stantsimistr\u00fckk, UV-tr\u00fckk, reljeefne tr\u00fckkimine, digitaalne tr\u00fckkimine.<\/td>\n<\/tr>\n<tr>\n<td><strong>Toote nimi<\/strong><\/td>\n<td>Lcd video kinkekarp<\/td>\n<\/tr>\n<tr>\n<td><strong>Ekraani suurus<\/strong><\/td>\n<td>2.4\u2033\/2.8\u2033\/4.3\u2033\/5\u2033\/7\u2033\/10.1\u2033 Optional<\/td>\n<\/tr>\n<tr>\n<td><strong>M\u00e4lu<\/strong><\/td>\n<td>128M~32GB Valikuline<\/td>\n<\/tr>\n<tr>\n<td><strong>Video formaat<\/strong><\/td>\n<td>AVI\/WMV\/MP4\/MOV\/MKV\/MPG\/RMVM<\/td>\n<\/tr>\n<tr>\n<td><strong>Tr\u00fckkimine<\/strong><\/td>\n<td>4c\/kuld\/h\u00f5be\/UV-punkt\/reljeefi...jne.<\/td>\n<\/tr>\n<tr>\n<td><strong>Disain<\/strong><\/td>\n<td>Kohandatud disainilahendused<\/td>\n<\/tr>\n<tr>\n<td><strong>Muusika formaat<\/strong><\/td>\n<td>MP3.WMA.DRM WMA.OGG.APE.FLAC.WAV.AAC<\/td>\n<\/tr>\n<tr>\n<td><strong>Kasutamine<\/strong><\/td>\n<td>Pulmapidu kutse<\/td>\n<\/tr>\n<tr>\n<td><strong>Logo<\/strong><\/td>\n<td>Aktsepteeri kohandatud logo<\/td>\n<\/tr>\n<tr>\n<td><strong>Aku<\/strong><\/td>\n<td>Liitium aku: 350-20000 MAh<\/td>\n<\/tr>\n<tr>\n<td><strong>Stiil<\/strong><\/td>\n<td>Rahvakunst<\/td>\n<\/tr>\n<tr>\n<td><strong>Kasutage<\/strong><\/td>\n<td>\u00c4rikingitus<\/td>\n<\/tr>\n<tr>\n<td><strong>Prindi meetod<\/strong><\/td>\n<td>4C Printing<\/td>\n<\/tr>\n<\/table>\n<p><img decoding=\"async\" class=\"detail-desc-decorate-image\" src=\"https:\/\/reanpackaging.com\/wp-content\/uploads\/2025\/01\/1-description-Factory-Custom-Lcd-Digital-7-inch-Screen-Video-Flower-Gift-Boxes-Video-Player-Brochure.jpg\" slate-data-type=\"image\" style=\"max-width: 100%; height: auto; display: block; margin: 0 auto;\"><br \/>\n<img decoding=\"async\" class=\"detail-desc-decorate-image\" src=\"https:\/\/reanpackaging.com\/wp-content\/uploads\/2025\/01\/2-description-Factory-Custom-Lcd-Digital-7-inch-Screen-Video-Flower-Gift-Boxes-Video-Player-Brochure.jpg\" slate-data-type=\"image\" style=\"max-width: 100%; height: auto; display: block; margin: 0 auto;\"><br \/>\n<img decoding=\"async\" class=\"detail-desc-decorate-image\" src=\"https:\/\/reanpackaging.com\/wp-content\/uploads\/2025\/01\/3-description-Factory-Custom-Lcd-Digital-7-inch-Screen-Video-Flower-Gift-Boxes-Video-Player-Brochure.jpg\" slate-data-type=\"image\" style=\"max-width: 100%; height: auto; display: block; margin: 0 auto;\"><br \/>\n<img decoding=\"async\" class=\"detail-desc-decorate-image\" src=\"https:\/\/reanpackaging.com\/wp-content\/uploads\/2025\/01\/4-description-Factory-Custom-Lcd-Digital-7-inch-Screen-Video-Flower-Gift-Boxes-Video-Player-Brochure.jpg\" slate-data-type=\"image\" style=\"max-width: 100%; height: auto; display: block; margin: 0 auto;\"><br \/>\n<img decoding=\"async\" class=\"detail-desc-decorate-image\" src=\"https:\/\/reanpackaging.com\/wp-content\/uploads\/2025\/01\/5-description-Factory-Custom-Lcd-Digital-7-inch-Screen-Video-Flower-Gift-Boxes-Video-Player-Brochure.jpg\" slate-data-type=\"image\" style=\"max-width: 100%; height: auto; display: block; margin: 0 auto;\"><br \/>\n<img decoding=\"async\" class=\"detail-desc-decorate-image\" src=\"https:\/\/reanpackaging.com\/wp-content\/uploads\/2025\/01\/6-description-Factory-Custom-Lcd-Digital-7-inch-Screen-Video-Flower-Gift-Boxes-Video-Player-Brochure.jpg\" slate-data-type=\"image\" style=\"max-width: 100%; height: auto; display: block; margin: 0 auto;\"><br \/>\n<img decoding=\"async\" class=\"detail-desc-decorate-image\" src=\"https:\/\/reanpackaging.com\/wp-content\/uploads\/2025\/01\/7-description-Factory-Custom-Lcd-Digital-7-inch-Screen-Video-Flower-Gift-Boxes-Video-Player-Brochure.jpg\" slate-data-type=\"image\" style=\"max-width: 100%; height: auto; display: block; margin: 0 auto;\"><\/p>","protected":false},"excerpt":{"rendered":"<p>Industry-Specific Attributes Material paper Product Type Folded Paper Theme Music Other Attributes Printing Thermal transfer printing, Silk screen printing, Die cutting printing, UV printing, Embossing printing, Digital printing Product Name Lcd Video Gift Box Screen size 2.4&#8243;\/2.8&#8243;\/4.3&#8243;\/5&#8243;\/7&#8243;\/10.1&#8243; Optional Memory 128M~32GB Optional Video format AVI\/WMV\/MP4\/MOV\/MKV\/MPG\/RMVM Printing 4c\/gold\/silver\/UV Spot\/embossing&#8230;etc Design Customized Designs Music format MP3.WMA.DRM WMA.OGG.APE.FLAC.WAV.AAC Usage [&hellip;]<\/p>\n","protected":false},"featured_media":41469,"template":"","meta":{"_seopress_robots_primary_cat":"","_seopress_titles_title":"","_seopress_titles_desc":"","_seopress_robots_index":"","site-sidebar-layout":"default","site-content-layout":"","ast-site-content-layout":"default","site-content-style":"default","site-sidebar-style":"default","ast-global-header-display":"","ast-banner-title-visibility":"","ast-main-header-display":"","ast-hfb-above-header-display":"","ast-hfb-below-header-display":"","ast-hfb-mobile-header-display":"","site-post-title":"","ast-breadcrumbs-content":"","ast-featured-img":"","footer-sml-layout":"","ast-disable-related-posts":"","theme-transparent-header-meta":"","adv-header-id-meta":"","stick-header-meta":"","header-above-stick-meta":"","header-main-stick-meta":"","header-below-stick-meta":"","astra-migrate-meta-layouts":"default","ast-page-background-enabled":"default","ast-page-background-meta":{"desktop":{"background-color":"","background-image":"","background-repeat":"repeat","background-position":"center center","background-size":"auto","background-attachment":"scroll","background-type":"","background-media":"","overlay-type":"","overlay-color":"","overlay-opacity":"","overlay-gradient":""},"tablet":{"background-color":"","background-image":"","background-repeat":"repeat","background-position":"center center","background-size":"auto","background-attachment":"scroll","background-type":"","background-media":"","overlay-type":"","overlay-color":"","overlay-opacity":"","overlay-gradient":""},"mobile":{"background-color":"","background-image":"","background-repeat":"repeat","background-position":"center center","background-size":"auto","background-attachment":"scroll","background-type":"","background-media":"","overlay-type":"","overlay-color":"","overlay-opacity":"","overlay-gradient":""}},"ast-content-background-meta":{"desktop":{"background-color":"var(--ast-global-color-5)","background-image":"","background-repeat":"repeat","background-position":"center center","background-size":"auto","background-attachment":"scroll","background-type":"","background-media":"","overlay-type":"","overlay-color":"","overlay-opacity":"","overlay-gradient":""},"tablet":{"background-color":"var(--ast-global-color-5)","background-image":"","background-repeat":"repeat","background-position":"center center","background-size":"auto","background-attachment":"scroll","background-type":"","background-media":"","overlay-type":"","overlay-color":"","overlay-opacity":"","overlay-gradient":""},"mobile":{"background-color":"var(--ast-global-color-5)","background-image":"","background-repeat":"repeat","background-position":"center center","background-size":"auto","background-attachment":"scroll","background-type":"","background-media":"","overlay-type":"","overlay-color":"","overlay-opacity":"","overlay-gradient":""}}},"product_brand":[],"product_cat":[89],"product_tag":[],"class_list":{"0":"post-41717","1":"product","2":"type-product","3":"status-publish","4":"has-post-thumbnail","6":"product_cat-flower-gift-boxes","7":"desktop-align-left","8":"tablet-align-left","9":"mobile-align-left","10":"ast-product-gallery-layout-horizontal","11":"ast-product-tabs-layout-horizontal","13":"first","14":"instock","15":"product-type-simple"},"_links":{"self":[{"href":"https:\/\/reanpackaging.com\/et\/wp-json\/wp\/v2\/product\/41717","targetHints":{"allow":["GET"]}}],"collection":[{"href":"https:\/\/reanpackaging.com\/et\/wp-json\/wp\/v2\/product"}],"about":[{"href":"https:\/\/reanpackaging.com\/et\/wp-json\/wp\/v2\/types\/product"}],"wp:featuredmedia":[{"embeddable":true,"href":"https:\/\/reanpackaging.com\/et\/wp-json\/wp\/v2\/media\/41469"}],"wp:attachment":[{"href":"https:\/\/reanpackaging.com\/et\/wp-json\/wp\/v2\/media?parent=41717"}],"wp:term":[{"taxonomy":"product_brand","embeddable":true,"href":"https:\/\/reanpackaging.com\/et\/wp-json\/wp\/v2\/product_brand?post=41717"},{"taxonomy":"product_cat","embeddable":true,"href":"https:\/\/reanpackaging.com\/et\/wp-json\/wp\/v2\/product_cat?post=41717"},{"taxonomy":"product_tag","embeddable":true,"href":"https:\/\/reanpackaging.com\/et\/wp-json\/wp\/v2\/product_tag?post=41717"}],"curies":[{"name":"wp","href":"https:\/\/api.w.org\/{rel}","templated":true}]}}