{"id":41723,"date":"2025-01-19T09:43:44","date_gmt":"2025-01-19T09:43:44","guid":{"rendered":"https:\/\/reanpackaging.com\/product\/customize-wholesale-everlasting-rose-immortal-gift-box-real-stabilized-eternal-forever-decorative-flower-preserved-roses-in-box\/"},"modified":"2025-01-19T09:43:51","modified_gmt":"2025-01-19T09:43:51","slug":"customize-wholesale-everlasting-rose-immortal-gift-box-real-stabilized-eternal-forever-decorative-flower-preserved-roses-in-box","status":"publish","type":"product","link":"https:\/\/reanpackaging.com\/et\/toode\/customize-wholesale-everlasting-rose-immortal-gift-box-real-stabilized-eternal-forever-decorative-flower-preserved-roses-in-box\/","title":{"rendered":"Kohandada hulgim\u00fc\u00fck Igavene roosi surematu kinkekarbis Reaalne stabiliseeritud igavene igavene dekoratiivne lill s\u00e4ilitatud roosid karbis"},"content":{"rendered":"<h4>T\u00f6\u00f6stusspetsiifilised omadused<\/h4>\n<table border=\"1\">\n<tr>\n<td><strong>Juhus<\/strong><\/td>\n<td>aprillineljap\u00e4ev, Tagasi kooli, Hiina uusaasta, j\u00f5ulud, Maarjap\u00e4ev, lihav\u00f5tted, isadep\u00e4ev, l\u00f5petamine, Halloween, emadep\u00e4ev, uusaasta, t\u00e4nup\u00fcha, s\u00f5brap\u00e4ev, muud<\/td>\n<\/tr>\n<\/table>\n<h4>Muud omadused<\/h4>\n<table border=\"1\">\n<tr>\n<td><strong>Suurus<\/strong><\/td>\n<td>saadaval \u00fcle 20 suuruse ja t\u00fc\u00fcbi<\/td>\n<\/tr>\n<tr>\n<td><strong>P\u00e4ritolu<\/strong><\/td>\n<td>Hiina<\/td>\n<\/tr>\n<tr>\n<td><strong>Juhus<\/strong><\/td>\n<td>J\u00f5ulud, emadep\u00e4ev, uusaasta, s\u00f5brap\u00e4ev, valentinip\u00e4ev<\/td>\n<\/tr>\n<tr>\n<td><strong>Toote nimi<\/strong><\/td>\n<td>S\u00e4ilitatud t\u00f5elised roosid ruudukujulises karbis<\/td>\n<\/tr>\n<tr>\n<td><strong>Materjal<\/strong><\/td>\n<td>100% Looduslik t\u00f5eline v\u00e4rske lill<\/td>\n<\/tr>\n<tr>\n<td><strong>Kvaliteet<\/strong><\/td>\n<td>A-klass<\/td>\n<\/tr>\n<tr>\n<td><strong>V\u00e4rv<\/strong><\/td>\n<td>Kohandatud v\u00e4rv<\/td>\n<\/tr>\n<tr>\n<td><strong>T\u00fc\u00fcp<\/strong><\/td>\n<td>Konserveeritud lilled ja taimed<\/td>\n<\/tr>\n<tr>\n<td><strong>OEM &amp; ODM<\/strong><\/td>\n<td>Aktsepteeritav<\/td>\n<\/tr>\n<tr>\n<td><strong>Tehnika<\/strong><\/td>\n<td>K\u00e4sitsi valmistatud<\/td>\n<\/tr>\n<tr>\n<td><strong>Tarneaeg<\/strong><\/td>\n<td>3-5 p\u00e4eva<\/td>\n<\/tr>\n<\/table>\n<p><img decoding=\"async\" class=\"detail-desc-decorate-image\" src=\"https:\/\/reanpackaging.com\/wp-content\/uploads\/2025\/01\/1-description-Customize-Wholesale-Everlasting-Rose-Immortal-Gift-Box-Real-Stabilized-Eternal-Forever-Decorative-Flower-Preserved-Roses-in-Box.jpg\" slate-data-type=\"image\" style=\"max-width: 100%; height: auto; display: block; margin: 0 auto;\"><br \/>\n<img decoding=\"async\" class=\"detail-desc-decorate-image\" src=\"https:\/\/reanpackaging.com\/wp-content\/uploads\/2025\/01\/2-description-Customize-Wholesale-Everlasting-Rose-Immortal-Gift-Box-Real-Stabilized-Eternal-Forever-Decorative-Flower-Preserved-Roses-in-Box.jpg\" slate-data-type=\"image\" style=\"max-width: 100%; height: auto; display: block; margin: 0 auto;\"><br \/>\n<img decoding=\"async\" class=\"detail-desc-decorate-image\" src=\"https:\/\/reanpackaging.com\/wp-content\/uploads\/2025\/01\/3-description-Customize-Wholesale-Everlasting-Rose-Immortal-Gift-Box-Real-Stabilized-Eternal-Forever-Decorative-Flower-Preserved-Roses-in-Box.jpg\" slate-data-type=\"image\" style=\"max-width: 100%; height: auto; display: block; margin: 0 auto;\"><br \/>\n<img decoding=\"async\" class=\"detail-desc-decorate-image\" src=\"https:\/\/reanpackaging.com\/wp-content\/uploads\/2025\/01\/4-description-Customize-Wholesale-Everlasting-Rose-Immortal-Gift-Box-Real-Stabilized-Eternal-Forever-Decorative-Flower-Preserved-Roses-in-Box.jpg\" slate-data-type=\"image\" style=\"max-width: 100%; height: auto; display: block; margin: 0 auto;\"><br \/>\n<img decoding=\"async\" class=\"detail-desc-decorate-image\" src=\"https:\/\/reanpackaging.com\/wp-content\/uploads\/2025\/01\/5-description-Customize-Wholesale-Everlasting-Rose-Immortal-Gift-Box-Real-Stabilized-Eternal-Forever-Decorative-Flower-Preserved-Roses-in-Box.jpg\" slate-data-type=\"image\" style=\"max-width: 100%; height: auto; display: block; margin: 0 auto;\"><br \/>\n<img decoding=\"async\" class=\"detail-desc-decorate-image\" src=\"https:\/\/reanpackaging.com\/wp-content\/uploads\/2025\/01\/6-description-Customize-Wholesale-Everlasting-Rose-Immortal-Gift-Box-Real-Stabilized-Eternal-Forever-Decorative-Flower-Preserved-Roses-in-Box.jpg\" slate-data-type=\"image\" style=\"max-width: 100%; height: auto; display: block; margin: 0 auto;\"><br \/>\n<img decoding=\"async\" class=\"detail-desc-decorate-image\" src=\"https:\/\/reanpackaging.com\/wp-content\/uploads\/2025\/01\/7-description-Customize-Wholesale-Everlasting-Rose-Immortal-Gift-Box-Real-Stabilized-Eternal-Forever-Decorative-Flower-Preserved-Roses-in-Box.jpg\" slate-data-type=\"image\" style=\"max-width: 100%; height: auto; display: block; margin: 0 auto;\"><\/p>","protected":false},"excerpt":{"rendered":"<p>Industry-Specific Attributes Occasion April Fool&#8217;s Day, Back to School, Chinese New Year, Christmas, Earth Day, Easter, Father&#8217;s Day, Graduation, Halloween, Mother&#8217;s Day, New Year, Thanksgiving, Valentine&#8217;s Day, Other Other Attributes Size over 20 sizes and types available Origin China Occasion Christmas, Mother&#8217;s Day, New Year, Valentine&#8217;s Day Product Name Preserved Real Roses in Square Box [&hellip;]<\/p>\n","protected":false},"featured_media":41445,"template":"","meta":{"_seopress_robots_primary_cat":"","_seopress_titles_title":"","_seopress_titles_desc":"","_seopress_robots_index":"","site-sidebar-layout":"default","site-content-layout":"","ast-site-content-layout":"default","site-content-style":"default","site-sidebar-style":"default","ast-global-header-display":"","ast-banner-title-visibility":"","ast-main-header-display":"","ast-hfb-above-header-display":"","ast-hfb-below-header-display":"","ast-hfb-mobile-header-display":"","site-post-title":"","ast-breadcrumbs-content":"","ast-featured-img":"","footer-sml-layout":"","ast-disable-related-posts":"","theme-transparent-header-meta":"","adv-header-id-meta":"","stick-header-meta":"","header-above-stick-meta":"","header-main-stick-meta":"","header-below-stick-meta":"","astra-migrate-meta-layouts":"default","ast-page-background-enabled":"default","ast-page-background-meta":{"desktop":{"background-color":"","background-image":"","background-repeat":"repeat","background-position":"center center","background-size":"auto","background-attachment":"scroll","background-type":"","background-media":"","overlay-type":"","overlay-color":"","overlay-opacity":"","overlay-gradient":""},"tablet":{"background-color":"","background-image":"","background-repeat":"repeat","background-position":"center center","background-size":"auto","background-attachment":"scroll","background-type":"","background-media":"","overlay-type":"","overlay-color":"","overlay-opacity":"","overlay-gradient":""},"mobile":{"background-color":"","background-image":"","background-repeat":"repeat","background-position":"center center","background-size":"auto","background-attachment":"scroll","background-type":"","background-media":"","overlay-type":"","overlay-color":"","overlay-opacity":"","overlay-gradient":""}},"ast-content-background-meta":{"desktop":{"background-color":"var(--ast-global-color-5)","background-image":"","background-repeat":"repeat","background-position":"center center","background-size":"auto","background-attachment":"scroll","background-type":"","background-media":"","overlay-type":"","overlay-color":"","overlay-opacity":"","overlay-gradient":""},"tablet":{"background-color":"var(--ast-global-color-5)","background-image":"","background-repeat":"repeat","background-position":"center center","background-size":"auto","background-attachment":"scroll","background-type":"","background-media":"","overlay-type":"","overlay-color":"","overlay-opacity":"","overlay-gradient":""},"mobile":{"background-color":"var(--ast-global-color-5)","background-image":"","background-repeat":"repeat","background-position":"center center","background-size":"auto","background-attachment":"scroll","background-type":"","background-media":"","overlay-type":"","overlay-color":"","overlay-opacity":"","overlay-gradient":""}}},"product_brand":[],"product_cat":[89],"product_tag":[],"class_list":{"0":"post-41723","1":"product","2":"type-product","3":"status-publish","4":"has-post-thumbnail","6":"product_cat-flower-gift-boxes","7":"desktop-align-left","8":"tablet-align-left","9":"mobile-align-left","10":"ast-product-gallery-layout-horizontal","11":"ast-product-tabs-layout-horizontal","13":"first","14":"instock","15":"product-type-simple"},"_links":{"self":[{"href":"https:\/\/reanpackaging.com\/et\/wp-json\/wp\/v2\/product\/41723","targetHints":{"allow":["GET"]}}],"collection":[{"href":"https:\/\/reanpackaging.com\/et\/wp-json\/wp\/v2\/product"}],"about":[{"href":"https:\/\/reanpackaging.com\/et\/wp-json\/wp\/v2\/types\/product"}],"wp:featuredmedia":[{"embeddable":true,"href":"https:\/\/reanpackaging.com\/et\/wp-json\/wp\/v2\/media\/41445"}],"wp:attachment":[{"href":"https:\/\/reanpackaging.com\/et\/wp-json\/wp\/v2\/media?parent=41723"}],"wp:term":[{"taxonomy":"product_brand","embeddable":true,"href":"https:\/\/reanpackaging.com\/et\/wp-json\/wp\/v2\/product_brand?post=41723"},{"taxonomy":"product_cat","embeddable":true,"href":"https:\/\/reanpackaging.com\/et\/wp-json\/wp\/v2\/product_cat?post=41723"},{"taxonomy":"product_tag","embeddable":true,"href":"https:\/\/reanpackaging.com\/et\/wp-json\/wp\/v2\/product_tag?post=41723"}],"curies":[{"name":"wp","href":"https:\/\/api.w.org\/{rel}","templated":true}]}}