{"id":50740,"date":"2025-02-03T17:25:16","date_gmt":"2025-02-03T17:25:16","guid":{"rendered":"https:\/\/reanpackaging.com\/product\/custom-logo-9x9cm-sliding-jewelry-box-jewelry-drawer-box-with-insert-paper-cardboard-ring-earring-necklace-packing-box\/"},"modified":"2025-02-03T17:48:44","modified_gmt":"2025-02-03T17:48:44","slug":"custom-logo-9x9cm-sliding-jewelry-box-jewelry-drawer-box-with-insert-paper-cardboard-ring-earring-necklace-packing-box","status":"publish","type":"product","link":"https:\/\/reanpackaging.com\/et\/toode\/custom-logo-9x9cm-sliding-jewelry-box-jewelry-drawer-box-with-insert-paper-cardboard-ring-earring-necklace-packing-box\/","title":{"rendered":"kohandatud logo 9 \u00d7 9cm libisev ehtekarp Ehted sahtli kasti paberipakendiga Pappr\u00f5ngas k\u00f5rvar\u00f5ngas kaelakee pakendikarp"},"content":{"rendered":"<h4>T\u00f6\u00f6stusspetsiifilised omadused<\/h4>\n<table border=\"1\">\n<tbody>\n<tr>\n<td><strong>Materjal<\/strong><\/td>\n<td>paber<\/td>\n<\/tr>\n<\/tbody>\n<\/table>\n<h4>Muud omadused<\/h4>\n<table border=\"1\">\n<tbody>\n<tr>\n<td><strong>suurus<\/strong><\/td>\n<td>9*9*3.2cm<\/td>\n<\/tr>\n<tr>\n<td><strong>T\u00f6\u00f6stuslik kasutamine<\/strong><\/td>\n<td>Ehtekarp<\/td>\n<\/tr>\n<tr>\n<td><strong>Kasutage<\/strong><\/td>\n<td>Ehted Pakendid<\/td>\n<\/tr>\n<tr>\n<td><strong>Materjal<\/strong><\/td>\n<td>Paberipapp<\/td>\n<\/tr>\n<tr>\n<td><strong>Pakkimine<\/strong><\/td>\n<td>Ehted pakendikarp<\/td>\n<\/tr>\n<tr>\n<td><strong>Logo<\/strong><\/td>\n<td>Kohandatud logo<\/td>\n<\/tr>\n<tr>\n<td><strong>MOQ<\/strong><\/td>\n<td>500tk<\/td>\n<\/tr>\n<tr>\n<td><strong>suurus<\/strong><\/td>\n<td>9*9*3.2cm<\/td>\n<\/tr>\n<tr>\n<td><strong>Advantage<\/strong><\/td>\n<td>Suurep\u00e4rased teenused<\/td>\n<\/tr>\n<tr>\n<td><strong>V\u00e4rv<\/strong><\/td>\n<td>Must<\/td>\n<\/tr>\n<tr>\n<td><strong>Stiil<\/strong><\/td>\n<td>Luksuslik Elegantne<\/td>\n<\/tr>\n<\/tbody>\n<\/table>\n<p><img decoding=\"async\" class=\"detail-desc-decorate-image\" style=\"max-width: 100%; height: auto; display: block; margin: 0 auto;\" src=\"https:\/\/reanpackaging.com\/wp-content\/uploads\/2025\/02\/1-description-custom-logo-9\u00d79cm-Sliding-Jewelry-box-Jewelry-Drawer-Box-with-insert-Paber-Kartong-Ring-Earring-Necklace-packing-Box.jpg\" \/><br \/>\n<img decoding=\"async\" class=\"detail-desc-decorate-image\" style=\"max-width: 100%; height: auto; display: block; margin: 0 auto;\" src=\"https:\/\/reanpackaging.com\/wp-content\/uploads\/2025\/02\/2-description-custom-logo-9\u00d79cm-Sliding-Jewelry-box-Jewelry-Drawer-Box-with-insert-Paber-Kartong-Ring-Earring-Necklace-packing-Box.jpg\" \/><br \/>\n<img decoding=\"async\" class=\"detail-desc-decorate-image\" style=\"max-width: 100%; height: auto; display: block; margin: 0 auto;\" src=\"https:\/\/reanpackaging.com\/wp-content\/uploads\/2025\/02\/3-description-custom-logo-9\u00d79cm-Sliding-Jewelry-box-Jewelry-Drawer-Box-with-insert-Paber-Kartong-Ring-Earring-Necklace-packing-Box.jpg\" \/><br \/>\n<img decoding=\"async\" class=\"detail-desc-decorate-image\" style=\"max-width: 100%; height: auto; display: block; margin: 0 auto;\" src=\"https:\/\/reanpackaging.com\/wp-content\/uploads\/2025\/02\/5-description-custom-logo-9\u00d79cm-Sliding-Jewelry-box-Jewelry-Drawer-Box-with-insert-Paber-Kartong-Ring-Earring-Necklace-packing-Box.jpg\" \/><br \/>\n<img decoding=\"async\" class=\"detail-desc-decorate-image\" style=\"max-width: 100%; height: auto; display: block; margin: 0 auto;\" src=\"https:\/\/reanpackaging.com\/wp-content\/uploads\/2025\/02\/6-description-custom-logo-9\u00d79cm-Sliding-Jewelry-box-Jewelry-Drawer-Box-with-insert-Paber-Kartong-Ring-Earring-Necklace-packing-Box.jpg\" \/><br \/>\n<img decoding=\"async\" class=\"detail-desc-decorate-image\" style=\"max-width: 100%; height: auto; display: block; margin: 0 auto;\" src=\"https:\/\/reanpackaging.com\/wp-content\/uploads\/2025\/02\/7-description-custom-logo-9\u00d79cm-Sliding-Jewelry-box-Jewelry-Drawer-Box-with-insert-Paber-Kartong-Ring-Earring-Necklace-packing-Box.jpg\" \/><br \/>\n<img decoding=\"async\" class=\"detail-desc-decorate-image\" style=\"max-width: 100%; height: auto; display: block; margin: 0 auto;\" src=\"https:\/\/reanpackaging.com\/wp-content\/uploads\/2025\/02\/9-description-custom-logo-9\u00d79cm-Sliding-Jewelry-box-Jewelry-Drawer-Box-with-insert-Paber-Kartong-Ring-Earring-Necklace-packing-Box.jpg\" \/><br \/>\n<img decoding=\"async\" class=\"detail-desc-decorate-image\" style=\"max-width: 100%; height: auto; display: block; margin: 0 auto;\" src=\"https:\/\/reanpackaging.com\/wp-content\/uploads\/2025\/02\/10-description-custom-logo-9\u00d79cm-Sliding-Jewelry-box-Jewelry-Drawer-Box-with-insert-Paber-Kartong-Ring-Earring-Necklace-packing-Box.jpg\" \/><br \/>\n<img decoding=\"async\" class=\"detail-desc-decorate-image\" style=\"max-width: 100%; height: auto; display: block; margin: 0 auto;\" src=\"https:\/\/reanpackaging.com\/wp-content\/uploads\/2025\/02\/11-description-custom-logo-9\u00d79cm-Sliding-Jewelry-box-Jewelry-Drawer-Box-with-insert-Paber-Kartong-Ring-Earring-Necklace-packing-Box.jpg\" \/><br \/>\n<img decoding=\"async\" class=\"detail-desc-decorate-image\" style=\"max-width: 100%; height: auto; display: block; margin: 0 auto;\" src=\"https:\/\/reanpackaging.com\/wp-content\/uploads\/2025\/02\/12-description-custom-logo-9\u00d79cm-Sliding-Jewelry-box-Jewelry-Drawer-Box-with-insert-Paber-Kartong-Ring-Earring-Necklace-packing-Box.jpg\" \/><br \/>\n<img decoding=\"async\" class=\"detail-desc-decorate-image\" style=\"max-width: 100%; height: auto; display: block; margin: 0 auto;\" src=\"https:\/\/reanpackaging.com\/wp-content\/uploads\/2025\/02\/13-description-custom-logo-9\u00d79cm-Sliding-Jewelry-box-Jewelry-Drawer-Box-with-insert-Paber-Kartong-Ring-Earring-Necklace-packing-Box.jpg\" \/><br \/>\n<img decoding=\"async\" class=\"detail-desc-decorate-image\" style=\"max-width: 100%; height: auto; display: block; margin: 0 auto;\" src=\"https:\/\/reanpackaging.com\/wp-content\/uploads\/2025\/02\/17-description-custom-logo-9\u00d79cm-Sliding-Jewelry-box-Jewelry-Drawer-Box-with-insert-Paber-Kartong-Ring-Earring-Necklace-packing-Box.jpg\" \/><br \/>\n<img decoding=\"async\" class=\"detail-desc-decorate-image\" style=\"max-width: 100%; height: auto; display: block; margin: 0 auto;\" src=\"https:\/\/reanpackaging.com\/wp-content\/uploads\/2025\/02\/18-description-custom-logo-9\u00d79cm-Sliding-Jewelry-box-Jewelry-Drawer-Box-with-insert-Paber-Kartong-Ring-Earring-Necklace-packing-Box.jpg\" \/><\/p>","protected":false},"excerpt":{"rendered":"<p>T\u00f6\u00f6stusspetsiifilised omadused Materjal paber Muud omadused suurus 9 * 9 * 3.2cm T\u00f6\u00f6stuslik kasutamine Ehted kasti Kasutage ehteid Pakendimaterjal Paber Papp Pakkimine Ehted pakendikarp Logo Kohandatud logo MOQ 500tk suurus 9 * 9 * 3.2cm Eelised Suurep\u00e4rased teenused V\u00e4rv Must Stiil Luksuslik Elegantne<\/p>","protected":false},"featured_media":50029,"template":"","meta":{"_seopress_robots_primary_cat":"none","_seopress_titles_title":"","_seopress_titles_desc":"","_seopress_robots_index":"","site-sidebar-layout":"default","site-content-layout":"","ast-site-content-layout":"default","site-content-style":"default","site-sidebar-style":"default","ast-global-header-display":"","ast-banner-title-visibility":"","ast-main-header-display":"","ast-hfb-above-header-display":"","ast-hfb-below-header-display":"","ast-hfb-mobile-header-display":"","site-post-title":"","ast-breadcrumbs-content":"","ast-featured-img":"","footer-sml-layout":"","ast-disable-related-posts":"","theme-transparent-header-meta":"default","adv-header-id-meta":"","stick-header-meta":"default","header-above-stick-meta":"","header-main-stick-meta":"","header-below-stick-meta":"","astra-migrate-meta-layouts":"set","ast-page-background-enabled":"default","ast-page-background-meta":{"desktop":{"background-color":"","background-image":"","background-repeat":"repeat","background-position":"center center","background-size":"auto","background-attachment":"scroll","background-type":"","background-media":"","overlay-type":"","overlay-color":"","overlay-opacity":"","overlay-gradient":""},"tablet":{"background-color":"","background-image":"","background-repeat":"repeat","background-position":"center center","background-size":"auto","background-attachment":"scroll","background-type":"","background-media":"","overlay-type":"","overlay-color":"","overlay-opacity":"","overlay-gradient":""},"mobile":{"background-color":"","background-image":"","background-repeat":"repeat","background-position":"center center","background-size":"auto","background-attachment":"scroll","background-type":"","background-media":"","overlay-type":"","overlay-color":"","overlay-opacity":"","overlay-gradient":""}},"ast-content-background-meta":{"desktop":{"background-color":"var(--ast-global-color-5)","background-image":"","background-repeat":"repeat","background-position":"center center","background-size":"auto","background-attachment":"scroll","background-type":"","background-media":"","overlay-type":"","overlay-color":"","overlay-opacity":"","overlay-gradient":""},"tablet":{"background-color":"var(--ast-global-color-5)","background-image":"","background-repeat":"repeat","background-position":"center center","background-size":"auto","background-attachment":"scroll","background-type":"","background-media":"","overlay-type":"","overlay-color":"","overlay-opacity":"","overlay-gradient":""},"mobile":{"background-color":"var(--ast-global-color-5)","background-image":"","background-repeat":"repeat","background-position":"center center","background-size":"auto","background-attachment":"scroll","background-type":"","background-media":"","overlay-type":"","overlay-color":"","overlay-opacity":"","overlay-gradient":""}}},"product_brand":[],"product_cat":[91],"product_tag":[],"class_list":{"0":"post-50740","1":"product","2":"type-product","3":"status-publish","4":"has-post-thumbnail","6":"product_cat-kraft-jewelry-boxes","7":"desktop-align-left","8":"tablet-align-left","9":"mobile-align-left","10":"ast-product-gallery-layout-horizontal","11":"ast-product-tabs-layout-horizontal","13":"first","14":"instock","15":"product-type-simple"},"_links":{"self":[{"href":"https:\/\/reanpackaging.com\/et\/wp-json\/wp\/v2\/product\/50740","targetHints":{"allow":["GET"]}}],"collection":[{"href":"https:\/\/reanpackaging.com\/et\/wp-json\/wp\/v2\/product"}],"about":[{"href":"https:\/\/reanpackaging.com\/et\/wp-json\/wp\/v2\/types\/product"}],"wp:featuredmedia":[{"embeddable":true,"href":"https:\/\/reanpackaging.com\/et\/wp-json\/wp\/v2\/media\/50029"}],"wp:attachment":[{"href":"https:\/\/reanpackaging.com\/et\/wp-json\/wp\/v2\/media?parent=50740"}],"wp:term":[{"taxonomy":"product_brand","embeddable":true,"href":"https:\/\/reanpackaging.com\/et\/wp-json\/wp\/v2\/product_brand?post=50740"},{"taxonomy":"product_cat","embeddable":true,"href":"https:\/\/reanpackaging.com\/et\/wp-json\/wp\/v2\/product_cat?post=50740"},{"taxonomy":"product_tag","embeddable":true,"href":"https:\/\/reanpackaging.com\/et\/wp-json\/wp\/v2\/product_tag?post=50740"}],"curies":[{"name":"wp","href":"https:\/\/api.w.org\/{rel}","templated":true}]}}