{"id":6066,"date":"2023-09-17T05:10:02","date_gmt":"2023-09-17T05:10:02","guid":{"rendered":"http:\/\/ibn.wyd.mybluehost.me\/reanpackaging.com\/?post_type=product&#038;p=6066"},"modified":"2024-10-01T17:00:44","modified_gmt":"2024-10-01T17:00:44","slug":"factory-customized-printing-logo-envelope-corrugated-kraft-paper-bags-simple-square-vintage-business-gift-envelopes","status":"publish","type":"product","link":"https:\/\/reanpackaging.com\/et\/toode\/factory-customized-printing-logo-envelope-corrugated-kraft-paper-bags-simple-square-vintage-business-gift-envelopes\/","title":{"rendered":"Top-Ranking toote hulgim\u00fc\u00fck Custom Logo Eco Friendly Brown Fast Food Take Away Kraft paberkott"},"content":{"rendered":"<h4 data-spm-anchor-id=\"a2700.details.0.i38.35f51e09KLLcUa\">T\u00f6\u00f6stusspetsiifilised omadused<\/h4>\n<table class=\"md-table\">\n<tbody>\n<tr class=\"md-end-block md-focus-container\">\n<td><strong><span class=\"td-span md-focus\"><span class=\"md-plain md-expand\">T\u00f6\u00f6stuslik kasutamine<\/span><\/span><\/strong><\/td>\n<td><span class=\"td-span\"><span class=\"md-plain\">Toiduained<\/span><\/span><\/td>\n<\/tr>\n<tr class=\"md-end-block\">\n<td><strong><span class=\"td-span\"><span class=\"md-plain\">Paberi t\u00fc\u00fcp<\/span><\/span><\/strong><\/td>\n<td><span class=\"td-span\"><span class=\"md-plain\">Kraftpaber<\/span><\/span><\/td>\n<\/tr>\n<tr class=\"md-end-block md-focus-container\">\n<td><strong><span class=\"td-span\"><span class=\"md-plain\">Funktsioon<\/span><\/span><\/strong><\/td>\n<td><span class=\"td-span md-focus\"><span class=\"md-plain md-expand\">Ringlussev\u00f5etav<\/span><\/span><\/td>\n<\/tr>\n<\/tbody>\n<\/table>\n<h4 data-spm-anchor-id=\"a2700.details.0.i39.35f51e09KLLcUa\">Muud omadused<\/h4>\n<div class=\"structure-table\">\n<div class=\"structure-row\">\n<table class=\"md-table\">\n<tbody>\n<tr class=\"md-end-block md-focus-container\">\n<td><span class=\"td-span md-focus\"><span class=\"md-pair-s md-expand\"><strong><span class=\"md-plain\">Tihendus ja k\u00e4epide<\/span><\/strong><\/span><\/span><\/td>\n<td><span class=\"td-span\"><span class=\"md-plain\">K\u00e4e pikkus k\u00e4epide<\/span><\/span><\/td>\n<\/tr>\n<tr class=\"md-end-block\">\n<td><span class=\"td-span\"><span class=\"md-pair-s\"><strong><span class=\"md-plain\">Kohandatud tellimus<\/span><\/strong><\/span><\/span><\/td>\n<td><span class=\"td-span\"><span class=\"md-plain\">Aktsepteeri<\/span><\/span><\/td>\n<\/tr>\n<tr class=\"md-end-block\">\n<td><span class=\"td-span\"><span class=\"md-pair-s\"><strong><span class=\"md-plain\">Materjal<\/span><\/strong><\/span><\/span><\/td>\n<td><span class=\"td-span\"><span class=\"md-plain\">Paber<\/span><\/span><\/td>\n<\/tr>\n<tr class=\"md-end-block\">\n<td><span class=\"td-span\"><span class=\"md-pair-s\"><strong><span class=\"md-plain\">n\u00e4idis<\/span><\/strong><\/span><\/span><\/td>\n<td><span class=\"td-span\"><span class=\"md-plain\">tasuta proov<\/span><\/span><\/td>\n<\/tr>\n<tr class=\"md-end-block\">\n<td><span class=\"td-span\"><span class=\"md-pair-s\"><strong><span class=\"md-plain\">Kasutamine<\/span><\/strong><\/span><\/span><\/td>\n<td><span class=\"td-span\"><span class=\"md-plain\">Pakett<\/span><\/span><\/td>\n<\/tr>\n<tr class=\"md-end-block md-focus-container\">\n<td><span class=\"td-span\"><span class=\"md-pair-s\"><strong><span class=\"md-plain\">Suurus<\/span><\/strong><\/span><\/span><\/td>\n<td><span class=\"td-span md-focus\"><span class=\"md-plain md-expand\">Kohandatud suurus aktsepteeritud<\/span><\/span><\/td>\n<\/tr>\n<\/tbody>\n<\/table>\n<div class=\"J_module\">\n<h4 data-section=\"AliMagic-unn6fp\" data-section-title=\"Product Description\" data-spm-anchor-id=\"a2700.details.0.i43.35f51e09KLLcUa\">Spetsifikatsioon<\/h4>\n<div>\n<table class=\"md-table\">\n<tbody>\n<tr class=\"md-end-block md-focus-container\">\n<td><span class=\"td-span md-focus\"><span class=\"md-pair-s md-expand\"><strong><span class=\"md-plain\">Materjal<\/span><\/strong><\/span><\/span><\/td>\n<td><span class=\"td-span\"><span class=\"md-plain\">Valge kaart Paberikott<\/span><\/span><\/td>\n<\/tr>\n<tr class=\"md-end-block\">\n<td><span class=\"td-span\"><span class=\"md-pair-s\"><strong><span class=\"md-plain\">V\u00e4rv<\/span><\/strong><\/span><\/span><\/td>\n<td><span class=\"td-span\"><span class=\"md-plain\">CMYK v\u00f5i Pantone<\/span><\/span><\/td>\n<\/tr>\n<tr class=\"md-end-block\">\n<td><span class=\"td-span\"><span class=\"md-pair-s\"><strong><span class=\"md-plain\">Suurus<\/span><\/strong><\/span><\/span><\/td>\n<td><span class=\"td-span\"><span class=\"md-plain\">Kohandatud suuruse vastuv\u00f5tmine<\/span><\/span><\/td>\n<\/tr>\n<tr class=\"md-end-block\">\n<td><span class=\"td-span\"><span class=\"md-pair-s\"><strong><span class=\"md-plain\">LOGO<\/span><\/strong><\/span><\/span><\/td>\n<td><span class=\"td-span\"><span class=\"md-plain\">Kohandatud logo vastuv\u00f5tmine<\/span><\/span><\/td>\n<\/tr>\n<tr class=\"md-end-block\">\n<td><span class=\"td-span\"><span class=\"md-pair-s\"><strong><span class=\"md-plain\">MOQ<\/span><\/strong><\/span><\/span><\/td>\n<td><span class=\"td-span\"><span class=\"md-plain\">500 PCS<\/span><\/span><\/td>\n<\/tr>\n<tr class=\"md-end-block\">\n<td><span class=\"td-span\"><span class=\"md-pair-s\"><strong><span class=\"md-plain\">N\u00e4ide<\/span><\/strong><\/span><\/span><\/td>\n<td><span class=\"td-span\"><span class=\"md-plain\">Tasuline laov\u00e4ljav\u00f5te<\/span><\/span><\/td>\n<\/tr>\n<tr class=\"md-end-block\">\n<td><span class=\"td-span\"><span class=\"md-pair-s\"><strong><span class=\"md-plain\">Tootmine<\/span><\/strong><\/span><\/span><\/td>\n<td><span class=\"td-span\"><span class=\"md-plain\">N\u00e4ide: 3-5 t\u00f6\u00f6p\u00e4eva: 10-15 t\u00f6\u00f6p\u00e4eva<\/span><\/span><\/td>\n<\/tr>\n<tr class=\"md-end-block md-focus-container\">\n<td><span class=\"td-span\"><span class=\"md-pair-s\"><strong><span class=\"md-plain\">Laevandus<\/span><\/strong><\/span><\/span><\/td>\n<td><span class=\"td-span md-focus\"><span class=\"md-plain md-expand\">1. Kulleriga Express - DHL \/ TNT \/ UPS \/ FEDEX \/ EMS, 4-7 t\u00f6\u00f6p\u00e4eva jooksul.2. Lennukiga: Saabumine sihtkoha lennujaama kiiresti, seej\u00e4rel v\u00f5tke see ise k\u00e4tte. 3. Meritsi: Madalad saatmiskulud ja aeglane kohaletoimetamine (tavaliselt 15-30 p\u00e4eva). Sobib suure koguse ja mitte-kiireloomulise tarne jaoks.<\/span><\/span><\/td>\n<\/tr>\n<\/tbody>\n<\/table>\n<\/div>\n<h4 id=\"ali-anchor-AliMagic-unn6fp\" class=\"magic-4\" data-section=\"AliMagic-unn6fp\" data-section-title=\"Product Description\" data-spm-anchor-id=\"a2700.details.0.i43.35f51e09KLLcUa\"><img decoding=\"async\" class=\"magic-27\" style=\"font-size: 16px; font-style: inherit; font-weight: inherit;\" src=\"https:\/\/sc04.alicdn.com\/kf\/H7a18c158da254266b3b77fa3d7cce41fP\/220198479\/H7a18c158da254266b3b77fa3d7cce41fP.png\" data-src=\"\/\/sc04.alicdn.com\/kf\/H7a18c158da254266b3b77fa3d7cce41fP\/220198479\/H7a18c158da254266b3b77fa3d7cce41fP.png\" \/><\/h4>\n<\/div>\n<div class=\"J_module\">\n<div class=\"icbu-pc-detailManyImage magic-25\">\n<div class=\"magic-26\"><img decoding=\"async\" class=\"magic-27\" src=\"https:\/\/sc04.alicdn.com\/kf\/Hd4618a313e53411693f498fdc1fe8997k\/220198479\/Hd4618a313e53411693f498fdc1fe8997k.jpg\" data-src=\"\/\/sc04.alicdn.com\/kf\/Hd4618a313e53411693f498fdc1fe8997k\/220198479\/Hd4618a313e53411693f498fdc1fe8997k.jpg\" \/><\/div>\n<div class=\"magic-26\"><img decoding=\"async\" class=\"magic-27\" src=\"https:\/\/sc04.alicdn.com\/kf\/H2bc71ea5272048278e7cdd4f0348c618C\/220198479\/H2bc71ea5272048278e7cdd4f0348c618C.jpg\" data-src=\"\/\/sc04.alicdn.com\/kf\/H2bc71ea5272048278e7cdd4f0348c618C\/220198479\/H2bc71ea5272048278e7cdd4f0348c618C.jpg\" \/><\/div>\n<div class=\"magic-26\"><img decoding=\"async\" class=\"magic-27\" src=\"https:\/\/sc04.alicdn.com\/kf\/H2b323114e59846058bac672052011194y\/220198479\/H2b323114e59846058bac672052011194y.jpg\" data-src=\"\/\/sc04.alicdn.com\/kf\/H2b323114e59846058bac672052011194y\/220198479\/H2b323114e59846058bac672052011194y.jpg\" \/><\/div>\n<div class=\"magic-26\"><img decoding=\"async\" class=\"magic-27\" src=\"https:\/\/sc04.alicdn.com\/kf\/Haf43d0681d1e43c6a7e9d5ed0125700f3\/220198479\/Haf43d0681d1e43c6a7e9d5ed0125700f3.jpg\" data-src=\"\/\/sc04.alicdn.com\/kf\/Haf43d0681d1e43c6a7e9d5ed0125700f3\/220198479\/Haf43d0681d1e43c6a7e9d5ed0125700f3.jpg\" \/><\/div>\n<div class=\"magic-26\"><img decoding=\"async\" class=\"magic-27\" src=\"https:\/\/sc04.alicdn.com\/kf\/H94a992e5345343b5b154ed4a498279d0J\/220198479\/H94a992e5345343b5b154ed4a498279d0J.jpg\" data-src=\"\/\/sc04.alicdn.com\/kf\/H94a992e5345343b5b154ed4a498279d0J\/220198479\/H94a992e5345343b5b154ed4a498279d0J.jpg\" \/><\/div>\n<div class=\"magic-26\"><img decoding=\"async\" class=\"magic-27\" src=\"https:\/\/sc04.alicdn.com\/kf\/Hc1df8fdb785c42a5b408344a26717b179\/220198479\/Hc1df8fdb785c42a5b408344a26717b179.jpg\" data-src=\"\/\/sc04.alicdn.com\/kf\/Hc1df8fdb785c42a5b408344a26717b179\/220198479\/Hc1df8fdb785c42a5b408344a26717b179.jpg\" \/><\/div>\n<\/div>\n<\/div>\n<\/div>\n<\/div>","protected":false},"excerpt":{"rendered":"<p>Industry-Specific Attributes Industrial Use Food Paper Type Kraft Paper Feature Recyclable Other Attributes Sealing &amp; Handle Hand Length Handle Custom Order Accept Material Paper sample free sample Usage Package Size Custom Size Accepted Specification Material White card Paper Bag Color CMYK or Pantone Size Custom Size Accept LOGO Custom logo accept MOQ 500 PCS Sample [&hellip;]<\/p>\n","protected":false},"featured_media":6074,"template":"","meta":{"_seopress_robots_primary_cat":"none","_seopress_titles_title":"","_seopress_titles_desc":"","_seopress_robots_index":"","site-sidebar-layout":"default","site-content-layout":"default","ast-site-content-layout":"default","site-content-style":"default","site-sidebar-style":"default","ast-global-header-display":"","ast-banner-title-visibility":"","ast-main-header-display":"","ast-hfb-above-header-display":"","ast-hfb-below-header-display":"","ast-hfb-mobile-header-display":"","site-post-title":"","ast-breadcrumbs-content":"","ast-featured-img":"","footer-sml-layout":"","ast-disable-related-posts":"","theme-transparent-header-meta":"default","adv-header-id-meta":"","stick-header-meta":"default","header-above-stick-meta":"","header-main-stick-meta":"","header-below-stick-meta":"","astra-migrate-meta-layouts":"set","ast-page-background-enabled":"default","ast-page-background-meta":{"desktop":{"background-color":"","background-image":"","background-repeat":"repeat","background-position":"center center","background-size":"auto","background-attachment":"scroll","background-type":"","background-media":"","overlay-type":"","overlay-color":"","overlay-opacity":"","overlay-gradient":""},"tablet":{"background-color":"","background-image":"","background-repeat":"repeat","background-position":"center center","background-size":"auto","background-attachment":"scroll","background-type":"","background-media":"","overlay-type":"","overlay-color":"","overlay-opacity":"","overlay-gradient":""},"mobile":{"background-color":"","background-image":"","background-repeat":"repeat","background-position":"center center","background-size":"auto","background-attachment":"scroll","background-type":"","background-media":"","overlay-type":"","overlay-color":"","overlay-opacity":"","overlay-gradient":""}},"ast-content-background-meta":{"desktop":{"background-color":"var(--ast-global-color-5)","background-image":"","background-repeat":"repeat","background-position":"center center","background-size":"auto","background-attachment":"scroll","background-type":"","background-media":"","overlay-type":"","overlay-color":"","overlay-opacity":"","overlay-gradient":""},"tablet":{"background-color":"var(--ast-global-color-5)","background-image":"","background-repeat":"repeat","background-position":"center center","background-size":"auto","background-attachment":"scroll","background-type":"","background-media":"","overlay-type":"","overlay-color":"","overlay-opacity":"","overlay-gradient":""},"mobile":{"background-color":"var(--ast-global-color-5)","background-image":"","background-repeat":"repeat","background-position":"center center","background-size":"auto","background-attachment":"scroll","background-type":"","background-media":"","overlay-type":"","overlay-color":"","overlay-opacity":"","overlay-gradient":""}}},"product_brand":[],"product_cat":[36,44,34],"product_tag":[],"class_list":{"0":"post-6066","1":"product","2":"type-product","3":"status-publish","4":"has-post-thumbnail","6":"product_cat-kraft-bags","7":"product_cat-paper-bags","8":"product_cat-paper-bags-with-handles","9":"desktop-align-left","10":"tablet-align-left","11":"mobile-align-left","12":"ast-product-gallery-layout-horizontal","13":"ast-product-tabs-layout-horizontal","15":"first","16":"instock","17":"shipping-taxable","18":"purchasable","19":"product-type-simple"},"_links":{"self":[{"href":"https:\/\/reanpackaging.com\/et\/wp-json\/wp\/v2\/product\/6066","targetHints":{"allow":["GET"]}}],"collection":[{"href":"https:\/\/reanpackaging.com\/et\/wp-json\/wp\/v2\/product"}],"about":[{"href":"https:\/\/reanpackaging.com\/et\/wp-json\/wp\/v2\/types\/product"}],"wp:featuredmedia":[{"embeddable":true,"href":"https:\/\/reanpackaging.com\/et\/wp-json\/wp\/v2\/media\/6074"}],"wp:attachment":[{"href":"https:\/\/reanpackaging.com\/et\/wp-json\/wp\/v2\/media?parent=6066"}],"wp:term":[{"taxonomy":"product_brand","embeddable":true,"href":"https:\/\/reanpackaging.com\/et\/wp-json\/wp\/v2\/product_brand?post=6066"},{"taxonomy":"product_cat","embeddable":true,"href":"https:\/\/reanpackaging.com\/et\/wp-json\/wp\/v2\/product_cat?post=6066"},{"taxonomy":"product_tag","embeddable":true,"href":"https:\/\/reanpackaging.com\/et\/wp-json\/wp\/v2\/product_tag?post=6066"}],"curies":[{"name":"wp","href":"https:\/\/api.w.org\/{rel}","templated":true}]}}