{"id":6234,"date":"2023-09-18T15:59:18","date_gmt":"2023-09-18T15:59:18","guid":{"rendered":"http:\/\/ibn.wyd.mybluehost.me\/reanpackaging.com\/?post_type=product&#038;p=6234"},"modified":"2024-10-01T17:00:36","modified_gmt":"2024-10-01T17:00:36","slug":"paper-bags-manufacturing-grease-proof-parchment-glassine-wax-packaging-bag-for-sandwich-cookie-pastry-food-snack","status":"publish","type":"product","link":"https:\/\/reanpackaging.com\/et\/toode\/paper-bags-manufacturing-grease-proof-parchment-glassine-wax-packaging-bag-for-sandwich-cookie-pastry-food-snack\/","title":{"rendered":"Paberikottide valmistamine rasvaprooviga Pergament klaasist vaha pakendikott v\u00f5ileiva k\u00fcpsise k\u00fcpsetise toidu suupiste jaoks"},"content":{"rendered":"<h4 class=\"md-end-block md-heading md-focus\"><span class=\"md-plain md-expand\">T\u00f6\u00f6stusspetsiifilised omadused<\/span><\/h4>\n<table class=\"md-table\">\n<tbody>\n<tr class=\"md-end-block md-focus-container\">\n<td><span class=\"td-span md-focus\"><span class=\"md-pair-s md-expand\"><strong><span class=\"md-plain\">T\u00f6\u00f6stuslik kasutamine<\/span><\/strong><\/span><\/span><\/td>\n<td><span class=\"td-span\"><span class=\"md-plain\">Toiduained<\/span><\/span><\/td>\n<\/tr>\n<tr class=\"md-end-block\">\n<td><span class=\"td-span\"><span class=\"md-pair-s\"><strong><span class=\"md-plain\">Paberi t\u00fc\u00fcp<\/span><\/strong><\/span><\/span><\/td>\n<td><span class=\"td-span\"><span class=\"md-plain\">Rasvakindel paber<\/span><\/span><\/td>\n<\/tr>\n<tr class=\"md-end-block md-focus-container\">\n<td><span class=\"td-span\"><span class=\"md-pair-s\"><strong><span class=\"md-plain\">Funktsioon<\/span><\/strong><\/span><\/span><\/td>\n<td><span class=\"td-span md-focus\"><span class=\"md-plain md-expand\">Ringlussev\u00f5etud materjalid<\/span><\/span><\/td>\n<\/tr>\n<\/tbody>\n<\/table>\n<h4 class=\"md-end-block md-heading md-focus\"><span class=\"md-plain md-expand\">Muud omadused<\/span><\/h4>\n<table class=\"md-table\">\n<tbody>\n<tr class=\"md-end-block md-focus-container\">\n<td><span class=\"td-span md-focus\"><span class=\"md-pair-s md-expand\"><strong><span class=\"md-plain\">Pinnak\u00e4itlus<\/span><\/strong><\/span><\/span><\/td>\n<td><span class=\"td-span\"><span class=\"md-plain\">Offset tr\u00fckkimine<\/span><\/span><\/td>\n<\/tr>\n<tr class=\"md-end-block\">\n<td><span class=\"td-span\"><span class=\"md-pair-s\"><strong><span class=\"md-plain\">Tihendus ja k\u00e4epide<\/span><\/strong><\/span><\/span><\/td>\n<td><span class=\"td-span\"><span class=\"md-plain\">V\u00e4ljalaskeava Top<\/span><\/span><\/td>\n<\/tr>\n<tr class=\"md-end-block\">\n<td><span class=\"td-span\"><span class=\"md-pair-s\"><strong><span class=\"md-plain\">Kohandatud tellimus<\/span><\/strong><\/span><\/span><\/td>\n<td><span class=\"td-span\"><span class=\"md-plain\">Aktsepteeri<\/span><\/span><\/td>\n<\/tr>\n<tr class=\"md-end-block\">\n<td><span class=\"td-span\"><span class=\"md-pair-s\"><strong><span class=\"md-plain\">Toote nimi<\/span><\/strong><\/span><\/span><\/td>\n<td><span class=\"td-span\"><span class=\"md-plain\">rasvakindel paberkott<\/span><\/span><\/td>\n<\/tr>\n<tr class=\"md-end-block\">\n<td><span class=\"td-span\"><span class=\"md-pair-s\"><strong><span class=\"md-plain\">Suurus<\/span><\/strong><\/span><\/span><\/td>\n<td><span class=\"td-span\"><span class=\"md-plain\">Kohandatud suurus aktsepteeritud<\/span><\/span><\/td>\n<\/tr>\n<tr class=\"md-end-block\">\n<td><span class=\"td-span\"><span class=\"md-pair-s\"><strong><span class=\"md-plain\">Logo<\/span><\/strong><\/span><\/span><\/td>\n<td><span class=\"td-span\"><span class=\"md-plain\">Kliendi logo<\/span><\/span><\/td>\n<\/tr>\n<tr class=\"md-end-block\">\n<td><span class=\"td-span\"><span class=\"md-pair-s\"><strong><span class=\"md-plain\">V\u00e4rv<\/span><\/strong><\/span><\/span><\/td>\n<td><span class=\"td-span\"><span class=\"md-plain\">Kohandatud v\u00e4rv Aktsepteeritud<\/span><\/span><\/td>\n<\/tr>\n<tr class=\"md-end-block\">\n<td><span class=\"td-span\"><span class=\"md-pair-s\"><strong><span class=\"md-plain\">Tr\u00fckkimine<\/span><\/strong><\/span><\/span><\/td>\n<td><span class=\"td-span\"><span class=\"md-plain\">Kohandatud<\/span><\/span><\/td>\n<\/tr>\n<tr class=\"md-end-block\">\n<td><span class=\"td-span\"><span class=\"md-pair-s\"><strong><span class=\"md-plain\">Advantage<\/span><\/strong><\/span><\/span><\/td>\n<td><span class=\"td-span\"><span class=\"md-plain\">Greaseproof<\/span><\/span><\/td>\n<\/tr>\n<tr class=\"md-end-block\">\n<td><span class=\"td-span\"><span class=\"md-pair-s\"><strong><span class=\"md-plain\">MOQ<\/span><\/strong><\/span><\/span><\/td>\n<td><span class=\"td-span\"><span class=\"md-plain\">30000 tk<\/span><\/span><\/td>\n<\/tr>\n<tr class=\"md-end-block\">\n<td><span class=\"td-span\"><span class=\"md-pair-s\"><strong><span class=\"md-plain\">L\u00f5petamine<\/span><\/strong><\/span><\/span><\/td>\n<td><span class=\"td-span\"><span class=\"md-plain\">Offset tr\u00fckkimine<\/span><\/span><\/td>\n<\/tr>\n<tr class=\"md-end-block\">\n<td><span class=\"td-span\"><span class=\"md-pair-s\"><strong><span class=\"md-plain\">Materjal<\/span><\/strong><\/span><\/span><\/td>\n<td><span class=\"td-span\"><span class=\"md-plain\">Kraft<\/span><\/span><\/td>\n<\/tr>\n<tr class=\"md-end-block md-focus-container\">\n<td><span class=\"td-span\"><span class=\"md-pair-s\"><strong><span class=\"md-plain\">Prooviaeg<\/span><\/strong><\/span><\/span><\/td>\n<td><span class=\"td-span md-focus\"><span class=\"md-plain md-expand\">3-5 p\u00e4eva<\/span><\/span><\/td>\n<\/tr>\n<\/tbody>\n<\/table>\n<p><img fetchpriority=\"high\" decoding=\"async\" class=\"alignnone wp-image-6246\" src=\"http:\/\/ibn.wyd.mybluehost.me\/reanpackaging.com\/wp-content\/uploads\/2023\/09\/1-4-198x300.jpg\" alt=\"Paberikottide valmistamine rasvaprooviga Pergament klaasist vaha pakendikott v\u00f5ileiva k\u00fcpsise k\u00fcpsetise toidu suupiste jaoks - kirjeldus - 2 \" width=\"1338\" height=\"2027\" srcset=\"https:\/\/reanpackaging.com\/wp-content\/uploads\/2023\/09\/1-4-198x300.jpg 198w, https:\/\/reanpackaging.com\/wp-content\/uploads\/2023\/09\/1-4-676x1024.jpg 676w, https:\/\/reanpackaging.com\/wp-content\/uploads\/2023\/09\/1-4-768x1163.jpg 768w, https:\/\/reanpackaging.com\/wp-content\/uploads\/2023\/09\/1-4-600x908.jpg 600w, https:\/\/reanpackaging.com\/wp-content\/uploads\/2023\/09\/1-4.jpg 790w\" sizes=\"(max-width: 1338px) 100vw, 1338px\" \/><\/p>\n<p>&nbsp;<\/p>\n<p><img decoding=\"async\" class=\"alignnone wp-image-6248\" src=\"http:\/\/ibn.wyd.mybluehost.me\/reanpackaging.com\/wp-content\/uploads\/2023\/09\/3-4-300x270.jpg\" alt=\"Paberikottide valmistamine rasvaprooviga Pergament klaasvaha pakendikott v\u00f5ileiva k\u00fcpsise k\u00fcpsetise toidu suupiste jaoks - kirjeldus - 3\" width=\"1331\" height=\"1198\" srcset=\"https:\/\/reanpackaging.com\/wp-content\/uploads\/2023\/09\/3-4-300x270.jpg 300w, https:\/\/reanpackaging.com\/wp-content\/uploads\/2023\/09\/3-4-768x691.jpg 768w, https:\/\/reanpackaging.com\/wp-content\/uploads\/2023\/09\/3-4-600x540.jpg 600w, https:\/\/reanpackaging.com\/wp-content\/uploads\/2023\/09\/3-4.jpg 790w\" sizes=\"(max-width: 1331px) 100vw, 1331px\" \/><\/p>\n<p>&nbsp;<\/p>\n<p><img decoding=\"async\" class=\"alignnone wp-image-6250\" src=\"http:\/\/ibn.wyd.mybluehost.me\/reanpackaging.com\/wp-content\/uploads\/2023\/09\/5-4-199x300.jpg\" alt=\"Paberikottide valmistamine rasvaprooviga Pergament klaasist vaha pakendikott v\u00f5ileiva k\u00fcpsise k\u00fcpsetise toidu suupiste jaoks - kirjeldus - 5 \" width=\"1328\" height=\"2002\" srcset=\"https:\/\/reanpackaging.com\/wp-content\/uploads\/2023\/09\/5-4-199x300.jpg 199w, https:\/\/reanpackaging.com\/wp-content\/uploads\/2023\/09\/5-4-680x1024.jpg 680w\" sizes=\"(max-width: 1328px) 100vw, 1328px\" \/><\/p>\n<p><img loading=\"lazy\" decoding=\"async\" class=\"alignnone wp-image-6251\" src=\"http:\/\/ibn.wyd.mybluehost.me\/reanpackaging.com\/wp-content\/uploads\/2023\/09\/6-2-300x294.jpg\" alt=\"Paberikottide valmistamine rasvaprooviga Pergament klaasvaha pakendikott v\u00f5ileiva k\u00fcpsise k\u00fcpsetise toidu suupiste jaoks - kirjeldus - 6 \" width=\"1330\" height=\"1303\" srcset=\"https:\/\/reanpackaging.com\/wp-content\/uploads\/2023\/09\/6-2-300x294.jpg 300w, https:\/\/reanpackaging.com\/wp-content\/uploads\/2023\/09\/6-2-768x752.jpg 768w, https:\/\/reanpackaging.com\/wp-content\/uploads\/2023\/09\/6-2-600x588.jpg 600w, https:\/\/reanpackaging.com\/wp-content\/uploads\/2023\/09\/6-2.jpg 790w\" sizes=\"(max-width: 1330px) 100vw, 1330px\" \/><\/p>\n<p><img loading=\"lazy\" decoding=\"async\" class=\"alignnone wp-image-6252\" src=\"http:\/\/ibn.wyd.mybluehost.me\/reanpackaging.com\/wp-content\/uploads\/2023\/09\/7-1-300x257.jpg\" alt=\"Paberikottide valmistamine rasvaprooviga Pergament klaasist vaha pakendikott v\u00f5ileiva k\u00fcpsise k\u00fcpsetise toidu suupiste jaoks - kirjeldus - 7 \" width=\"1325\" height=\"1135\" srcset=\"https:\/\/reanpackaging.com\/wp-content\/uploads\/2023\/09\/7-1-300x257.jpg 300w, https:\/\/reanpackaging.com\/wp-content\/uploads\/2023\/09\/7-1-768x657.jpg 768w, https:\/\/reanpackaging.com\/wp-content\/uploads\/2023\/09\/7-1-600x513.jpg 600w, https:\/\/reanpackaging.com\/wp-content\/uploads\/2023\/09\/7-1.jpg 790w\" sizes=\"(max-width: 1325px) 100vw, 1325px\" \/><\/p>\n<p><img loading=\"lazy\" decoding=\"async\" class=\"alignnone wp-image-6253\" src=\"http:\/\/ibn.wyd.mybluehost.me\/reanpackaging.com\/wp-content\/uploads\/2023\/09\/8-300x246.jpg\" alt=\"Paberikottide valmistamine rasvaprooviga Pergament klaasist vaha pakendikott v\u00f5ileiva k\u00fcpsise k\u00fcpsetise toidu suupiste jaoks - kirjeldus - 8 \" width=\"1254\" height=\"1028\" srcset=\"https:\/\/reanpackaging.com\/wp-content\/uploads\/2023\/09\/8-300x246.jpg 300w, https:\/\/reanpackaging.com\/wp-content\/uploads\/2023\/09\/8-768x630.jpg 768w, https:\/\/reanpackaging.com\/wp-content\/uploads\/2023\/09\/8-600x492.jpg 600w, https:\/\/reanpackaging.com\/wp-content\/uploads\/2023\/09\/8.jpg 790w\" sizes=\"(max-width: 1254px) 100vw, 1254px\" \/><\/p>\n<p><img loading=\"lazy\" decoding=\"async\" class=\"alignnone wp-image-6254\" src=\"http:\/\/ibn.wyd.mybluehost.me\/reanpackaging.com\/wp-content\/uploads\/2023\/09\/9-300x240.jpg\" alt=\"Paberikottide valmistamine rasvaprooviga Pergament klaasist vaha pakendikott v\u00f5ileiva k\u00fcpsise k\u00fcpsetise toidu suupiste jaoks - kirjeldus - 9\" width=\"1247\" height=\"998\" srcset=\"https:\/\/reanpackaging.com\/wp-content\/uploads\/2023\/09\/9-300x240.jpg 300w, https:\/\/reanpackaging.com\/wp-content\/uploads\/2023\/09\/9-768x614.jpg 768w, https:\/\/reanpackaging.com\/wp-content\/uploads\/2023\/09\/9-600x480.jpg 600w, https:\/\/reanpackaging.com\/wp-content\/uploads\/2023\/09\/9.jpg 790w\" sizes=\"(max-width: 1247px) 100vw, 1247px\" \/><\/p>\n<p><img loading=\"lazy\" decoding=\"async\" class=\"alignnone wp-image-6255\" src=\"http:\/\/ibn.wyd.mybluehost.me\/reanpackaging.com\/wp-content\/uploads\/2023\/09\/10-1-300x245.jpg\" alt=\"Paberikottide valmistamine rasvaprooviga Pergament klaasvaha pakendikott v\u00f5ileiva k\u00fcpsise k\u00fcpsetise toidu suupiste jaoks - kirjeldus - 10\" width=\"1242\" height=\"1014\" srcset=\"https:\/\/reanpackaging.com\/wp-content\/uploads\/2023\/09\/10-1-300x245.jpg 300w, https:\/\/reanpackaging.com\/wp-content\/uploads\/2023\/09\/10-1-768x627.jpg 768w, https:\/\/reanpackaging.com\/wp-content\/uploads\/2023\/09\/10-1-600x490.jpg 600w, https:\/\/reanpackaging.com\/wp-content\/uploads\/2023\/09\/10-1.jpg 790w\" sizes=\"(max-width: 1242px) 100vw, 1242px\" \/><\/p>","protected":false},"excerpt":{"rendered":"<p>Industry-Specific Attributes Industrial Use Food Paper Type Greaseproof Paper Feature Recycled Materials Other Attributes Surface Handling Offset printing Sealing &amp; Handle Spout Top Custom Order Accept Product name greaseproof paper bag Size Custom Size Accepted Logo Customer&#8217;s Logo Color Custom Color Accepted Printing Customized Advantage Greaseproof MOQ 30000 pcs Finishing Offset printing Material Kraft Sample [&hellip;]<\/p>\n","protected":false},"featured_media":6241,"template":"","meta":{"_seopress_robots_primary_cat":"none","_seopress_titles_title":"","_seopress_titles_desc":"","_seopress_robots_index":"","site-sidebar-layout":"default","site-content-layout":"default","ast-site-content-layout":"default","site-content-style":"default","site-sidebar-style":"default","ast-global-header-display":"","ast-banner-title-visibility":"","ast-main-header-display":"","ast-hfb-above-header-display":"","ast-hfb-below-header-display":"","ast-hfb-mobile-header-display":"","site-post-title":"","ast-breadcrumbs-content":"","ast-featured-img":"","footer-sml-layout":"","ast-disable-related-posts":"","theme-transparent-header-meta":"default","adv-header-id-meta":"","stick-header-meta":"default","header-above-stick-meta":"","header-main-stick-meta":"","header-below-stick-meta":"","astra-migrate-meta-layouts":"set","ast-page-background-enabled":"default","ast-page-background-meta":{"desktop":{"background-color":"","background-image":"","background-repeat":"repeat","background-position":"center center","background-size":"auto","background-attachment":"scroll","background-type":"","background-media":"","overlay-type":"","overlay-color":"","overlay-opacity":"","overlay-gradient":""},"tablet":{"background-color":"","background-image":"","background-repeat":"repeat","background-position":"center center","background-size":"auto","background-attachment":"scroll","background-type":"","background-media":"","overlay-type":"","overlay-color":"","overlay-opacity":"","overlay-gradient":""},"mobile":{"background-color":"","background-image":"","background-repeat":"repeat","background-position":"center center","background-size":"auto","background-attachment":"scroll","background-type":"","background-media":"","overlay-type":"","overlay-color":"","overlay-opacity":"","overlay-gradient":""}},"ast-content-background-meta":{"desktop":{"background-color":"var(--ast-global-color-5)","background-image":"","background-repeat":"repeat","background-position":"center center","background-size":"auto","background-attachment":"scroll","background-type":"","background-media":"","overlay-type":"","overlay-color":"","overlay-opacity":"","overlay-gradient":""},"tablet":{"background-color":"var(--ast-global-color-5)","background-image":"","background-repeat":"repeat","background-position":"center center","background-size":"auto","background-attachment":"scroll","background-type":"","background-media":"","overlay-type":"","overlay-color":"","overlay-opacity":"","overlay-gradient":""},"mobile":{"background-color":"var(--ast-global-color-5)","background-image":"","background-repeat":"repeat","background-position":"center center","background-size":"auto","background-attachment":"scroll","background-type":"","background-media":"","overlay-type":"","overlay-color":"","overlay-opacity":"","overlay-gradient":""}}},"product_brand":[],"product_cat":[44],"product_tag":[],"class_list":{"0":"post-6234","1":"product","2":"type-product","3":"status-publish","4":"has-post-thumbnail","6":"product_cat-paper-bags","7":"desktop-align-left","8":"tablet-align-left","9":"mobile-align-left","10":"ast-product-gallery-layout-horizontal","11":"ast-product-tabs-layout-horizontal","13":"first","14":"instock","15":"shipping-taxable","16":"purchasable","17":"product-type-simple"},"_links":{"self":[{"href":"https:\/\/reanpackaging.com\/et\/wp-json\/wp\/v2\/product\/6234","targetHints":{"allow":["GET"]}}],"collection":[{"href":"https:\/\/reanpackaging.com\/et\/wp-json\/wp\/v2\/product"}],"about":[{"href":"https:\/\/reanpackaging.com\/et\/wp-json\/wp\/v2\/types\/product"}],"wp:featuredmedia":[{"embeddable":true,"href":"https:\/\/reanpackaging.com\/et\/wp-json\/wp\/v2\/media\/6241"}],"wp:attachment":[{"href":"https:\/\/reanpackaging.com\/et\/wp-json\/wp\/v2\/media?parent=6234"}],"wp:term":[{"taxonomy":"product_brand","embeddable":true,"href":"https:\/\/reanpackaging.com\/et\/wp-json\/wp\/v2\/product_brand?post=6234"},{"taxonomy":"product_cat","embeddable":true,"href":"https:\/\/reanpackaging.com\/et\/wp-json\/wp\/v2\/product_cat?post=6234"},{"taxonomy":"product_tag","embeddable":true,"href":"https:\/\/reanpackaging.com\/et\/wp-json\/wp\/v2\/product_tag?post=6234"}],"curies":[{"name":"wp","href":"https:\/\/api.w.org\/{rel}","templated":true}]}}