{"id":6257,"date":"2023-09-19T03:03:02","date_gmt":"2023-09-19T03:03:02","guid":{"rendered":"http:\/\/ibn.wyd.mybluehost.me\/reanpackaging.com\/product\/biodegradable-candy-gift-package-bag-flat-kraft-paper-bag-for-packaging-custom-logo-printed-cookies-brown-hot-stamping-accept\/"},"modified":"2024-10-01T16:59:49","modified_gmt":"2024-10-01T16:59:49","slug":"biodegradable-candy-gift-package-bag-flat-kraft-paper-bag-for-packaging-custom-logo-printed-cookies-brown-hot-stamping-accept","status":"publish","type":"product","link":"https:\/\/reanpackaging.com\/et\/toode\/biodegradable-candy-gift-package-bag-flat-kraft-paper-bag-for-packaging-custom-logo-printed-cookies-brown-hot-stamping-accept\/","title":{"rendered":"Biolagunevad kommid kinkekott kinkekott Flat Kraft paberkott pakendamiseks kohandatud logo tr\u00fckitud k\u00fcpsised pruun kuum tembeldamine aktsepteerida"},"content":{"rendered":"<h4 class=\"md-end-block md-heading md-focus\"><span class=\"md-plain md-expand\">T\u00f6\u00f6stusspetsiifilised omadused<\/span><\/h4>\n<table class=\"md-table\">\n<tbody>\n<tr class=\"md-end-block md-focus-container\">\n<td><span class=\"td-span md-focus\"><span class=\"md-pair-s md-expand\"><strong><span class=\"md-plain\">T\u00f6\u00f6stuslik kasutamine<\/span><\/strong><\/span><\/span><\/td>\n<td><span class=\"td-span\"><span class=\"md-plain\">Kingitus ja k\u00e4sit\u00f6\u00f6<\/span><\/span><\/td>\n<\/tr>\n<tr class=\"md-end-block\">\n<td><span class=\"td-span\"><span class=\"md-pair-s\"><strong><span class=\"md-plain\">Paberi t\u00fc\u00fcp<\/span><\/strong><\/span><\/span><\/td>\n<td><span class=\"td-span\"><span class=\"md-plain\">Kraftpaber<\/span><\/span><\/td>\n<\/tr>\n<tr class=\"md-end-block md-focus-container\">\n<td><span class=\"td-span\"><span class=\"md-pair-s\"><strong><span class=\"md-plain\">Funktsioon<\/span><\/strong><\/span><\/span><\/td>\n<td><span class=\"td-span md-focus\"><span class=\"md-plain md-expand\">Ringlussev\u00f5etav<\/span><\/span><\/td>\n<\/tr>\n<\/tbody>\n<\/table>\n<h4 class=\"md-end-block md-heading md-focus\"><span class=\"md-plain md-expand\">Muud omadused<\/span><\/h4>\n<table class=\"md-table\">\n<tbody>\n<tr class=\"md-end-block md-focus-container\">\n<td><span class=\"td-span md-focus\"><span class=\"md-pair-s md-expand\"><strong><span class=\"md-plain\">Pinnak\u00e4itlus<\/span><\/strong><\/span><\/span><\/td>\n<td><span class=\"td-span\"><span class=\"md-plain\">Kuum tembeldamine<\/span><\/span><\/td>\n<\/tr>\n<tr class=\"md-end-block\">\n<td><span class=\"td-span\"><span class=\"md-pair-s\"><strong><span class=\"md-plain\">Tihendus ja k\u00e4epide<\/span><\/strong><\/span><\/span><\/td>\n<td><span class=\"td-span\"><span class=\"md-plain\">K\u00e4e pikkus k\u00e4epide<\/span><\/span><\/td>\n<\/tr>\n<tr class=\"md-end-block\">\n<td><span class=\"td-span\"><span class=\"md-pair-s\"><strong><span class=\"md-plain\">Kohandatud tellimus<\/span><\/strong><\/span><\/span><\/td>\n<td><span class=\"td-span\"><span class=\"md-plain\">Aktsepteeri<\/span><\/span><\/td>\n<\/tr>\n<tr class=\"md-end-block\">\n<td><span class=\"td-span\"><span class=\"md-pair-s\"><strong><span class=\"md-plain\">T\u00f6\u00f6stuslik kasutamine<\/span><\/strong><\/span><\/span><\/td>\n<td><span class=\"td-span\"><span class=\"md-plain\">Shopping<\/span><\/span><\/td>\n<\/tr>\n<tr class=\"md-end-block\">\n<td><span class=\"td-span\"><span class=\"md-pair-s\"><strong><span class=\"md-plain\">Materjal<\/span><\/strong><\/span><\/span><\/td>\n<td><span class=\"td-span\"><span class=\"md-plain\">Paber<\/span><\/span><\/td>\n<\/tr>\n<tr class=\"md-end-block\">\n<td><span class=\"td-span\"><span class=\"md-pair-s\"><strong><span class=\"md-plain\">Nimi<\/span><\/strong><\/span><\/span><\/td>\n<td><span class=\"td-span\"><span class=\"md-plain\">paberist ostukotid<\/span><\/span><\/td>\n<\/tr>\n<tr class=\"md-end-block\">\n<td><span class=\"td-span\"><span class=\"md-pair-s\"><strong><span class=\"md-plain\">V\u00e4rv<\/span><\/strong><\/span><\/span><\/td>\n<td><span class=\"td-span\"><span class=\"md-plain\">CMYK ,valge ,must, pruun ja nii edasi<\/span><\/span><\/td>\n<\/tr>\n<tr class=\"md-end-block\">\n<td><span class=\"td-span\"><span class=\"md-pair-s\"><strong><span class=\"md-plain\">Suurus<\/span><\/strong><\/span><\/span><\/td>\n<td><span class=\"td-span\"><span class=\"md-plain\">46<\/span><span class=\"md-pair-s\"><em><span class=\"md-plain\">42<\/span><\/em><\/span><span class=\"md-plain\">12cm v\u00f5i 9<\/span><span class=\"md-pair-s\"><em><span class=\"md-plain\">8<\/span><\/em><\/span><span class=\"md-plain\">19cm jne.<\/span><\/span><\/td>\n<\/tr>\n<tr class=\"md-end-block\">\n<td><span class=\"td-span\"><span class=\"md-pair-s\"><strong><span class=\"md-plain\">Kasutamine<\/span><\/strong><\/span><\/span><\/td>\n<td><span class=\"td-span\"><span class=\"md-plain\">ostud, pakendid v\u00f5i kingitus jne<\/span><\/span><\/td>\n<\/tr>\n<tr class=\"md-end-block\">\n<td><span class=\"td-span\"><span class=\"md-pair-s\"><strong><span class=\"md-plain\">Logo<\/span><\/strong><\/span><\/span><\/td>\n<td><span class=\"td-span\"><span class=\"md-plain\">Aktsepteeri kohandatud logo<\/span><\/span><\/td>\n<\/tr>\n<tr class=\"md-end-block\">\n<td><span class=\"td-span\"><span class=\"md-pair-s\"><strong><span class=\"md-plain\">K\u00e4epide<\/span><\/strong><\/span><\/span><\/td>\n<td><span class=\"td-span\"><span class=\"md-plain\">Puuvillane lint, puuvillane k\u00f6ie k\u00e4epide jne.<\/span><\/span><\/td>\n<\/tr>\n<tr class=\"md-end-block\">\n<td><span class=\"td-span\"><span class=\"md-pair-s\"><strong><span class=\"md-plain\">T\u00fc\u00fcp<\/span><\/strong><\/span><\/span><\/td>\n<td><span class=\"td-span\"><span class=\"md-plain\">K\u00e4epide kinkekott<\/span><\/span><\/td>\n<\/tr>\n<tr class=\"md-end-block md-focus-container\">\n<td><span class=\"td-span\"><span class=\"md-pair-s\"><strong><span class=\"md-plain\">Disain<\/span><\/strong><\/span><\/span><\/td>\n<td><span class=\"td-span md-focus\"><span class=\"md-plain md-expand\">PDF ,AI jne<\/span><\/span><\/td>\n<\/tr>\n<\/tbody>\n<\/table>\n<p><img fetchpriority=\"high\" decoding=\"async\" class=\"alignnone  wp-image-6272\" src=\"http:\/\/ibn.wyd.mybluehost.me\/reanpackaging.com\/wp-content\/uploads\/2023\/09\/1-Biodegradable-Candy-Gift-Package-Bag-Flat-Kraft-Paper-Bag-for-Packaging-Custom-Logo-Printed-Cookies-Brown-Hot-Stamping-Accept-description-277x300.jpg\" alt=\"1 - Biolagunev kommipakett kinkekott Flat Kraft paberkott pakendamiseks Custom Logo tr\u00fckitud k\u00fcpsised Brown Hot Stamping aktsepteerib - kirjeldus\" width=\"1351\" height=\"1463\" srcset=\"https:\/\/reanpackaging.com\/wp-content\/uploads\/2023\/09\/1-Biodegradable-Candy-Gift-Package-Bag-Flat-Kraft-Paper-Bag-for-Packaging-Custom-Logo-Printed-Cookies-Brown-Hot-Stamping-Accept-description-277x300.jpg 277w, https:\/\/reanpackaging.com\/wp-content\/uploads\/2023\/09\/1-Biodegradable-Candy-Gift-Package-Bag-Flat-Kraft-Paper-Bag-for-Packaging-Custom-Logo-Printed-Cookies-Brown-Hot-Stamping-Accept-description-768x833.jpg 768w, https:\/\/reanpackaging.com\/wp-content\/uploads\/2023\/09\/1-Biodegradable-Candy-Gift-Package-Bag-Flat-Kraft-Paper-Bag-for-Packaging-Custom-Logo-Printed-Cookies-Brown-Hot-Stamping-Accept-description-600x651.jpg 600w\" sizes=\"(max-width: 1351px) 100vw, 1351px\" \/><\/p>\n<p><img decoding=\"async\" class=\"alignnone  wp-image-6273\" src=\"http:\/\/ibn.wyd.mybluehost.me\/reanpackaging.com\/wp-content\/uploads\/2023\/09\/2-Biodegradable-Candy-Gift-Package-Bag-Flat-Kraft-Paper-Bag-for-Packaging-Custom-Logo-Printed-Cookies-Brown-Hot-Stamping-Accept-description-300x273.jpg\" alt=\"2 - Biolagunev kommipakett kinkekott Flat Kraft paberkott pakendamiseks Custom Logo tr\u00fckitud k\u00fcpsised Brown Hot Stamping aktsepteerida - kirjeldus\" width=\"1316\" height=\"1198\" srcset=\"https:\/\/reanpackaging.com\/wp-content\/uploads\/2023\/09\/2-Biodegradable-Candy-Gift-Package-Bag-Flat-Kraft-Paper-Bag-for-Packaging-Custom-Logo-Printed-Cookies-Brown-Hot-Stamping-Accept-description-300x273.jpg 300w, https:\/\/reanpackaging.com\/wp-content\/uploads\/2023\/09\/2-Biodegradable-Candy-Gift-Package-Bag-Flat-Kraft-Paper-Bag-for-Packaging-Custom-Logo-Printed-Cookies-Brown-Hot-Stamping-Accept-description-768x700.jpg 768w, https:\/\/reanpackaging.com\/wp-content\/uploads\/2023\/09\/2-Biodegradable-Candy-Gift-Package-Bag-Flat-Kraft-Paper-Bag-for-Packaging-Custom-Logo-Printed-Cookies-Brown-Hot-Stamping-Accept-description-600x547.jpg 600w, https:\/\/reanpackaging.com\/wp-content\/uploads\/2023\/09\/2-Biodegradable-Candy-Gift-Package-Bag-Flat-Kraft-Paper-Bag-for-Packaging-Custom-Logo-Printed-Cookies-Brown-Hot-Stamping-Accept-description.jpg 790w\" sizes=\"(max-width: 1316px) 100vw, 1316px\" \/><\/p>\n<p><img decoding=\"async\" class=\"alignnone  wp-image-6274\" src=\"http:\/\/ibn.wyd.mybluehost.me\/reanpackaging.com\/wp-content\/uploads\/2023\/09\/3-Biodegradable-Candy-Gift-Package-Bag-Flat-Kraft-Paper-Bag-for-Packaging-Custom-Logo-Printed-Cookies-Brown-Hot-Stamping-Accept-description-300x227.jpg\" alt=\"3 - Biolagunev kommipakett kinkekott Flat Kraft paberkott pakendamiseks Custom Logo tr\u00fckitud k\u00fcpsised Brown Hot Stamping aktsepteerida - kirjeldus\" width=\"1269\" height=\"960\" srcset=\"https:\/\/reanpackaging.com\/wp-content\/uploads\/2023\/09\/3-Biodegradable-Candy-Gift-Package-Bag-Flat-Kraft-Paper-Bag-for-Packaging-Custom-Logo-Printed-Cookies-Brown-Hot-Stamping-Accept-description-300x227.jpg 300w, https:\/\/reanpackaging.com\/wp-content\/uploads\/2023\/09\/3-Biodegradable-Candy-Gift-Package-Bag-Flat-Kraft-Paper-Bag-for-Packaging-Custom-Logo-Printed-Cookies-Brown-Hot-Stamping-Accept-description-768x580.jpg 768w, https:\/\/reanpackaging.com\/wp-content\/uploads\/2023\/09\/3-Biodegradable-Candy-Gift-Package-Bag-Flat-Kraft-Paper-Bag-for-Packaging-Custom-Logo-Printed-Cookies-Brown-Hot-Stamping-Accept-description-600x453.jpg 600w\" sizes=\"(max-width: 1269px) 100vw, 1269px\" \/><\/p>","protected":false},"excerpt":{"rendered":"<p>Industry-Specific Attributes Industrial Use Gift &amp; Craft Paper Type Kraft Paper Feature Recyclable Other Attributes Surface Handling Hot Stamping Sealing &amp; Handle Hand Length Handle Custom Order Accept Industrial Use Shopping Material Paper Name paper shopping bags Color CMYK ,White ,Black,Brown and so on Size 464212cm or 9819cm etc. Usage shopping ,packaging ,or gift etc [&hellip;]<\/p>\n","protected":false},"featured_media":6268,"template":"","meta":{"_seopress_robots_primary_cat":"none","_seopress_titles_title":"","_seopress_titles_desc":"","_seopress_robots_index":"","site-sidebar-layout":"default","site-content-layout":"default","ast-site-content-layout":"default","site-content-style":"default","site-sidebar-style":"default","ast-global-header-display":"","ast-banner-title-visibility":"","ast-main-header-display":"","ast-hfb-above-header-display":"","ast-hfb-below-header-display":"","ast-hfb-mobile-header-display":"","site-post-title":"","ast-breadcrumbs-content":"","ast-featured-img":"","footer-sml-layout":"","ast-disable-related-posts":"","theme-transparent-header-meta":"default","adv-header-id-meta":"","stick-header-meta":"default","header-above-stick-meta":"","header-main-stick-meta":"","header-below-stick-meta":"","astra-migrate-meta-layouts":"set","ast-page-background-enabled":"default","ast-page-background-meta":{"desktop":{"background-color":"","background-image":"","background-repeat":"repeat","background-position":"center center","background-size":"auto","background-attachment":"scroll","background-type":"","background-media":"","overlay-type":"","overlay-color":"","overlay-opacity":"","overlay-gradient":""},"tablet":{"background-color":"","background-image":"","background-repeat":"repeat","background-position":"center center","background-size":"auto","background-attachment":"scroll","background-type":"","background-media":"","overlay-type":"","overlay-color":"","overlay-opacity":"","overlay-gradient":""},"mobile":{"background-color":"","background-image":"","background-repeat":"repeat","background-position":"center center","background-size":"auto","background-attachment":"scroll","background-type":"","background-media":"","overlay-type":"","overlay-color":"","overlay-opacity":"","overlay-gradient":""}},"ast-content-background-meta":{"desktop":{"background-color":"var(--ast-global-color-5)","background-image":"","background-repeat":"repeat","background-position":"center center","background-size":"auto","background-attachment":"scroll","background-type":"","background-media":"","overlay-type":"","overlay-color":"","overlay-opacity":"","overlay-gradient":""},"tablet":{"background-color":"var(--ast-global-color-5)","background-image":"","background-repeat":"repeat","background-position":"center center","background-size":"auto","background-attachment":"scroll","background-type":"","background-media":"","overlay-type":"","overlay-color":"","overlay-opacity":"","overlay-gradient":""},"mobile":{"background-color":"var(--ast-global-color-5)","background-image":"","background-repeat":"repeat","background-position":"center center","background-size":"auto","background-attachment":"scroll","background-type":"","background-media":"","overlay-type":"","overlay-color":"","overlay-opacity":"","overlay-gradient":""}}},"product_brand":[],"product_cat":[36,44],"product_tag":[],"class_list":{"0":"post-6257","1":"product","2":"type-product","3":"status-publish","4":"has-post-thumbnail","6":"product_cat-kraft-bags","7":"product_cat-paper-bags","8":"desktop-align-left","9":"tablet-align-left","10":"mobile-align-left","11":"ast-product-gallery-layout-horizontal","12":"ast-product-tabs-layout-horizontal","14":"first","15":"instock","16":"purchasable","17":"product-type-simple"},"_links":{"self":[{"href":"https:\/\/reanpackaging.com\/et\/wp-json\/wp\/v2\/product\/6257","targetHints":{"allow":["GET"]}}],"collection":[{"href":"https:\/\/reanpackaging.com\/et\/wp-json\/wp\/v2\/product"}],"about":[{"href":"https:\/\/reanpackaging.com\/et\/wp-json\/wp\/v2\/types\/product"}],"wp:featuredmedia":[{"embeddable":true,"href":"https:\/\/reanpackaging.com\/et\/wp-json\/wp\/v2\/media\/6268"}],"wp:attachment":[{"href":"https:\/\/reanpackaging.com\/et\/wp-json\/wp\/v2\/media?parent=6257"}],"wp:term":[{"taxonomy":"product_brand","embeddable":true,"href":"https:\/\/reanpackaging.com\/et\/wp-json\/wp\/v2\/product_brand?post=6257"},{"taxonomy":"product_cat","embeddable":true,"href":"https:\/\/reanpackaging.com\/et\/wp-json\/wp\/v2\/product_cat?post=6257"},{"taxonomy":"product_tag","embeddable":true,"href":"https:\/\/reanpackaging.com\/et\/wp-json\/wp\/v2\/product_tag?post=6257"}],"curies":[{"name":"wp","href":"https:\/\/api.w.org\/{rel}","templated":true}]}}