{"id":6259,"date":"2023-09-19T03:03:02","date_gmt":"2023-09-19T03:03:02","guid":{"rendered":"http:\/\/ibn.wyd.mybluehost.me\/reanpackaging.com\/product\/wholesale-eco-friendly-paper-bags-with-your-own-logo-handles-custom-reusable-packaging-shopping-giftluxury-jewelry-clothing-bags\/"},"modified":"2024-10-01T17:00:33","modified_gmt":"2024-10-01T17:00:33","slug":"wholesale-eco-friendly-paper-bags-with-your-own-logo-handles-custom-reusable-packaging-shopping-giftluxury-jewelry-clothing-bags","status":"publish","type":"product","link":"https:\/\/reanpackaging.com\/et\/toode\/wholesale-eco-friendly-paper-bags-with-your-own-logo-handles-custom-reusable-packaging-shopping-giftluxury-jewelry-clothing-bags\/","title":{"rendered":"Hulgim\u00fc\u00fck keskkonnas\u00f5bralikud paberkotid oma logo k\u00e4epidemed kohandatud korduvkasutatav pakend shopping Giftluxury ehted riided kotid"},"content":{"rendered":"<h4 class=\"md-end-block md-heading md-focus\"><span class=\"md-plain md-expand\">T\u00f6\u00f6stusspetsiifilised omadused<\/span><\/h4>\n<table class=\"md-table\">\n<tbody>\n<tr class=\"md-end-block md-focus-container\">\n<td><span class=\"td-span md-focus\"><span class=\"md-pair-s md-expand\"><strong><span class=\"md-plain\">T\u00f6\u00f6stuslik kasutamine<\/span><\/strong><\/span><\/span><\/td>\n<td><span class=\"td-span\"><span class=\"md-plain\">Kingad ja riided<\/span><\/span><\/td>\n<\/tr>\n<tr class=\"md-end-block\">\n<td><span class=\"td-span\"><span class=\"md-pair-s\"><strong><span class=\"md-plain\">Paberi t\u00fc\u00fcp<\/span><\/strong><\/span><\/span><\/td>\n<td><span class=\"td-span\"><span class=\"md-plain\">Kunstipaber<\/span><\/span><\/td>\n<\/tr>\n<tr class=\"md-end-block md-focus-container\">\n<td><span class=\"td-span\"><span class=\"md-pair-s\"><strong><span class=\"md-plain\">Funktsioon<\/span><\/strong><\/span><\/span><\/td>\n<td><span class=\"td-span md-focus\"><span class=\"md-plain md-expand\">Ringlussev\u00f5etav<\/span><\/span><\/td>\n<\/tr>\n<\/tbody>\n<\/table>\n<h4 class=\"md-end-block md-heading md-focus\"><span class=\"md-plain md-expand\">Muud omadused<\/span><\/h4>\n<table class=\"md-table\">\n<tbody>\n<tr class=\"md-end-block md-focus-container\">\n<td><span class=\"td-span md-focus\"><span class=\"md-pair-s md-expand\"><strong><span class=\"md-plain\">Pinnak\u00e4itlus<\/span><\/strong><\/span><\/span><\/td>\n<td><span class=\"td-span\"><span class=\"md-plain\">Ekraanitr\u00fckk<\/span><\/span><\/td>\n<\/tr>\n<tr class=\"md-end-block\">\n<td><span class=\"td-span\"><span class=\"md-pair-s\"><strong><span class=\"md-plain\">Tihendus ja k\u00e4epide<\/span><\/strong><\/span><\/span><\/td>\n<td><span class=\"td-span\"><span class=\"md-plain\">K\u00e4e pikkus k\u00e4epide<\/span><\/span><\/td>\n<\/tr>\n<tr class=\"md-end-block\">\n<td><span class=\"td-span\"><span class=\"md-pair-s\"><strong><span class=\"md-plain\">Kohandatud tellimus<\/span><\/strong><\/span><\/span><\/td>\n<td><span class=\"td-span\"><span class=\"md-plain\">Aktsepteeri<\/span><\/span><\/td>\n<\/tr>\n<tr class=\"md-end-block\">\n<td><span class=\"td-span\"><span class=\"md-pair-s\"><strong><span class=\"md-plain\">V\u00e4rv<\/span><\/strong><\/span><\/span><\/td>\n<td><span class=\"td-span\"><span class=\"md-plain\">Kliendip\u00f5hine<\/span><\/span><\/td>\n<\/tr>\n<tr class=\"md-end-block\">\n<td><span class=\"td-span\"><span class=\"md-pair-s\"><strong><span class=\"md-plain\">Br\u00e4ndi nimi<\/span><\/strong><\/span><\/span><\/td>\n<td><span class=\"td-span\"><span class=\"md-plain\">Taigeka<\/span><\/span><\/td>\n<\/tr>\n<tr class=\"md-end-block\">\n<td><span class=\"td-span\"><span class=\"md-pair-s\"><strong><span class=\"md-plain\">Paksus<\/span><\/strong><\/span><\/span><\/td>\n<td><span class=\"td-span\"><span class=\"md-plain\">Standardne paksus<\/span><\/span><\/td>\n<\/tr>\n<tr class=\"md-end-block\">\n<td><span class=\"td-span\"><span class=\"md-pair-s\"><strong><span class=\"md-plain\">Kasutamine<\/span><\/strong><\/span><\/span><\/td>\n<td><span class=\"td-span\"><span class=\"md-plain\">Postiteenus<\/span><\/span><\/td>\n<\/tr>\n<tr class=\"md-end-block\">\n<td><span class=\"td-span\"><span class=\"md-pair-s\"><strong><span class=\"md-plain\">MOQ<\/span><\/strong><\/span><\/span><\/td>\n<td><span class=\"td-span\"><span class=\"md-plain\">100tk<\/span><\/span><\/td>\n<\/tr>\n<tr class=\"md-end-block\">\n<td><span class=\"td-span\"><span class=\"md-pair-s\"><strong><span class=\"md-plain\">Disain<\/span><\/strong><\/span><\/span><\/td>\n<td><span class=\"td-span\"><span class=\"md-plain\">Pakutav teenus<\/span><\/span><\/td>\n<\/tr>\n<tr class=\"md-end-block\">\n<td><span class=\"td-span\"><span class=\"md-pair-s\"><strong><span class=\"md-plain\">Toode<\/span><\/strong><\/span><\/span><\/td>\n<td><span class=\"td-span\"><span class=\"md-plain\">Aktsepteeri kohandatud tootmist<\/span><\/span><\/td>\n<\/tr>\n<tr class=\"md-end-block md-focus-container\">\n<td><span class=\"td-span\"><span class=\"md-pair-s\"><strong><span class=\"md-plain\">V\u00e4rvid<\/span><\/strong><\/span><\/span><\/td>\n<td><span class=\"td-span md-focus\"><span class=\"md-plain md-expand\">Kohandatud v\u00e4rvid aktsepteeritud<\/span><\/span><\/td>\n<\/tr>\n<\/tbody>\n<\/table>\n<p><img fetchpriority=\"high\" decoding=\"async\" class=\"alignnone wp-image-6299\" src=\"http:\/\/ibn.wyd.mybluehost.me\/reanpackaging.com\/wp-content\/uploads\/2023\/09\/1-min-145x300.jpg\" alt=\"1-Hulgim\u00fc\u00fck keskkonnas\u00f5bralikud paberkotid oma logo k\u00e4epidemed kohandatud korduvkasutatav pakend shopping Giftluxury ehted riided kotid - kirjeldus\" width=\"1387\" height=\"2870\" srcset=\"https:\/\/reanpackaging.com\/wp-content\/uploads\/2023\/09\/1-min-145x300.jpg 145w, https:\/\/reanpackaging.com\/wp-content\/uploads\/2023\/09\/1-min-600x1243.jpg 600w\" sizes=\"(max-width: 1387px) 100vw, 1387px\" \/><\/p>\n<p><img decoding=\"async\" class=\"alignnone wp-image-6300\" src=\"http:\/\/ibn.wyd.mybluehost.me\/reanpackaging.com\/wp-content\/uploads\/2023\/09\/2-2-min-168x300.jpg\" alt=\"3-Hulgim\u00fc\u00fck keskkonnas\u00f5bralikud paberkotid oma logo k\u00e4epidemed kohandatud korduvkasutatav pakend shopping Giftluxury ehted riided kotid - kirjeldus\" width=\"1335\" height=\"2384\" srcset=\"https:\/\/reanpackaging.com\/wp-content\/uploads\/2023\/09\/2-2-min-168x300.jpg 168w, https:\/\/reanpackaging.com\/wp-content\/uploads\/2023\/09\/2-2-min-574x1024.jpg 574w, https:\/\/reanpackaging.com\/wp-content\/uploads\/2023\/09\/2-2-min-600x1070.jpg 600w\" sizes=\"(max-width: 1335px) 100vw, 1335px\" \/><\/p>\n<p>&nbsp;<\/p>\n<p>&nbsp;<\/p>\n<p><img decoding=\"async\" class=\"alignnone wp-image-6303\" src=\"http:\/\/ibn.wyd.mybluehost.me\/reanpackaging.com\/wp-content\/uploads\/2023\/09\/4-min-175x300.jpg\" alt=\"5-Hulgim\u00fc\u00fck keskkonnas\u00f5bralikud paberkotid oma logo k\u00e4epidemed kohandatud korduvkasutatav pakend shopping Giftluxury ehted riided kotid - kirjeldus\" width=\"1335\" height=\"2289\" srcset=\"https:\/\/reanpackaging.com\/wp-content\/uploads\/2023\/09\/4-min-175x300.jpg 175w, https:\/\/reanpackaging.com\/wp-content\/uploads\/2023\/09\/4-min-600x1030.jpg 600w\" sizes=\"(max-width: 1335px) 100vw, 1335px\" \/><\/p>\n<p><img loading=\"lazy\" decoding=\"async\" class=\"alignnone wp-image-6304\" src=\"http:\/\/ibn.wyd.mybluehost.me\/reanpackaging.com\/wp-content\/uploads\/2023\/09\/5-min-164x300.jpg\" alt=\"6-Hulgim\u00fc\u00fck keskkonnas\u00f5bralikud paberkotid oma logo k\u00e4epidemed kohandatud korduvkasutatav pakend shopping Giftluxury ehted riided kotid - kirjeldus\" width=\"1339\" height=\"2449\" srcset=\"https:\/\/reanpackaging.com\/wp-content\/uploads\/2023\/09\/5-min-164x300.jpg 164w, https:\/\/reanpackaging.com\/wp-content\/uploads\/2023\/09\/5-min-600x1098.jpg 600w, https:\/\/reanpackaging.com\/wp-content\/uploads\/2023\/09\/5-min.jpg 750w\" sizes=\"(max-width: 1339px) 100vw, 1339px\" \/><\/p>\n<p><img loading=\"lazy\" decoding=\"async\" class=\"alignnone wp-image-6305\" src=\"http:\/\/ibn.wyd.mybluehost.me\/reanpackaging.com\/wp-content\/uploads\/2023\/09\/6-2-min-300x267.jpg\" alt=\"7-Hulgim\u00fc\u00fck keskkonnas\u00f5bralikud paberkotid oma logo k\u00e4epidemed kohandatud korduvkasutatav pakend shopping Giftluxury ehted riided kotid - kirjeldus\" width=\"1352\" height=\"1203\" srcset=\"https:\/\/reanpackaging.com\/wp-content\/uploads\/2023\/09\/6-2-min-300x267.jpg 300w, https:\/\/reanpackaging.com\/wp-content\/uploads\/2023\/09\/6-2-min-600x534.jpg 600w, https:\/\/reanpackaging.com\/wp-content\/uploads\/2023\/09\/6-2-min.jpg 750w\" sizes=\"(max-width: 1352px) 100vw, 1352px\" \/><\/p>\n<p>&nbsp;<\/p>\n<p><img loading=\"lazy\" decoding=\"async\" class=\"alignnone wp-image-6307\" src=\"http:\/\/ibn.wyd.mybluehost.me\/reanpackaging.com\/wp-content\/uploads\/2023\/09\/7-min-210x300.jpg\" alt=\"9-Hulgim\u00fc\u00fck keskkonnas\u00f5bralikud paberkotid oma logo k\u00e4epidemed kohandatud korduvkasutatav pakend shopping Giftluxury ehted riided kotid - kirjeldus\" width=\"1305\" height=\"1864\" srcset=\"https:\/\/reanpackaging.com\/wp-content\/uploads\/2023\/09\/7-min-210x300.jpg 210w, https:\/\/reanpackaging.com\/wp-content\/uploads\/2023\/09\/7-min-716x1024.jpg 716w, https:\/\/reanpackaging.com\/wp-content\/uploads\/2023\/09\/7-min-600x858.jpg 600w\" sizes=\"(max-width: 1305px) 100vw, 1305px\" \/><\/p>\n<p><img loading=\"lazy\" decoding=\"async\" class=\"alignnone wp-image-6308\" src=\"http:\/\/ibn.wyd.mybluehost.me\/reanpackaging.com\/wp-content\/uploads\/2023\/09\/8-min-217x300.jpg\" alt=\"10-Hulgim\u00fc\u00fck keskkonnas\u00f5bralikud paberkotid oma logo k\u00e4epidemed kohandatud korduvkasutatav pakend shopping Giftluxury ehted riided kotid - kirjeldus\" width=\"1308\" height=\"1808\" srcset=\"https:\/\/reanpackaging.com\/wp-content\/uploads\/2023\/09\/8-min-217x300.jpg 217w, https:\/\/reanpackaging.com\/wp-content\/uploads\/2023\/09\/8-min-741x1024.jpg 741w, https:\/\/reanpackaging.com\/wp-content\/uploads\/2023\/09\/8-min-600x829.jpg 600w, https:\/\/reanpackaging.com\/wp-content\/uploads\/2023\/09\/8-min.jpg 750w\" sizes=\"(max-width: 1308px) 100vw, 1308px\" \/><\/p>\n<p>&nbsp;<\/p>\n<p>&nbsp;<\/p>","protected":false},"excerpt":{"rendered":"<p>Industry-Specific Attributes Industrial Use Shoes &amp; clothing Paper Type Art Paper Feature Recyclable Other Attributes Surface Handling Screen Printing Sealing &amp; Handle Hand Length Handle Custom Order Accept Color Customerized Brand Name Taigeka Thickness Standard Thicknes Usage Mail Service MOQ 100pcs Design Service Provided Product Accept Custom Production Colors Custom Colors Accepted &nbsp; &nbsp; &nbsp; [&hellip;]<\/p>\n","protected":false},"featured_media":6285,"template":"","meta":{"_seopress_robots_primary_cat":"none","_seopress_titles_title":"","_seopress_titles_desc":"","_seopress_robots_index":"","site-sidebar-layout":"default","site-content-layout":"default","ast-site-content-layout":"default","site-content-style":"default","site-sidebar-style":"default","ast-global-header-display":"","ast-banner-title-visibility":"","ast-main-header-display":"","ast-hfb-above-header-display":"","ast-hfb-below-header-display":"","ast-hfb-mobile-header-display":"","site-post-title":"","ast-breadcrumbs-content":"","ast-featured-img":"","footer-sml-layout":"","ast-disable-related-posts":"","theme-transparent-header-meta":"default","adv-header-id-meta":"","stick-header-meta":"default","header-above-stick-meta":"","header-main-stick-meta":"","header-below-stick-meta":"","astra-migrate-meta-layouts":"set","ast-page-background-enabled":"default","ast-page-background-meta":{"desktop":{"background-color":"","background-image":"","background-repeat":"repeat","background-position":"center center","background-size":"auto","background-attachment":"scroll","background-type":"","background-media":"","overlay-type":"","overlay-color":"","overlay-opacity":"","overlay-gradient":""},"tablet":{"background-color":"","background-image":"","background-repeat":"repeat","background-position":"center center","background-size":"auto","background-attachment":"scroll","background-type":"","background-media":"","overlay-type":"","overlay-color":"","overlay-opacity":"","overlay-gradient":""},"mobile":{"background-color":"","background-image":"","background-repeat":"repeat","background-position":"center center","background-size":"auto","background-attachment":"scroll","background-type":"","background-media":"","overlay-type":"","overlay-color":"","overlay-opacity":"","overlay-gradient":""}},"ast-content-background-meta":{"desktop":{"background-color":"var(--ast-global-color-5)","background-image":"","background-repeat":"repeat","background-position":"center center","background-size":"auto","background-attachment":"scroll","background-type":"","background-media":"","overlay-type":"","overlay-color":"","overlay-opacity":"","overlay-gradient":""},"tablet":{"background-color":"var(--ast-global-color-5)","background-image":"","background-repeat":"repeat","background-position":"center center","background-size":"auto","background-attachment":"scroll","background-type":"","background-media":"","overlay-type":"","overlay-color":"","overlay-opacity":"","overlay-gradient":""},"mobile":{"background-color":"var(--ast-global-color-5)","background-image":"","background-repeat":"repeat","background-position":"center center","background-size":"auto","background-attachment":"scroll","background-type":"","background-media":"","overlay-type":"","overlay-color":"","overlay-opacity":"","overlay-gradient":""}}},"product_brand":[],"product_cat":[40,36,44,34],"product_tag":[],"class_list":{"0":"post-6259","1":"product","2":"type-product","3":"status-publish","4":"has-post-thumbnail","6":"product_cat-gift-bags","7":"product_cat-kraft-bags","8":"product_cat-paper-bags","9":"product_cat-paper-bags-with-handles","10":"desktop-align-left","11":"tablet-align-left","12":"mobile-align-left","13":"ast-product-gallery-layout-horizontal","14":"ast-product-tabs-layout-horizontal","16":"first","17":"instock","18":"purchasable","19":"product-type-simple"},"_links":{"self":[{"href":"https:\/\/reanpackaging.com\/et\/wp-json\/wp\/v2\/product\/6259","targetHints":{"allow":["GET"]}}],"collection":[{"href":"https:\/\/reanpackaging.com\/et\/wp-json\/wp\/v2\/product"}],"about":[{"href":"https:\/\/reanpackaging.com\/et\/wp-json\/wp\/v2\/types\/product"}],"wp:featuredmedia":[{"embeddable":true,"href":"https:\/\/reanpackaging.com\/et\/wp-json\/wp\/v2\/media\/6285"}],"wp:attachment":[{"href":"https:\/\/reanpackaging.com\/et\/wp-json\/wp\/v2\/media?parent=6259"}],"wp:term":[{"taxonomy":"product_brand","embeddable":true,"href":"https:\/\/reanpackaging.com\/et\/wp-json\/wp\/v2\/product_brand?post=6259"},{"taxonomy":"product_cat","embeddable":true,"href":"https:\/\/reanpackaging.com\/et\/wp-json\/wp\/v2\/product_cat?post=6259"},{"taxonomy":"product_tag","embeddable":true,"href":"https:\/\/reanpackaging.com\/et\/wp-json\/wp\/v2\/product_tag?post=6259"}],"curies":[{"name":"wp","href":"https:\/\/api.w.org\/{rel}","templated":true}]}}