{"id":6480,"date":"2023-09-20T14:47:06","date_gmt":"2023-09-20T14:47:06","guid":{"rendered":"http:\/\/ibn.wyd.mybluehost.me\/reanpackaging.com\/product\/custom-logo-luxury-boutique-black-shopping-paper-bag-with-handle-recycled-retail-small-personalised-gift-packaging-paper-bags\/"},"modified":"2024-10-01T16:59:41","modified_gmt":"2024-10-01T16:59:41","slug":"custom-logo-luxury-boutique-black-shopping-paper-bag-with-handle-recycled-retail-small-personalised-gift-packaging-paper-bags","status":"publish","type":"product","link":"https:\/\/reanpackaging.com\/et\/toode\/kohandatud-logo-luksus-boutique-must-ostukott-kaepidemega-paberkott-taaskasutatud-jaemuugi-vaike-personaliseeritud-kingituspakendi-paberkotid\/","title":{"rendered":"Kohandatud logo luksuslik boutique must ostukott k\u00e4epidemega ringlussev\u00f5etud jaem\u00fc\u00fcgi v\u00e4ike personaliseeritud kingituspakendi paberkotid"},"content":{"rendered":"<h4>T\u00f6\u00f6stusspetsiifilised omadused<\/h4>\n<table border=\"1\">\n<tbody>\n<tr>\n<td><strong>T\u00f6\u00f6stuslik kasutamine<\/strong><\/td>\n<td>Kingitus ja k\u00e4sit\u00f6\u00f6<\/td>\n<\/tr>\n<tr>\n<td><strong>Paberi t\u00fc\u00fcp<\/strong><\/td>\n<td>Papp<\/td>\n<\/tr>\n<tr>\n<td><strong>Funktsioon<\/strong><\/td>\n<td>Ringlussev\u00f5etav<\/td>\n<\/tr>\n<\/tbody>\n<\/table>\n<h4>Muud omadused<\/h4>\n<table border=\"1\">\n<tbody>\n<tr>\n<td><strong>P\u00e4ritolukoht<\/strong><\/td>\n<td>Zhejiang, Hiina<\/td>\n<\/tr>\n<tr>\n<td><strong>Br\u00e4ndi nimi<\/strong><\/td>\n<td>CXJ\/OEM<\/td>\n<\/tr>\n<tr>\n<td><strong>Mudeli number<\/strong><\/td>\n<td>CXJ-P17048<\/td>\n<\/tr>\n<tr>\n<td><strong>Pinnak\u00e4itlus<\/strong><\/td>\n<td>Kuum tembeldamine<\/td>\n<\/tr>\n<tr>\n<td><strong>Tihendus ja k\u00e4epide<\/strong><\/td>\n<td>Pingutuspael<\/td>\n<\/tr>\n<tr>\n<td><strong>Kohandatud tellimus<\/strong><\/td>\n<td>Aktsepteeri<\/td>\n<\/tr>\n<tr>\n<td><strong>T\u00f6\u00f6stuslik kasutamine<\/strong><\/td>\n<td>Kinkekaupade paberkott<\/td>\n<\/tr>\n<tr>\n<td><strong>Funktsioon<\/strong><\/td>\n<td>Pakkimine, ladustamine<\/td>\n<\/tr>\n<tr>\n<td><strong>Materjal<\/strong><\/td>\n<td>Papp<\/td>\n<\/tr>\n<tr>\n<td><strong>V\u00e4rv<\/strong><\/td>\n<td>Valge\/must\/punane\/punane\/sinine\/kohandatud<\/td>\n<\/tr>\n<tr>\n<td><strong>Logo<\/strong><\/td>\n<td>Aktsepteeri kohandatud logo<\/td>\n<\/tr>\n<tr>\n<td><strong>Kasutage<\/strong><\/td>\n<td>kingituspakend<\/td>\n<\/tr>\n<tr>\n<td><strong>Suurus<\/strong><\/td>\n<td>Kohandatud suurus aktsepteeritud<\/td>\n<\/tr>\n<tr>\n<td><strong>Tr\u00fckkimine<\/strong><\/td>\n<td>CMYK 4-v\u00e4rviline Offset tr\u00fckkimine<\/td>\n<\/tr>\n<tr>\n<td><strong>MOQ<\/strong><\/td>\n<td>100 tk<\/td>\n<\/tr>\n<tr>\n<td><strong>Disain<\/strong><\/td>\n<td>OEM kohandatud disainilahendused<\/td>\n<\/tr>\n<\/tbody>\n<\/table>\n<p><img fetchpriority=\"high\" decoding=\"async\" class=\"alignnone wp-image-6539\" src=\"http:\/\/ibn.wyd.mybluehost.me\/reanpackaging.com\/wp-content\/uploads\/2023\/09\/5-description-Custom-logo-luxury-boutique-black-shopping-paper-bag-with-handle-recycled-retail-small-personalised-gift-packaging-paper-bags-228x300.jpg\" alt=\"kohandatud logo luksus boutique must ostukott k\u00e4epidemega paberkott taaskasutatud jaem\u00fc\u00fcgi v\u00e4ike personaliseeritud kingituspakendi paberkotid\" width=\"1297\" height=\"1707\" srcset=\"https:\/\/reanpackaging.com\/wp-content\/uploads\/2023\/09\/5-description-Custom-logo-luxury-boutique-black-shopping-paper-bag-with-handle-recycled-retail-small-personalised-gift-packaging-paper-bags-228x300.jpg 228w, https:\/\/reanpackaging.com\/wp-content\/uploads\/2023\/09\/5-description-Custom-logo-luxury-boutique-black-shopping-paper-bag-with-handle-recycled-retail-small-personalised-gift-packaging-paper-bags-779x1024.jpg 779w\" sizes=\"(max-width: 1297px) 100vw, 1297px\" \/><\/p>\n<p><img decoding=\"async\" class=\"alignnone wp-image-6538\" src=\"http:\/\/ibn.wyd.mybluehost.me\/reanpackaging.com\/wp-content\/uploads\/2023\/09\/4-description-Custom-logo-luxury-boutique-black-shopping-paper-bag-with-handle-recycled-retail-small-personalised-gift-packaging-paper-bags-254x300.jpg\" alt=\"kohandatud logo luksus boutique must ostukott k\u00e4epidemega paberkott taaskasutatud jaem\u00fc\u00fcgi v\u00e4ike personaliseeritud kingituspakendi paberkotid\" width=\"1295\" height=\"1530\" srcset=\"https:\/\/reanpackaging.com\/wp-content\/uploads\/2023\/09\/4-description-Custom-logo-luxury-boutique-black-shopping-paper-bag-with-handle-recycled-retail-small-personalised-gift-packaging-paper-bags-254x300.jpg 254w, https:\/\/reanpackaging.com\/wp-content\/uploads\/2023\/09\/4-description-Custom-logo-luxury-boutique-black-shopping-paper-bag-with-handle-recycled-retail-small-personalised-gift-packaging-paper-bags-768x908.jpg 768w, https:\/\/reanpackaging.com\/wp-content\/uploads\/2023\/09\/4-description-Custom-logo-luxury-boutique-black-shopping-paper-bag-with-handle-recycled-retail-small-personalised-gift-packaging-paper-bags-600x709.jpg 600w, https:\/\/reanpackaging.com\/wp-content\/uploads\/2023\/09\/4-description-Custom-logo-luxury-boutique-black-shopping-paper-bag-with-handle-recycled-retail-small-personalised-gift-packaging-paper-bags.jpg 790w\" sizes=\"(max-width: 1295px) 100vw, 1295px\" \/><\/p>\n<p><img decoding=\"async\" class=\"alignnone wp-image-6536\" src=\"http:\/\/ibn.wyd.mybluehost.me\/reanpackaging.com\/wp-content\/uploads\/2023\/09\/2-description-Custom-logo-luxury-boutique-black-shopping-paper-bag-with-handle-recycled-retail-small-personalised-gift-packaging-paper-bags-296x300.jpg\" alt=\"kohandatud logo luksus boutique must ostukott k\u00e4epidemega paberkott taaskasutatud jaem\u00fc\u00fcgi v\u00e4ike personaliseeritud kingituspakendi paberkotid\" width=\"1296\" height=\"1314\" srcset=\"https:\/\/reanpackaging.com\/wp-content\/uploads\/2023\/09\/2-description-Custom-logo-luxury-boutique-black-shopping-paper-bag-with-handle-recycled-retail-small-personalised-gift-packaging-paper-bags-296x300.jpg 296w, https:\/\/reanpackaging.com\/wp-content\/uploads\/2023\/09\/2-description-Custom-logo-luxury-boutique-black-shopping-paper-bag-with-handle-recycled-retail-small-personalised-gift-packaging-paper-bags-768x778.jpg 768w, https:\/\/reanpackaging.com\/wp-content\/uploads\/2023\/09\/2-description-Custom-logo-luxury-boutique-black-shopping-paper-bag-with-handle-recycled-retail-small-personalised-gift-packaging-paper-bags-600x608.jpg 600w, https:\/\/reanpackaging.com\/wp-content\/uploads\/2023\/09\/2-description-Custom-logo-luxury-boutique-black-shopping-paper-bag-with-handle-recycled-retail-small-personalised-gift-packaging-paper-bags-100x100.jpg 100w, https:\/\/reanpackaging.com\/wp-content\/uploads\/2023\/09\/2-description-Custom-logo-luxury-boutique-black-shopping-paper-bag-with-handle-recycled-retail-small-personalised-gift-packaging-paper-bags.jpg 790w\" sizes=\"(max-width: 1296px) 100vw, 1296px\" \/><\/p>\n<p><img loading=\"lazy\" decoding=\"async\" class=\"alignnone wp-image-6535\" src=\"http:\/\/ibn.wyd.mybluehost.me\/reanpackaging.com\/wp-content\/uploads\/2023\/09\/1-description-Custom-logo-luxury-boutique-black-shopping-paper-bag-with-handle-recycled-retail-small-personalised-gift-packaging-paper-bags-217x300.jpg\" alt=\"kohandatud logo luksus boutique must ostukott k\u00e4epidemega paberkott taaskasutatud jaem\u00fc\u00fcgi v\u00e4ike personaliseeritud kingituspakendi paberkotid\" width=\"1297\" height=\"1793\" srcset=\"https:\/\/reanpackaging.com\/wp-content\/uploads\/2023\/09\/1-description-Custom-logo-luxury-boutique-black-shopping-paper-bag-with-handle-recycled-retail-small-personalised-gift-packaging-paper-bags-217x300.jpg 217w, https:\/\/reanpackaging.com\/wp-content\/uploads\/2023\/09\/1-description-Custom-logo-luxury-boutique-black-shopping-paper-bag-with-handle-recycled-retail-small-personalised-gift-packaging-paper-bags-741x1024.jpg 741w, https:\/\/reanpackaging.com\/wp-content\/uploads\/2023\/09\/1-description-Custom-logo-luxury-boutique-black-shopping-paper-bag-with-handle-recycled-retail-small-personalised-gift-packaging-paper-bags-768x1062.jpg 768w, https:\/\/reanpackaging.com\/wp-content\/uploads\/2023\/09\/1-description-Custom-logo-luxury-boutique-black-shopping-paper-bag-with-handle-recycled-retail-small-personalised-gift-packaging-paper-bags-600x829.jpg 600w, https:\/\/reanpackaging.com\/wp-content\/uploads\/2023\/09\/1-description-Custom-logo-luxury-boutique-black-shopping-paper-bag-with-handle-recycled-retail-small-personalised-gift-packaging-paper-bags.jpg 790w\" sizes=\"(max-width: 1297px) 100vw, 1297px\" \/><\/p>\n<p><img loading=\"lazy\" decoding=\"async\" class=\"alignnone wp-image-6537\" src=\"http:\/\/ibn.wyd.mybluehost.me\/reanpackaging.com\/wp-content\/uploads\/2023\/09\/3-description-Custom-logo-luxury-boutique-black-shopping-paper-bag-with-handle-recycled-retail-small-personalised-gift-packaging-paper-bags-296x300.jpg\" alt=\"kohandatud logo luksus boutique must ostukott k\u00e4epidemega paberkott taaskasutatud jaem\u00fc\u00fcgi v\u00e4ike personaliseeritud kingituspakendi paberkotid\" width=\"1296\" height=\"1314\" srcset=\"https:\/\/reanpackaging.com\/wp-content\/uploads\/2023\/09\/3-description-Custom-logo-luxury-boutique-black-shopping-paper-bag-with-handle-recycled-retail-small-personalised-gift-packaging-paper-bags-296x300.jpg 296w, https:\/\/reanpackaging.com\/wp-content\/uploads\/2023\/09\/3-description-Custom-logo-luxury-boutique-black-shopping-paper-bag-with-handle-recycled-retail-small-personalised-gift-packaging-paper-bags-768x778.jpg 768w, https:\/\/reanpackaging.com\/wp-content\/uploads\/2023\/09\/3-description-Custom-logo-luxury-boutique-black-shopping-paper-bag-with-handle-recycled-retail-small-personalised-gift-packaging-paper-bags-600x608.jpg 600w, https:\/\/reanpackaging.com\/wp-content\/uploads\/2023\/09\/3-description-Custom-logo-luxury-boutique-black-shopping-paper-bag-with-handle-recycled-retail-small-personalised-gift-packaging-paper-bags-100x100.jpg 100w, https:\/\/reanpackaging.com\/wp-content\/uploads\/2023\/09\/3-description-Custom-logo-luxury-boutique-black-shopping-paper-bag-with-handle-recycled-retail-small-personalised-gift-packaging-paper-bags.jpg 790w\" sizes=\"(max-width: 1296px) 100vw, 1296px\" \/><\/p>","protected":false},"excerpt":{"rendered":"<p>Industry-Specific Attributes Industrial Use Gift &amp; Craft Paper Type Paperboard Feature Recyclable Other Attributes Place of Origin Zhejiang, China Brand Name CXJ\/OEM Model Number CXJ-P17048 Surface Handling Hot Stamping Sealing &amp; Handle Drawstring Custom Order Accept Industrial Use Gift Shopping Paper Bag Feature Packing,Store Material Paperboard Color White\/black\/red\/blue\/customized Logo Accept Customized Logo Use gift packaging [&hellip;]<\/p>\n","protected":false},"featured_media":6481,"template":"","meta":{"_seopress_robots_primary_cat":"none","_seopress_titles_title":"","_seopress_titles_desc":"","_seopress_robots_index":"","site-sidebar-layout":"default","site-content-layout":"default","ast-site-content-layout":"default","site-content-style":"default","site-sidebar-style":"default","ast-global-header-display":"","ast-banner-title-visibility":"","ast-main-header-display":"","ast-hfb-above-header-display":"","ast-hfb-below-header-display":"","ast-hfb-mobile-header-display":"","site-post-title":"","ast-breadcrumbs-content":"","ast-featured-img":"","footer-sml-layout":"","ast-disable-related-posts":"","theme-transparent-header-meta":"default","adv-header-id-meta":"","stick-header-meta":"default","header-above-stick-meta":"","header-main-stick-meta":"","header-below-stick-meta":"","astra-migrate-meta-layouts":"set","ast-page-background-enabled":"default","ast-page-background-meta":{"desktop":{"background-color":"","background-image":"","background-repeat":"repeat","background-position":"center center","background-size":"auto","background-attachment":"scroll","background-type":"","background-media":"","overlay-type":"","overlay-color":"","overlay-opacity":"","overlay-gradient":""},"tablet":{"background-color":"","background-image":"","background-repeat":"repeat","background-position":"center center","background-size":"auto","background-attachment":"scroll","background-type":"","background-media":"","overlay-type":"","overlay-color":"","overlay-opacity":"","overlay-gradient":""},"mobile":{"background-color":"","background-image":"","background-repeat":"repeat","background-position":"center center","background-size":"auto","background-attachment":"scroll","background-type":"","background-media":"","overlay-type":"","overlay-color":"","overlay-opacity":"","overlay-gradient":""}},"ast-content-background-meta":{"desktop":{"background-color":"var(--ast-global-color-5)","background-image":"","background-repeat":"repeat","background-position":"center center","background-size":"auto","background-attachment":"scroll","background-type":"","background-media":"","overlay-type":"","overlay-color":"","overlay-opacity":"","overlay-gradient":""},"tablet":{"background-color":"var(--ast-global-color-5)","background-image":"","background-repeat":"repeat","background-position":"center center","background-size":"auto","background-attachment":"scroll","background-type":"","background-media":"","overlay-type":"","overlay-color":"","overlay-opacity":"","overlay-gradient":""},"mobile":{"background-color":"var(--ast-global-color-5)","background-image":"","background-repeat":"repeat","background-position":"center center","background-size":"auto","background-attachment":"scroll","background-type":"","background-media":"","overlay-type":"","overlay-color":"","overlay-opacity":"","overlay-gradient":""}}},"product_brand":[],"product_cat":[40,36,44,34,32,41],"product_tag":[],"class_list":{"0":"post-6480","1":"product","2":"type-product","3":"status-publish","4":"has-post-thumbnail","6":"product_cat-gift-bags","7":"product_cat-kraft-bags","8":"product_cat-paper-bags","9":"product_cat-paper-bags-with-handles","10":"product_cat-retail-packaging","11":"product_cat-shopping-bags","12":"desktop-align-left","13":"tablet-align-left","14":"mobile-align-left","15":"ast-product-gallery-layout-horizontal","16":"ast-product-tabs-layout-horizontal","18":"first","19":"instock","20":"purchasable","21":"product-type-simple"},"_links":{"self":[{"href":"https:\/\/reanpackaging.com\/et\/wp-json\/wp\/v2\/product\/6480","targetHints":{"allow":["GET"]}}],"collection":[{"href":"https:\/\/reanpackaging.com\/et\/wp-json\/wp\/v2\/product"}],"about":[{"href":"https:\/\/reanpackaging.com\/et\/wp-json\/wp\/v2\/types\/product"}],"wp:featuredmedia":[{"embeddable":true,"href":"https:\/\/reanpackaging.com\/et\/wp-json\/wp\/v2\/media\/6481"}],"wp:attachment":[{"href":"https:\/\/reanpackaging.com\/et\/wp-json\/wp\/v2\/media?parent=6480"}],"wp:term":[{"taxonomy":"product_brand","embeddable":true,"href":"https:\/\/reanpackaging.com\/et\/wp-json\/wp\/v2\/product_brand?post=6480"},{"taxonomy":"product_cat","embeddable":true,"href":"https:\/\/reanpackaging.com\/et\/wp-json\/wp\/v2\/product_cat?post=6480"},{"taxonomy":"product_tag","embeddable":true,"href":"https:\/\/reanpackaging.com\/et\/wp-json\/wp\/v2\/product_tag?post=6480"}],"curies":[{"name":"wp","href":"https:\/\/api.w.org\/{rel}","templated":true}]}}