{"id":6516,"date":"2023-09-20T14:47:06","date_gmt":"2023-09-20T14:47:06","guid":{"rendered":"http:\/\/ibn.wyd.mybluehost.me\/reanpackaging.com\/product\/luxury-gift-paper-bag-custom-printed-logo-shoes-clothes-shopping-wedding-gift-jewelry-packaging-bag-with-ribbon-handles\/"},"modified":"2024-10-01T16:59:45","modified_gmt":"2024-10-01T16:59:45","slug":"luxury-gift-paper-bag-custom-printed-logo-shoes-clothes-shopping-wedding-gift-jewelry-packaging-bag-with-ribbon-handles","status":"publish","type":"product","link":"https:\/\/reanpackaging.com\/et\/toode\/luksuslik-kingitus-paberkott-kohandatud-trukitud-logo-kingid-riided-ostud-pulm-kingitus-ehteid-pakendikott-paelaga-kaepidemed\/","title":{"rendered":"Luksuslik kingitus paberkott kohandatud tr\u00fckitud logo kingad riided ostud pulmad kingitus ehted pakendikott paelaga k\u00e4epidemed"},"content":{"rendered":"<h4>T\u00f6\u00f6stusspetsiifilised omadused<\/h4>\n<table border=\"1\">\n<tbody>\n<tr>\n<td><strong>T\u00f6\u00f6stuslik kasutamine<\/strong><\/td>\n<td>Ostud; kingituste pakendamine jne<\/td>\n<\/tr>\n<tr>\n<td><strong>Paberi t\u00fc\u00fcp<\/strong><\/td>\n<td>Kunstipaber<\/td>\n<\/tr>\n<tr>\n<td><strong>Funktsioon<\/strong><\/td>\n<td>Ringlussev\u00f5etav<\/td>\n<\/tr>\n<\/tbody>\n<\/table>\n<h4>Muud omadused<\/h4>\n<table border=\"1\">\n<tbody>\n<tr>\n<td><strong>Pinnak\u00e4itlus<\/strong><\/td>\n<td>Kuumpressimine; ofsettr\u00fckk; UV; reljeefne tr\u00fckkimine jne.<\/td>\n<\/tr>\n<tr>\n<td><strong>Tihendus ja k\u00e4epide<\/strong><\/td>\n<td>K\u00e4e pikkus k\u00e4epide<\/td>\n<\/tr>\n<tr>\n<td><strong>Kohandatud tellimus<\/strong><\/td>\n<td>Aktsepteeri<\/td>\n<\/tr>\n<tr>\n<td><strong>Materjal<\/strong><\/td>\n<td>230-250gm j\u00f5upaber\/kattega paber<\/td>\n<\/tr>\n<tr>\n<td><strong>Punkti<\/strong><\/td>\n<td>Kohandatud paberkott<\/td>\n<\/tr>\n<tr>\n<td><strong>Nimi<\/strong><\/td>\n<td>Kohandatud paberkott oma logoga<\/td>\n<\/tr>\n<tr>\n<td><strong>Paksus<\/strong><\/td>\n<td>Klientide kahjusid<\/td>\n<\/tr>\n<tr>\n<td><strong>V\u00e4rv<\/strong><\/td>\n<td>Kohandatud v\u00e4rv<\/td>\n<\/tr>\n<tr>\n<td><strong>Suurus<\/strong><\/td>\n<td>Kohandatud suurus<\/td>\n<\/tr>\n<tr>\n<td><strong>Kohtuprotsessi korraldus<\/strong><\/td>\n<td>Saadaval<\/td>\n<\/tr>\n<tr>\n<td><strong>Tr\u00fckkimine<\/strong><\/td>\n<td>CMYK tr\u00fckkimine<\/td>\n<\/tr>\n<tr>\n<td><strong>Kasutamine<\/strong><\/td>\n<td>Ostud, pakend, kommid, kinkekarp, toit, kosmeetika, igap\u00e4evased vajadused<\/td>\n<\/tr>\n<tr>\n<td><strong>Logo<\/strong><\/td>\n<td>Aktsepteeri kohandatud logo<\/td>\n<\/tr>\n<\/tbody>\n<\/table>\n<p><img fetchpriority=\"high\" decoding=\"async\" class=\"alignnone wp-image-6563\" src=\"http:\/\/ibn.wyd.mybluehost.me\/reanpackaging.com\/wp-content\/uploads\/2023\/09\/1-Luxury-Gift-Paper-Bag-Custom-Printed-Logo-Shoes-Clothes-Shopping-Wedding-Gift-Jewelry-Packaging-Bag-With-Ribbon-Handles-300x300.png\" alt=\"luksuslik kingitus paberkott kohandatud tr\u00fckitud logo kingid riided ostud pulm kingitus ehteid pakendikott paelaga k\u00e4epidemed\" width=\"1300\" height=\"1300\" srcset=\"https:\/\/reanpackaging.com\/wp-content\/uploads\/2023\/09\/1-Luxury-Gift-Paper-Bag-Custom-Printed-Logo-Shoes-Clothes-Shopping-Wedding-Gift-Jewelry-Packaging-Bag-With-Ribbon-Handles-300x300.png 300w, https:\/\/reanpackaging.com\/wp-content\/uploads\/2023\/09\/1-Luxury-Gift-Paper-Bag-Custom-Printed-Logo-Shoes-Clothes-Shopping-Wedding-Gift-Jewelry-Packaging-Bag-With-Ribbon-Handles-150x150.png 150w, https:\/\/reanpackaging.com\/wp-content\/uploads\/2023\/09\/1-Luxury-Gift-Paper-Bag-Custom-Printed-Logo-Shoes-Clothes-Shopping-Wedding-Gift-Jewelry-Packaging-Bag-With-Ribbon-Handles-768x768.png 768w, https:\/\/reanpackaging.com\/wp-content\/uploads\/2023\/09\/1-Luxury-Gift-Paper-Bag-Custom-Printed-Logo-Shoes-Clothes-Shopping-Wedding-Gift-Jewelry-Packaging-Bag-With-Ribbon-Handles-600x600.png 600w, https:\/\/reanpackaging.com\/wp-content\/uploads\/2023\/09\/1-Luxury-Gift-Paper-Bag-Custom-Printed-Logo-Shoes-Clothes-Shopping-Wedding-Gift-Jewelry-Packaging-Bag-With-Ribbon-Handles-100x100.png 100w, https:\/\/reanpackaging.com\/wp-content\/uploads\/2023\/09\/1-Luxury-Gift-Paper-Bag-Custom-Printed-Logo-Shoes-Clothes-Shopping-Wedding-Gift-Jewelry-Packaging-Bag-With-Ribbon-Handles.png 800w\" sizes=\"(max-width: 1300px) 100vw, 1300px\" \/><\/p>","protected":false},"excerpt":{"rendered":"<p>Industry-Specific Attributes Industrial Use Shopping; gift packaging, etc Paper Type Art Paper Feature Recyclable Other Attributes Surface Handling Hot Stamping; offset printing; UV; embossing,etc Sealing &amp; Handle Hand Length Handle Custom Order Accept Material 230-250gsm Kraft Paper\/Coated Paper Item Custom Paper Bag Name Custom Paper Bag with Your Own Logo Thickness Customer&#8217;s Damands Color Customized [&hellip;]<\/p>\n","protected":false},"featured_media":6517,"template":"","meta":{"_seopress_robots_primary_cat":"none","_seopress_titles_title":"","_seopress_titles_desc":"","_seopress_robots_index":"","site-sidebar-layout":"default","site-content-layout":"default","ast-site-content-layout":"default","site-content-style":"default","site-sidebar-style":"default","ast-global-header-display":"","ast-banner-title-visibility":"","ast-main-header-display":"","ast-hfb-above-header-display":"","ast-hfb-below-header-display":"","ast-hfb-mobile-header-display":"","site-post-title":"","ast-breadcrumbs-content":"","ast-featured-img":"","footer-sml-layout":"","ast-disable-related-posts":"","theme-transparent-header-meta":"default","adv-header-id-meta":"","stick-header-meta":"default","header-above-stick-meta":"","header-main-stick-meta":"","header-below-stick-meta":"","astra-migrate-meta-layouts":"set","ast-page-background-enabled":"default","ast-page-background-meta":{"desktop":{"background-color":"","background-image":"","background-repeat":"repeat","background-position":"center center","background-size":"auto","background-attachment":"scroll","background-type":"","background-media":"","overlay-type":"","overlay-color":"","overlay-opacity":"","overlay-gradient":""},"tablet":{"background-color":"","background-image":"","background-repeat":"repeat","background-position":"center center","background-size":"auto","background-attachment":"scroll","background-type":"","background-media":"","overlay-type":"","overlay-color":"","overlay-opacity":"","overlay-gradient":""},"mobile":{"background-color":"","background-image":"","background-repeat":"repeat","background-position":"center center","background-size":"auto","background-attachment":"scroll","background-type":"","background-media":"","overlay-type":"","overlay-color":"","overlay-opacity":"","overlay-gradient":""}},"ast-content-background-meta":{"desktop":{"background-color":"var(--ast-global-color-5)","background-image":"","background-repeat":"repeat","background-position":"center center","background-size":"auto","background-attachment":"scroll","background-type":"","background-media":"","overlay-type":"","overlay-color":"","overlay-opacity":"","overlay-gradient":""},"tablet":{"background-color":"var(--ast-global-color-5)","background-image":"","background-repeat":"repeat","background-position":"center center","background-size":"auto","background-attachment":"scroll","background-type":"","background-media":"","overlay-type":"","overlay-color":"","overlay-opacity":"","overlay-gradient":""},"mobile":{"background-color":"var(--ast-global-color-5)","background-image":"","background-repeat":"repeat","background-position":"center center","background-size":"auto","background-attachment":"scroll","background-type":"","background-media":"","overlay-type":"","overlay-color":"","overlay-opacity":"","overlay-gradient":""}}},"product_brand":[],"product_cat":[40,36,29,44,34,41],"product_tag":[],"class_list":{"0":"post-6516","1":"product","2":"type-product","3":"status-publish","4":"has-post-thumbnail","6":"product_cat-gift-bags","7":"product_cat-kraft-bags","8":"product_cat-packaging-boxes","9":"product_cat-paper-bags","10":"product_cat-paper-bags-with-handles","11":"product_cat-shopping-bags","12":"desktop-align-left","13":"tablet-align-left","14":"mobile-align-left","15":"ast-product-gallery-layout-horizontal","16":"ast-product-tabs-layout-horizontal","18":"first","19":"instock","20":"purchasable","21":"product-type-simple"},"_links":{"self":[{"href":"https:\/\/reanpackaging.com\/et\/wp-json\/wp\/v2\/product\/6516","targetHints":{"allow":["GET"]}}],"collection":[{"href":"https:\/\/reanpackaging.com\/et\/wp-json\/wp\/v2\/product"}],"about":[{"href":"https:\/\/reanpackaging.com\/et\/wp-json\/wp\/v2\/types\/product"}],"wp:featuredmedia":[{"embeddable":true,"href":"https:\/\/reanpackaging.com\/et\/wp-json\/wp\/v2\/media\/6517"}],"wp:attachment":[{"href":"https:\/\/reanpackaging.com\/et\/wp-json\/wp\/v2\/media?parent=6516"}],"wp:term":[{"taxonomy":"product_brand","embeddable":true,"href":"https:\/\/reanpackaging.com\/et\/wp-json\/wp\/v2\/product_brand?post=6516"},{"taxonomy":"product_cat","embeddable":true,"href":"https:\/\/reanpackaging.com\/et\/wp-json\/wp\/v2\/product_cat?post=6516"},{"taxonomy":"product_tag","embeddable":true,"href":"https:\/\/reanpackaging.com\/et\/wp-json\/wp\/v2\/product_tag?post=6516"}],"curies":[{"name":"wp","href":"https:\/\/api.w.org\/{rel}","templated":true}]}}