{"id":65231,"date":"2025-02-13T10:47:22","date_gmt":"2025-02-13T10:47:22","guid":{"rendered":"https:\/\/reanpackaging.com\/product\/the-source-manufacturer-produces-book-boxes-anti-antique-classic-book-boxes-and-ancient-book-style-tin-box-packaging\/"},"modified":"2025-02-13T10:47:47","modified_gmt":"2025-02-13T10:47:47","slug":"the-source-manufacturer-produces-book-boxes-anti-antique-classic-book-boxes-and-ancient-book-style-tin-box-packaging","status":"publish","type":"product","link":"https:\/\/reanpackaging.com\/et\/toode\/the-source-manufacturer-produces-book-boxes-anti-antique-classic-book-boxes-and-ancient-book-style-tin-box-packaging\/","title":{"rendered":"Allikatootja toodab raamatukarpe, antiikseid klassikalisi raamatukarpe ja iidseid raamatute stiilis plekk-karpide pakendeid."},"content":{"rendered":"<h4>T\u00f6\u00f6stusspetsiifilised omadused<\/h4>\n<table border=\"1\">\n<tr>\n<td><strong>Metallist t\u00fc\u00fcp<\/strong><\/td>\n<td>Tina, tinaplaat<\/td>\n<\/tr>\n<\/table>\n<h4>Muud omadused<\/h4>\n<table border=\"1\">\n<tr>\n<td><strong>T\u00f6\u00f6stuslik kasutamine<\/strong><\/td>\n<td>Kingitus ja k\u00e4sit\u00f6\u00f6<\/td>\n<\/tr>\n<tr>\n<td><strong>Pinnak\u00e4itlus<\/strong><\/td>\n<td>Siiditr\u00fckk<\/td>\n<\/tr>\n<tr>\n<td><strong>Tihendus T\u00fc\u00fcp<\/strong><\/td>\n<td>Krooni m\u00fctsike<\/td>\n<\/tr>\n<tr>\n<td><strong>Kuju<\/strong><\/td>\n<td>Ruut<\/td>\n<\/tr>\n<tr>\n<td><strong>Pinna viimistlemine<\/strong><\/td>\n<td>l\u00e4ige<\/td>\n<\/tr>\n<tr>\n<td><strong>Logo tr\u00fckkimine<\/strong><\/td>\n<td>Kohandatav<\/td>\n<\/tr>\n<tr>\n<td><strong>Tr\u00fckkimise k\u00e4sitlemine<\/strong><\/td>\n<td>ofsetlitograafia<\/td>\n<\/tr>\n<tr>\n<td><strong>T\u00f6\u00f6stuse rakendused<\/strong><\/td>\n<td>Kingitused ja k\u00e4sit\u00f6\u00f6<\/td>\n<\/tr>\n<tr>\n<td><strong>kasutada<\/strong><\/td>\n<td>Tee, kohv, maiustused, muud toiduained, varud<\/td>\n<\/tr>\n<tr>\n<td><strong>Tr\u00fckkimisprotsess<\/strong><\/td>\n<td>SYMK protsess<\/td>\n<\/tr>\n<tr>\n<td><strong>muster<\/strong><\/td>\n<td>Kohandatav<\/td>\n<\/tr>\n<tr>\n<td><strong>kuju<\/strong><\/td>\n<td>ruudukujuline<\/td>\n<\/tr>\n<tr>\n<td><strong>v\u00e4rv<\/strong><\/td>\n<td>Kohandatav<\/td>\n<\/tr>\n<tr>\n<td><strong>funktsioon<\/strong><\/td>\n<td>Toiduaineklass, keskkonnas\u00f5bralik, taaskasutatav, vastupidav, s\u00e4ilitamine<\/td>\n<\/tr>\n<tr>\n<td><strong>wrap<\/strong><\/td>\n<td>Pakkekile + kaubaalus\/kartong<\/td>\n<\/tr>\n<tr>\n<td><strong>Materjal<\/strong><\/td>\n<td>Tina, tinaplaat<\/td>\n<\/tr>\n<tr>\n<td><strong>Mikrotahvlid<\/strong><\/td>\n<td>Pakkekile + kaubaalus\/kartong<\/td>\n<\/tr>\n<\/table>","protected":false},"excerpt":{"rendered":"<p>Industry-Specific Attributes Metal Type Tin iron, tinplate Other Attributes Industrial Use Gift &#038; Craft Surface Handling Screen printing Sealing Type Crown cap Shape Square Surface finishing luster Logo printing Customizable Printing Handling offset lithography Industry applications Gifts and crafts use Tea, coffee, sweets, other food products,stockpile Printing process SYMK process pattern Customizable shape square color [&hellip;]<\/p>\n","protected":false},"featured_media":65133,"template":"","meta":{"_seopress_robots_primary_cat":"","_seopress_titles_title":"","_seopress_titles_desc":"","_seopress_robots_index":"","site-sidebar-layout":"default","site-content-layout":"","ast-site-content-layout":"default","site-content-style":"default","site-sidebar-style":"default","ast-global-header-display":"","ast-banner-title-visibility":"","ast-main-header-display":"","ast-hfb-above-header-display":"","ast-hfb-below-header-display":"","ast-hfb-mobile-header-display":"","site-post-title":"","ast-breadcrumbs-content":"","ast-featured-img":"","footer-sml-layout":"","ast-disable-related-posts":"","theme-transparent-header-meta":"","adv-header-id-meta":"","stick-header-meta":"","header-above-stick-meta":"","header-main-stick-meta":"","header-below-stick-meta":"","astra-migrate-meta-layouts":"default","ast-page-background-enabled":"default","ast-page-background-meta":{"desktop":{"background-color":"","background-image":"","background-repeat":"repeat","background-position":"center center","background-size":"auto","background-attachment":"scroll","background-type":"","background-media":"","overlay-type":"","overlay-color":"","overlay-opacity":"","overlay-gradient":""},"tablet":{"background-color":"","background-image":"","background-repeat":"repeat","background-position":"center center","background-size":"auto","background-attachment":"scroll","background-type":"","background-media":"","overlay-type":"","overlay-color":"","overlay-opacity":"","overlay-gradient":""},"mobile":{"background-color":"","background-image":"","background-repeat":"repeat","background-position":"center center","background-size":"auto","background-attachment":"scroll","background-type":"","background-media":"","overlay-type":"","overlay-color":"","overlay-opacity":"","overlay-gradient":""}},"ast-content-background-meta":{"desktop":{"background-color":"var(--ast-global-color-5)","background-image":"","background-repeat":"repeat","background-position":"center center","background-size":"auto","background-attachment":"scroll","background-type":"","background-media":"","overlay-type":"","overlay-color":"","overlay-opacity":"","overlay-gradient":""},"tablet":{"background-color":"var(--ast-global-color-5)","background-image":"","background-repeat":"repeat","background-position":"center center","background-size":"auto","background-attachment":"scroll","background-type":"","background-media":"","overlay-type":"","overlay-color":"","overlay-opacity":"","overlay-gradient":""},"mobile":{"background-color":"var(--ast-global-color-5)","background-image":"","background-repeat":"repeat","background-position":"center center","background-size":"auto","background-attachment":"scroll","background-type":"","background-media":"","overlay-type":"","overlay-color":"","overlay-opacity":"","overlay-gradient":""}}},"product_brand":[],"product_cat":[93],"product_tag":[],"class_list":{"0":"post-65231","1":"product","2":"type-product","3":"status-publish","4":"has-post-thumbnail","6":"product_cat-book-style-boxes","7":"desktop-align-left","8":"tablet-align-left","9":"mobile-align-left","10":"ast-product-gallery-layout-horizontal","11":"ast-product-tabs-layout-horizontal","13":"first","14":"instock","15":"product-type-simple"},"_links":{"self":[{"href":"https:\/\/reanpackaging.com\/et\/wp-json\/wp\/v2\/product\/65231","targetHints":{"allow":["GET"]}}],"collection":[{"href":"https:\/\/reanpackaging.com\/et\/wp-json\/wp\/v2\/product"}],"about":[{"href":"https:\/\/reanpackaging.com\/et\/wp-json\/wp\/v2\/types\/product"}],"wp:featuredmedia":[{"embeddable":true,"href":"https:\/\/reanpackaging.com\/et\/wp-json\/wp\/v2\/media\/65133"}],"wp:attachment":[{"href":"https:\/\/reanpackaging.com\/et\/wp-json\/wp\/v2\/media?parent=65231"}],"wp:term":[{"taxonomy":"product_brand","embeddable":true,"href":"https:\/\/reanpackaging.com\/et\/wp-json\/wp\/v2\/product_brand?post=65231"},{"taxonomy":"product_cat","embeddable":true,"href":"https:\/\/reanpackaging.com\/et\/wp-json\/wp\/v2\/product_cat?post=65231"},{"taxonomy":"product_tag","embeddable":true,"href":"https:\/\/reanpackaging.com\/et\/wp-json\/wp\/v2\/product_tag?post=65231"}],"curies":[{"name":"wp","href":"https:\/\/api.w.org\/{rel}","templated":true}]}}