{"id":6674,"date":"2023-09-21T06:10:09","date_gmt":"2023-09-21T06:10:09","guid":{"rendered":"http:\/\/ibn.wyd.mybluehost.me\/reanpackaging.com\/product\/bolsas-de-papel-para-negocio-gloss-white-retail-paper-gift-bags-wholesale-luxury-shopping-bag-with-bowpopular\/"},"modified":"2024-10-01T16:59:39","modified_gmt":"2024-10-01T16:59:39","slug":"bolsas-de-papel-para-negocio-gloss-white-retail-paper-gift-bags-wholesale-luxury-shopping-bag-with-bowpopular","status":"publish","type":"product","link":"https:\/\/reanpackaging.com\/et\/toode\/bolsas-de-papel-para-negocio-laikiv-valge-jaemuugipaberist-kinkekotid-hulgimuuk-luksuslik-ostukott-koos-bowpopulaarne\/","title":{"rendered":"Bolsas De Papel Para Negocio Kiilto valge jaem\u00fc\u00fcgi paberist kinkekotid hulgim\u00fc\u00fck Luksuslik ostukott koos bowpopulaarne"},"content":{"rendered":"<h4>T\u00f6\u00f6stusspetsiifilised omadused<\/h4>\n<table border=\"1\">\n<tbody>\n<tr>\n<td><strong>T\u00f6\u00f6stuslik kasutamine<\/strong><\/td>\n<td>Business&amp;Shopping<\/td>\n<\/tr>\n<tr>\n<td><strong>Paberi t\u00fc\u00fcp<\/strong><\/td>\n<td>Kraftpaber<\/td>\n<\/tr>\n<tr>\n<td><strong>Funktsioon<\/strong><\/td>\n<td>Ringlussev\u00f5etav<\/td>\n<\/tr>\n<\/tbody>\n<\/table>\n<h4>Muud omadused<\/h4>\n<table border=\"1\">\n<tbody>\n<tr>\n<td><strong>P\u00e4ritolukoht<\/strong><\/td>\n<td>Anhui, Hiina<\/td>\n<\/tr>\n<tr>\n<td><strong>Br\u00e4ndi nimi<\/strong><\/td>\n<td>WEISEN<\/td>\n<\/tr>\n<tr>\n<td><strong>Pinnak\u00e4itlus<\/strong><\/td>\n<td>Kuum tembeldamine<\/td>\n<\/tr>\n<tr>\n<td><strong>Tihendus ja k\u00e4epide<\/strong><\/td>\n<td>K\u00e4e pikkus k\u00e4epide<\/td>\n<\/tr>\n<tr>\n<td><strong>Kohandatud tellimus<\/strong><\/td>\n<td>Aktsepteeri<\/td>\n<\/tr>\n<tr>\n<td><strong>Kirjeldus<\/strong><\/td>\n<td>Paberist ostukott<\/td>\n<\/tr>\n<tr>\n<td><strong>Materjal<\/strong><\/td>\n<td>Kunstipaber, j\u00f5upaber, kohandatud<\/td>\n<\/tr>\n<tr>\n<td><strong>M\u00f5\u00f5de<\/strong><\/td>\n<td>Kohandamine<\/td>\n<\/tr>\n<tr>\n<td><strong>V\u00e4rv<\/strong><\/td>\n<td>Pruun, valge, must v\u00f5i kohandamine<\/td>\n<\/tr>\n<tr>\n<td><strong>Pakend<\/strong><\/td>\n<td>Kartongi pakkimine<\/td>\n<\/tr>\n<tr>\n<td><strong>OEM\/ODM teenus<\/strong><\/td>\n<td>Aktsepteeritav, kohandatud proovide tarneaeg: 7-10 t\u00f6\u00f6p\u00e4eva<\/td>\n<\/tr>\n<tr>\n<td><strong>Funktsioon<\/strong><\/td>\n<td>Veekindel, tolmukindel, niiskuskindel, keskkonnas\u00f5bralik<\/td>\n<\/tr>\n<tr>\n<td><strong>Kohaldamisala<\/strong><\/td>\n<td>Kingitus, riided, ostud jne<\/td>\n<\/tr>\n<tr>\n<td><strong>T\u00f6\u00f6stuslik kasutamine<\/strong><\/td>\n<td>Jalatsite ja r\u00f5ivaste pakendid<\/td>\n<\/tr>\n<tr>\n<td><strong>Kasutage<\/strong><\/td>\n<td>Naiste r\u00f5ivaste pakend<\/td>\n<\/tr>\n<\/tbody>\n<\/table>\n<p><img fetchpriority=\"high\" decoding=\"async\" class=\"alignnone  wp-image-6708\" src=\"http:\/\/ibn.wyd.mybluehost.me\/reanpackaging.com\/wp-content\/uploads\/2023\/09\/7-min-3-300x288.jpg\" alt=\"bolsas de papel para negocio l\u00e4ikiv valge jaem\u00fc\u00fcgipaberist kinkekotid hulgim\u00fc\u00fck luksuslik ostukott koos bowpopulaarne\" width=\"1300\" height=\"1248\" srcset=\"https:\/\/reanpackaging.com\/wp-content\/uploads\/2023\/09\/7-min-3-300x288.jpg 300w, https:\/\/reanpackaging.com\/wp-content\/uploads\/2023\/09\/7-min-3-768x738.jpg 768w, https:\/\/reanpackaging.com\/wp-content\/uploads\/2023\/09\/7-min-3-600x577.jpg 600w, https:\/\/reanpackaging.com\/wp-content\/uploads\/2023\/09\/7-min-3.jpg 800w\" sizes=\"(max-width: 1300px) 100vw, 1300px\" \/><\/p>\n<p><img decoding=\"async\" class=\"alignnone  wp-image-6709\" src=\"http:\/\/ibn.wyd.mybluehost.me\/reanpackaging.com\/wp-content\/uploads\/2023\/09\/8-min-3-300x300.jpg\" alt=\"bolsas de papel para negocio l\u00e4ikiv valge jaem\u00fc\u00fcgipaberist kinkekotid hulgim\u00fc\u00fck luksuslik ostukott koos bowpopulaarne\" width=\"1301\" height=\"1301\" srcset=\"https:\/\/reanpackaging.com\/wp-content\/uploads\/2023\/09\/8-min-3-300x300.jpg 300w, https:\/\/reanpackaging.com\/wp-content\/uploads\/2023\/09\/8-min-3-150x150.jpg 150w, https:\/\/reanpackaging.com\/wp-content\/uploads\/2023\/09\/8-min-3-768x768.jpg 768w, https:\/\/reanpackaging.com\/wp-content\/uploads\/2023\/09\/8-min-3-600x600.jpg 600w, https:\/\/reanpackaging.com\/wp-content\/uploads\/2023\/09\/8-min-3-100x100.jpg 100w, https:\/\/reanpackaging.com\/wp-content\/uploads\/2023\/09\/8-min-3.jpg 800w\" sizes=\"(max-width: 1301px) 100vw, 1301px\" \/><\/p>\n<p><img decoding=\"async\" class=\"alignnone  wp-image-6710\" src=\"http:\/\/ibn.wyd.mybluehost.me\/reanpackaging.com\/wp-content\/uploads\/2023\/09\/9-min-2-300x300.jpg\" alt=\"bolsas de papel para negocio l\u00e4ikiv valge jaem\u00fc\u00fcgipaberist kinkekotid hulgim\u00fc\u00fck luksuslik ostukott koos bowpopulaarne\" width=\"1297\" height=\"1297\" srcset=\"https:\/\/reanpackaging.com\/wp-content\/uploads\/2023\/09\/9-min-2-300x300.jpg 300w, https:\/\/reanpackaging.com\/wp-content\/uploads\/2023\/09\/9-min-2-150x150.jpg 150w, https:\/\/reanpackaging.com\/wp-content\/uploads\/2023\/09\/9-min-2-768x768.jpg 768w, https:\/\/reanpackaging.com\/wp-content\/uploads\/2023\/09\/9-min-2-600x600.jpg 600w, https:\/\/reanpackaging.com\/wp-content\/uploads\/2023\/09\/9-min-2-100x100.jpg 100w, https:\/\/reanpackaging.com\/wp-content\/uploads\/2023\/09\/9-min-2.jpg 800w\" sizes=\"(max-width: 1297px) 100vw, 1297px\" \/><\/p>\n<p><img loading=\"lazy\" decoding=\"async\" class=\"alignnone  wp-image-6712\" src=\"http:\/\/ibn.wyd.mybluehost.me\/reanpackaging.com\/wp-content\/uploads\/2023\/09\/10-min-1-300x258.jpg\" alt=\"bolsas de papel para negocio l\u00e4ikiv valge jaem\u00fc\u00fcgipaberist kinkekotid hulgim\u00fc\u00fck luksuslik ostukott koos bowpopulaarne\" width=\"1301\" height=\"1119\" srcset=\"https:\/\/reanpackaging.com\/wp-content\/uploads\/2023\/09\/10-min-1-300x258.jpg 300w, https:\/\/reanpackaging.com\/wp-content\/uploads\/2023\/09\/10-min-1-768x660.jpg 768w, https:\/\/reanpackaging.com\/wp-content\/uploads\/2023\/09\/10-min-1-600x515.jpg 600w, https:\/\/reanpackaging.com\/wp-content\/uploads\/2023\/09\/10-min-1.jpg 800w\" sizes=\"(max-width: 1301px) 100vw, 1301px\" \/><\/p>\n<p><img loading=\"lazy\" decoding=\"async\" class=\"alignnone  wp-image-6715\" src=\"http:\/\/ibn.wyd.mybluehost.me\/reanpackaging.com\/wp-content\/uploads\/2023\/09\/11-min-300x295.jpg\" alt=\"bolsas de papel para negocio l\u00e4ikiv valge jaem\u00fc\u00fcgipaberist kinkekotid hulgim\u00fc\u00fck luksuslik ostukott koos bowpopulaarne\" width=\"1317\" height=\"1295\" srcset=\"https:\/\/reanpackaging.com\/wp-content\/uploads\/2023\/09\/11-min-300x295.jpg 300w, https:\/\/reanpackaging.com\/wp-content\/uploads\/2023\/09\/11-min-768x756.jpg 768w, https:\/\/reanpackaging.com\/wp-content\/uploads\/2023\/09\/11-min-600x590.jpg 600w, https:\/\/reanpackaging.com\/wp-content\/uploads\/2023\/09\/11-min.jpg 800w\" sizes=\"(max-width: 1317px) 100vw, 1317px\" \/><\/p>\n<p><img loading=\"lazy\" decoding=\"async\" class=\"alignnone  wp-image-6717\" src=\"http:\/\/ibn.wyd.mybluehost.me\/reanpackaging.com\/wp-content\/uploads\/2023\/09\/12-min-300x300.jpg\" alt=\"bolsas de papel para negocio l\u00e4ikiv valge jaem\u00fc\u00fcgipaberist kinkekotid hulgim\u00fc\u00fck luksuslik ostukott koos bowpopulaarne\" width=\"1317\" height=\"1317\" srcset=\"https:\/\/reanpackaging.com\/wp-content\/uploads\/2023\/09\/12-min-300x300.jpg 300w, https:\/\/reanpackaging.com\/wp-content\/uploads\/2023\/09\/12-min-150x150.jpg 150w, https:\/\/reanpackaging.com\/wp-content\/uploads\/2023\/09\/12-min-768x768.jpg 768w, https:\/\/reanpackaging.com\/wp-content\/uploads\/2023\/09\/12-min-600x600.jpg 600w, https:\/\/reanpackaging.com\/wp-content\/uploads\/2023\/09\/12-min-100x100.jpg 100w, https:\/\/reanpackaging.com\/wp-content\/uploads\/2023\/09\/12-min.jpg 800w\" sizes=\"(max-width: 1317px) 100vw, 1317px\" \/><\/p>\n<p><img loading=\"lazy\" decoding=\"async\" class=\"alignnone  wp-image-6719\" src=\"http:\/\/ibn.wyd.mybluehost.me\/reanpackaging.com\/wp-content\/uploads\/2023\/09\/13-min-300x300.jpg\" alt=\"bolsas de papel para negocio l\u00e4ikiv valge jaem\u00fc\u00fcgipaberist kinkekotid hulgim\u00fc\u00fck luksuslik ostukott koos bowpopulaarne\" width=\"1326\" height=\"1326\" srcset=\"https:\/\/reanpackaging.com\/wp-content\/uploads\/2023\/09\/13-min-300x300.jpg 300w, https:\/\/reanpackaging.com\/wp-content\/uploads\/2023\/09\/13-min-150x150.jpg 150w, https:\/\/reanpackaging.com\/wp-content\/uploads\/2023\/09\/13-min-768x768.jpg 768w, https:\/\/reanpackaging.com\/wp-content\/uploads\/2023\/09\/13-min-600x600.jpg 600w, https:\/\/reanpackaging.com\/wp-content\/uploads\/2023\/09\/13-min-100x100.jpg 100w, https:\/\/reanpackaging.com\/wp-content\/uploads\/2023\/09\/13-min.jpg 800w\" sizes=\"(max-width: 1326px) 100vw, 1326px\" \/><\/p>","protected":false},"excerpt":{"rendered":"<p>Industry-Specific Attributes Industrial Use Business&amp;Shopping Paper Type Kraft Paper Feature Recyclable Other Attributes Place of Origin Anhui, China Brand Name WEISEN Surface Handling Hot Stamping Sealing &amp; Handle Hand Length Handle Custom Order Accept Description Paper Shopping Bag Material Art paper, Kraft paper, customized Dimension Customization Color Brown, White, Black or Customization Packaging Carton packing [&hellip;]<\/p>\n","protected":false},"featured_media":6675,"template":"","meta":{"_seopress_robots_primary_cat":"none","_seopress_titles_title":"","_seopress_titles_desc":"","_seopress_robots_index":"","site-sidebar-layout":"default","site-content-layout":"default","ast-site-content-layout":"default","site-content-style":"default","site-sidebar-style":"default","ast-global-header-display":"","ast-banner-title-visibility":"","ast-main-header-display":"","ast-hfb-above-header-display":"","ast-hfb-below-header-display":"","ast-hfb-mobile-header-display":"","site-post-title":"","ast-breadcrumbs-content":"","ast-featured-img":"","footer-sml-layout":"","ast-disable-related-posts":"","theme-transparent-header-meta":"default","adv-header-id-meta":"","stick-header-meta":"default","header-above-stick-meta":"","header-main-stick-meta":"","header-below-stick-meta":"","astra-migrate-meta-layouts":"set","ast-page-background-enabled":"default","ast-page-background-meta":{"desktop":{"background-color":"","background-image":"","background-repeat":"repeat","background-position":"center center","background-size":"auto","background-attachment":"scroll","background-type":"","background-media":"","overlay-type":"","overlay-color":"","overlay-opacity":"","overlay-gradient":""},"tablet":{"background-color":"","background-image":"","background-repeat":"repeat","background-position":"center center","background-size":"auto","background-attachment":"scroll","background-type":"","background-media":"","overlay-type":"","overlay-color":"","overlay-opacity":"","overlay-gradient":""},"mobile":{"background-color":"","background-image":"","background-repeat":"repeat","background-position":"center center","background-size":"auto","background-attachment":"scroll","background-type":"","background-media":"","overlay-type":"","overlay-color":"","overlay-opacity":"","overlay-gradient":""}},"ast-content-background-meta":{"desktop":{"background-color":"var(--ast-global-color-5)","background-image":"","background-repeat":"repeat","background-position":"center center","background-size":"auto","background-attachment":"scroll","background-type":"","background-media":"","overlay-type":"","overlay-color":"","overlay-opacity":"","overlay-gradient":""},"tablet":{"background-color":"var(--ast-global-color-5)","background-image":"","background-repeat":"repeat","background-position":"center center","background-size":"auto","background-attachment":"scroll","background-type":"","background-media":"","overlay-type":"","overlay-color":"","overlay-opacity":"","overlay-gradient":""},"mobile":{"background-color":"var(--ast-global-color-5)","background-image":"","background-repeat":"repeat","background-position":"center center","background-size":"auto","background-attachment":"scroll","background-type":"","background-media":"","overlay-type":"","overlay-color":"","overlay-opacity":"","overlay-gradient":""}}},"product_brand":[],"product_cat":[40,36,44],"product_tag":[],"class_list":{"0":"post-6674","1":"product","2":"type-product","3":"status-publish","4":"has-post-thumbnail","6":"product_cat-gift-bags","7":"product_cat-kraft-bags","8":"product_cat-paper-bags","9":"desktop-align-left","10":"tablet-align-left","11":"mobile-align-left","12":"ast-product-gallery-layout-horizontal","13":"ast-product-tabs-layout-horizontal","15":"first","16":"instock","17":"purchasable","18":"product-type-simple"},"_links":{"self":[{"href":"https:\/\/reanpackaging.com\/et\/wp-json\/wp\/v2\/product\/6674","targetHints":{"allow":["GET"]}}],"collection":[{"href":"https:\/\/reanpackaging.com\/et\/wp-json\/wp\/v2\/product"}],"about":[{"href":"https:\/\/reanpackaging.com\/et\/wp-json\/wp\/v2\/types\/product"}],"wp:featuredmedia":[{"embeddable":true,"href":"https:\/\/reanpackaging.com\/et\/wp-json\/wp\/v2\/media\/6675"}],"wp:attachment":[{"href":"https:\/\/reanpackaging.com\/et\/wp-json\/wp\/v2\/media?parent=6674"}],"wp:term":[{"taxonomy":"product_brand","embeddable":true,"href":"https:\/\/reanpackaging.com\/et\/wp-json\/wp\/v2\/product_brand?post=6674"},{"taxonomy":"product_cat","embeddable":true,"href":"https:\/\/reanpackaging.com\/et\/wp-json\/wp\/v2\/product_cat?post=6674"},{"taxonomy":"product_tag","embeddable":true,"href":"https:\/\/reanpackaging.com\/et\/wp-json\/wp\/v2\/product_tag?post=6674"}],"curies":[{"name":"wp","href":"https:\/\/api.w.org\/{rel}","templated":true}]}}