{"id":6904,"date":"2023-09-21T13:22:09","date_gmt":"2023-09-21T13:22:09","guid":{"rendered":"http:\/\/ibn.wyd.mybluehost.me\/reanpackaging.com\/product\/customizable-plastic-filling-bag-gourd-membrane-shockproof-air-pillow-bubble-packaging-cushion-wrap-for-delivery\/"},"modified":"2023-09-21T13:40:32","modified_gmt":"2023-09-21T13:40:32","slug":"customizable-plastic-filling-bag-gourd-membrane-shockproof-air-pillow-bubble-packaging-cushion-wrap-for-delivery","status":"publish","type":"product","link":"https:\/\/reanpackaging.com\/et\/toode\/kohandatav-plastikust-taitekott-korvaklappide-membraan-loogikindel-ohupadi-mull-pakendipadi-pakendipadi-mahkimiseks-tarne-jaoks\/","title":{"rendered":"kohandatav plastikust t\u00e4itekott k\u00f5rvaklappide membraan l\u00f6\u00f6gikindel \u00f5hupadi mull pakendipadi pakendipadi m\u00e4hkimiseks tarne jaoks"},"content":{"rendered":"<h4>T\u00f6\u00f6stusspetsiifilised omadused<\/h4>\n<table border=\"1\">\n<tbody>\n<tr>\n<td><strong>Materjal<\/strong><\/td>\n<td>PA+PE<\/td>\n<\/tr>\n<tr>\n<td><strong>T\u00fc\u00fcp<\/strong><\/td>\n<td>Edge Protector<\/td>\n<\/tr>\n<\/tbody>\n<\/table>\n<h4>Muud omadused<\/h4>\n<table border=\"1\">\n<tbody>\n<tr>\n<td><strong>Toode<\/strong><\/td>\n<td>Puhvri\u00f5hu t\u00e4itekott<\/td>\n<\/tr>\n<tr>\n<td><strong>Maksmine<\/strong><\/td>\n<td>T\/T, L\/C, Western Union<\/td>\n<\/tr>\n<tr>\n<td><strong>Paksus<\/strong><\/td>\n<td>20um<\/td>\n<\/tr>\n<tr>\n<td><strong>Kuju<\/strong><\/td>\n<td>Kohandatud kuju<\/td>\n<\/tr>\n<tr>\n<td><strong>Suurus<\/strong><\/td>\n<td>20*10cm, 300m\/rull<\/td>\n<\/tr>\n<tr>\n<td><strong>MOQ<\/strong><\/td>\n<td>50 rulli<\/td>\n<\/tr>\n<tr>\n<td><strong>Funktsioon<\/strong><\/td>\n<td>Ringlussev\u00f5etav, keskkonnas\u00f5bralik<\/td>\n<\/tr>\n<tr>\n<td><strong>Sertifikaat<\/strong><\/td>\n<td>ISO9001 2015<\/td>\n<\/tr>\n<tr>\n<td><strong>Keskkond Tootmine<\/strong><\/td>\n<td>Jah<\/td>\n<\/tr>\n<tr>\n<td><strong>Sevice<\/strong><\/td>\n<td>OEM\/ODM<\/td>\n<\/tr>\n<\/tbody>\n<\/table>\n<p><img fetchpriority=\"high\" decoding=\"async\" class=\"alignnone wp-image-6931\" src=\"http:\/\/ibn.wyd.mybluehost.me\/reanpackaging.com\/wp-content\/uploads\/2023\/09\/a-description-Customizable-Plastic-Filling-Bag-Gourd-Membrane-Shockproof-Air-Pillow-Bubble-Packaging-Cushion-Wrap-For-Delivery-281x300.jpg\" alt=\"kohandatav plastikust t\u00e4itekott k\u00f5rvaklappide membraan l\u00f6\u00f6gikindel \u00f5hupadi mull pakendipadi pakendipadi m\u00e4hkimiseks tarne jaoks\" width=\"1302\" height=\"1390\" srcset=\"https:\/\/reanpackaging.com\/wp-content\/uploads\/2023\/09\/a-description-Customizable-Plastic-Filling-Bag-Gourd-Membrane-Shockproof-Air-Pillow-Bubble-Packaging-Cushion-Wrap-For-Delivery-281x300.jpg 281w, https:\/\/reanpackaging.com\/wp-content\/uploads\/2023\/09\/a-description-Customizable-Plastic-Filling-Bag-Gourd-Membrane-Shockproof-Air-Pillow-Bubble-Packaging-Cushion-Wrap-For-Delivery-600x640.jpg 600w, https:\/\/reanpackaging.com\/wp-content\/uploads\/2023\/09\/a-description-Customizable-Plastic-Filling-Bag-Gourd-Membrane-Shockproof-Air-Pillow-Bubble-Packaging-Cushion-Wrap-For-Delivery.jpg 750w\" sizes=\"(max-width: 1302px) 100vw, 1302px\" \/><\/p>\n<p><img decoding=\"async\" class=\"alignnone wp-image-6935\" src=\"http:\/\/ibn.wyd.mybluehost.me\/reanpackaging.com\/wp-content\/uploads\/2023\/09\/b-description-Customizable-Plastic-Filling-Bag-Gourd-Membrane-Shockproof-Air-Pillow-Bubble-Packaging-Cushion-Wrap-For-Delivery-300x300.jpg\" alt=\"kohandatav plastikust t\u00e4itekott k\u00f5rvaklappide membraan l\u00f6\u00f6gikindel \u00f5hupadi mull pakendipadi pakendipadi m\u00e4hkimiseks tarne jaoks\" width=\"1302\" height=\"1302\" srcset=\"https:\/\/reanpackaging.com\/wp-content\/uploads\/2023\/09\/b-description-Customizable-Plastic-Filling-Bag-Gourd-Membrane-Shockproof-Air-Pillow-Bubble-Packaging-Cushion-Wrap-For-Delivery-300x300.jpg 300w, https:\/\/reanpackaging.com\/wp-content\/uploads\/2023\/09\/b-description-Customizable-Plastic-Filling-Bag-Gourd-Membrane-Shockproof-Air-Pillow-Bubble-Packaging-Cushion-Wrap-For-Delivery-150x150.jpg 150w, https:\/\/reanpackaging.com\/wp-content\/uploads\/2023\/09\/b-description-Customizable-Plastic-Filling-Bag-Gourd-Membrane-Shockproof-Air-Pillow-Bubble-Packaging-Cushion-Wrap-For-Delivery-768x768.jpg 768w, https:\/\/reanpackaging.com\/wp-content\/uploads\/2023\/09\/b-description-Customizable-Plastic-Filling-Bag-Gourd-Membrane-Shockproof-Air-Pillow-Bubble-Packaging-Cushion-Wrap-For-Delivery-600x600.jpg 600w, https:\/\/reanpackaging.com\/wp-content\/uploads\/2023\/09\/b-description-Customizable-Plastic-Filling-Bag-Gourd-Membrane-Shockproof-Air-Pillow-Bubble-Packaging-Cushion-Wrap-For-Delivery-100x100.jpg 100w, https:\/\/reanpackaging.com\/wp-content\/uploads\/2023\/09\/b-description-Customizable-Plastic-Filling-Bag-Gourd-Membrane-Shockproof-Air-Pillow-Bubble-Packaging-Cushion-Wrap-For-Delivery.jpg 800w\" sizes=\"(max-width: 1302px) 100vw, 1302px\" \/><\/p>\n<p><img decoding=\"async\" class=\"alignnone wp-image-6942\" src=\"http:\/\/ibn.wyd.mybluehost.me\/reanpackaging.com\/wp-content\/uploads\/2023\/09\/c-description-Customizable-Plastic-Filling-Bag-Gourd-Membrane-Shockproof-Air-Pillow-Bubble-Packaging-Cushion-Wrap-For-Delivery-108x300.jpg\" alt=\"kohandatav plastikust t\u00e4itekott k\u00f5rvaklappide membraan l\u00f6\u00f6gikindel \u00f5hupadi mull pakendipadi pakendipadi m\u00e4hkimiseks tarne jaoks\" width=\"1303\" height=\"3619\" srcset=\"https:\/\/reanpackaging.com\/wp-content\/uploads\/2023\/09\/c-description-Customizable-Plastic-Filling-Bag-Gourd-Membrane-Shockproof-Air-Pillow-Bubble-Packaging-Cushion-Wrap-For-Delivery-108x300.jpg 108w, https:\/\/reanpackaging.com\/wp-content\/uploads\/2023\/09\/c-description-Customizable-Plastic-Filling-Bag-Gourd-Membrane-Shockproof-Air-Pillow-Bubble-Packaging-Cushion-Wrap-For-Delivery-369x1024.jpg 369w, https:\/\/reanpackaging.com\/wp-content\/uploads\/2023\/09\/c-description-Customizable-Plastic-Filling-Bag-Gourd-Membrane-Shockproof-Air-Pillow-Bubble-Packaging-Cushion-Wrap-For-Delivery-553x1536.jpg 553w, https:\/\/reanpackaging.com\/wp-content\/uploads\/2023\/09\/c-description-Customizable-Plastic-Filling-Bag-Gourd-Membrane-Shockproof-Air-Pillow-Bubble-Packaging-Cushion-Wrap-For-Delivery-737x2048.jpg 737w, https:\/\/reanpackaging.com\/wp-content\/uploads\/2023\/09\/c-description-Customizable-Plastic-Filling-Bag-Gourd-Membrane-Shockproof-Air-Pillow-Bubble-Packaging-Cushion-Wrap-For-Delivery-600x1667.jpg 600w, https:\/\/reanpackaging.com\/wp-content\/uploads\/2023\/09\/c-description-Customizable-Plastic-Filling-Bag-Gourd-Membrane-Shockproof-Air-Pillow-Bubble-Packaging-Cushion-Wrap-For-Delivery.jpg 750w\" sizes=\"(max-width: 1303px) 100vw, 1303px\" \/><\/p>\n<p><img loading=\"lazy\" decoding=\"async\" class=\"alignnone wp-image-6945\" src=\"http:\/\/ibn.wyd.mybluehost.me\/reanpackaging.com\/wp-content\/uploads\/2023\/09\/d-description-Customizable-Plastic-Filling-Bag-Gourd-Membrane-Shockproof-Air-Pillow-Bubble-Packaging-Cushion-Wrap-For-Delivery-300x300.jpg\" alt=\"kohandatav plastikust t\u00e4itekott k\u00f5rvaklappide membraan l\u00f6\u00f6gikindel \u00f5hupadi mull pakendipadi pakendipadi m\u00e4hkimiseks tarne jaoks\" width=\"1305\" height=\"1305\" srcset=\"https:\/\/reanpackaging.com\/wp-content\/uploads\/2023\/09\/d-description-Customizable-Plastic-Filling-Bag-Gourd-Membrane-Shockproof-Air-Pillow-Bubble-Packaging-Cushion-Wrap-For-Delivery-300x300.jpg 300w, https:\/\/reanpackaging.com\/wp-content\/uploads\/2023\/09\/d-description-Customizable-Plastic-Filling-Bag-Gourd-Membrane-Shockproof-Air-Pillow-Bubble-Packaging-Cushion-Wrap-For-Delivery-150x150.jpg 150w, https:\/\/reanpackaging.com\/wp-content\/uploads\/2023\/09\/d-description-Customizable-Plastic-Filling-Bag-Gourd-Membrane-Shockproof-Air-Pillow-Bubble-Packaging-Cushion-Wrap-For-Delivery-768x768.jpg 768w, https:\/\/reanpackaging.com\/wp-content\/uploads\/2023\/09\/d-description-Customizable-Plastic-Filling-Bag-Gourd-Membrane-Shockproof-Air-Pillow-Bubble-Packaging-Cushion-Wrap-For-Delivery-600x600.jpg 600w, https:\/\/reanpackaging.com\/wp-content\/uploads\/2023\/09\/d-description-Customizable-Plastic-Filling-Bag-Gourd-Membrane-Shockproof-Air-Pillow-Bubble-Packaging-Cushion-Wrap-For-Delivery-100x100.jpg 100w, https:\/\/reanpackaging.com\/wp-content\/uploads\/2023\/09\/d-description-Customizable-Plastic-Filling-Bag-Gourd-Membrane-Shockproof-Air-Pillow-Bubble-Packaging-Cushion-Wrap-For-Delivery.jpg 800w\" sizes=\"(max-width: 1305px) 100vw, 1305px\" \/><\/p>\n<p><img loading=\"lazy\" decoding=\"async\" class=\"alignnone wp-image-6947\" src=\"http:\/\/ibn.wyd.mybluehost.me\/reanpackaging.com\/wp-content\/uploads\/2023\/09\/e-description-Customizable-Plastic-Filling-Bag-Gourd-Membrane-Shockproof-Air-Pillow-Bubble-Packaging-Cushion-Wrap-For-Delivery-300x255.jpg\" alt=\"kohandatav plastikust t\u00e4itekott k\u00f5rvaklappide membraan l\u00f6\u00f6gikindel \u00f5hupadi mull pakendipadi pakendipadi m\u00e4hkimiseks tarne jaoks\" width=\"1305\" height=\"1109\" srcset=\"https:\/\/reanpackaging.com\/wp-content\/uploads\/2023\/09\/e-description-Customizable-Plastic-Filling-Bag-Gourd-Membrane-Shockproof-Air-Pillow-Bubble-Packaging-Cushion-Wrap-For-Delivery-300x255.jpg 300w, https:\/\/reanpackaging.com\/wp-content\/uploads\/2023\/09\/e-description-Customizable-Plastic-Filling-Bag-Gourd-Membrane-Shockproof-Air-Pillow-Bubble-Packaging-Cushion-Wrap-For-Delivery-768x654.jpg 768w, https:\/\/reanpackaging.com\/wp-content\/uploads\/2023\/09\/e-description-Customizable-Plastic-Filling-Bag-Gourd-Membrane-Shockproof-Air-Pillow-Bubble-Packaging-Cushion-Wrap-For-Delivery-600x511.jpg 600w\" sizes=\"(max-width: 1305px) 100vw, 1305px\" \/><\/p>\n<p><img loading=\"lazy\" decoding=\"async\" class=\"alignnone wp-image-6950\" src=\"http:\/\/ibn.wyd.mybluehost.me\/reanpackaging.com\/wp-content\/uploads\/2023\/09\/f-description-Customizable-Plastic-Filling-Bag-Gourd-Membrane-Shockproof-Air-Pillow-Bubble-Packaging-Cushion-Wrap-For-Delivery-300x194.jpg\" alt=\"kohandatav plastikust t\u00e4itekott k\u00f5rvaklappide membraan l\u00f6\u00f6gikindel \u00f5hupadi mull pakendipadi pakendipadi m\u00e4hkimiseks tarne jaoks\" width=\"1284\" height=\"830\" srcset=\"https:\/\/reanpackaging.com\/wp-content\/uploads\/2023\/09\/f-description-Customizable-Plastic-Filling-Bag-Gourd-Membrane-Shockproof-Air-Pillow-Bubble-Packaging-Cushion-Wrap-For-Delivery-300x194.jpg 300w, https:\/\/reanpackaging.com\/wp-content\/uploads\/2023\/09\/f-description-Customizable-Plastic-Filling-Bag-Gourd-Membrane-Shockproof-Air-Pillow-Bubble-Packaging-Cushion-Wrap-For-Delivery-768x495.jpg 768w, https:\/\/reanpackaging.com\/wp-content\/uploads\/2023\/09\/f-description-Customizable-Plastic-Filling-Bag-Gourd-Membrane-Shockproof-Air-Pillow-Bubble-Packaging-Cushion-Wrap-For-Delivery-600x387.jpg 600w, https:\/\/reanpackaging.com\/wp-content\/uploads\/2023\/09\/f-description-Customizable-Plastic-Filling-Bag-Gourd-Membrane-Shockproof-Air-Pillow-Bubble-Packaging-Cushion-Wrap-For-Delivery.jpg 930w\" sizes=\"(max-width: 1284px) 100vw, 1284px\" \/><\/p>\n<p><img loading=\"lazy\" decoding=\"async\" class=\"alignnone wp-image-6953\" src=\"http:\/\/ibn.wyd.mybluehost.me\/reanpackaging.com\/wp-content\/uploads\/2023\/09\/g-description-Customizable-Plastic-Filling-Bag-Gourd-Membrane-Shockproof-Air-Pillow-Bubble-Packaging-Cushion-Wrap-For-Delivery-300x193.jpg\" alt=\"kohandatav plastikust t\u00e4itekott k\u00f5rvaklappide membraan l\u00f6\u00f6gikindel \u00f5hupadi mull pakendipadi pakendipadi m\u00e4hkimiseks tarne jaoks\" width=\"1287\" height=\"828\" srcset=\"https:\/\/reanpackaging.com\/wp-content\/uploads\/2023\/09\/g-description-Customizable-Plastic-Filling-Bag-Gourd-Membrane-Shockproof-Air-Pillow-Bubble-Packaging-Cushion-Wrap-For-Delivery-300x193.jpg 300w, https:\/\/reanpackaging.com\/wp-content\/uploads\/2023\/09\/g-description-Customizable-Plastic-Filling-Bag-Gourd-Membrane-Shockproof-Air-Pillow-Bubble-Packaging-Cushion-Wrap-For-Delivery-768x493.jpg 768w, https:\/\/reanpackaging.com\/wp-content\/uploads\/2023\/09\/g-description-Customizable-Plastic-Filling-Bag-Gourd-Membrane-Shockproof-Air-Pillow-Bubble-Packaging-Cushion-Wrap-For-Delivery-600x385.jpg 600w, https:\/\/reanpackaging.com\/wp-content\/uploads\/2023\/09\/g-description-Customizable-Plastic-Filling-Bag-Gourd-Membrane-Shockproof-Air-Pillow-Bubble-Packaging-Cushion-Wrap-For-Delivery.jpg 930w\" sizes=\"(max-width: 1287px) 100vw, 1287px\" \/><\/p>\n<p><img loading=\"lazy\" decoding=\"async\" class=\"alignnone wp-image-6957\" src=\"http:\/\/ibn.wyd.mybluehost.me\/reanpackaging.com\/wp-content\/uploads\/2023\/09\/h-description-Customizable-Plastic-Filling-Bag-Gourd-Membrane-Shockproof-Air-Pillow-Bubble-Packaging-Cushion-Wrap-For-Delivery-300x256.jpg\" alt=\"kohandatav plastikust t\u00e4itekott k\u00f5rvaklappide membraan l\u00f6\u00f6gikindel \u00f5hupadi mull pakendipadi pakendipadi m\u00e4hkimiseks tarne jaoks\" width=\"1300\" height=\"1109\" srcset=\"https:\/\/reanpackaging.com\/wp-content\/uploads\/2023\/09\/h-description-Customizable-Plastic-Filling-Bag-Gourd-Membrane-Shockproof-Air-Pillow-Bubble-Packaging-Cushion-Wrap-For-Delivery-300x256.jpg 300w, https:\/\/reanpackaging.com\/wp-content\/uploads\/2023\/09\/h-description-Customizable-Plastic-Filling-Bag-Gourd-Membrane-Shockproof-Air-Pillow-Bubble-Packaging-Cushion-Wrap-For-Delivery-600x513.jpg 600w\" sizes=\"(max-width: 1300px) 100vw, 1300px\" \/><\/p>\n<p><img loading=\"lazy\" decoding=\"async\" class=\"alignnone wp-image-6960\" src=\"http:\/\/ibn.wyd.mybluehost.me\/reanpackaging.com\/wp-content\/uploads\/2023\/09\/i-description-Customizable-Plastic-Filling-Bag-Gourd-Membrane-Shockproof-Air-Pillow-Bubble-Packaging-Cushion-Wrap-For-Delivery-300x300.jpg\" alt=\"kohandatav plastikust t\u00e4itekott k\u00f5rvaklappide membraan l\u00f6\u00f6gikindel \u00f5hupadi mull pakendipadi pakendipadi m\u00e4hkimiseks tarne jaoks\" width=\"1261\" height=\"1261\" srcset=\"https:\/\/reanpackaging.com\/wp-content\/uploads\/2023\/09\/i-description-Customizable-Plastic-Filling-Bag-Gourd-Membrane-Shockproof-Air-Pillow-Bubble-Packaging-Cushion-Wrap-For-Delivery-300x300.jpg 300w, https:\/\/reanpackaging.com\/wp-content\/uploads\/2023\/09\/i-description-Customizable-Plastic-Filling-Bag-Gourd-Membrane-Shockproof-Air-Pillow-Bubble-Packaging-Cushion-Wrap-For-Delivery-150x150.jpg 150w, https:\/\/reanpackaging.com\/wp-content\/uploads\/2023\/09\/i-description-Customizable-Plastic-Filling-Bag-Gourd-Membrane-Shockproof-Air-Pillow-Bubble-Packaging-Cushion-Wrap-For-Delivery-768x768.jpg 768w, https:\/\/reanpackaging.com\/wp-content\/uploads\/2023\/09\/i-description-Customizable-Plastic-Filling-Bag-Gourd-Membrane-Shockproof-Air-Pillow-Bubble-Packaging-Cushion-Wrap-For-Delivery-600x600.jpg 600w, https:\/\/reanpackaging.com\/wp-content\/uploads\/2023\/09\/i-description-Customizable-Plastic-Filling-Bag-Gourd-Membrane-Shockproof-Air-Pillow-Bubble-Packaging-Cushion-Wrap-For-Delivery-100x100.jpg 100w, https:\/\/reanpackaging.com\/wp-content\/uploads\/2023\/09\/i-description-Customizable-Plastic-Filling-Bag-Gourd-Membrane-Shockproof-Air-Pillow-Bubble-Packaging-Cushion-Wrap-For-Delivery.jpg 1000w\" sizes=\"(max-width: 1261px) 100vw, 1261px\" \/><\/p>\n<p><img loading=\"lazy\" decoding=\"async\" class=\"alignnone wp-image-6963\" src=\"http:\/\/ibn.wyd.mybluehost.me\/reanpackaging.com\/wp-content\/uploads\/2023\/09\/j-description-Customizable-Plastic-Filling-Bag-Gourd-Membrane-Shockproof-Air-Pillow-Bubble-Packaging-Cushion-Wrap-For-Delivery-289x300.jpg\" alt=\"kohandatav plastikust t\u00e4itekott k\u00f5rvaklappide membraan l\u00f6\u00f6gikindel \u00f5hupadi mull pakendipadi pakendipadi m\u00e4hkimiseks tarne jaoks\" width=\"1262\" height=\"1310\" srcset=\"https:\/\/reanpackaging.com\/wp-content\/uploads\/2023\/09\/j-description-Customizable-Plastic-Filling-Bag-Gourd-Membrane-Shockproof-Air-Pillow-Bubble-Packaging-Cushion-Wrap-For-Delivery-289x300.jpg 289w, https:\/\/reanpackaging.com\/wp-content\/uploads\/2023\/09\/j-description-Customizable-Plastic-Filling-Bag-Gourd-Membrane-Shockproof-Air-Pillow-Bubble-Packaging-Cushion-Wrap-For-Delivery-600x622.jpg 600w, https:\/\/reanpackaging.com\/wp-content\/uploads\/2023\/09\/j-description-Customizable-Plastic-Filling-Bag-Gourd-Membrane-Shockproof-Air-Pillow-Bubble-Packaging-Cushion-Wrap-For-Delivery.jpg 750w\" sizes=\"(max-width: 1262px) 100vw, 1262px\" \/><\/p>\n<p>&nbsp;<\/p>","protected":false},"excerpt":{"rendered":"<p>T\u00f6\u00f6stusspetsiifilised omadused Materjal PA + PE T\u00fc\u00fcp Edge Protector Muud omadused Toote puhver Air Filling Bag Makse T\/T, L \/ C, Western Union Paksus 20um kuju Kohandatud kuju Suurus 20 * 10cm, 300m \/ rulli MOQ 50 rulli Omadus Ringlussev\u00f5etav, keskkonnas\u00f5bralik Sertifikaat ISO9001 2015 Keskkond Tootmine Jah Teenindus OEM \/ ODM &nbsp;<\/p>","protected":false},"featured_media":6800,"template":"","meta":{"_seopress_robots_primary_cat":"none","_seopress_titles_title":"","_seopress_titles_desc":"","_seopress_robots_index":"","site-sidebar-layout":"default","site-content-layout":"default","ast-site-content-layout":"default","site-content-style":"default","site-sidebar-style":"default","ast-global-header-display":"","ast-banner-title-visibility":"","ast-main-header-display":"","ast-hfb-above-header-display":"","ast-hfb-below-header-display":"","ast-hfb-mobile-header-display":"","site-post-title":"","ast-breadcrumbs-content":"","ast-featured-img":"","footer-sml-layout":"","ast-disable-related-posts":"","theme-transparent-header-meta":"default","adv-header-id-meta":"","stick-header-meta":"default","header-above-stick-meta":"","header-main-stick-meta":"","header-below-stick-meta":"","astra-migrate-meta-layouts":"default","ast-page-background-enabled":"default","ast-page-background-meta":{"desktop":{"background-color":"","background-image":"","background-repeat":"repeat","background-position":"center center","background-size":"auto","background-attachment":"scroll","background-type":"","background-media":"","overlay-type":"","overlay-color":"","overlay-opacity":"","overlay-gradient":""},"tablet":{"background-color":"","background-image":"","background-repeat":"repeat","background-position":"center center","background-size":"auto","background-attachment":"scroll","background-type":"","background-media":"","overlay-type":"","overlay-color":"","overlay-opacity":"","overlay-gradient":""},"mobile":{"background-color":"","background-image":"","background-repeat":"repeat","background-position":"center center","background-size":"auto","background-attachment":"scroll","background-type":"","background-media":"","overlay-type":"","overlay-color":"","overlay-opacity":"","overlay-gradient":""}},"ast-content-background-meta":{"desktop":{"background-color":"var(--ast-global-color-5)","background-image":"","background-repeat":"repeat","background-position":"center center","background-size":"auto","background-attachment":"scroll","background-type":"","background-media":"","overlay-type":"","overlay-color":"","overlay-opacity":"","overlay-gradient":""},"tablet":{"background-color":"var(--ast-global-color-5)","background-image":"","background-repeat":"repeat","background-position":"center center","background-size":"auto","background-attachment":"scroll","background-type":"","background-media":"","overlay-type":"","overlay-color":"","overlay-opacity":"","overlay-gradient":""},"mobile":{"background-color":"var(--ast-global-color-5)","background-image":"","background-repeat":"repeat","background-position":"center center","background-size":"auto","background-attachment":"scroll","background-type":"","background-media":"","overlay-type":"","overlay-color":"","overlay-opacity":"","overlay-gradient":""}}},"product_brand":[],"product_cat":[45],"product_tag":[],"class_list":{"0":"post-6904","1":"product","2":"type-product","3":"status-publish","4":"has-post-thumbnail","6":"product_cat-bubble-wrap","7":"desktop-align-left","8":"tablet-align-left","9":"mobile-align-left","10":"ast-product-gallery-layout-horizontal","11":"ast-product-tabs-layout-horizontal","13":"first","14":"instock","15":"product-type-simple"},"_links":{"self":[{"href":"https:\/\/reanpackaging.com\/et\/wp-json\/wp\/v2\/product\/6904","targetHints":{"allow":["GET"]}}],"collection":[{"href":"https:\/\/reanpackaging.com\/et\/wp-json\/wp\/v2\/product"}],"about":[{"href":"https:\/\/reanpackaging.com\/et\/wp-json\/wp\/v2\/types\/product"}],"wp:featuredmedia":[{"embeddable":true,"href":"https:\/\/reanpackaging.com\/et\/wp-json\/wp\/v2\/media\/6800"}],"wp:attachment":[{"href":"https:\/\/reanpackaging.com\/et\/wp-json\/wp\/v2\/media?parent=6904"}],"wp:term":[{"taxonomy":"product_brand","embeddable":true,"href":"https:\/\/reanpackaging.com\/et\/wp-json\/wp\/v2\/product_brand?post=6904"},{"taxonomy":"product_cat","embeddable":true,"href":"https:\/\/reanpackaging.com\/et\/wp-json\/wp\/v2\/product_cat?post=6904"},{"taxonomy":"product_tag","embeddable":true,"href":"https:\/\/reanpackaging.com\/et\/wp-json\/wp\/v2\/product_tag?post=6904"}],"curies":[{"name":"wp","href":"https:\/\/api.w.org\/{rel}","templated":true}]}}