{"id":6906,"date":"2023-09-21T13:22:09","date_gmt":"2023-09-21T13:22:09","guid":{"rendered":"http:\/\/ibn.wyd.mybluehost.me\/reanpackaging.com\/product\/30cm-heart-shaped-bubble-packing-wrap-plastic-packaging-wrapping-bubble-poly-air-film-paper-rolls-bubble-cushioning-wrap\/"},"modified":"2023-09-21T13:37:47","modified_gmt":"2023-09-21T13:37:47","slug":"30cm-heart-shaped-bubble-packing-wrap-plastic-packaging-wrapping-bubble-poly-air-film-paper-rolls-bubble-cushioning-wrap","status":"publish","type":"product","link":"https:\/\/reanpackaging.com\/et\/toode\/30cm-heart-shaped-bubble-packing-wrap-plastic-packaging-wrapping-bubble-poly-air-film-paper-rolls-bubble-cushioning-wrap\/","title":{"rendered":"30cm s\u00fcdamekujuline mullpakendi mullpakendi plastpakendi mull pol\u00fc \u00f5hufilmi paberirullid mullpehmenduspaberi m\u00e4hkmed"},"content":{"rendered":"<h4>T\u00f6\u00f6stusspetsiifilised omadused<\/h4>\n<table border=\"1\">\n<tbody>\n<tr>\n<td><strong>Materjal<\/strong><\/td>\n<td>PE<\/td>\n<\/tr>\n<tr>\n<td><strong>T\u00fc\u00fcp<\/strong><\/td>\n<td>Kaitsekile<\/td>\n<\/tr>\n<\/tbody>\n<\/table>\n<h4>Muud omadused<\/h4>\n<table border=\"1\">\n<tbody>\n<tr>\n<td><strong>Toote nimi<\/strong><\/td>\n<td>Heart Shap Bubble Packing Wrap Roll<\/td>\n<\/tr>\n<tr>\n<td><strong>Materjal<\/strong><\/td>\n<td>PE<\/td>\n<\/tr>\n<tr>\n<td><strong>Funktsioon<\/strong><\/td>\n<td>L\u00f6\u00f6gikindel\/veekindel<\/td>\n<\/tr>\n<tr>\n<td><strong>Laius<\/strong><\/td>\n<td>30CM<\/td>\n<\/tr>\n<tr>\n<td><strong>Kaal<\/strong><\/td>\n<td>80g\/\u33a1<\/td>\n<\/tr>\n<tr>\n<td><strong>Mulli l\u00e4bim\u00f5\u00f5t<\/strong><\/td>\n<td>1cm<\/td>\n<\/tr>\n<tr>\n<td><strong>MOQ<\/strong><\/td>\n<td>1Rolls<\/td>\n<\/tr>\n<tr>\n<td><strong>OEM<\/strong><\/td>\n<td>Aktsepteeritav<\/td>\n<\/tr>\n<tr>\n<td><strong>Iseloom<\/strong><\/td>\n<td>Veekindel, l\u00f6\u00f6gikindel, kerge<\/td>\n<\/tr>\n<tr>\n<td><strong>Peamised kasutusalad<\/strong><\/td>\n<td>Pakendatud ekspress, pakendatud klaaspudelid, habras kosmeetikatooted jne.<\/td>\n<\/tr>\n<\/tbody>\n<\/table>\n<p><img fetchpriority=\"high\" decoding=\"async\" class=\"alignnone wp-image-6948\" src=\"http:\/\/ibn.wyd.mybluehost.me\/reanpackaging.com\/wp-content\/uploads\/2023\/09\/a-description-30Cm-Heart-Shaped-Bubble-Packing-Wrap-Plastic-Packaging-Wrapping-Bubble-Poly-Air-Film-Paper-Rolls-Bubble-Cushioning-Wrap-300x250.png\" alt=\"30cm s\u00fcdamekujuline mull pakendamispakend plastikpakend mull pol\u00fc \u00f5hufilmi paberirullid mull pehmendav m\u00e4his\" width=\"1302\" height=\"1085\" srcset=\"https:\/\/reanpackaging.com\/wp-content\/uploads\/2023\/09\/a-description-30Cm-Heart-Shaped-Bubble-Packing-Wrap-Plastic-Packaging-Wrapping-Bubble-Poly-Air-Film-Paper-Rolls-Bubble-Cushioning-Wrap-300x250.png 300w, https:\/\/reanpackaging.com\/wp-content\/uploads\/2023\/09\/a-description-30Cm-Heart-Shaped-Bubble-Packing-Wrap-Plastic-Packaging-Wrapping-Bubble-Poly-Air-Film-Paper-Rolls-Bubble-Cushioning-Wrap-600x499.png 600w, https:\/\/reanpackaging.com\/wp-content\/uploads\/2023\/09\/a-description-30Cm-Heart-Shaped-Bubble-Packing-Wrap-Plastic-Packaging-Wrapping-Bubble-Poly-Air-Film-Paper-Rolls-Bubble-Cushioning-Wrap.png 750w\" sizes=\"(max-width: 1302px) 100vw, 1302px\" \/><\/p>\n<p><img decoding=\"async\" class=\"alignnone wp-image-6951\" src=\"http:\/\/ibn.wyd.mybluehost.me\/reanpackaging.com\/wp-content\/uploads\/2023\/09\/b-description-30Cm-Heart-Shaped-Bubble-Packing-Wrap-Plastic-Packaging-Wrapping-Bubble-Poly-Air-Film-Paper-Rolls-Bubble-Cushioning-Wrap-300x300.png\" alt=\"30cm s\u00fcdamekujuline mull pakendamispakend plastikpakend mull pol\u00fc \u00f5hufilmi paberirullid mull pehmendav m\u00e4his\" width=\"1302\" height=\"1302\" srcset=\"https:\/\/reanpackaging.com\/wp-content\/uploads\/2023\/09\/b-description-30Cm-Heart-Shaped-Bubble-Packing-Wrap-Plastic-Packaging-Wrapping-Bubble-Poly-Air-Film-Paper-Rolls-Bubble-Cushioning-Wrap-300x300.png 300w, https:\/\/reanpackaging.com\/wp-content\/uploads\/2023\/09\/b-description-30Cm-Heart-Shaped-Bubble-Packing-Wrap-Plastic-Packaging-Wrapping-Bubble-Poly-Air-Film-Paper-Rolls-Bubble-Cushioning-Wrap-1024x1024.png 1024w, https:\/\/reanpackaging.com\/wp-content\/uploads\/2023\/09\/b-description-30Cm-Heart-Shaped-Bubble-Packing-Wrap-Plastic-Packaging-Wrapping-Bubble-Poly-Air-Film-Paper-Rolls-Bubble-Cushioning-Wrap-150x150.png 150w, https:\/\/reanpackaging.com\/wp-content\/uploads\/2023\/09\/b-description-30Cm-Heart-Shaped-Bubble-Packing-Wrap-Plastic-Packaging-Wrapping-Bubble-Poly-Air-Film-Paper-Rolls-Bubble-Cushioning-Wrap-768x768.png 768w, https:\/\/reanpackaging.com\/wp-content\/uploads\/2023\/09\/b-description-30Cm-Heart-Shaped-Bubble-Packing-Wrap-Plastic-Packaging-Wrapping-Bubble-Poly-Air-Film-Paper-Rolls-Bubble-Cushioning-Wrap-600x600.png 600w, https:\/\/reanpackaging.com\/wp-content\/uploads\/2023\/09\/b-description-30Cm-Heart-Shaped-Bubble-Packing-Wrap-Plastic-Packaging-Wrapping-Bubble-Poly-Air-Film-Paper-Rolls-Bubble-Cushioning-Wrap-100x100.png 100w, https:\/\/reanpackaging.com\/wp-content\/uploads\/2023\/09\/b-description-30Cm-Heart-Shaped-Bubble-Packing-Wrap-Plastic-Packaging-Wrapping-Bubble-Poly-Air-Film-Paper-Rolls-Bubble-Cushioning-Wrap.png 1200w\" sizes=\"(max-width: 1302px) 100vw, 1302px\" \/><\/p>\n<p><img decoding=\"async\" class=\"alignnone wp-image-6954\" src=\"http:\/\/ibn.wyd.mybluehost.me\/reanpackaging.com\/wp-content\/uploads\/2023\/09\/c-description-30Cm-Heart-Shaped-Bubble-Packing-Wrap-Plastic-Packaging-Wrapping-Bubble-Poly-Air-Film-Paper-Rolls-Bubble-Cushioning-Wrap-300x283.png\" alt=\"30cm s\u00fcdamekujuline mull pakendamispakend plastikpakend mull pol\u00fc \u00f5hufilmi paberirullid mull pehmendav m\u00e4his\" width=\"1300\" height=\"1226\" srcset=\"https:\/\/reanpackaging.com\/wp-content\/uploads\/2023\/09\/c-description-30Cm-Heart-Shaped-Bubble-Packing-Wrap-Plastic-Packaging-Wrapping-Bubble-Poly-Air-Film-Paper-Rolls-Bubble-Cushioning-Wrap-300x283.png 300w, https:\/\/reanpackaging.com\/wp-content\/uploads\/2023\/09\/c-description-30Cm-Heart-Shaped-Bubble-Packing-Wrap-Plastic-Packaging-Wrapping-Bubble-Poly-Air-Film-Paper-Rolls-Bubble-Cushioning-Wrap-1024x967.png 1024w, https:\/\/reanpackaging.com\/wp-content\/uploads\/2023\/09\/c-description-30Cm-Heart-Shaped-Bubble-Packing-Wrap-Plastic-Packaging-Wrapping-Bubble-Poly-Air-Film-Paper-Rolls-Bubble-Cushioning-Wrap-768x725.png 768w, https:\/\/reanpackaging.com\/wp-content\/uploads\/2023\/09\/c-description-30Cm-Heart-Shaped-Bubble-Packing-Wrap-Plastic-Packaging-Wrapping-Bubble-Poly-Air-Film-Paper-Rolls-Bubble-Cushioning-Wrap-600x567.png 600w\" sizes=\"(max-width: 1300px) 100vw, 1300px\" \/><\/p>\n<p><img loading=\"lazy\" decoding=\"async\" class=\"alignnone wp-image-6958\" src=\"http:\/\/ibn.wyd.mybluehost.me\/reanpackaging.com\/wp-content\/uploads\/2023\/09\/d-description-30Cm-Heart-Shaped-Bubble-Packing-Wrap-Plastic-Packaging-Wrapping-Bubble-Poly-Air-Film-Paper-Rolls-Bubble-Cushioning-Wrap-245x300.png\" alt=\"30cm s\u00fcdamekujuline mull pakendamispakend plastikpakend mull pol\u00fc \u00f5hufilmi paberirullid mull pehmendav m\u00e4his\" width=\"1267\" height=\"1551\" srcset=\"https:\/\/reanpackaging.com\/wp-content\/uploads\/2023\/09\/d-description-30Cm-Heart-Shaped-Bubble-Packing-Wrap-Plastic-Packaging-Wrapping-Bubble-Poly-Air-Film-Paper-Rolls-Bubble-Cushioning-Wrap-245x300.png 245w, https:\/\/reanpackaging.com\/wp-content\/uploads\/2023\/09\/d-description-30Cm-Heart-Shaped-Bubble-Packing-Wrap-Plastic-Packaging-Wrapping-Bubble-Poly-Air-Film-Paper-Rolls-Bubble-Cushioning-Wrap-600x735.png 600w, https:\/\/reanpackaging.com\/wp-content\/uploads\/2023\/09\/d-description-30Cm-Heart-Shaped-Bubble-Packing-Wrap-Plastic-Packaging-Wrapping-Bubble-Poly-Air-Film-Paper-Rolls-Bubble-Cushioning-Wrap.png 739w\" sizes=\"(max-width: 1267px) 100vw, 1267px\" \/><\/p>\n<p><img loading=\"lazy\" decoding=\"async\" class=\"alignnone wp-image-6961\" src=\"http:\/\/ibn.wyd.mybluehost.me\/reanpackaging.com\/wp-content\/uploads\/2023\/09\/e-description-30Cm-Heart-Shaped-Bubble-Packing-Wrap-Plastic-Packaging-Wrapping-Bubble-Poly-Air-Film-Paper-Rolls-Bubble-Cushioning-Wrap-193x300.png\" alt=\"30cm s\u00fcdamekujuline mull pakendamispakend plastikpakend mull pol\u00fc \u00f5hufilmi paberirullid mull pehmendav m\u00e4his\" width=\"1303\" height=\"2025\" srcset=\"https:\/\/reanpackaging.com\/wp-content\/uploads\/2023\/09\/e-description-30Cm-Heart-Shaped-Bubble-Packing-Wrap-Plastic-Packaging-Wrapping-Bubble-Poly-Air-Film-Paper-Rolls-Bubble-Cushioning-Wrap-193x300.png 193w, https:\/\/reanpackaging.com\/wp-content\/uploads\/2023\/09\/e-description-30Cm-Heart-Shaped-Bubble-Packing-Wrap-Plastic-Packaging-Wrapping-Bubble-Poly-Air-Film-Paper-Rolls-Bubble-Cushioning-Wrap-600x931.png 600w\" sizes=\"(max-width: 1303px) 100vw, 1303px\" \/><\/p>\n<p><img loading=\"lazy\" decoding=\"async\" class=\"alignnone wp-image-6964\" src=\"http:\/\/ibn.wyd.mybluehost.me\/reanpackaging.com\/wp-content\/uploads\/2023\/09\/f-description-30Cm-Heart-Shaped-Bubble-Packing-Wrap-Plastic-Packaging-Wrapping-Bubble-Poly-Air-Film-Paper-Rolls-Bubble-Cushioning-Wrap-300x300.png\" alt=\"30cm s\u00fcdamekujuline mull pakendamispakend plastikpakend mull pol\u00fc \u00f5hufilmi paberirullid mull pehmendav m\u00e4his\" width=\"1305\" height=\"1305\" srcset=\"https:\/\/reanpackaging.com\/wp-content\/uploads\/2023\/09\/f-description-30Cm-Heart-Shaped-Bubble-Packing-Wrap-Plastic-Packaging-Wrapping-Bubble-Poly-Air-Film-Paper-Rolls-Bubble-Cushioning-Wrap-300x300.png 300w, https:\/\/reanpackaging.com\/wp-content\/uploads\/2023\/09\/f-description-30Cm-Heart-Shaped-Bubble-Packing-Wrap-Plastic-Packaging-Wrapping-Bubble-Poly-Air-Film-Paper-Rolls-Bubble-Cushioning-Wrap-1024x1024.png 1024w, https:\/\/reanpackaging.com\/wp-content\/uploads\/2023\/09\/f-description-30Cm-Heart-Shaped-Bubble-Packing-Wrap-Plastic-Packaging-Wrapping-Bubble-Poly-Air-Film-Paper-Rolls-Bubble-Cushioning-Wrap-150x150.png 150w, https:\/\/reanpackaging.com\/wp-content\/uploads\/2023\/09\/f-description-30Cm-Heart-Shaped-Bubble-Packing-Wrap-Plastic-Packaging-Wrapping-Bubble-Poly-Air-Film-Paper-Rolls-Bubble-Cushioning-Wrap-768x768.png 768w, https:\/\/reanpackaging.com\/wp-content\/uploads\/2023\/09\/f-description-30Cm-Heart-Shaped-Bubble-Packing-Wrap-Plastic-Packaging-Wrapping-Bubble-Poly-Air-Film-Paper-Rolls-Bubble-Cushioning-Wrap-600x600.png 600w, https:\/\/reanpackaging.com\/wp-content\/uploads\/2023\/09\/f-description-30Cm-Heart-Shaped-Bubble-Packing-Wrap-Plastic-Packaging-Wrapping-Bubble-Poly-Air-Film-Paper-Rolls-Bubble-Cushioning-Wrap-100x100.png 100w, https:\/\/reanpackaging.com\/wp-content\/uploads\/2023\/09\/f-description-30Cm-Heart-Shaped-Bubble-Packing-Wrap-Plastic-Packaging-Wrapping-Bubble-Poly-Air-Film-Paper-Rolls-Bubble-Cushioning-Wrap.png 1100w\" sizes=\"(max-width: 1305px) 100vw, 1305px\" \/><\/p>\n<p><img loading=\"lazy\" decoding=\"async\" class=\"alignnone wp-image-6966\" src=\"http:\/\/ibn.wyd.mybluehost.me\/reanpackaging.com\/wp-content\/uploads\/2023\/09\/g-description-30Cm-Heart-Shaped-Bubble-Packing-Wrap-Plastic-Packaging-Wrapping-Bubble-Poly-Air-Film-Paper-Rolls-Bubble-Cushioning-Wrap-300x300.png\" alt=\"30cm s\u00fcdamekujuline mull pakendamispakend plastikpakend mull pol\u00fc \u00f5hufilmi paberirullid mull pehmendav m\u00e4his\" width=\"1307\" height=\"1307\" srcset=\"https:\/\/reanpackaging.com\/wp-content\/uploads\/2023\/09\/g-description-30Cm-Heart-Shaped-Bubble-Packing-Wrap-Plastic-Packaging-Wrapping-Bubble-Poly-Air-Film-Paper-Rolls-Bubble-Cushioning-Wrap-300x300.png 300w, https:\/\/reanpackaging.com\/wp-content\/uploads\/2023\/09\/g-description-30Cm-Heart-Shaped-Bubble-Packing-Wrap-Plastic-Packaging-Wrapping-Bubble-Poly-Air-Film-Paper-Rolls-Bubble-Cushioning-Wrap-1024x1024.png 1024w, https:\/\/reanpackaging.com\/wp-content\/uploads\/2023\/09\/g-description-30Cm-Heart-Shaped-Bubble-Packing-Wrap-Plastic-Packaging-Wrapping-Bubble-Poly-Air-Film-Paper-Rolls-Bubble-Cushioning-Wrap-150x150.png 150w, https:\/\/reanpackaging.com\/wp-content\/uploads\/2023\/09\/g-description-30Cm-Heart-Shaped-Bubble-Packing-Wrap-Plastic-Packaging-Wrapping-Bubble-Poly-Air-Film-Paper-Rolls-Bubble-Cushioning-Wrap-768x768.png 768w, https:\/\/reanpackaging.com\/wp-content\/uploads\/2023\/09\/g-description-30Cm-Heart-Shaped-Bubble-Packing-Wrap-Plastic-Packaging-Wrapping-Bubble-Poly-Air-Film-Paper-Rolls-Bubble-Cushioning-Wrap-600x600.png 600w, https:\/\/reanpackaging.com\/wp-content\/uploads\/2023\/09\/g-description-30Cm-Heart-Shaped-Bubble-Packing-Wrap-Plastic-Packaging-Wrapping-Bubble-Poly-Air-Film-Paper-Rolls-Bubble-Cushioning-Wrap-100x100.png 100w, https:\/\/reanpackaging.com\/wp-content\/uploads\/2023\/09\/g-description-30Cm-Heart-Shaped-Bubble-Packing-Wrap-Plastic-Packaging-Wrapping-Bubble-Poly-Air-Film-Paper-Rolls-Bubble-Cushioning-Wrap.png 1100w\" sizes=\"(max-width: 1307px) 100vw, 1307px\" \/><\/p>","protected":false},"excerpt":{"rendered":"<p>T\u00f6\u00f6stusspetsiifilised omadused Materjal PE T\u00fc\u00fcp Kaitsekile Muud omadused Toote nimi Heart Shap Bubble Packing Wrap Roll Materjal PE Funktsioon L\u00f6\u00f6gikindel \/ veekindel Laius 30CM Kaal 80g\/\u33a1 Bubble Diameeter 1cm MOQ 1Rolls OEM Aktsepteeritav M\u00e4rk Veekindel, l\u00f6\u00f6gikindel, kerge kaal Peamised kasutusalad Pakendatud ekspress, pakitud klaaspudelid, habras kosmeetikatooted jne.<\/p>","protected":false},"featured_media":6805,"template":"","meta":{"_seopress_robots_primary_cat":"none","_seopress_titles_title":"","_seopress_titles_desc":"","_seopress_robots_index":"","site-sidebar-layout":"default","site-content-layout":"default","ast-site-content-layout":"default","site-content-style":"default","site-sidebar-style":"default","ast-global-header-display":"","ast-banner-title-visibility":"","ast-main-header-display":"","ast-hfb-above-header-display":"","ast-hfb-below-header-display":"","ast-hfb-mobile-header-display":"","site-post-title":"","ast-breadcrumbs-content":"","ast-featured-img":"","footer-sml-layout":"","ast-disable-related-posts":"","theme-transparent-header-meta":"default","adv-header-id-meta":"","stick-header-meta":"default","header-above-stick-meta":"","header-main-stick-meta":"","header-below-stick-meta":"","astra-migrate-meta-layouts":"default","ast-page-background-enabled":"default","ast-page-background-meta":{"desktop":{"background-color":"","background-image":"","background-repeat":"repeat","background-position":"center center","background-size":"auto","background-attachment":"scroll","background-type":"","background-media":"","overlay-type":"","overlay-color":"","overlay-opacity":"","overlay-gradient":""},"tablet":{"background-color":"","background-image":"","background-repeat":"repeat","background-position":"center center","background-size":"auto","background-attachment":"scroll","background-type":"","background-media":"","overlay-type":"","overlay-color":"","overlay-opacity":"","overlay-gradient":""},"mobile":{"background-color":"","background-image":"","background-repeat":"repeat","background-position":"center center","background-size":"auto","background-attachment":"scroll","background-type":"","background-media":"","overlay-type":"","overlay-color":"","overlay-opacity":"","overlay-gradient":""}},"ast-content-background-meta":{"desktop":{"background-color":"var(--ast-global-color-5)","background-image":"","background-repeat":"repeat","background-position":"center center","background-size":"auto","background-attachment":"scroll","background-type":"","background-media":"","overlay-type":"","overlay-color":"","overlay-opacity":"","overlay-gradient":""},"tablet":{"background-color":"var(--ast-global-color-5)","background-image":"","background-repeat":"repeat","background-position":"center center","background-size":"auto","background-attachment":"scroll","background-type":"","background-media":"","overlay-type":"","overlay-color":"","overlay-opacity":"","overlay-gradient":""},"mobile":{"background-color":"var(--ast-global-color-5)","background-image":"","background-repeat":"repeat","background-position":"center center","background-size":"auto","background-attachment":"scroll","background-type":"","background-media":"","overlay-type":"","overlay-color":"","overlay-opacity":"","overlay-gradient":""}}},"product_brand":[],"product_cat":[45],"product_tag":[],"class_list":{"0":"post-6906","1":"product","2":"type-product","3":"status-publish","4":"has-post-thumbnail","6":"product_cat-bubble-wrap","7":"desktop-align-left","8":"tablet-align-left","9":"mobile-align-left","10":"ast-product-gallery-layout-horizontal","11":"ast-product-tabs-layout-horizontal","13":"first","14":"instock","15":"product-type-simple"},"_links":{"self":[{"href":"https:\/\/reanpackaging.com\/et\/wp-json\/wp\/v2\/product\/6906","targetHints":{"allow":["GET"]}}],"collection":[{"href":"https:\/\/reanpackaging.com\/et\/wp-json\/wp\/v2\/product"}],"about":[{"href":"https:\/\/reanpackaging.com\/et\/wp-json\/wp\/v2\/types\/product"}],"wp:featuredmedia":[{"embeddable":true,"href":"https:\/\/reanpackaging.com\/et\/wp-json\/wp\/v2\/media\/6805"}],"wp:attachment":[{"href":"https:\/\/reanpackaging.com\/et\/wp-json\/wp\/v2\/media?parent=6906"}],"wp:term":[{"taxonomy":"product_brand","embeddable":true,"href":"https:\/\/reanpackaging.com\/et\/wp-json\/wp\/v2\/product_brand?post=6906"},{"taxonomy":"product_cat","embeddable":true,"href":"https:\/\/reanpackaging.com\/et\/wp-json\/wp\/v2\/product_cat?post=6906"},{"taxonomy":"product_tag","embeddable":true,"href":"https:\/\/reanpackaging.com\/et\/wp-json\/wp\/v2\/product_tag?post=6906"}],"curies":[{"name":"wp","href":"https:\/\/api.w.org\/{rel}","templated":true}]}}