{"id":6908,"date":"2023-09-21T13:22:09","date_gmt":"2023-09-21T13:22:09","guid":{"rendered":"http:\/\/ibn.wyd.mybluehost.me\/reanpackaging.com\/product\/honeycomb-packaging-wrap-kraft-paper-honeycomb-paper-wrap-cushioning-eco-friendly-bubble-cushion-wrap\/"},"modified":"2024-10-01T16:58:42","modified_gmt":"2024-10-01T16:58:42","slug":"honeycomb-packaging-wrap-kraft-paper-honeycomb-paper-wrap-cushioning-eco-friendly-bubble-cushion-wrap","status":"publish","type":"product","link":"https:\/\/reanpackaging.com\/et\/toode\/honeycomb-packaging-wrap-kraft-paper-honeycomb-paper-wrap-cushioning-eco-friendly-bubble-cushion-wrap\/","title":{"rendered":"Honeycomb pakendipakend Kraft Paper Honeycomb Paper Wrap Wrap Pehmendus Eco Friendly Bubble Cushion Wrap"},"content":{"rendered":"<h4>T\u00f6\u00f6stusspetsiifilised omadused<\/h4>\n<table border=\"1\">\n<tbody>\n<tr>\n<td><strong>T\u00f6\u00f6stuslik kasutamine<\/strong><\/td>\n<td>Kingitus ja k\u00e4sit\u00f6\u00f6<\/td>\n<\/tr>\n<tr>\n<td><strong>Paberi t\u00fc\u00fcp<\/strong><\/td>\n<td>K\u00e4sit\u00f6\u00f6paber<\/td>\n<\/tr>\n<tr>\n<td><strong>Funktsioon<\/strong><\/td>\n<td>Ringlussev\u00f5etud materjalid<\/td>\n<\/tr>\n<\/tbody>\n<\/table>\n<h4>Muud omadused<\/h4>\n<table border=\"1\">\n<tbody>\n<tr>\n<td><strong>Tselluloosmaterjal<\/strong><\/td>\n<td>Puidutselluloos<\/td>\n<\/tr>\n<tr>\n<td><strong>Pulp Style<\/strong><\/td>\n<td>Neitsi<\/td>\n<\/tr>\n<tr>\n<td><strong>Pulpseerimise t\u00fc\u00fcp<\/strong><\/td>\n<td>Keemiline tselluloos<\/td>\n<\/tr>\n<tr>\n<td><strong>P\u00e4ritolukoht<\/strong><\/td>\n<td>Hiina<\/td>\n<\/tr>\n<tr>\n<td><strong>Br\u00e4ndi nimi<\/strong><\/td>\n<td>Xinxiangyangi pakend<\/td>\n<\/tr>\n<tr>\n<td><strong>Mudeli number<\/strong><\/td>\n<td>HP50080250<\/td>\n<\/tr>\n<tr>\n<td><strong>Pinnakate<\/strong><\/td>\n<td>Pinnakatteta<\/td>\n<\/tr>\n<tr>\n<td><strong>\u00dchilduv tr\u00fckkimine<\/strong><\/td>\n<td>Offset tr\u00fckkimine<\/td>\n<\/tr>\n<tr>\n<td><strong>Kohandatud tellimus<\/strong><\/td>\n<td>Aktsepteeri<\/td>\n<\/tr>\n<tr>\n<td><strong>Kasutage<\/strong><\/td>\n<td>Kinkekaartide paber<\/td>\n<\/tr>\n<tr>\n<td><strong>Toote nimi<\/strong><\/td>\n<td>Pakkepaber<\/td>\n<\/tr>\n<tr>\n<td><strong>Kasutamine<\/strong><\/td>\n<td>jne. Pakend<\/td>\n<\/tr>\n<tr>\n<td><strong>M\u00e4rks\u00f5nad<\/strong><\/td>\n<td>Custom Logo Wrapping Tissue Paper<\/td>\n<\/tr>\n<tr>\n<td><strong>Taotlus<\/strong><\/td>\n<td>Toodete pakkimine<\/td>\n<\/tr>\n<tr>\n<td><strong>Materjal<\/strong><\/td>\n<td>100% Neitsi tselluloos<\/td>\n<\/tr>\n<tr>\n<td><strong>MOQ<\/strong><\/td>\n<td>1 Rull<\/td>\n<\/tr>\n<tr>\n<td><strong>Nimetus<\/strong><\/td>\n<td>Pakkepaberi kangas<\/td>\n<\/tr>\n<tr>\n<td><strong>V\u00f5tmes\u00f5nad<\/strong><\/td>\n<td>Jumbo Reel<\/td>\n<\/tr>\n<\/tbody>\n<\/table>\n<p><img fetchpriority=\"high\" decoding=\"async\" class=\"alignnone  wp-image-6971\" src=\"http:\/\/ibn.wyd.mybluehost.me\/reanpackaging.com\/wp-content\/uploads\/2023\/09\/a-description-Honeycomb-Packaging-Wrap-Kraft-Paper-Honeycomb-Paper-Wrap-Cushioning-Eco-Friendly-Bubble-Cushion-Wrap-300x248.jpg\" alt=\"meek\u00e4rgist pakendipakend j\u00f5upaberist meek\u00e4rgist paberipakend pehmendus keskkonnas\u00f5bralik mullpadi m\u00e4his\" width=\"1303\" height=\"1077\" srcset=\"https:\/\/reanpackaging.com\/wp-content\/uploads\/2023\/09\/a-description-Honeycomb-Packaging-Wrap-Kraft-Paper-Honeycomb-Paper-Wrap-Cushioning-Eco-Friendly-Bubble-Cushion-Wrap-300x248.jpg 300w, https:\/\/reanpackaging.com\/wp-content\/uploads\/2023\/09\/a-description-Honeycomb-Packaging-Wrap-Kraft-Paper-Honeycomb-Paper-Wrap-Cushioning-Eco-Friendly-Bubble-Cushion-Wrap-768x635.jpg 768w, https:\/\/reanpackaging.com\/wp-content\/uploads\/2023\/09\/a-description-Honeycomb-Packaging-Wrap-Kraft-Paper-Honeycomb-Paper-Wrap-Cushioning-Eco-Friendly-Bubble-Cushion-Wrap-600x496.jpg 600w, https:\/\/reanpackaging.com\/wp-content\/uploads\/2023\/09\/a-description-Honeycomb-Packaging-Wrap-Kraft-Paper-Honeycomb-Paper-Wrap-Cushioning-Eco-Friendly-Bubble-Cushion-Wrap.jpg 1000w\" sizes=\"(max-width: 1303px) 100vw, 1303px\" \/><\/p>\n<p><img decoding=\"async\" class=\"alignnone  wp-image-6973\" src=\"http:\/\/ibn.wyd.mybluehost.me\/reanpackaging.com\/wp-content\/uploads\/2023\/09\/b-description-Honeycomb-Packaging-Wrap-Kraft-Paper-Honeycomb-Paper-Wrap-Cushioning-Eco-Friendly-Bubble-Cushion-Wrap-300x300.jpg\" alt=\"meek\u00e4rgist pakendipakend j\u00f5upaberist meek\u00e4rgist paberipakend pehmendus keskkonnas\u00f5bralik mullpadi m\u00e4his\" width=\"1302\" height=\"1302\" srcset=\"https:\/\/reanpackaging.com\/wp-content\/uploads\/2023\/09\/b-description-Honeycomb-Packaging-Wrap-Kraft-Paper-Honeycomb-Paper-Wrap-Cushioning-Eco-Friendly-Bubble-Cushion-Wrap-300x300.jpg 300w, https:\/\/reanpackaging.com\/wp-content\/uploads\/2023\/09\/b-description-Honeycomb-Packaging-Wrap-Kraft-Paper-Honeycomb-Paper-Wrap-Cushioning-Eco-Friendly-Bubble-Cushion-Wrap-150x150.jpg 150w, https:\/\/reanpackaging.com\/wp-content\/uploads\/2023\/09\/b-description-Honeycomb-Packaging-Wrap-Kraft-Paper-Honeycomb-Paper-Wrap-Cushioning-Eco-Friendly-Bubble-Cushion-Wrap-768x768.jpg 768w, https:\/\/reanpackaging.com\/wp-content\/uploads\/2023\/09\/b-description-Honeycomb-Packaging-Wrap-Kraft-Paper-Honeycomb-Paper-Wrap-Cushioning-Eco-Friendly-Bubble-Cushion-Wrap-600x600.jpg 600w, https:\/\/reanpackaging.com\/wp-content\/uploads\/2023\/09\/b-description-Honeycomb-Packaging-Wrap-Kraft-Paper-Honeycomb-Paper-Wrap-Cushioning-Eco-Friendly-Bubble-Cushion-Wrap-100x100.jpg 100w, https:\/\/reanpackaging.com\/wp-content\/uploads\/2023\/09\/b-description-Honeycomb-Packaging-Wrap-Kraft-Paper-Honeycomb-Paper-Wrap-Cushioning-Eco-Friendly-Bubble-Cushion-Wrap.jpg 1000w\" sizes=\"(max-width: 1302px) 100vw, 1302px\" \/><\/p>\n<p><img decoding=\"async\" class=\"alignnone  wp-image-6975\" src=\"http:\/\/ibn.wyd.mybluehost.me\/reanpackaging.com\/wp-content\/uploads\/2023\/09\/c-description-Honeycomb-Packaging-Wrap-Kraft-Paper-Honeycomb-Paper-Wrap-Cushioning-Eco-Friendly-Bubble-Cushion-Wrap-300x300.jpg\" alt=\"meek\u00e4rgist pakendipakend j\u00f5upaberist meek\u00e4rgist paberipakend pehmendus keskkonnas\u00f5bralik mullpadi m\u00e4his\" width=\"1301\" height=\"1301\" srcset=\"https:\/\/reanpackaging.com\/wp-content\/uploads\/2023\/09\/c-description-Honeycomb-Packaging-Wrap-Kraft-Paper-Honeycomb-Paper-Wrap-Cushioning-Eco-Friendly-Bubble-Cushion-Wrap-300x300.jpg 300w, https:\/\/reanpackaging.com\/wp-content\/uploads\/2023\/09\/c-description-Honeycomb-Packaging-Wrap-Kraft-Paper-Honeycomb-Paper-Wrap-Cushioning-Eco-Friendly-Bubble-Cushion-Wrap-150x150.jpg 150w, https:\/\/reanpackaging.com\/wp-content\/uploads\/2023\/09\/c-description-Honeycomb-Packaging-Wrap-Kraft-Paper-Honeycomb-Paper-Wrap-Cushioning-Eco-Friendly-Bubble-Cushion-Wrap-768x768.jpg 768w, https:\/\/reanpackaging.com\/wp-content\/uploads\/2023\/09\/c-description-Honeycomb-Packaging-Wrap-Kraft-Paper-Honeycomb-Paper-Wrap-Cushioning-Eco-Friendly-Bubble-Cushion-Wrap-600x600.jpg 600w, https:\/\/reanpackaging.com\/wp-content\/uploads\/2023\/09\/c-description-Honeycomb-Packaging-Wrap-Kraft-Paper-Honeycomb-Paper-Wrap-Cushioning-Eco-Friendly-Bubble-Cushion-Wrap-100x100.jpg 100w, https:\/\/reanpackaging.com\/wp-content\/uploads\/2023\/09\/c-description-Honeycomb-Packaging-Wrap-Kraft-Paper-Honeycomb-Paper-Wrap-Cushioning-Eco-Friendly-Bubble-Cushion-Wrap.jpg 1000w\" sizes=\"(max-width: 1301px) 100vw, 1301px\" \/><\/p>\n<p><img loading=\"lazy\" decoding=\"async\" class=\"alignnone  wp-image-6976\" src=\"http:\/\/ibn.wyd.mybluehost.me\/reanpackaging.com\/wp-content\/uploads\/2023\/09\/d-description-Honeycomb-Packaging-Wrap-Kraft-Paper-Honeycomb-Paper-Wrap-Cushioning-Eco-Friendly-Bubble-Cushion-Wrap-300x300.jpg\" alt=\"meek\u00e4rgist pakendipakend j\u00f5upaberist meek\u00e4rgist paberipakend pehmendus keskkonnas\u00f5bralik mullpadi m\u00e4his\" width=\"1301\" height=\"1301\" srcset=\"https:\/\/reanpackaging.com\/wp-content\/uploads\/2023\/09\/d-description-Honeycomb-Packaging-Wrap-Kraft-Paper-Honeycomb-Paper-Wrap-Cushioning-Eco-Friendly-Bubble-Cushion-Wrap-300x300.jpg 300w, https:\/\/reanpackaging.com\/wp-content\/uploads\/2023\/09\/d-description-Honeycomb-Packaging-Wrap-Kraft-Paper-Honeycomb-Paper-Wrap-Cushioning-Eco-Friendly-Bubble-Cushion-Wrap-150x150.jpg 150w, https:\/\/reanpackaging.com\/wp-content\/uploads\/2023\/09\/d-description-Honeycomb-Packaging-Wrap-Kraft-Paper-Honeycomb-Paper-Wrap-Cushioning-Eco-Friendly-Bubble-Cushion-Wrap-768x768.jpg 768w, https:\/\/reanpackaging.com\/wp-content\/uploads\/2023\/09\/d-description-Honeycomb-Packaging-Wrap-Kraft-Paper-Honeycomb-Paper-Wrap-Cushioning-Eco-Friendly-Bubble-Cushion-Wrap-600x600.jpg 600w, https:\/\/reanpackaging.com\/wp-content\/uploads\/2023\/09\/d-description-Honeycomb-Packaging-Wrap-Kraft-Paper-Honeycomb-Paper-Wrap-Cushioning-Eco-Friendly-Bubble-Cushion-Wrap-100x100.jpg 100w, https:\/\/reanpackaging.com\/wp-content\/uploads\/2023\/09\/d-description-Honeycomb-Packaging-Wrap-Kraft-Paper-Honeycomb-Paper-Wrap-Cushioning-Eco-Friendly-Bubble-Cushion-Wrap.jpg 1000w\" sizes=\"(max-width: 1301px) 100vw, 1301px\" \/><\/p>\n<p><img loading=\"lazy\" decoding=\"async\" class=\"alignnone  wp-image-6977\" src=\"http:\/\/ibn.wyd.mybluehost.me\/reanpackaging.com\/wp-content\/uploads\/2023\/09\/e-description-Honeycomb-Packaging-Wrap-Kraft-Paper-Honeycomb-Paper-Wrap-Cushioning-Eco-Friendly-Bubble-Cushion-Wrap-300x300.jpg\" alt=\"meek\u00e4rgist pakendipakend j\u00f5upaberist meek\u00e4rgist paberipakend pehmendus keskkonnas\u00f5bralik mullpadi m\u00e4his\" width=\"1303\" height=\"1303\" srcset=\"https:\/\/reanpackaging.com\/wp-content\/uploads\/2023\/09\/e-description-Honeycomb-Packaging-Wrap-Kraft-Paper-Honeycomb-Paper-Wrap-Cushioning-Eco-Friendly-Bubble-Cushion-Wrap-300x300.jpg 300w, https:\/\/reanpackaging.com\/wp-content\/uploads\/2023\/09\/e-description-Honeycomb-Packaging-Wrap-Kraft-Paper-Honeycomb-Paper-Wrap-Cushioning-Eco-Friendly-Bubble-Cushion-Wrap-150x150.jpg 150w, https:\/\/reanpackaging.com\/wp-content\/uploads\/2023\/09\/e-description-Honeycomb-Packaging-Wrap-Kraft-Paper-Honeycomb-Paper-Wrap-Cushioning-Eco-Friendly-Bubble-Cushion-Wrap-768x768.jpg 768w, https:\/\/reanpackaging.com\/wp-content\/uploads\/2023\/09\/e-description-Honeycomb-Packaging-Wrap-Kraft-Paper-Honeycomb-Paper-Wrap-Cushioning-Eco-Friendly-Bubble-Cushion-Wrap-600x600.jpg 600w, https:\/\/reanpackaging.com\/wp-content\/uploads\/2023\/09\/e-description-Honeycomb-Packaging-Wrap-Kraft-Paper-Honeycomb-Paper-Wrap-Cushioning-Eco-Friendly-Bubble-Cushion-Wrap-100x100.jpg 100w, https:\/\/reanpackaging.com\/wp-content\/uploads\/2023\/09\/e-description-Honeycomb-Packaging-Wrap-Kraft-Paper-Honeycomb-Paper-Wrap-Cushioning-Eco-Friendly-Bubble-Cushion-Wrap.jpg 1000w\" sizes=\"(max-width: 1303px) 100vw, 1303px\" \/><\/p>\n<p><img loading=\"lazy\" decoding=\"async\" class=\"alignnone  wp-image-6979\" src=\"http:\/\/ibn.wyd.mybluehost.me\/reanpackaging.com\/wp-content\/uploads\/2023\/09\/f-description-Honeycomb-Packaging-Wrap-Kraft-Paper-Honeycomb-Paper-Wrap-Cushioning-Eco-Friendly-Bubble-Cushion-Wrap-300x300.jpg\" alt=\"meek\u00e4rgist pakendipakend j\u00f5upaberist meek\u00e4rgist paberipakend pehmendus keskkonnas\u00f5bralik mullpadi m\u00e4his\" width=\"1274\" height=\"1274\" srcset=\"https:\/\/reanpackaging.com\/wp-content\/uploads\/2023\/09\/f-description-Honeycomb-Packaging-Wrap-Kraft-Paper-Honeycomb-Paper-Wrap-Cushioning-Eco-Friendly-Bubble-Cushion-Wrap-300x300.jpg 300w, https:\/\/reanpackaging.com\/wp-content\/uploads\/2023\/09\/f-description-Honeycomb-Packaging-Wrap-Kraft-Paper-Honeycomb-Paper-Wrap-Cushioning-Eco-Friendly-Bubble-Cushion-Wrap-150x150.jpg 150w, https:\/\/reanpackaging.com\/wp-content\/uploads\/2023\/09\/f-description-Honeycomb-Packaging-Wrap-Kraft-Paper-Honeycomb-Paper-Wrap-Cushioning-Eco-Friendly-Bubble-Cushion-Wrap-768x768.jpg 768w, https:\/\/reanpackaging.com\/wp-content\/uploads\/2023\/09\/f-description-Honeycomb-Packaging-Wrap-Kraft-Paper-Honeycomb-Paper-Wrap-Cushioning-Eco-Friendly-Bubble-Cushion-Wrap-600x600.jpg 600w, https:\/\/reanpackaging.com\/wp-content\/uploads\/2023\/09\/f-description-Honeycomb-Packaging-Wrap-Kraft-Paper-Honeycomb-Paper-Wrap-Cushioning-Eco-Friendly-Bubble-Cushion-Wrap-100x100.jpg 100w, https:\/\/reanpackaging.com\/wp-content\/uploads\/2023\/09\/f-description-Honeycomb-Packaging-Wrap-Kraft-Paper-Honeycomb-Paper-Wrap-Cushioning-Eco-Friendly-Bubble-Cushion-Wrap.jpg 1000w\" sizes=\"(max-width: 1274px) 100vw, 1274px\" \/><\/p>\n<p><img loading=\"lazy\" decoding=\"async\" class=\"alignnone  wp-image-6981\" src=\"http:\/\/ibn.wyd.mybluehost.me\/reanpackaging.com\/wp-content\/uploads\/2023\/09\/g-description-Honeycomb-Packaging-Wrap-Kraft-Paper-Honeycomb-Paper-Wrap-Cushioning-Eco-Friendly-Bubble-Cushion-Wrap-300x300.jpg\" alt=\"meek\u00e4rgist pakendipakend j\u00f5upaberist meek\u00e4rgist paberipakend pehmendus keskkonnas\u00f5bralik mullpadi m\u00e4his\" width=\"1272\" height=\"1272\" srcset=\"https:\/\/reanpackaging.com\/wp-content\/uploads\/2023\/09\/g-description-Honeycomb-Packaging-Wrap-Kraft-Paper-Honeycomb-Paper-Wrap-Cushioning-Eco-Friendly-Bubble-Cushion-Wrap-300x300.jpg 300w, https:\/\/reanpackaging.com\/wp-content\/uploads\/2023\/09\/g-description-Honeycomb-Packaging-Wrap-Kraft-Paper-Honeycomb-Paper-Wrap-Cushioning-Eco-Friendly-Bubble-Cushion-Wrap-150x150.jpg 150w, https:\/\/reanpackaging.com\/wp-content\/uploads\/2023\/09\/g-description-Honeycomb-Packaging-Wrap-Kraft-Paper-Honeycomb-Paper-Wrap-Cushioning-Eco-Friendly-Bubble-Cushion-Wrap-768x768.jpg 768w, https:\/\/reanpackaging.com\/wp-content\/uploads\/2023\/09\/g-description-Honeycomb-Packaging-Wrap-Kraft-Paper-Honeycomb-Paper-Wrap-Cushioning-Eco-Friendly-Bubble-Cushion-Wrap-600x600.jpg 600w, https:\/\/reanpackaging.com\/wp-content\/uploads\/2023\/09\/g-description-Honeycomb-Packaging-Wrap-Kraft-Paper-Honeycomb-Paper-Wrap-Cushioning-Eco-Friendly-Bubble-Cushion-Wrap-100x100.jpg 100w, https:\/\/reanpackaging.com\/wp-content\/uploads\/2023\/09\/g-description-Honeycomb-Packaging-Wrap-Kraft-Paper-Honeycomb-Paper-Wrap-Cushioning-Eco-Friendly-Bubble-Cushion-Wrap.jpg 1000w\" sizes=\"(max-width: 1272px) 100vw, 1272px\" \/><\/p>\n<p><img loading=\"lazy\" decoding=\"async\" class=\"alignnone  wp-image-6983\" src=\"http:\/\/ibn.wyd.mybluehost.me\/reanpackaging.com\/wp-content\/uploads\/2023\/09\/h-description-Honeycomb-Packaging-Wrap-Kraft-Paper-Honeycomb-Paper-Wrap-Cushioning-Eco-Friendly-Bubble-Cushion-Wrap-300x300.jpg\" alt=\"meek\u00e4rgist pakendipakend j\u00f5upaberist meek\u00e4rgist paberipakend pehmendus keskkonnas\u00f5bralik mullpadi m\u00e4his\" width=\"1272\" height=\"1272\" srcset=\"https:\/\/reanpackaging.com\/wp-content\/uploads\/2023\/09\/h-description-Honeycomb-Packaging-Wrap-Kraft-Paper-Honeycomb-Paper-Wrap-Cushioning-Eco-Friendly-Bubble-Cushion-Wrap-300x300.jpg 300w, https:\/\/reanpackaging.com\/wp-content\/uploads\/2023\/09\/h-description-Honeycomb-Packaging-Wrap-Kraft-Paper-Honeycomb-Paper-Wrap-Cushioning-Eco-Friendly-Bubble-Cushion-Wrap-150x150.jpg 150w, https:\/\/reanpackaging.com\/wp-content\/uploads\/2023\/09\/h-description-Honeycomb-Packaging-Wrap-Kraft-Paper-Honeycomb-Paper-Wrap-Cushioning-Eco-Friendly-Bubble-Cushion-Wrap-768x768.jpg 768w, https:\/\/reanpackaging.com\/wp-content\/uploads\/2023\/09\/h-description-Honeycomb-Packaging-Wrap-Kraft-Paper-Honeycomb-Paper-Wrap-Cushioning-Eco-Friendly-Bubble-Cushion-Wrap-600x600.jpg 600w, https:\/\/reanpackaging.com\/wp-content\/uploads\/2023\/09\/h-description-Honeycomb-Packaging-Wrap-Kraft-Paper-Honeycomb-Paper-Wrap-Cushioning-Eco-Friendly-Bubble-Cushion-Wrap-100x100.jpg 100w, https:\/\/reanpackaging.com\/wp-content\/uploads\/2023\/09\/h-description-Honeycomb-Packaging-Wrap-Kraft-Paper-Honeycomb-Paper-Wrap-Cushioning-Eco-Friendly-Bubble-Cushion-Wrap.jpg 1000w\" sizes=\"(max-width: 1272px) 100vw, 1272px\" \/><\/p>","protected":false},"excerpt":{"rendered":"<p>Industry-Specific Attributes Industrial Use Gift &amp; Craft Paper Type Craft Paper Feature Recycled Materials Other Attributes Pulp Material Wood Pulp Pulp Style Virgin Pulping Type Chemical Pulp Place of Origin China Brand Name Xinxiangyang pack Model Number HP50080250 Coating Uncoated Compatible Printing Offset printing Custom Order Accept Use Gift Wrapping Paper Product name Wrapping Paper [&hellip;]<\/p>\n","protected":false},"featured_media":6816,"template":"","meta":{"_seopress_robots_primary_cat":"none","_seopress_titles_title":"","_seopress_titles_desc":"","_seopress_robots_index":"","site-sidebar-layout":"default","site-content-layout":"default","ast-site-content-layout":"default","site-content-style":"default","site-sidebar-style":"default","ast-global-header-display":"","ast-banner-title-visibility":"","ast-main-header-display":"","ast-hfb-above-header-display":"","ast-hfb-below-header-display":"","ast-hfb-mobile-header-display":"","site-post-title":"","ast-breadcrumbs-content":"","ast-featured-img":"","footer-sml-layout":"","ast-disable-related-posts":"","theme-transparent-header-meta":"default","adv-header-id-meta":"","stick-header-meta":"default","header-above-stick-meta":"","header-main-stick-meta":"","header-below-stick-meta":"","astra-migrate-meta-layouts":"default","ast-page-background-enabled":"default","ast-page-background-meta":{"desktop":{"background-color":"","background-image":"","background-repeat":"repeat","background-position":"center center","background-size":"auto","background-attachment":"scroll","background-type":"","background-media":"","overlay-type":"","overlay-color":"","overlay-opacity":"","overlay-gradient":""},"tablet":{"background-color":"","background-image":"","background-repeat":"repeat","background-position":"center center","background-size":"auto","background-attachment":"scroll","background-type":"","background-media":"","overlay-type":"","overlay-color":"","overlay-opacity":"","overlay-gradient":""},"mobile":{"background-color":"","background-image":"","background-repeat":"repeat","background-position":"center center","background-size":"auto","background-attachment":"scroll","background-type":"","background-media":"","overlay-type":"","overlay-color":"","overlay-opacity":"","overlay-gradient":""}},"ast-content-background-meta":{"desktop":{"background-color":"var(--ast-global-color-5)","background-image":"","background-repeat":"repeat","background-position":"center center","background-size":"auto","background-attachment":"scroll","background-type":"","background-media":"","overlay-type":"","overlay-color":"","overlay-opacity":"","overlay-gradient":""},"tablet":{"background-color":"var(--ast-global-color-5)","background-image":"","background-repeat":"repeat","background-position":"center center","background-size":"auto","background-attachment":"scroll","background-type":"","background-media":"","overlay-type":"","overlay-color":"","overlay-opacity":"","overlay-gradient":""},"mobile":{"background-color":"var(--ast-global-color-5)","background-image":"","background-repeat":"repeat","background-position":"center center","background-size":"auto","background-attachment":"scroll","background-type":"","background-media":"","overlay-type":"","overlay-color":"","overlay-opacity":"","overlay-gradient":""}}},"product_brand":[],"product_cat":[45],"product_tag":[],"class_list":{"0":"post-6908","1":"product","2":"type-product","3":"status-publish","4":"has-post-thumbnail","6":"product_cat-bubble-wrap","7":"desktop-align-left","8":"tablet-align-left","9":"mobile-align-left","10":"ast-product-gallery-layout-horizontal","11":"ast-product-tabs-layout-horizontal","13":"first","14":"instock","15":"purchasable","16":"product-type-simple"},"_links":{"self":[{"href":"https:\/\/reanpackaging.com\/et\/wp-json\/wp\/v2\/product\/6908","targetHints":{"allow":["GET"]}}],"collection":[{"href":"https:\/\/reanpackaging.com\/et\/wp-json\/wp\/v2\/product"}],"about":[{"href":"https:\/\/reanpackaging.com\/et\/wp-json\/wp\/v2\/types\/product"}],"wp:featuredmedia":[{"embeddable":true,"href":"https:\/\/reanpackaging.com\/et\/wp-json\/wp\/v2\/media\/6816"}],"wp:attachment":[{"href":"https:\/\/reanpackaging.com\/et\/wp-json\/wp\/v2\/media?parent=6908"}],"wp:term":[{"taxonomy":"product_brand","embeddable":true,"href":"https:\/\/reanpackaging.com\/et\/wp-json\/wp\/v2\/product_brand?post=6908"},{"taxonomy":"product_cat","embeddable":true,"href":"https:\/\/reanpackaging.com\/et\/wp-json\/wp\/v2\/product_cat?post=6908"},{"taxonomy":"product_tag","embeddable":true,"href":"https:\/\/reanpackaging.com\/et\/wp-json\/wp\/v2\/product_tag?post=6908"}],"curies":[{"name":"wp","href":"https:\/\/api.w.org\/{rel}","templated":true}]}}