{"id":6909,"date":"2023-09-21T13:22:09","date_gmt":"2023-09-21T13:22:09","guid":{"rendered":"http:\/\/ibn.wyd.mybluehost.me\/reanpackaging.com\/product\/epe-foam-roll-bubble-film-wrap\/"},"modified":"2024-10-01T16:58:43","modified_gmt":"2024-10-01T16:58:43","slug":"epe-foam-roll-bubble-film-wrap","status":"publish","type":"product","link":"https:\/\/reanpackaging.com\/et\/toode\/epe-vaht-rull-mull-kile-kile-kile\/","title":{"rendered":"Epe Foam Roll mullfilmi m\u00e4his Epe Foam Roll mullfilmi m\u00e4his"},"content":{"rendered":"<h4>T\u00f6\u00f6stusspetsiifilised omadused<\/h4>\n<table border=\"1\">\n<tbody>\n<tr>\n<td><strong>Materjal<\/strong><\/td>\n<td>EPE<\/td>\n<\/tr>\n<tr>\n<td><strong>T\u00fc\u00fcp<\/strong><\/td>\n<td>Vaht<\/td>\n<\/tr>\n<\/tbody>\n<\/table>\n<h4>Muud omadused<\/h4>\n<table border=\"1\">\n<tbody>\n<tr>\n<td><strong>Toote nimi<\/strong><\/td>\n<td>Epe Foam Roll\/bubble Film Wrap<\/td>\n<\/tr>\n<tr>\n<td><strong>Materjal<\/strong><\/td>\n<td>Pakendipadi (EPE\/EVA) ja stantsitud vaht (PE\/LDPE)<\/td>\n<\/tr>\n<tr>\n<td><strong>M\u00f5\u00f5tmed<\/strong><\/td>\n<td>kohandamine<\/td>\n<\/tr>\n<tr>\n<td><strong>V\u00e4rv<\/strong><\/td>\n<td>Valge, must, punane, mis tahes Pantone'i raamatu v\u00e4rvid<\/td>\n<\/tr>\n<tr>\n<td><strong>Tihedus<\/strong><\/td>\n<td>18-90Kg\/m3<\/td>\n<\/tr>\n<tr>\n<td><strong>Tr\u00fckkimine<\/strong><\/td>\n<td>Siiditr\u00fckk, soojustr\u00fckk<\/td>\n<\/tr>\n<tr>\n<td><strong>Funktsioon<\/strong><\/td>\n<td>Keskkonnas\u00f5bralik, taaskasutatav, hea elastsus, veekindel,<\/td>\n<\/tr>\n<tr>\n<td><strong>Pakend<\/strong><\/td>\n<td>PE-kotid, kartongid v\u00f5i vastavalt teie vajadustele<\/td>\n<\/tr>\n<tr>\n<td><strong>OEM<\/strong><\/td>\n<td>V\u00f5tame vastu OEM-v\u00e4rvi ja disaini (stantsimise kuju), CAD, PROE joonise.<\/td>\n<\/tr>\n<tr>\n<td><strong>MOQ<\/strong><\/td>\n<td>100tk<\/td>\n<\/tr>\n<\/tbody>\n<\/table>\n<p>&nbsp;<\/p>","protected":false},"excerpt":{"rendered":"<p>Industry-Specific Attributes Material EPE Type Foam Other Attributes Product Name Epe Foam Roll\/bubble Film Wrap Material Packaging pad(EPE\/EVA)and die-cutting foam(PE\/LDPE) Dimensions customization Color White, black, red, any Pantone book color Density 18-90Kg\/m3 Printing Screen printing, heat transfer printing Feature Environment friendly,recyclable,good elasticity,waterproof, Packaging PE bags, cartons, or according to your needs OEM Accept OEM color [&hellip;]<\/p>\n","protected":false},"featured_media":6821,"template":"","meta":{"_seopress_robots_primary_cat":"none","_seopress_titles_title":"","_seopress_titles_desc":"","_seopress_robots_index":"","site-sidebar-layout":"default","site-content-layout":"default","ast-site-content-layout":"default","site-content-style":"default","site-sidebar-style":"default","ast-global-header-display":"","ast-banner-title-visibility":"","ast-main-header-display":"","ast-hfb-above-header-display":"","ast-hfb-below-header-display":"","ast-hfb-mobile-header-display":"","site-post-title":"","ast-breadcrumbs-content":"","ast-featured-img":"","footer-sml-layout":"","ast-disable-related-posts":"","theme-transparent-header-meta":"default","adv-header-id-meta":"","stick-header-meta":"default","header-above-stick-meta":"","header-main-stick-meta":"","header-below-stick-meta":"","astra-migrate-meta-layouts":"set","ast-page-background-enabled":"default","ast-page-background-meta":{"desktop":{"background-color":"","background-image":"","background-repeat":"repeat","background-position":"center center","background-size":"auto","background-attachment":"scroll","background-type":"","background-media":"","overlay-type":"","overlay-color":"","overlay-opacity":"","overlay-gradient":""},"tablet":{"background-color":"","background-image":"","background-repeat":"repeat","background-position":"center center","background-size":"auto","background-attachment":"scroll","background-type":"","background-media":"","overlay-type":"","overlay-color":"","overlay-opacity":"","overlay-gradient":""},"mobile":{"background-color":"","background-image":"","background-repeat":"repeat","background-position":"center center","background-size":"auto","background-attachment":"scroll","background-type":"","background-media":"","overlay-type":"","overlay-color":"","overlay-opacity":"","overlay-gradient":""}},"ast-content-background-meta":{"desktop":{"background-color":"var(--ast-global-color-5)","background-image":"","background-repeat":"repeat","background-position":"center center","background-size":"auto","background-attachment":"scroll","background-type":"","background-media":"","overlay-type":"","overlay-color":"","overlay-opacity":"","overlay-gradient":""},"tablet":{"background-color":"var(--ast-global-color-5)","background-image":"","background-repeat":"repeat","background-position":"center center","background-size":"auto","background-attachment":"scroll","background-type":"","background-media":"","overlay-type":"","overlay-color":"","overlay-opacity":"","overlay-gradient":""},"mobile":{"background-color":"var(--ast-global-color-5)","background-image":"","background-repeat":"repeat","background-position":"center center","background-size":"auto","background-attachment":"scroll","background-type":"","background-media":"","overlay-type":"","overlay-color":"","overlay-opacity":"","overlay-gradient":""}}},"product_brand":[],"product_cat":[45],"product_tag":[],"class_list":{"0":"post-6909","1":"product","2":"type-product","3":"status-publish","4":"has-post-thumbnail","6":"product_cat-bubble-wrap","7":"desktop-align-left","8":"tablet-align-left","9":"mobile-align-left","10":"ast-product-gallery-layout-horizontal","11":"ast-product-tabs-layout-horizontal","13":"first","14":"instock","15":"purchasable","16":"product-type-simple"},"_links":{"self":[{"href":"https:\/\/reanpackaging.com\/et\/wp-json\/wp\/v2\/product\/6909","targetHints":{"allow":["GET"]}}],"collection":[{"href":"https:\/\/reanpackaging.com\/et\/wp-json\/wp\/v2\/product"}],"about":[{"href":"https:\/\/reanpackaging.com\/et\/wp-json\/wp\/v2\/types\/product"}],"wp:featuredmedia":[{"embeddable":true,"href":"https:\/\/reanpackaging.com\/et\/wp-json\/wp\/v2\/media\/6821"}],"wp:attachment":[{"href":"https:\/\/reanpackaging.com\/et\/wp-json\/wp\/v2\/media?parent=6909"}],"wp:term":[{"taxonomy":"product_brand","embeddable":true,"href":"https:\/\/reanpackaging.com\/et\/wp-json\/wp\/v2\/product_brand?post=6909"},{"taxonomy":"product_cat","embeddable":true,"href":"https:\/\/reanpackaging.com\/et\/wp-json\/wp\/v2\/product_cat?post=6909"},{"taxonomy":"product_tag","embeddable":true,"href":"https:\/\/reanpackaging.com\/et\/wp-json\/wp\/v2\/product_tag?post=6909"}],"curies":[{"name":"wp","href":"https:\/\/api.w.org\/{rel}","templated":true}]}}