{"id":6910,"date":"2023-09-21T13:22:09","date_gmt":"2023-09-21T13:22:09","guid":{"rendered":"http:\/\/ibn.wyd.mybluehost.me\/reanpackaging.com\/product\/honeycomb-paper-packaging-honeycomb-paper-wrapping-eco-friendly-bubble-cushion-wrap\/"},"modified":"2024-10-01T16:58:43","modified_gmt":"2024-10-01T16:58:43","slug":"honeycomb-paper-packaging-honeycomb-paper-wrapping-eco-friendly-bubble-cushion-wrap","status":"publish","type":"product","link":"https:\/\/reanpackaging.com\/et\/toode\/meekargpaberist-pakend-meekargpaberist-pakend-keskkonnasobralik-mullpadi-mahis\/","title":{"rendered":"Mesilase paberipakend mesilase paberipakend keskkonnas\u00f5bralik mullpadi m\u00e4his"},"content":{"rendered":"<h4>T\u00f6\u00f6stusspetsiifilised omadused<\/h4>\n<table border=\"1\">\n<tbody>\n<tr>\n<td><strong>Materjal<\/strong><\/td>\n<td>KRAFT PAPER<\/td>\n<\/tr>\n<tr>\n<td><strong>T\u00fc\u00fcp<\/strong><\/td>\n<td>KAITSEPABER<\/td>\n<\/tr>\n<\/tbody>\n<\/table>\n<h4>Muud omadused<\/h4>\n<table border=\"1\">\n<tbody>\n<tr>\n<td><strong>Toote nimi<\/strong><\/td>\n<td>K\u00e4rgpaberist m\u00e4his<\/td>\n<\/tr>\n<tr>\n<td><strong>Materjal<\/strong><\/td>\n<td>J\u00f5upaber<\/td>\n<\/tr>\n<tr>\n<td><strong>Suurus<\/strong><\/td>\n<td>Kohandatud, maksimaalne laius :500mm, 250m<\/td>\n<\/tr>\n<tr>\n<td><strong>Funktsioon<\/strong><\/td>\n<td>100% stantsitud paber ,100% ringlussev\u00f5etav<\/td>\n<\/tr>\n<tr>\n<td><strong>Taotlus<\/strong><\/td>\n<td>Raamatud, kataloogid ja ajakirjad , kosmeetika, nahahooldusvahendid<\/td>\n<\/tr>\n<\/tbody>\n<\/table>\n<p><img fetchpriority=\"high\" decoding=\"async\" class=\"alignnone  wp-image-7026\" src=\"http:\/\/ibn.wyd.mybluehost.me\/reanpackaging.com\/wp-content\/uploads\/2023\/09\/a-description-Honeycomb-Paper-Packaging-Honeycomb-Paper-Wrapping-Eco-Friendly-Bubble-Cushion-Wrap-1-300x300.jpg\" alt=\"meek\u00e4rgpaberist pakend meek\u00e4rgpaberist pakend keskkonnas\u00f5bralik mullpadi m\u00e4his\" width=\"1303\" height=\"1303\" srcset=\"https:\/\/reanpackaging.com\/wp-content\/uploads\/2023\/09\/a-description-Honeycomb-Paper-Packaging-Honeycomb-Paper-Wrapping-Eco-Friendly-Bubble-Cushion-Wrap-1-300x300.jpg 300w, https:\/\/reanpackaging.com\/wp-content\/uploads\/2023\/09\/a-description-Honeycomb-Paper-Packaging-Honeycomb-Paper-Wrapping-Eco-Friendly-Bubble-Cushion-Wrap-1-150x150.jpg 150w, https:\/\/reanpackaging.com\/wp-content\/uploads\/2023\/09\/a-description-Honeycomb-Paper-Packaging-Honeycomb-Paper-Wrapping-Eco-Friendly-Bubble-Cushion-Wrap-1-768x768.jpg 768w, https:\/\/reanpackaging.com\/wp-content\/uploads\/2023\/09\/a-description-Honeycomb-Paper-Packaging-Honeycomb-Paper-Wrapping-Eco-Friendly-Bubble-Cushion-Wrap-1-600x600.jpg 600w, https:\/\/reanpackaging.com\/wp-content\/uploads\/2023\/09\/a-description-Honeycomb-Paper-Packaging-Honeycomb-Paper-Wrapping-Eco-Friendly-Bubble-Cushion-Wrap-1-100x100.jpg 100w, https:\/\/reanpackaging.com\/wp-content\/uploads\/2023\/09\/a-description-Honeycomb-Paper-Packaging-Honeycomb-Paper-Wrapping-Eco-Friendly-Bubble-Cushion-Wrap-1.jpg 800w\" sizes=\"(max-width: 1303px) 100vw, 1303px\" \/><\/p>\n<p><img decoding=\"async\" class=\"alignnone  wp-image-7027\" src=\"http:\/\/ibn.wyd.mybluehost.me\/reanpackaging.com\/wp-content\/uploads\/2023\/09\/b-description-Honeycomb-Paper-Packaging-Honeycomb-Paper-Wrapping-Eco-Friendly-Bubble-Cushion-Wrap-1-300x300.jpg\" alt=\"meek\u00e4rgpaberist pakend meek\u00e4rgpaberist pakend keskkonnas\u00f5bralik mullpadi m\u00e4his\" width=\"1302\" height=\"1302\" srcset=\"https:\/\/reanpackaging.com\/wp-content\/uploads\/2023\/09\/b-description-Honeycomb-Paper-Packaging-Honeycomb-Paper-Wrapping-Eco-Friendly-Bubble-Cushion-Wrap-1-300x300.jpg 300w, https:\/\/reanpackaging.com\/wp-content\/uploads\/2023\/09\/b-description-Honeycomb-Paper-Packaging-Honeycomb-Paper-Wrapping-Eco-Friendly-Bubble-Cushion-Wrap-1-150x150.jpg 150w, https:\/\/reanpackaging.com\/wp-content\/uploads\/2023\/09\/b-description-Honeycomb-Paper-Packaging-Honeycomb-Paper-Wrapping-Eco-Friendly-Bubble-Cushion-Wrap-1-768x768.jpg 768w, https:\/\/reanpackaging.com\/wp-content\/uploads\/2023\/09\/b-description-Honeycomb-Paper-Packaging-Honeycomb-Paper-Wrapping-Eco-Friendly-Bubble-Cushion-Wrap-1-600x600.jpg 600w, https:\/\/reanpackaging.com\/wp-content\/uploads\/2023\/09\/b-description-Honeycomb-Paper-Packaging-Honeycomb-Paper-Wrapping-Eco-Friendly-Bubble-Cushion-Wrap-1-100x100.jpg 100w, https:\/\/reanpackaging.com\/wp-content\/uploads\/2023\/09\/b-description-Honeycomb-Paper-Packaging-Honeycomb-Paper-Wrapping-Eco-Friendly-Bubble-Cushion-Wrap-1.jpg 1000w\" sizes=\"(max-width: 1302px) 100vw, 1302px\" \/><\/p>\n<p><img decoding=\"async\" class=\"alignnone  wp-image-7028\" src=\"http:\/\/ibn.wyd.mybluehost.me\/reanpackaging.com\/wp-content\/uploads\/2023\/09\/c-description-Honeycomb-Paper-Packaging-Honeycomb-Paper-Wrapping-Eco-Friendly-Bubble-Cushion-Wrap-1-300x300.jpg\" alt=\"meek\u00e4rgpaberist pakend meek\u00e4rgpaberist pakend keskkonnas\u00f5bralik mullpadi m\u00e4his\" width=\"1303\" height=\"1303\" srcset=\"https:\/\/reanpackaging.com\/wp-content\/uploads\/2023\/09\/c-description-Honeycomb-Paper-Packaging-Honeycomb-Paper-Wrapping-Eco-Friendly-Bubble-Cushion-Wrap-1-300x300.jpg 300w, https:\/\/reanpackaging.com\/wp-content\/uploads\/2023\/09\/c-description-Honeycomb-Paper-Packaging-Honeycomb-Paper-Wrapping-Eco-Friendly-Bubble-Cushion-Wrap-1-150x150.jpg 150w, https:\/\/reanpackaging.com\/wp-content\/uploads\/2023\/09\/c-description-Honeycomb-Paper-Packaging-Honeycomb-Paper-Wrapping-Eco-Friendly-Bubble-Cushion-Wrap-1-768x768.jpg 768w, https:\/\/reanpackaging.com\/wp-content\/uploads\/2023\/09\/c-description-Honeycomb-Paper-Packaging-Honeycomb-Paper-Wrapping-Eco-Friendly-Bubble-Cushion-Wrap-1-600x600.jpg 600w, https:\/\/reanpackaging.com\/wp-content\/uploads\/2023\/09\/c-description-Honeycomb-Paper-Packaging-Honeycomb-Paper-Wrapping-Eco-Friendly-Bubble-Cushion-Wrap-1-100x100.jpg 100w, https:\/\/reanpackaging.com\/wp-content\/uploads\/2023\/09\/c-description-Honeycomb-Paper-Packaging-Honeycomb-Paper-Wrapping-Eco-Friendly-Bubble-Cushion-Wrap-1.jpg 800w\" sizes=\"(max-width: 1303px) 100vw, 1303px\" \/><\/p>\n<p><img loading=\"lazy\" decoding=\"async\" class=\"alignnone  wp-image-7029\" src=\"http:\/\/ibn.wyd.mybluehost.me\/reanpackaging.com\/wp-content\/uploads\/2023\/09\/d-description-Honeycomb-Paper-Packaging-Honeycomb-Paper-Wrapping-Eco-Friendly-Bubble-Cushion-Wrap-1-300x300.jpg\" alt=\"meek\u00e4rgpaberist pakend meek\u00e4rgpaberist pakend keskkonnas\u00f5bralik mullpadi m\u00e4his\" width=\"1303\" height=\"1303\" srcset=\"https:\/\/reanpackaging.com\/wp-content\/uploads\/2023\/09\/d-description-Honeycomb-Paper-Packaging-Honeycomb-Paper-Wrapping-Eco-Friendly-Bubble-Cushion-Wrap-1-300x300.jpg 300w, https:\/\/reanpackaging.com\/wp-content\/uploads\/2023\/09\/d-description-Honeycomb-Paper-Packaging-Honeycomb-Paper-Wrapping-Eco-Friendly-Bubble-Cushion-Wrap-1-150x150.jpg 150w, https:\/\/reanpackaging.com\/wp-content\/uploads\/2023\/09\/d-description-Honeycomb-Paper-Packaging-Honeycomb-Paper-Wrapping-Eco-Friendly-Bubble-Cushion-Wrap-1-600x600.jpg 600w, https:\/\/reanpackaging.com\/wp-content\/uploads\/2023\/09\/d-description-Honeycomb-Paper-Packaging-Honeycomb-Paper-Wrapping-Eco-Friendly-Bubble-Cushion-Wrap-1-100x100.jpg 100w, https:\/\/reanpackaging.com\/wp-content\/uploads\/2023\/09\/d-description-Honeycomb-Paper-Packaging-Honeycomb-Paper-Wrapping-Eco-Friendly-Bubble-Cushion-Wrap-1.jpg 750w\" sizes=\"(max-width: 1303px) 100vw, 1303px\" \/><\/p>\n<p><img loading=\"lazy\" decoding=\"async\" class=\"alignnone  wp-image-7030\" src=\"http:\/\/ibn.wyd.mybluehost.me\/reanpackaging.com\/wp-content\/uploads\/2023\/09\/e-description-Honeycomb-Paper-Packaging-Honeycomb-Paper-Wrapping-Eco-Friendly-Bubble-Cushion-Wrap-1-300x300.jpg\" alt=\"meek\u00e4rgpaberist pakend meek\u00e4rgpaberist pakend keskkonnas\u00f5bralik mullpadi m\u00e4his\" width=\"1312\" height=\"1312\" srcset=\"https:\/\/reanpackaging.com\/wp-content\/uploads\/2023\/09\/e-description-Honeycomb-Paper-Packaging-Honeycomb-Paper-Wrapping-Eco-Friendly-Bubble-Cushion-Wrap-1-300x300.jpg 300w, https:\/\/reanpackaging.com\/wp-content\/uploads\/2023\/09\/e-description-Honeycomb-Paper-Packaging-Honeycomb-Paper-Wrapping-Eco-Friendly-Bubble-Cushion-Wrap-1-150x150.jpg 150w, https:\/\/reanpackaging.com\/wp-content\/uploads\/2023\/09\/e-description-Honeycomb-Paper-Packaging-Honeycomb-Paper-Wrapping-Eco-Friendly-Bubble-Cushion-Wrap-1-768x768.jpg 768w, https:\/\/reanpackaging.com\/wp-content\/uploads\/2023\/09\/e-description-Honeycomb-Paper-Packaging-Honeycomb-Paper-Wrapping-Eco-Friendly-Bubble-Cushion-Wrap-1-600x600.jpg 600w, https:\/\/reanpackaging.com\/wp-content\/uploads\/2023\/09\/e-description-Honeycomb-Paper-Packaging-Honeycomb-Paper-Wrapping-Eco-Friendly-Bubble-Cushion-Wrap-1-100x100.jpg 100w, https:\/\/reanpackaging.com\/wp-content\/uploads\/2023\/09\/e-description-Honeycomb-Paper-Packaging-Honeycomb-Paper-Wrapping-Eco-Friendly-Bubble-Cushion-Wrap-1.jpg 800w\" sizes=\"(max-width: 1312px) 100vw, 1312px\" \/><\/p>\n<p><img loading=\"lazy\" decoding=\"async\" class=\"alignnone  wp-image-7031\" src=\"http:\/\/ibn.wyd.mybluehost.me\/reanpackaging.com\/wp-content\/uploads\/2023\/09\/g-description-Honeycomb-Paper-Packaging-Honeycomb-Paper-Wrapping-Eco-Friendly-Bubble-Cushion-Wrap-1-300x169.jpg\" alt=\"meek\u00e4rgpaberist pakend meek\u00e4rgpaberist pakend keskkonnas\u00f5bralik mullpadi m\u00e4his\" width=\"1312\" height=\"739\" srcset=\"https:\/\/reanpackaging.com\/wp-content\/uploads\/2023\/09\/g-description-Honeycomb-Paper-Packaging-Honeycomb-Paper-Wrapping-Eco-Friendly-Bubble-Cushion-Wrap-1-300x169.jpg 300w, https:\/\/reanpackaging.com\/wp-content\/uploads\/2023\/09\/g-description-Honeycomb-Paper-Packaging-Honeycomb-Paper-Wrapping-Eco-Friendly-Bubble-Cushion-Wrap-1-1024x576.jpg 1024w, https:\/\/reanpackaging.com\/wp-content\/uploads\/2023\/09\/g-description-Honeycomb-Paper-Packaging-Honeycomb-Paper-Wrapping-Eco-Friendly-Bubble-Cushion-Wrap-1-768x432.jpg 768w, https:\/\/reanpackaging.com\/wp-content\/uploads\/2023\/09\/g-description-Honeycomb-Paper-Packaging-Honeycomb-Paper-Wrapping-Eco-Friendly-Bubble-Cushion-Wrap-1-600x337.jpg 600w, https:\/\/reanpackaging.com\/wp-content\/uploads\/2023\/09\/g-description-Honeycomb-Paper-Packaging-Honeycomb-Paper-Wrapping-Eco-Friendly-Bubble-Cushion-Wrap-1.jpg 1300w\" sizes=\"(max-width: 1312px) 100vw, 1312px\" \/><\/p>\n<p><img loading=\"lazy\" decoding=\"async\" class=\"alignnone  wp-image-7032\" src=\"http:\/\/ibn.wyd.mybluehost.me\/reanpackaging.com\/wp-content\/uploads\/2023\/09\/h-description-Honeycomb-Paper-Packaging-Honeycomb-Paper-Wrapping-Eco-Friendly-Bubble-Cushion-Wrap-1-300x169.jpg\" alt=\"meek\u00e4rgpaberist pakend meek\u00e4rgpaberist pakend keskkonnas\u00f5bralik mullpadi m\u00e4his\" width=\"1314\" height=\"740\" srcset=\"https:\/\/reanpackaging.com\/wp-content\/uploads\/2023\/09\/h-description-Honeycomb-Paper-Packaging-Honeycomb-Paper-Wrapping-Eco-Friendly-Bubble-Cushion-Wrap-1-300x169.jpg 300w, https:\/\/reanpackaging.com\/wp-content\/uploads\/2023\/09\/h-description-Honeycomb-Paper-Packaging-Honeycomb-Paper-Wrapping-Eco-Friendly-Bubble-Cushion-Wrap-1-1024x576.jpg 1024w, https:\/\/reanpackaging.com\/wp-content\/uploads\/2023\/09\/h-description-Honeycomb-Paper-Packaging-Honeycomb-Paper-Wrapping-Eco-Friendly-Bubble-Cushion-Wrap-1-768x432.jpg 768w, https:\/\/reanpackaging.com\/wp-content\/uploads\/2023\/09\/h-description-Honeycomb-Paper-Packaging-Honeycomb-Paper-Wrapping-Eco-Friendly-Bubble-Cushion-Wrap-1-600x337.jpg 600w, https:\/\/reanpackaging.com\/wp-content\/uploads\/2023\/09\/h-description-Honeycomb-Paper-Packaging-Honeycomb-Paper-Wrapping-Eco-Friendly-Bubble-Cushion-Wrap-1.jpg 1300w\" sizes=\"(max-width: 1314px) 100vw, 1314px\" \/><\/p>\n<p><img loading=\"lazy\" decoding=\"async\" class=\"alignnone  wp-image-7033\" src=\"http:\/\/ibn.wyd.mybluehost.me\/reanpackaging.com\/wp-content\/uploads\/2023\/09\/i-description-Honeycomb-Paper-Packaging-Honeycomb-Paper-Wrapping-Eco-Friendly-Bubble-Cushion-Wrap-1-300x169.jpg\" alt=\"meek\u00e4rgpaberist pakend meek\u00e4rgpaberist pakend keskkonnas\u00f5bralik mullpadi m\u00e4his\" width=\"1314\" height=\"740\" srcset=\"https:\/\/reanpackaging.com\/wp-content\/uploads\/2023\/09\/i-description-Honeycomb-Paper-Packaging-Honeycomb-Paper-Wrapping-Eco-Friendly-Bubble-Cushion-Wrap-1-300x169.jpg 300w, https:\/\/reanpackaging.com\/wp-content\/uploads\/2023\/09\/i-description-Honeycomb-Paper-Packaging-Honeycomb-Paper-Wrapping-Eco-Friendly-Bubble-Cushion-Wrap-1-1024x576.jpg 1024w, https:\/\/reanpackaging.com\/wp-content\/uploads\/2023\/09\/i-description-Honeycomb-Paper-Packaging-Honeycomb-Paper-Wrapping-Eco-Friendly-Bubble-Cushion-Wrap-1-768x432.jpg 768w, https:\/\/reanpackaging.com\/wp-content\/uploads\/2023\/09\/i-description-Honeycomb-Paper-Packaging-Honeycomb-Paper-Wrapping-Eco-Friendly-Bubble-Cushion-Wrap-1-600x337.jpg 600w, https:\/\/reanpackaging.com\/wp-content\/uploads\/2023\/09\/i-description-Honeycomb-Paper-Packaging-Honeycomb-Paper-Wrapping-Eco-Friendly-Bubble-Cushion-Wrap-1.jpg 1300w\" sizes=\"(max-width: 1314px) 100vw, 1314px\" \/><\/p>\n<p><img loading=\"lazy\" decoding=\"async\" class=\"alignnone  wp-image-7034\" src=\"http:\/\/ibn.wyd.mybluehost.me\/reanpackaging.com\/wp-content\/uploads\/2023\/09\/j-description-Honeycomb-Paper-Packaging-Honeycomb-Paper-Wrapping-Eco-Friendly-Bubble-Cushion-Wrap-1-300x169.jpg\" alt=\"meek\u00e4rgpaberist pakend meek\u00e4rgpaberist pakend keskkonnas\u00f5bralik mullpadi m\u00e4his\" width=\"1315\" height=\"741\" srcset=\"https:\/\/reanpackaging.com\/wp-content\/uploads\/2023\/09\/j-description-Honeycomb-Paper-Packaging-Honeycomb-Paper-Wrapping-Eco-Friendly-Bubble-Cushion-Wrap-1-300x169.jpg 300w, https:\/\/reanpackaging.com\/wp-content\/uploads\/2023\/09\/j-description-Honeycomb-Paper-Packaging-Honeycomb-Paper-Wrapping-Eco-Friendly-Bubble-Cushion-Wrap-1-1024x576.jpg 1024w, https:\/\/reanpackaging.com\/wp-content\/uploads\/2023\/09\/j-description-Honeycomb-Paper-Packaging-Honeycomb-Paper-Wrapping-Eco-Friendly-Bubble-Cushion-Wrap-1-768x432.jpg 768w, https:\/\/reanpackaging.com\/wp-content\/uploads\/2023\/09\/j-description-Honeycomb-Paper-Packaging-Honeycomb-Paper-Wrapping-Eco-Friendly-Bubble-Cushion-Wrap-1-600x337.jpg 600w\" sizes=\"(max-width: 1315px) 100vw, 1315px\" \/><\/p>\n<p><img loading=\"lazy\" decoding=\"async\" class=\"alignnone  wp-image-7035\" src=\"http:\/\/ibn.wyd.mybluehost.me\/reanpackaging.com\/wp-content\/uploads\/2023\/09\/k-description-Honeycomb-Paper-Packaging-Honeycomb-Paper-Wrapping-Eco-Friendly-Bubble-Cushion-Wrap-1-300x300.jpg\" alt=\"meek\u00e4rgpaberist pakend meek\u00e4rgpaberist pakend keskkonnas\u00f5bralik mullpadi m\u00e4his\" width=\"1313\" height=\"1313\" srcset=\"https:\/\/reanpackaging.com\/wp-content\/uploads\/2023\/09\/k-description-Honeycomb-Paper-Packaging-Honeycomb-Paper-Wrapping-Eco-Friendly-Bubble-Cushion-Wrap-1-300x300.jpg 300w, https:\/\/reanpackaging.com\/wp-content\/uploads\/2023\/09\/k-description-Honeycomb-Paper-Packaging-Honeycomb-Paper-Wrapping-Eco-Friendly-Bubble-Cushion-Wrap-1-150x150.jpg 150w, https:\/\/reanpackaging.com\/wp-content\/uploads\/2023\/09\/k-description-Honeycomb-Paper-Packaging-Honeycomb-Paper-Wrapping-Eco-Friendly-Bubble-Cushion-Wrap-1-768x768.jpg 768w, https:\/\/reanpackaging.com\/wp-content\/uploads\/2023\/09\/k-description-Honeycomb-Paper-Packaging-Honeycomb-Paper-Wrapping-Eco-Friendly-Bubble-Cushion-Wrap-1-600x600.jpg 600w, https:\/\/reanpackaging.com\/wp-content\/uploads\/2023\/09\/k-description-Honeycomb-Paper-Packaging-Honeycomb-Paper-Wrapping-Eco-Friendly-Bubble-Cushion-Wrap-1-100x100.jpg 100w, https:\/\/reanpackaging.com\/wp-content\/uploads\/2023\/09\/k-description-Honeycomb-Paper-Packaging-Honeycomb-Paper-Wrapping-Eco-Friendly-Bubble-Cushion-Wrap-1.jpg 800w\" sizes=\"(max-width: 1313px) 100vw, 1313px\" \/><\/p>\n<p><img loading=\"lazy\" decoding=\"async\" class=\"alignnone  wp-image-7037\" src=\"http:\/\/ibn.wyd.mybluehost.me\/reanpackaging.com\/wp-content\/uploads\/2023\/09\/l-description-Honeycomb-Paper-Packaging-Honeycomb-Paper-Wrapping-Eco-Friendly-Bubble-Cushion-Wrap-1-300x300.jpg\" alt=\"meek\u00e4rgpaberist pakend meek\u00e4rgpaberist pakend keskkonnas\u00f5bralik mullpadi m\u00e4his\" width=\"1314\" height=\"1314\" srcset=\"https:\/\/reanpackaging.com\/wp-content\/uploads\/2023\/09\/l-description-Honeycomb-Paper-Packaging-Honeycomb-Paper-Wrapping-Eco-Friendly-Bubble-Cushion-Wrap-1-300x300.jpg 300w, https:\/\/reanpackaging.com\/wp-content\/uploads\/2023\/09\/l-description-Honeycomb-Paper-Packaging-Honeycomb-Paper-Wrapping-Eco-Friendly-Bubble-Cushion-Wrap-1-150x150.jpg 150w, https:\/\/reanpackaging.com\/wp-content\/uploads\/2023\/09\/l-description-Honeycomb-Paper-Packaging-Honeycomb-Paper-Wrapping-Eco-Friendly-Bubble-Cushion-Wrap-1-600x600.jpg 600w, https:\/\/reanpackaging.com\/wp-content\/uploads\/2023\/09\/l-description-Honeycomb-Paper-Packaging-Honeycomb-Paper-Wrapping-Eco-Friendly-Bubble-Cushion-Wrap-1-100x100.jpg 100w, https:\/\/reanpackaging.com\/wp-content\/uploads\/2023\/09\/l-description-Honeycomb-Paper-Packaging-Honeycomb-Paper-Wrapping-Eco-Friendly-Bubble-Cushion-Wrap-1.jpg 640w\" sizes=\"(max-width: 1314px) 100vw, 1314px\" \/><\/p>","protected":false},"excerpt":{"rendered":"<p>T\u00f6\u00f6stuse spetsiifilised atribuudid Materjal KRAFT PAPER T\u00fc\u00fcp KAITSEPAPER Muud atribuudid Toote nimi Honeycomb paberim\u00e4his Materjal j\u00f5upaber Suurus Kohandatud , maksimaalne laius :500mm, 250m Funktsioon 100% stantsitud paber ,100% taaskasutatav Rakendus Raamatud, kataloogid ja ajakirjad , kosmeetika, nahahooldusvahendid<\/p>","protected":false},"featured_media":6826,"template":"","meta":{"_seopress_robots_primary_cat":"none","_seopress_titles_title":"","_seopress_titles_desc":"","_seopress_robots_index":"","site-sidebar-layout":"default","site-content-layout":"default","ast-site-content-layout":"default","site-content-style":"default","site-sidebar-style":"default","ast-global-header-display":"","ast-banner-title-visibility":"","ast-main-header-display":"","ast-hfb-above-header-display":"","ast-hfb-below-header-display":"","ast-hfb-mobile-header-display":"","site-post-title":"","ast-breadcrumbs-content":"","ast-featured-img":"","footer-sml-layout":"","ast-disable-related-posts":"","theme-transparent-header-meta":"default","adv-header-id-meta":"","stick-header-meta":"default","header-above-stick-meta":"","header-main-stick-meta":"","header-below-stick-meta":"","astra-migrate-meta-layouts":"set","ast-page-background-enabled":"default","ast-page-background-meta":{"desktop":{"background-color":"","background-image":"","background-repeat":"repeat","background-position":"center center","background-size":"auto","background-attachment":"scroll","background-type":"","background-media":"","overlay-type":"","overlay-color":"","overlay-opacity":"","overlay-gradient":""},"tablet":{"background-color":"","background-image":"","background-repeat":"repeat","background-position":"center center","background-size":"auto","background-attachment":"scroll","background-type":"","background-media":"","overlay-type":"","overlay-color":"","overlay-opacity":"","overlay-gradient":""},"mobile":{"background-color":"","background-image":"","background-repeat":"repeat","background-position":"center center","background-size":"auto","background-attachment":"scroll","background-type":"","background-media":"","overlay-type":"","overlay-color":"","overlay-opacity":"","overlay-gradient":""}},"ast-content-background-meta":{"desktop":{"background-color":"var(--ast-global-color-5)","background-image":"","background-repeat":"repeat","background-position":"center center","background-size":"auto","background-attachment":"scroll","background-type":"","background-media":"","overlay-type":"","overlay-color":"","overlay-opacity":"","overlay-gradient":""},"tablet":{"background-color":"var(--ast-global-color-5)","background-image":"","background-repeat":"repeat","background-position":"center center","background-size":"auto","background-attachment":"scroll","background-type":"","background-media":"","overlay-type":"","overlay-color":"","overlay-opacity":"","overlay-gradient":""},"mobile":{"background-color":"var(--ast-global-color-5)","background-image":"","background-repeat":"repeat","background-position":"center center","background-size":"auto","background-attachment":"scroll","background-type":"","background-media":"","overlay-type":"","overlay-color":"","overlay-opacity":"","overlay-gradient":""}}},"product_brand":[],"product_cat":[45],"product_tag":[],"class_list":{"0":"post-6910","1":"product","2":"type-product","3":"status-publish","4":"has-post-thumbnail","6":"product_cat-bubble-wrap","7":"desktop-align-left","8":"tablet-align-left","9":"mobile-align-left","10":"ast-product-gallery-layout-horizontal","11":"ast-product-tabs-layout-horizontal","13":"first","14":"instock","15":"purchasable","16":"product-type-simple"},"_links":{"self":[{"href":"https:\/\/reanpackaging.com\/et\/wp-json\/wp\/v2\/product\/6910","targetHints":{"allow":["GET"]}}],"collection":[{"href":"https:\/\/reanpackaging.com\/et\/wp-json\/wp\/v2\/product"}],"about":[{"href":"https:\/\/reanpackaging.com\/et\/wp-json\/wp\/v2\/types\/product"}],"wp:featuredmedia":[{"embeddable":true,"href":"https:\/\/reanpackaging.com\/et\/wp-json\/wp\/v2\/media\/6826"}],"wp:attachment":[{"href":"https:\/\/reanpackaging.com\/et\/wp-json\/wp\/v2\/media?parent=6910"}],"wp:term":[{"taxonomy":"product_brand","embeddable":true,"href":"https:\/\/reanpackaging.com\/et\/wp-json\/wp\/v2\/product_brand?post=6910"},{"taxonomy":"product_cat","embeddable":true,"href":"https:\/\/reanpackaging.com\/et\/wp-json\/wp\/v2\/product_cat?post=6910"},{"taxonomy":"product_tag","embeddable":true,"href":"https:\/\/reanpackaging.com\/et\/wp-json\/wp\/v2\/product_tag?post=6910"}],"curies":[{"name":"wp","href":"https:\/\/api.w.org\/{rel}","templated":true}]}}