{"id":7446,"date":"2023-09-23T08:35:21","date_gmt":"2023-09-23T08:35:21","guid":{"rendered":"http:\/\/ibn.wyd.mybluehost.me\/reanpackaging.com\/product\/amazon-sticker-clear-bopp-custom-logo-printed-packing-tape-printing-personalised-opp-branded-3-inch-prime-brown-color-waterproof\/"},"modified":"2024-10-01T16:57:48","modified_gmt":"2024-10-01T16:57:48","slug":"amazon-sticker-clear-bopp-custom-logo-printed-packing-tape-printing-personalised-opp-branded-3-inch-prime-brown-color-waterproof","status":"publish","type":"product","link":"https:\/\/reanpackaging.com\/et\/toode\/amazon-sticker-clear-bopp-custom-logo-printed-packing-tape-printing-personalised-opp-branded-3-inch-prime-brown-color-waterproof\/","title":{"rendered":"Amazon kleebis selge Bopp Custom Logo tr\u00fckitud pakkimislindi tr\u00fckkimine isikup\u00e4rastatud Opp Branded 3 tolli Prime Brown v\u00e4rvi veekindel"},"content":{"rendered":"<h4>T\u00f6\u00f6stusspetsiifilised omadused<\/h4>\n<table border=\"1\">\n<tr>\n<td><strong>Liimi<\/strong><\/td>\n<td>Akr\u00fc\u00fcl<\/td>\n<\/tr>\n<tr>\n<td><strong>Liimipoolne k\u00fclg<\/strong><\/td>\n<td>\u00dchepoolne<\/td>\n<\/tr>\n<tr>\n<td><strong>Liimi t\u00fc\u00fcp<\/strong><\/td>\n<td>Vesi aktiveeritud<\/td>\n<\/tr>\n<tr>\n<td><strong>Disainitr\u00fckk<\/strong><\/td>\n<td>Ei ole tr\u00fckkimist<\/td>\n<\/tr>\n<tr>\n<td><strong>Materjal<\/strong><\/td>\n<td>Bopp<\/td>\n<\/tr>\n<tr>\n<td><strong>Funktsioon<\/strong><\/td>\n<td>Veekindel<\/td>\n<\/tr>\n<tr>\n<td><strong>Kasutage<\/strong><\/td>\n<td>Kartongi sulgemine<\/td>\n<\/tr>\n<\/table>\n<h4>Muud omadused<\/h4>\n<table border=\"1\">\n<tr>\n<td><strong>Toote nimi<\/strong><\/td>\n<td>BOPP pakendilint<\/td>\n<\/tr>\n<tr>\n<td><strong>V\u00e4rv<\/strong><\/td>\n<td>L\u00e4bipaistev<\/td>\n<\/tr>\n<tr>\n<td><strong>Taotlus<\/strong><\/td>\n<td>Kartongipakend<\/td>\n<\/tr>\n<tr>\n<td><strong>Paksus<\/strong><\/td>\n<td>35mic-65mic<\/td>\n<\/tr>\n<tr>\n<td><strong>Kasutamine<\/strong><\/td>\n<td>Kartongide sulgemine<\/td>\n<\/tr>\n<tr>\n<td><strong>T\u00fc\u00fcp<\/strong><\/td>\n<td>Isekleepuv teip<\/td>\n<\/tr>\n<tr>\n<td><strong>Suurus<\/strong><\/td>\n<td>48mmx50m<\/td>\n<\/tr>\n<tr>\n<td><strong>N\u00e4ide<\/strong><\/td>\n<td>Vabalt pakutav<\/td>\n<\/tr>\n<tr>\n<td><strong>Pakkimine<\/strong><\/td>\n<td>Kartongkast<\/td>\n<\/tr>\n<tr>\n<td><strong>Tr\u00fckkimine<\/strong><\/td>\n<td>Kohandatud tr\u00fckkimine<\/td>\n<\/tr>\n<\/table>\n<p><img decoding=\"async\" class=\"detail-desc-decorate-image\" src=\"http:\/\/ibn.wyd.mybluehost.me\/reanpackaging.com\/wp-content\/uploads\/2023\/09\/1-description-Amazon-Sticker-Clear-Bopp-Custom-Logo-Printed-Packing-Tape-Printing-Personalised-Opp-Branded-3-Inch-Prime-Brown-Color-Waterproof.jpg\" slate-data-type=\"image\" style=\"max-width: 100%; height: auto; margin: 0 auto 5px;\"><br \/>\n<img decoding=\"async\" class=\"detail-desc-decorate-image\" src=\"http:\/\/ibn.wyd.mybluehost.me\/reanpackaging.com\/wp-content\/uploads\/2023\/09\/2-description-Amazon-Sticker-Clear-Bopp-Custom-Logo-Printed-Packing-Tape-Printing-Personalised-Opp-Branded-3-Inch-Prime-Brown-Color-Waterproof.jpg\" slate-data-type=\"image\" style=\"max-width: 100%; height: auto; margin: 0 auto 5px;\"><br \/>\n<img decoding=\"async\" class=\"detail-desc-decorate-image\" src=\"http:\/\/ibn.wyd.mybluehost.me\/reanpackaging.com\/wp-content\/uploads\/2023\/09\/3-description-Amazon-Sticker-Clear-Bopp-Custom-Logo-Printed-Packing-Tape-Printing-Personalised-Opp-Branded-3-Inch-Prime-Brown-Color-Waterproof.jpg\" slate-data-type=\"image\" style=\"max-width: 100%; height: auto; margin: 0 auto 5px;\"><br \/>\n<img decoding=\"async\" class=\"detail-desc-decorate-image\" src=\"http:\/\/ibn.wyd.mybluehost.me\/reanpackaging.com\/wp-content\/uploads\/2023\/09\/4-description-Amazon-Sticker-Clear-Bopp-Custom-Logo-Printed-Packing-Tape-Printing-Personalised-Opp-Branded-3-Inch-Prime-Brown-Color-Waterproof.jpg\" slate-data-type=\"image\" style=\"max-width: 100%; height: auto; margin: 0 auto 5px;\"><br \/>\n<img decoding=\"async\" class=\"detail-desc-decorate-image\" src=\"http:\/\/ibn.wyd.mybluehost.me\/reanpackaging.com\/wp-content\/uploads\/2023\/09\/5-description-Amazon-Sticker-Clear-Bopp-Custom-Logo-Printed-Packing-Tape-Printing-Personalised-Opp-Branded-3-Inch-Prime-Brown-Color-Waterproof.jpg\" slate-data-type=\"image\" style=\"max-width: 100%; height: auto; margin: 0 auto 5px;\"><br \/>\n<img decoding=\"async\" class=\"detail-desc-decorate-image\" src=\"http:\/\/ibn.wyd.mybluehost.me\/reanpackaging.com\/wp-content\/uploads\/2023\/09\/6-description-Amazon-Sticker-Clear-Bopp-Custom-Logo-Printed-Packing-Tape-Printing-Personalised-Opp-Branded-3-Inch-Prime-Brown-Color-Waterproof.jpg\" slate-data-type=\"image\" style=\"max-width: 100%; height: auto; margin: 0 auto 5px;\"><br \/>\n<img decoding=\"async\" class=\"detail-desc-decorate-image\" src=\"http:\/\/ibn.wyd.mybluehost.me\/reanpackaging.com\/wp-content\/uploads\/2023\/09\/7-description-Amazon-Sticker-Clear-Bopp-Custom-Logo-Printed-Packing-Tape-Printing-Personalised-Opp-Branded-3-Inch-Prime-Brown-Color-Waterproof.jpg\" slate-data-type=\"image\" style=\"max-width: 100%; height: auto; margin: 0 auto 5px;\"><br \/>\n<img decoding=\"async\" class=\"detail-desc-decorate-image\" src=\"http:\/\/ibn.wyd.mybluehost.me\/reanpackaging.com\/wp-content\/uploads\/2023\/09\/8-description-Amazon-Sticker-Clear-Bopp-Custom-Logo-Printed-Packing-Tape-Printing-Personalised-Opp-Branded-3-Inch-Prime-Brown-Color-Waterproof.jpg\" slate-data-type=\"image\" style=\"max-width: 100%; height: auto; margin: 0 auto 5px;\"><\/p>","protected":false},"excerpt":{"rendered":"<p>Industry-Specific Attributes Adhesive Acrylic Adhesive Side Single Sided Adhesive Type Water Activated Design Printing No printing Material Bopp Feature Waterproof Use Carton Sealing Other Attributes Product name BOPP Packaging Tape Color Transparent Application Carton Package Thickness 35mic-65mic Usage Sealing Cartons Type Self-adhesive Tape Size 48mmx50m Sample Freely Provided Packing Carton Box Printing Customized Printing<\/p>","protected":false},"featured_media":7287,"template":"","meta":{"_seopress_robots_primary_cat":"none","_seopress_titles_title":"","_seopress_titles_desc":"","_seopress_robots_index":"","site-sidebar-layout":"default","site-content-layout":"","ast-site-content-layout":"default","site-content-style":"default","site-sidebar-style":"default","ast-global-header-display":"","ast-banner-title-visibility":"","ast-main-header-display":"","ast-hfb-above-header-display":"","ast-hfb-below-header-display":"","ast-hfb-mobile-header-display":"","site-post-title":"","ast-breadcrumbs-content":"","ast-featured-img":"","footer-sml-layout":"","ast-disable-related-posts":"","theme-transparent-header-meta":"default","adv-header-id-meta":"","stick-header-meta":"default","header-above-stick-meta":"","header-main-stick-meta":"","header-below-stick-meta":"","astra-migrate-meta-layouts":"set","ast-page-background-enabled":"default","ast-page-background-meta":{"desktop":{"background-color":"","background-image":"","background-repeat":"repeat","background-position":"center center","background-size":"auto","background-attachment":"scroll","background-type":"","background-media":"","overlay-type":"","overlay-color":"","overlay-opacity":"","overlay-gradient":""},"tablet":{"background-color":"","background-image":"","background-repeat":"repeat","background-position":"center center","background-size":"auto","background-attachment":"scroll","background-type":"","background-media":"","overlay-type":"","overlay-color":"","overlay-opacity":"","overlay-gradient":""},"mobile":{"background-color":"","background-image":"","background-repeat":"repeat","background-position":"center center","background-size":"auto","background-attachment":"scroll","background-type":"","background-media":"","overlay-type":"","overlay-color":"","overlay-opacity":"","overlay-gradient":""}},"ast-content-background-meta":{"desktop":{"background-color":"var(--ast-global-color-5)","background-image":"","background-repeat":"repeat","background-position":"center center","background-size":"auto","background-attachment":"scroll","background-type":"","background-media":"","overlay-type":"","overlay-color":"","overlay-opacity":"","overlay-gradient":""},"tablet":{"background-color":"var(--ast-global-color-5)","background-image":"","background-repeat":"repeat","background-position":"center center","background-size":"auto","background-attachment":"scroll","background-type":"","background-media":"","overlay-type":"","overlay-color":"","overlay-opacity":"","overlay-gradient":""},"mobile":{"background-color":"var(--ast-global-color-5)","background-image":"","background-repeat":"repeat","background-position":"center center","background-size":"auto","background-attachment":"scroll","background-type":"","background-media":"","overlay-type":"","overlay-color":"","overlay-opacity":"","overlay-gradient":""}}},"product_brand":[],"product_cat":[46],"product_tag":[],"class_list":{"0":"post-7446","1":"product","2":"type-product","3":"status-publish","4":"has-post-thumbnail","6":"product_cat-custom-print-tape","7":"desktop-align-left","8":"tablet-align-left","9":"mobile-align-left","10":"ast-product-gallery-layout-horizontal","11":"ast-product-tabs-layout-horizontal","13":"first","14":"instock","15":"purchasable","16":"product-type-simple"},"_links":{"self":[{"href":"https:\/\/reanpackaging.com\/et\/wp-json\/wp\/v2\/product\/7446","targetHints":{"allow":["GET"]}}],"collection":[{"href":"https:\/\/reanpackaging.com\/et\/wp-json\/wp\/v2\/product"}],"about":[{"href":"https:\/\/reanpackaging.com\/et\/wp-json\/wp\/v2\/types\/product"}],"wp:featuredmedia":[{"embeddable":true,"href":"https:\/\/reanpackaging.com\/et\/wp-json\/wp\/v2\/media\/7287"}],"wp:attachment":[{"href":"https:\/\/reanpackaging.com\/et\/wp-json\/wp\/v2\/media?parent=7446"}],"wp:term":[{"taxonomy":"product_brand","embeddable":true,"href":"https:\/\/reanpackaging.com\/et\/wp-json\/wp\/v2\/product_brand?post=7446"},{"taxonomy":"product_cat","embeddable":true,"href":"https:\/\/reanpackaging.com\/et\/wp-json\/wp\/v2\/product_cat?post=7446"},{"taxonomy":"product_tag","embeddable":true,"href":"https:\/\/reanpackaging.com\/et\/wp-json\/wp\/v2\/product_tag?post=7446"}],"curies":[{"name":"wp","href":"https:\/\/api.w.org\/{rel}","templated":true}]}}