{"id":7449,"date":"2023-09-23T08:35:21","date_gmt":"2023-09-23T08:35:21","guid":{"rendered":"http:\/\/ibn.wyd.mybluehost.me\/reanpackaging.com\/product\/wholesale-hot-sale-japanese-washi-tape-with-custom-printed-decorative-washi-tape-set\/"},"modified":"2024-10-01T16:57:50","modified_gmt":"2024-10-01T16:57:50","slug":"wholesale-hot-sale-japanese-washi-tape-with-custom-printed-decorative-washi-tape-set","status":"publish","type":"product","link":"https:\/\/reanpackaging.com\/et\/toode\/wholesale-hot-sale-japanese-washi-tape-with-custom-printed-decorative-washi-tape-set\/","title":{"rendered":"Hulgim\u00fc\u00fck Kuum m\u00fc\u00fck Jaapani Washi Tape koos kohandatud tr\u00fckitud dekoratiivse Washi Tape komplektiga"},"content":{"rendered":"<h4>T\u00f6\u00f6stusspetsiifilised omadused<\/h4>\n<table border=\"1\">\n<tbody>\n<tr>\n<td><strong>Liimi<\/strong><\/td>\n<td>Kaut\u0161uk<\/td>\n<\/tr>\n<tr>\n<td><strong>Liimipoolne k\u00fclg<\/strong><\/td>\n<td>\u00dchepoolne<\/td>\n<\/tr>\n<tr>\n<td><strong>Liimi t\u00fc\u00fcp<\/strong><\/td>\n<td>Survetundlik, veeaktiveeritud, kuumsulav, kuumsulav.<\/td>\n<\/tr>\n<tr>\n<td><strong>Disainitr\u00fckk<\/strong><\/td>\n<td>Pakkumine Tr\u00fckkimine<\/td>\n<\/tr>\n<tr>\n<td><strong>Materjal<\/strong><\/td>\n<td>Maskeeriv paber<\/td>\n<\/tr>\n<tr>\n<td><strong>Funktsioon<\/strong><\/td>\n<td>Kuumakindel<\/td>\n<\/tr>\n<tr>\n<td><strong>Kasutage<\/strong><\/td>\n<td>MASKING<\/td>\n<\/tr>\n<\/tbody>\n<\/table>\n<h4>Muud omadused<\/h4>\n<table border=\"1\">\n<tbody>\n<tr>\n<td><strong>LAIENDUS<\/strong><\/td>\n<td>5mm~150mm<\/td>\n<\/tr>\n<tr>\n<td><strong>PIKKUS<\/strong><\/td>\n<td>3m, 5m, 8m, 10m, 12m, 15m jne.<\/td>\n<\/tr>\n<tr>\n<td><strong>PAKSUS<\/strong><\/td>\n<td>85~95 mikrofon<\/td>\n<\/tr>\n<tr>\n<td><strong>COLOR<\/strong><\/td>\n<td>Mitu v\u00e4rvi<\/td>\n<\/tr>\n<tr>\n<td><strong>KANDIDEERIMINE<\/strong><\/td>\n<td>Dekoratsioon,k\u00e4sit\u00f6\u00f6<\/td>\n<\/tr>\n<tr>\n<td><strong>PAKKUMINE<\/strong><\/td>\n<td>OPP KOTI+KARTONG<\/td>\n<\/tr>\n<tr>\n<td><strong>MOQ<\/strong><\/td>\n<td>500ROLL<\/td>\n<\/tr>\n<tr>\n<td><strong>DESIGN FILE<\/strong><\/td>\n<td>PDF,AI,HD JEPG<\/td>\n<\/tr>\n<tr>\n<td><strong>MAKSEPUNKT<\/strong><\/td>\n<td>Trade Assurance, TT, Paypal, Western Union<\/td>\n<\/tr>\n<tr>\n<td><strong>LAEVA<\/strong><\/td>\n<td>DHL, TNT, UPS, FEDEX, SF express, EMS<\/td>\n<\/tr>\n<\/tbody>\n<\/table>\n<p><img decoding=\"async\" class=\"detail-desc-decorate-image aligncenter\" style=\"max-width: 100%; height: auto; margin: 0 auto 5px;\" src=\"http:\/\/ibn.wyd.mybluehost.me\/reanpackaging.com\/wp-content\/uploads\/2023\/09\/1-description-Wholesale-Hot-Sale-Japanese-Washi-Tape-With-Custom-Printed-Decorative-Washi-Tape-Set.jpg\" \/><br \/>\n<img decoding=\"async\" class=\"detail-desc-decorate-image aligncenter\" style=\"max-width: 100%; height: auto; margin: 0 auto 5px;\" src=\"http:\/\/ibn.wyd.mybluehost.me\/reanpackaging.com\/wp-content\/uploads\/2023\/09\/2-description-Wholesale-Hot-Sale-Japanese-Washi-Tape-With-Custom-Printed-Decorative-Washi-Tape-Set.jpg\" \/><br \/>\n<img decoding=\"async\" class=\"detail-desc-decorate-image aligncenter\" style=\"max-width: 100%; height: auto; margin: 0 auto 5px;\" src=\"http:\/\/ibn.wyd.mybluehost.me\/reanpackaging.com\/wp-content\/uploads\/2023\/09\/4-description-Wholesale-Hot-Sale-Japanese-Washi-Tape-With-Custom-Printed-Decorative-Washi-Tape-Set.jpg\" \/><\/p>","protected":false},"excerpt":{"rendered":"<p>Industry-Specific Attributes Adhesive Rubber Adhesive Side Single Sided Adhesive Type Pressure Sensitive, Water Activated, Hot Melt Design Printing Offer Printing Material Masking Paper Feature Heat-Resistant Use MASKING Other Attributes WIDTH 5mm~150mm LENGTH 3m, 5m, 8m,10m,12m,15m,etc THICKNESS 85~95 mic COLOR Multiple Colors APPLICATION Decoration,Craft PACKAGE OPP BAG+CARTON MOQ 500ROLL DESIGN FILE PDF,AI,HD JEPG PAYMENT ITEM Trade [&hellip;]<\/p>\n","protected":false},"featured_media":7427,"template":"","meta":{"_seopress_robots_primary_cat":"none","_seopress_titles_title":"","_seopress_titles_desc":"","_seopress_robots_index":"","site-sidebar-layout":"default","site-content-layout":"default","ast-site-content-layout":"default","site-content-style":"default","site-sidebar-style":"default","ast-global-header-display":"","ast-banner-title-visibility":"","ast-main-header-display":"","ast-hfb-above-header-display":"","ast-hfb-below-header-display":"","ast-hfb-mobile-header-display":"","site-post-title":"","ast-breadcrumbs-content":"","ast-featured-img":"","footer-sml-layout":"","ast-disable-related-posts":"","theme-transparent-header-meta":"default","adv-header-id-meta":"","stick-header-meta":"default","header-above-stick-meta":"","header-main-stick-meta":"","header-below-stick-meta":"","astra-migrate-meta-layouts":"set","ast-page-background-enabled":"default","ast-page-background-meta":{"desktop":{"background-color":"","background-image":"","background-repeat":"repeat","background-position":"center center","background-size":"auto","background-attachment":"scroll","background-type":"","background-media":"","overlay-type":"","overlay-color":"","overlay-opacity":"","overlay-gradient":""},"tablet":{"background-color":"","background-image":"","background-repeat":"repeat","background-position":"center center","background-size":"auto","background-attachment":"scroll","background-type":"","background-media":"","overlay-type":"","overlay-color":"","overlay-opacity":"","overlay-gradient":""},"mobile":{"background-color":"","background-image":"","background-repeat":"repeat","background-position":"center center","background-size":"auto","background-attachment":"scroll","background-type":"","background-media":"","overlay-type":"","overlay-color":"","overlay-opacity":"","overlay-gradient":""}},"ast-content-background-meta":{"desktop":{"background-color":"var(--ast-global-color-5)","background-image":"","background-repeat":"repeat","background-position":"center center","background-size":"auto","background-attachment":"scroll","background-type":"","background-media":"","overlay-type":"","overlay-color":"","overlay-opacity":"","overlay-gradient":""},"tablet":{"background-color":"var(--ast-global-color-5)","background-image":"","background-repeat":"repeat","background-position":"center center","background-size":"auto","background-attachment":"scroll","background-type":"","background-media":"","overlay-type":"","overlay-color":"","overlay-opacity":"","overlay-gradient":""},"mobile":{"background-color":"var(--ast-global-color-5)","background-image":"","background-repeat":"repeat","background-position":"center center","background-size":"auto","background-attachment":"scroll","background-type":"","background-media":"","overlay-type":"","overlay-color":"","overlay-opacity":"","overlay-gradient":""}}},"product_brand":[],"product_cat":[46],"product_tag":[],"class_list":{"0":"post-7449","1":"product","2":"type-product","3":"status-publish","4":"has-post-thumbnail","6":"product_cat-custom-print-tape","7":"desktop-align-left","8":"tablet-align-left","9":"mobile-align-left","10":"ast-product-gallery-layout-horizontal","11":"ast-product-tabs-layout-horizontal","13":"first","14":"instock","15":"purchasable","16":"product-type-simple"},"_links":{"self":[{"href":"https:\/\/reanpackaging.com\/et\/wp-json\/wp\/v2\/product\/7449","targetHints":{"allow":["GET"]}}],"collection":[{"href":"https:\/\/reanpackaging.com\/et\/wp-json\/wp\/v2\/product"}],"about":[{"href":"https:\/\/reanpackaging.com\/et\/wp-json\/wp\/v2\/types\/product"}],"wp:featuredmedia":[{"embeddable":true,"href":"https:\/\/reanpackaging.com\/et\/wp-json\/wp\/v2\/media\/7427"}],"wp:attachment":[{"href":"https:\/\/reanpackaging.com\/et\/wp-json\/wp\/v2\/media?parent=7449"}],"wp:term":[{"taxonomy":"product_brand","embeddable":true,"href":"https:\/\/reanpackaging.com\/et\/wp-json\/wp\/v2\/product_brand?post=7449"},{"taxonomy":"product_cat","embeddable":true,"href":"https:\/\/reanpackaging.com\/et\/wp-json\/wp\/v2\/product_cat?post=7449"},{"taxonomy":"product_tag","embeddable":true,"href":"https:\/\/reanpackaging.com\/et\/wp-json\/wp\/v2\/product_tag?post=7449"}],"curies":[{"name":"wp","href":"https:\/\/api.w.org\/{rel}","templated":true}]}}