{"id":7450,"date":"2023-09-23T08:35:21","date_gmt":"2023-09-23T08:35:21","guid":{"rendered":"http:\/\/ibn.wyd.mybluehost.me\/reanpackaging.com\/product\/custom-printing-with-logo-reinforced-brown-gummed-water-activated-self-adhesive-eco-kraft-paper-packing-tape-jumbo-roll\/"},"modified":"2024-10-01T16:57:51","modified_gmt":"2024-10-01T16:57:51","slug":"custom-printing-with-logo-reinforced-brown-gummed-water-activated-self-adhesive-eco-kraft-paper-packing-tape-jumbo-roll","status":"publish","type":"product","link":"https:\/\/reanpackaging.com\/et\/toode\/custom-printing-with-logo-reinforced-brown-gummed-water-activated-self-adhesive-eco-kraft-paper-packing-tape-jumbo-roll\/","title":{"rendered":"Kohandatud tr\u00fckkimine koos logo tugevdatud pruun kummeeritud vee aktiveeritud \/ isekleepuv Eco Kraft Paper Packing Tape Jumbo Roll"},"content":{"rendered":"<h4>T\u00f6\u00f6stusspetsiifilised omadused<\/h4>\n<table border=\"1\">\n<tbody>\n<tr>\n<td><strong>Liimi<\/strong><\/td>\n<td>Akr\u00fc\u00fcl<\/td>\n<\/tr>\n<tr>\n<td><strong>Liimipoolne k\u00fclg<\/strong><\/td>\n<td>\u00dchepoolne<\/td>\n<\/tr>\n<tr>\n<td><strong>Liimi t\u00fc\u00fcp<\/strong><\/td>\n<td>Survetundlik, veeaktiveeritud, kuumsulav, kuumsulav.<\/td>\n<\/tr>\n<tr>\n<td><strong>Disainitr\u00fckk<\/strong><\/td>\n<td>Pakkumine Tr\u00fckkimine<\/td>\n<\/tr>\n<tr>\n<td><strong>Materjal<\/strong><\/td>\n<td>Kraftpaber<\/td>\n<\/tr>\n<tr>\n<td><strong>Funktsioon<\/strong><\/td>\n<td>ANTISTATIC<\/td>\n<\/tr>\n<tr>\n<td><strong>Kasutage<\/strong><\/td>\n<td>Kartongi sulgemine<\/td>\n<\/tr>\n<\/tbody>\n<\/table>\n<h4>Muud omadused<\/h4>\n<table border=\"1\">\n<tbody>\n<tr>\n<td><strong>Kind<\/strong><\/td>\n<td>Isekleepuv\/veega aktiveeritav<\/td>\n<\/tr>\n<tr>\n<td><strong>Standardne v\u00e4rvus<\/strong><\/td>\n<td>Pruun, valge<\/td>\n<\/tr>\n<tr>\n<td><strong>Eriline v\u00e4rv<\/strong><\/td>\n<td>Punane, roheline, must jne<\/td>\n<\/tr>\n<tr>\n<td><strong>T\u00fc\u00fcp<\/strong><\/td>\n<td>Tugevdatud\/liht\/perforeeritud<\/td>\n<\/tr>\n<tr>\n<td><strong>Liimi<\/strong><\/td>\n<td>Kuumsulav\/lahustiga akr\u00fc\u00fcl\/vesiakr\u00fc\u00fcl\/kummikumm<\/td>\n<\/tr>\n<tr>\n<td><strong>Jumbo rulli suurus<\/strong><\/td>\n<td>1.02m x 1000m\/1200m\/1500m jne.<\/td>\n<\/tr>\n<tr>\n<td><strong>Rulli suuruse l\u00f5ikamine<\/strong><\/td>\n<td>24mm\/48mm\/50mm\/76mm x 25m\/50m jne.<\/td>\n<\/tr>\n<tr>\n<td><strong>Kohandatud teenus<\/strong><\/td>\n<td>Pakkuda logo tr\u00fckkimist, s\u00fcdamiku tr\u00fckkimist<\/td>\n<\/tr>\n<tr>\n<td><strong>Makseviis<\/strong><\/td>\n<td>T\/T, L\/C, D\/A, D\/P, O\/A, PayPal, Western Union jne.<\/td>\n<\/tr>\n<tr>\n<td><strong>N\u00e4ide<\/strong><\/td>\n<td>Tasuta<\/td>\n<\/tr>\n<\/tbody>\n<\/table>\n<p><img decoding=\"async\" class=\"detail-desc-decorate-image aligncenter\" style=\"max-width: 100%; height: auto; margin: 0 auto 5px;\" src=\"http:\/\/ibn.wyd.mybluehost.me\/reanpackaging.com\/wp-content\/uploads\/2023\/09\/1-description-Custom-Printing-With-Logo-Reinforced-Brown-Gummed-Water-Activated-Self-Adhesive-Eco-Kraft-Paper-Packing-Tape-Jumbo-Roll.jpg\" \/><br \/>\n<img decoding=\"async\" class=\"detail-desc-decorate-image aligncenter\" style=\"max-width: 100%; height: auto; margin: 0 auto 5px;\" src=\"http:\/\/ibn.wyd.mybluehost.me\/reanpackaging.com\/wp-content\/uploads\/2023\/09\/2-description-Custom-Printing-With-Logo-Reinforced-Brown-Gummed-Water-Activated-Self-Adhesive-Eco-Kraft-Paper-Packing-Tape-Jumbo-Roll.jpg\" \/><br \/>\n<img decoding=\"async\" class=\"detail-desc-decorate-image aligncenter\" style=\"max-width: 100%; height: auto; margin: 0 auto 5px;\" src=\"http:\/\/ibn.wyd.mybluehost.me\/reanpackaging.com\/wp-content\/uploads\/2023\/09\/3-description-Custom-Printing-With-Logo-Reinforced-Brown-Gummed-Water-Activated-Self-Adhesive-Eco-Kraft-Paper-Packing-Tape-Jumbo-Roll.jpg\" \/><br \/>\n<img decoding=\"async\" class=\"detail-desc-decorate-image aligncenter\" style=\"max-width: 100%; height: auto; margin: 0 auto 5px;\" src=\"http:\/\/ibn.wyd.mybluehost.me\/reanpackaging.com\/wp-content\/uploads\/2023\/09\/4-description-Custom-Printing-With-Logo-Reinforced-Brown-Gummed-Water-Activated-Self-Adhesive-Eco-Kraft-Paper-Packing-Tape-Jumbo-Roll.jpg\" \/><br \/>\n<img decoding=\"async\" class=\"detail-desc-decorate-image aligncenter\" style=\"max-width: 100%; height: auto; margin: 0 auto 5px;\" src=\"http:\/\/ibn.wyd.mybluehost.me\/reanpackaging.com\/wp-content\/uploads\/2023\/09\/5-description-Custom-Printing-With-Logo-Reinforced-Brown-Gummed-Water-Activated-Self-Adhesive-Eco-Kraft-Paper-Packing-Tape-Jumbo-Roll.jpg\" \/><br \/>\n<img decoding=\"async\" class=\"detail-desc-decorate-image aligncenter\" style=\"max-width: 100%; height: auto; margin: 0 auto 5px;\" src=\"http:\/\/ibn.wyd.mybluehost.me\/reanpackaging.com\/wp-content\/uploads\/2023\/09\/6-description-Custom-Printing-With-Logo-Reinforced-Brown-Gummed-Water-Activated-Self-Adhesive-Eco-Kraft-Paper-Packing-Tape-Jumbo-Roll.jpg\" \/><br \/>\n<img decoding=\"async\" class=\"detail-desc-decorate-image aligncenter\" style=\"max-width: 100%; height: auto; margin: 0 auto 5px;\" src=\"http:\/\/ibn.wyd.mybluehost.me\/reanpackaging.com\/wp-content\/uploads\/2023\/09\/7-description-Custom-Printing-With-Logo-Reinforced-Brown-Gummed-Water-Activated-Self-Adhesive-Eco-Kraft-Paper-Packing-Tape-Jumbo-Roll.jpg\" \/><\/p>","protected":false},"excerpt":{"rendered":"<p>Industry-Specific Attributes Adhesive Acrylic Adhesive Side Single Sided Adhesive Type Pressure Sensitive, Water Activated, Hot Melt Design Printing Offer Printing Material Kraft Paper Feature ANTISTATIC Use Carton Sealing Other Attributes Kind Self adhesive\/ water activated Standard color Brown, white Special color Red, Green, black, etc Type Reinforced\/plain\/perforated Adhesive Hot melt\/solvent acrylic\/water acrylic\/rubber Jumbo roll size [&hellip;]<\/p>\n","protected":false},"featured_media":7346,"template":"","meta":{"_seopress_robots_primary_cat":"none","_seopress_titles_title":"","_seopress_titles_desc":"","_seopress_robots_index":"","site-sidebar-layout":"default","site-content-layout":"default","ast-site-content-layout":"default","site-content-style":"default","site-sidebar-style":"default","ast-global-header-display":"","ast-banner-title-visibility":"","ast-main-header-display":"","ast-hfb-above-header-display":"","ast-hfb-below-header-display":"","ast-hfb-mobile-header-display":"","site-post-title":"","ast-breadcrumbs-content":"","ast-featured-img":"","footer-sml-layout":"","ast-disable-related-posts":"","theme-transparent-header-meta":"default","adv-header-id-meta":"","stick-header-meta":"default","header-above-stick-meta":"","header-main-stick-meta":"","header-below-stick-meta":"","astra-migrate-meta-layouts":"set","ast-page-background-enabled":"default","ast-page-background-meta":{"desktop":{"background-color":"","background-image":"","background-repeat":"repeat","background-position":"center center","background-size":"auto","background-attachment":"scroll","background-type":"","background-media":"","overlay-type":"","overlay-color":"","overlay-opacity":"","overlay-gradient":""},"tablet":{"background-color":"","background-image":"","background-repeat":"repeat","background-position":"center center","background-size":"auto","background-attachment":"scroll","background-type":"","background-media":"","overlay-type":"","overlay-color":"","overlay-opacity":"","overlay-gradient":""},"mobile":{"background-color":"","background-image":"","background-repeat":"repeat","background-position":"center center","background-size":"auto","background-attachment":"scroll","background-type":"","background-media":"","overlay-type":"","overlay-color":"","overlay-opacity":"","overlay-gradient":""}},"ast-content-background-meta":{"desktop":{"background-color":"var(--ast-global-color-5)","background-image":"","background-repeat":"repeat","background-position":"center center","background-size":"auto","background-attachment":"scroll","background-type":"","background-media":"","overlay-type":"","overlay-color":"","overlay-opacity":"","overlay-gradient":""},"tablet":{"background-color":"var(--ast-global-color-5)","background-image":"","background-repeat":"repeat","background-position":"center center","background-size":"auto","background-attachment":"scroll","background-type":"","background-media":"","overlay-type":"","overlay-color":"","overlay-opacity":"","overlay-gradient":""},"mobile":{"background-color":"var(--ast-global-color-5)","background-image":"","background-repeat":"repeat","background-position":"center center","background-size":"auto","background-attachment":"scroll","background-type":"","background-media":"","overlay-type":"","overlay-color":"","overlay-opacity":"","overlay-gradient":""}}},"product_brand":[],"product_cat":[46],"product_tag":[],"class_list":{"0":"post-7450","1":"product","2":"type-product","3":"status-publish","4":"has-post-thumbnail","6":"product_cat-custom-print-tape","7":"desktop-align-left","8":"tablet-align-left","9":"mobile-align-left","10":"ast-product-gallery-layout-horizontal","11":"ast-product-tabs-layout-horizontal","13":"first","14":"instock","15":"purchasable","16":"product-type-simple"},"_links":{"self":[{"href":"https:\/\/reanpackaging.com\/et\/wp-json\/wp\/v2\/product\/7450","targetHints":{"allow":["GET"]}}],"collection":[{"href":"https:\/\/reanpackaging.com\/et\/wp-json\/wp\/v2\/product"}],"about":[{"href":"https:\/\/reanpackaging.com\/et\/wp-json\/wp\/v2\/types\/product"}],"wp:featuredmedia":[{"embeddable":true,"href":"https:\/\/reanpackaging.com\/et\/wp-json\/wp\/v2\/media\/7346"}],"wp:attachment":[{"href":"https:\/\/reanpackaging.com\/et\/wp-json\/wp\/v2\/media?parent=7450"}],"wp:term":[{"taxonomy":"product_brand","embeddable":true,"href":"https:\/\/reanpackaging.com\/et\/wp-json\/wp\/v2\/product_brand?post=7450"},{"taxonomy":"product_cat","embeddable":true,"href":"https:\/\/reanpackaging.com\/et\/wp-json\/wp\/v2\/product_cat?post=7450"},{"taxonomy":"product_tag","embeddable":true,"href":"https:\/\/reanpackaging.com\/et\/wp-json\/wp\/v2\/product_tag?post=7450"}],"curies":[{"name":"wp","href":"https:\/\/api.w.org\/{rel}","templated":true}]}}