{"id":7453,"date":"2023-09-23T08:35:21","date_gmt":"2023-09-23T08:35:21","guid":{"rendered":"http:\/\/ibn.wyd.mybluehost.me\/reanpackaging.com\/product\/china-factory-manufacturer-high-heat-adhesive-tape-for-auto-use-printed-masking-tape-for-3d-print-color-paper-tapes\/"},"modified":"2024-10-01T16:57:53","modified_gmt":"2024-10-01T16:57:53","slug":"china-factory-manufacturer-high-heat-adhesive-tape-for-auto-use-printed-masking-tape-for-3d-print-color-paper-tapes","status":"publish","type":"product","link":"https:\/\/reanpackaging.com\/et\/toode\/china-factory-manufacturer-high-heat-adhesive-tape-for-auto-use-printed-masking-tape-for-3d-print-color-paper-tapes\/","title":{"rendered":"Hiina tehase tootja k\u00f5rge kuumusega kleeplint automaatse kasutamise jaoks tr\u00fckitud maskeerimislint 3D printimiseks v\u00e4rvilised paberilindid"},"content":{"rendered":"<h4>T\u00f6\u00f6stusspetsiifilised omadused<\/h4>\n<table border=\"1\">\n<tbody>\n<tr>\n<td><strong>Liimi<\/strong><\/td>\n<td>Kaut\u0161uk<\/td>\n<\/tr>\n<tr>\n<td><strong>Liimipoolne k\u00fclg<\/strong><\/td>\n<td>\u00dchepoolne<\/td>\n<\/tr>\n<tr>\n<td><strong>Liimi t\u00fc\u00fcp<\/strong><\/td>\n<td>Survetundlik, kuumsulav<\/td>\n<\/tr>\n<tr>\n<td><strong>Disainitr\u00fckk<\/strong><\/td>\n<td>Pakkumine Tr\u00fckkimine<\/td>\n<\/tr>\n<tr>\n<td><strong>Materjal<\/strong><\/td>\n<td>Tekstureeritud paber<\/td>\n<\/tr>\n<tr>\n<td><strong>Funktsioon<\/strong><\/td>\n<td>Kuumakindel<\/td>\n<\/tr>\n<tr>\n<td><strong>Kasutage<\/strong><\/td>\n<td>MASKING<\/td>\n<\/tr>\n<\/tbody>\n<\/table>\n<h4>Muud omadused<\/h4>\n<table border=\"1\">\n<tbody>\n<tr>\n<td><strong>Toote nimi<\/strong><\/td>\n<td>Auto kleeplint paberi maskeerimislint<\/td>\n<\/tr>\n<tr>\n<td><strong>V\u00e4rv<\/strong><\/td>\n<td>Sinine,valge,punane,kollane,oran\u017e,roheline,lilla<\/td>\n<\/tr>\n<tr>\n<td><strong>Sertifikaadid<\/strong><\/td>\n<td>ISO 9001:2015 \/ SGS<\/td>\n<\/tr>\n<tr>\n<td><strong>Taotlus<\/strong><\/td>\n<td>V\u00e4rvimine<\/td>\n<\/tr>\n<tr>\n<td><strong>Laius<\/strong><\/td>\n<td>8mm ,10mm,10mm,10mm,12mm,24mm v\u00f5i kohandatud<\/td>\n<\/tr>\n<tr>\n<td><strong>Paksus<\/strong><\/td>\n<td>0.145mm<\/td>\n<\/tr>\n<tr>\n<td><strong>BusinessType<\/strong><\/td>\n<td>Professionaalne tootja<\/td>\n<\/tr>\n<tr>\n<td><strong>V\u00e4ljal\u00f5ikamise teenus<\/strong><\/td>\n<td>Jah<\/td>\n<\/tr>\n<tr>\n<td><strong>OEM<\/strong><\/td>\n<td>Aktsepteeri<\/td>\n<\/tr>\n<tr>\n<td><strong>Funktsioon<\/strong><\/td>\n<td>Pihustatav varjestus<\/td>\n<\/tr>\n<\/tbody>\n<\/table>\n<p><img decoding=\"async\" class=\"detail-desc-decorate-image aligncenter\" style=\"max-width: 100%; height: auto; margin: 0 auto 5px;\" src=\"http:\/\/ibn.wyd.mybluehost.me\/reanpackaging.com\/wp-content\/uploads\/2023\/09\/2-description-China-Factory-Manufacturer-High-Heat-Adhesive-Tape-For-Auto-Use-Printed-Masking-Tape-For-3D-Print-Color-Paper-Tapes.jpg\" \/><br \/>\n<img decoding=\"async\" class=\"detail-desc-decorate-image aligncenter\" style=\"max-width: 100%; height: auto; margin: 0 auto 5px;\" src=\"http:\/\/ibn.wyd.mybluehost.me\/reanpackaging.com\/wp-content\/uploads\/2023\/09\/3-description-China-Factory-Manufacturer-High-Heat-Adhesive-Tape-For-Auto-Use-Printed-Masking-Tape-For-3D-Print-Color-Paper-Tapes.jpg\" \/><br \/>\n<img decoding=\"async\" class=\"detail-desc-decorate-image aligncenter\" style=\"max-width: 100%; height: auto; margin: 0 auto 5px;\" src=\"http:\/\/ibn.wyd.mybluehost.me\/reanpackaging.com\/wp-content\/uploads\/2023\/09\/4-description-China-Factory-Manufacturer-High-Heat-Adhesive-Tape-For-Auto-Use-Printed-Masking-Tape-For-3D-Print-Color-Paper-Tapes.jpg\" \/><\/p>","protected":false},"excerpt":{"rendered":"<p>Industry-Specific Attributes Adhesive Rubber Adhesive Side Single Sided Adhesive Type Pressure Sensitive, Hot Melt Design Printing Offer Printing Material Textured Paper Feature Heat-Resistant Use MASKING Other Attributes Product name Auto Adhesive Tape Paper Masking Tape Color Blue,White,Red,Yellow,Orange,Green,Purple Certificates ISO 9001:2015 \/ SGS Application Painting Width 8mm ,10mm,10mm,12mm,24mm Or Custom Thickness 0.145mm BusinessType Professional manufacturer Die-cut [&hellip;]<\/p>\n","protected":false},"featured_media":7294,"template":"","meta":{"_seopress_robots_primary_cat":"none","_seopress_titles_title":"","_seopress_titles_desc":"","_seopress_robots_index":"","site-sidebar-layout":"default","site-content-layout":"default","ast-site-content-layout":"default","site-content-style":"default","site-sidebar-style":"default","ast-global-header-display":"","ast-banner-title-visibility":"","ast-main-header-display":"","ast-hfb-above-header-display":"","ast-hfb-below-header-display":"","ast-hfb-mobile-header-display":"","site-post-title":"","ast-breadcrumbs-content":"","ast-featured-img":"","footer-sml-layout":"","ast-disable-related-posts":"","theme-transparent-header-meta":"default","adv-header-id-meta":"","stick-header-meta":"default","header-above-stick-meta":"","header-main-stick-meta":"","header-below-stick-meta":"","astra-migrate-meta-layouts":"set","ast-page-background-enabled":"default","ast-page-background-meta":{"desktop":{"background-color":"","background-image":"","background-repeat":"repeat","background-position":"center center","background-size":"auto","background-attachment":"scroll","background-type":"","background-media":"","overlay-type":"","overlay-color":"","overlay-opacity":"","overlay-gradient":""},"tablet":{"background-color":"","background-image":"","background-repeat":"repeat","background-position":"center center","background-size":"auto","background-attachment":"scroll","background-type":"","background-media":"","overlay-type":"","overlay-color":"","overlay-opacity":"","overlay-gradient":""},"mobile":{"background-color":"","background-image":"","background-repeat":"repeat","background-position":"center center","background-size":"auto","background-attachment":"scroll","background-type":"","background-media":"","overlay-type":"","overlay-color":"","overlay-opacity":"","overlay-gradient":""}},"ast-content-background-meta":{"desktop":{"background-color":"var(--ast-global-color-5)","background-image":"","background-repeat":"repeat","background-position":"center center","background-size":"auto","background-attachment":"scroll","background-type":"","background-media":"","overlay-type":"","overlay-color":"","overlay-opacity":"","overlay-gradient":""},"tablet":{"background-color":"var(--ast-global-color-5)","background-image":"","background-repeat":"repeat","background-position":"center center","background-size":"auto","background-attachment":"scroll","background-type":"","background-media":"","overlay-type":"","overlay-color":"","overlay-opacity":"","overlay-gradient":""},"mobile":{"background-color":"var(--ast-global-color-5)","background-image":"","background-repeat":"repeat","background-position":"center center","background-size":"auto","background-attachment":"scroll","background-type":"","background-media":"","overlay-type":"","overlay-color":"","overlay-opacity":"","overlay-gradient":""}}},"product_brand":[],"product_cat":[46],"product_tag":[],"class_list":{"0":"post-7453","1":"product","2":"type-product","3":"status-publish","4":"has-post-thumbnail","6":"product_cat-custom-print-tape","7":"desktop-align-left","8":"tablet-align-left","9":"mobile-align-left","10":"ast-product-gallery-layout-horizontal","11":"ast-product-tabs-layout-horizontal","13":"first","14":"instock","15":"purchasable","16":"product-type-simple"},"_links":{"self":[{"href":"https:\/\/reanpackaging.com\/et\/wp-json\/wp\/v2\/product\/7453","targetHints":{"allow":["GET"]}}],"collection":[{"href":"https:\/\/reanpackaging.com\/et\/wp-json\/wp\/v2\/product"}],"about":[{"href":"https:\/\/reanpackaging.com\/et\/wp-json\/wp\/v2\/types\/product"}],"wp:featuredmedia":[{"embeddable":true,"href":"https:\/\/reanpackaging.com\/et\/wp-json\/wp\/v2\/media\/7294"}],"wp:attachment":[{"href":"https:\/\/reanpackaging.com\/et\/wp-json\/wp\/v2\/media?parent=7453"}],"wp:term":[{"taxonomy":"product_brand","embeddable":true,"href":"https:\/\/reanpackaging.com\/et\/wp-json\/wp\/v2\/product_brand?post=7453"},{"taxonomy":"product_cat","embeddable":true,"href":"https:\/\/reanpackaging.com\/et\/wp-json\/wp\/v2\/product_cat?post=7453"},{"taxonomy":"product_tag","embeddable":true,"href":"https:\/\/reanpackaging.com\/et\/wp-json\/wp\/v2\/product_tag?post=7453"}],"curies":[{"name":"wp","href":"https:\/\/api.w.org\/{rel}","templated":true}]}}