{"id":7746,"date":"2023-09-23T10:47:33","date_gmt":"2023-09-23T10:47:33","guid":{"rendered":"http:\/\/ibn.wyd.mybluehost.me\/reanpackaging.com\/product\/customized-eco-printing-reusable-folding-non-woven-grocery-bag-rpet-laminated-pp-woven-shopping-tote-bag\/"},"modified":"2024-10-01T16:56:38","modified_gmt":"2024-10-01T16:56:38","slug":"customized-eco-printing-reusable-folding-non-woven-grocery-bag-rpet-laminated-pp-woven-shopping-tote-bag","status":"publish","type":"product","link":"https:\/\/reanpackaging.com\/et\/toode\/kohandatud-oko-trukkimine-korduvkasutatavad-kokkuklapitavad-mitte-kootud-toidukaupade-kott-rpet-lamineeritud-pp-kootud-shopping-tote-kott\/","title":{"rendered":"Kohandatud \u00f6ko tr\u00fckkimine korduvkasutatavad kokkuklapitavad mitte kootud toidupoes kott RPET lamineeritud pp kootud shopping tote kott"},"content":{"rendered":"<h4>T\u00f6\u00f6stusspetsiifilised omadused<\/h4>\n<table border=\"1\">\n<tbody>\n<tr>\n<td><strong>Materjal<\/strong><\/td>\n<td>Mittekootud<\/td>\n<\/tr>\n<\/tbody>\n<\/table>\n<h4>Muud omadused<\/h4>\n<table border=\"1\">\n<tbody>\n<tr>\n<td><strong>Stiil<\/strong><\/td>\n<td>K\u00e4sitletud<\/td>\n<\/tr>\n<tr>\n<td><strong>Mustri t\u00fc\u00fcp<\/strong><\/td>\n<td>Kohandada<\/td>\n<\/tr>\n<tr>\n<td><strong>Suurus<\/strong><\/td>\n<td>Keskmine (30-50cm)<\/td>\n<\/tr>\n<tr>\n<td><strong>Funktsioon<\/strong><\/td>\n<td>Keskkonnas\u00f5bralik korduvkasutatav<\/td>\n<\/tr>\n<tr>\n<td><strong>Kasutamine<\/strong><\/td>\n<td>Promotional Gifts.Daily<\/td>\n<\/tr>\n<tr>\n<td><strong>V\u00e4rv<\/strong><\/td>\n<td>Kohandatud v\u00e4rv<\/td>\n<\/tr>\n<tr>\n<td><strong>Logo<\/strong><\/td>\n<td>Aktsepteeri kohandatud logo<\/td>\n<\/tr>\n<tr>\n<td><strong>Tr\u00fckkimine<\/strong><\/td>\n<td>S\u00fcgavtr\u00fckk<\/td>\n<\/tr>\n<tr>\n<td><strong>OEM\/ODM<\/strong><\/td>\n<td>Aktsepteeritav<\/td>\n<\/tr>\n<tr>\n<td><strong>M\u00e4rks\u00f5nad<\/strong><\/td>\n<td>Mittekootud pakendikott<\/td>\n<\/tr>\n<tr>\n<td><strong>Funktsioon<\/strong><\/td>\n<td>Multifunktsionaalne kott<\/td>\n<\/tr>\n<tr>\n<td><strong>Disain<\/strong><\/td>\n<td>Kohandatud disain<\/td>\n<\/tr>\n<\/tbody>\n<\/table>\n<p><img decoding=\"async\" class=\"detail-desc-decorate-image aligncenter\" style=\"max-width: 100%; height: auto; margin: 0 auto 5px;\" src=\"http:\/\/ibn.wyd.mybluehost.me\/reanpackaging.com\/wp-content\/uploads\/2023\/09\/1-description-Customized-Eco-Printing-Reusable-Folding-Non-Woven-Grocery-Bag-Rpet-Laminated-Pp-Woven-Shopping-Tote-Bag.jpg\" \/><br \/>\n<img decoding=\"async\" class=\"detail-desc-decorate-image aligncenter\" style=\"max-width: 100%; height: auto; margin: 0 auto 5px;\" src=\"http:\/\/ibn.wyd.mybluehost.me\/reanpackaging.com\/wp-content\/uploads\/2023\/09\/2-description-Customized-Eco-Printing-Reusable-Folding-Non-Woven-Grocery-Bag-Rpet-Laminated-Pp-Woven-Shopping-Tote-Bag.jpg\" \/><br \/>\n<img decoding=\"async\" class=\"detail-desc-decorate-image aligncenter\" style=\"max-width: 100%; height: auto; margin: 0 auto 5px;\" src=\"http:\/\/ibn.wyd.mybluehost.me\/reanpackaging.com\/wp-content\/uploads\/2023\/09\/3-description-Customized-Eco-Printing-Reusable-Folding-Non-Woven-Grocery-Bag-Rpet-Laminated-Pp-Woven-Shopping-Tote-Bag.jpg\" \/><br \/>\n<img decoding=\"async\" class=\"detail-desc-decorate-image aligncenter\" style=\"max-width: 100%; height: auto; margin: 0 auto 5px;\" src=\"http:\/\/ibn.wyd.mybluehost.me\/reanpackaging.com\/wp-content\/uploads\/2023\/09\/4-description-Customized-Eco-Printing-Reusable-Folding-Non-Woven-Grocery-Bag-Rpet-Laminated-Pp-Woven-Shopping-Tote-Bag.jpg\" \/><br \/>\n<img decoding=\"async\" class=\"detail-desc-decorate-image aligncenter\" style=\"max-width: 100%; height: auto; margin: 0 auto 5px;\" src=\"http:\/\/ibn.wyd.mybluehost.me\/reanpackaging.com\/wp-content\/uploads\/2023\/09\/5-description-Customized-Eco-Printing-Reusable-Folding-Non-Woven-Grocery-Bag-Rpet-Laminated-Pp-Woven-Shopping-Tote-Bag.jpg\" \/><br \/>\n<img decoding=\"async\" class=\"detail-desc-decorate-image aligncenter\" style=\"max-width: 100%; height: auto; margin: 0 auto 5px;\" src=\"http:\/\/ibn.wyd.mybluehost.me\/reanpackaging.com\/wp-content\/uploads\/2023\/09\/6-description-Customized-Eco-Printing-Reusable-Folding-Non-Woven-Grocery-Bag-Rpet-Laminated-Pp-Woven-Shopping-Tote-Bag.jpg\" \/><br \/>\n<img decoding=\"async\" class=\"detail-desc-decorate-image aligncenter\" style=\"max-width: 100%; height: auto; margin: 0 auto 5px;\" src=\"http:\/\/ibn.wyd.mybluehost.me\/reanpackaging.com\/wp-content\/uploads\/2023\/09\/7-description-Customized-Eco-Printing-Reusable-Folding-Non-Woven-Grocery-Bag-Rpet-Laminated-Pp-Woven-Shopping-Tote-Bag.jpg\" \/><br \/>\n<img decoding=\"async\" class=\"detail-desc-decorate-image aligncenter\" style=\"max-width: 100%; height: auto; margin: 0 auto 5px;\" src=\"http:\/\/ibn.wyd.mybluehost.me\/reanpackaging.com\/wp-content\/uploads\/2023\/09\/8-description-Customized-Eco-Printing-Reusable-Folding-Non-Woven-Grocery-Bag-Rpet-Laminated-Pp-Woven-Shopping-Tote-Bag.jpg\" \/><\/p>","protected":false},"excerpt":{"rendered":"<p>T\u00f6\u00f6stuse spetsiifilised atribuudid Materjal mittekootud Muud atribuudid Stiil K\u00e4sitletud muster T\u00fc\u00fcp Kohandada Suurus Keskmine (30-50cm) Funktsioon Keskkonnas\u00f5bralik Taaskasutatav Kasutamine Reklaam kingitused.Igap\u00e4evane v\u00e4rv Kohandatud v\u00e4rv Logo aktsepteerib kohandatud Logo tr\u00fckkimine Gravuurne tr\u00fckkimine OEM \/ ODM Aktsepteeritavad m\u00e4rks\u00f5nad Mitte-kootud Pakendikott Funktsioon Multifunktsionaalne Tote Bag Disain Kohandatud Desgin<\/p>","protected":false},"featured_media":7660,"template":"","meta":{"_seopress_robots_primary_cat":"none","_seopress_titles_title":"","_seopress_titles_desc":"","_seopress_robots_index":"","site-sidebar-layout":"default","site-content-layout":"default","ast-site-content-layout":"default","site-content-style":"default","site-sidebar-style":"default","ast-global-header-display":"","ast-banner-title-visibility":"","ast-main-header-display":"","ast-hfb-above-header-display":"","ast-hfb-below-header-display":"","ast-hfb-mobile-header-display":"","site-post-title":"","ast-breadcrumbs-content":"","ast-featured-img":"","footer-sml-layout":"","ast-disable-related-posts":"","theme-transparent-header-meta":"default","adv-header-id-meta":"","stick-header-meta":"default","header-above-stick-meta":"","header-main-stick-meta":"","header-below-stick-meta":"","astra-migrate-meta-layouts":"set","ast-page-background-enabled":"default","ast-page-background-meta":{"desktop":{"background-color":"","background-image":"","background-repeat":"repeat","background-position":"center center","background-size":"auto","background-attachment":"scroll","background-type":"","background-media":"","overlay-type":"","overlay-color":"","overlay-opacity":"","overlay-gradient":""},"tablet":{"background-color":"","background-image":"","background-repeat":"repeat","background-position":"center center","background-size":"auto","background-attachment":"scroll","background-type":"","background-media":"","overlay-type":"","overlay-color":"","overlay-opacity":"","overlay-gradient":""},"mobile":{"background-color":"","background-image":"","background-repeat":"repeat","background-position":"center center","background-size":"auto","background-attachment":"scroll","background-type":"","background-media":"","overlay-type":"","overlay-color":"","overlay-opacity":"","overlay-gradient":""}},"ast-content-background-meta":{"desktop":{"background-color":"var(--ast-global-color-5)","background-image":"","background-repeat":"repeat","background-position":"center center","background-size":"auto","background-attachment":"scroll","background-type":"","background-media":"","overlay-type":"","overlay-color":"","overlay-opacity":"","overlay-gradient":""},"tablet":{"background-color":"var(--ast-global-color-5)","background-image":"","background-repeat":"repeat","background-position":"center center","background-size":"auto","background-attachment":"scroll","background-type":"","background-media":"","overlay-type":"","overlay-color":"","overlay-opacity":"","overlay-gradient":""},"mobile":{"background-color":"var(--ast-global-color-5)","background-image":"","background-repeat":"repeat","background-position":"center center","background-size":"auto","background-attachment":"scroll","background-type":"","background-media":"","overlay-type":"","overlay-color":"","overlay-opacity":"","overlay-gradient":""}}},"product_brand":[],"product_cat":[43,44,41],"product_tag":[],"class_list":{"0":"post-7746","1":"product","2":"type-product","3":"status-publish","4":"has-post-thumbnail","6":"product_cat-non-woven-bags","7":"product_cat-paper-bags","8":"product_cat-shopping-bags","9":"desktop-align-left","10":"tablet-align-left","11":"mobile-align-left","12":"ast-product-gallery-layout-horizontal","13":"ast-product-tabs-layout-horizontal","15":"first","16":"instock","17":"purchasable","18":"product-type-simple"},"_links":{"self":[{"href":"https:\/\/reanpackaging.com\/et\/wp-json\/wp\/v2\/product\/7746","targetHints":{"allow":["GET"]}}],"collection":[{"href":"https:\/\/reanpackaging.com\/et\/wp-json\/wp\/v2\/product"}],"about":[{"href":"https:\/\/reanpackaging.com\/et\/wp-json\/wp\/v2\/types\/product"}],"wp:featuredmedia":[{"embeddable":true,"href":"https:\/\/reanpackaging.com\/et\/wp-json\/wp\/v2\/media\/7660"}],"wp:attachment":[{"href":"https:\/\/reanpackaging.com\/et\/wp-json\/wp\/v2\/media?parent=7746"}],"wp:term":[{"taxonomy":"product_brand","embeddable":true,"href":"https:\/\/reanpackaging.com\/et\/wp-json\/wp\/v2\/product_brand?post=7746"},{"taxonomy":"product_cat","embeddable":true,"href":"https:\/\/reanpackaging.com\/et\/wp-json\/wp\/v2\/product_cat?post=7746"},{"taxonomy":"product_tag","embeddable":true,"href":"https:\/\/reanpackaging.com\/et\/wp-json\/wp\/v2\/product_tag?post=7746"}],"curies":[{"name":"wp","href":"https:\/\/api.w.org\/{rel}","templated":true}]}}