{"id":7986,"date":"2023-09-23T16:42:16","date_gmt":"2023-09-23T16:42:16","guid":{"rendered":"http:\/\/ibn.wyd.mybluehost.me\/reanpackaging.com\/product\/luxury-rigid-packaging-box-golden-paper-with-silk-ribbon-flannel-surface-durable\/"},"modified":"2023-09-23T16:42:18","modified_gmt":"2023-09-23T16:42:18","slug":"luxury-rigid-packaging-box-golden-paper-with-silk-ribbon-flannel-surface-durable","status":"publish","type":"product","link":"https:\/\/reanpackaging.com\/et\/toode\/luxury-rigid-packaging-box-golden-paper-with-silk-ribbon-flannel-surface-durable\/","title":{"rendered":"Luksuslik j\u00e4ik pakendikarp kuldne paber siidist lintidega flanellipinnaga vastupidavale pinnale"},"content":{"rendered":"<h4>T\u00f6\u00f6stusspetsiifilised omadused<\/h4>\n<table border=\"1\">\n<tr>\n<td><strong>T\u00f6\u00f6stuslik kasutamine<\/strong><\/td>\n<td>Kingitus ja k\u00e4sit\u00f6\u00f6<\/td>\n<\/tr>\n<tr>\n<td><strong>Paberi t\u00fc\u00fcp<\/strong><\/td>\n<td>Papp<\/td>\n<\/tr>\n<tr>\n<td><strong>Funktsioon<\/strong><\/td>\n<td>Ringlussev\u00f5etud materjalid<\/td>\n<\/tr>\n<\/table>\n<h4>Muud omadused<\/h4>\n<table border=\"1\">\n<tr>\n<td><strong>Kastit\u00fc\u00fcp<\/strong><\/td>\n<td>J\u00e4igad kastid<\/td>\n<\/tr>\n<tr>\n<td><strong>Tr\u00fckkimise k\u00e4sitlemine<\/strong><\/td>\n<td>Matt lamineerimine, lakkimine, tembeldamine, reljeefne, l\u00e4ikiv lamineerimine, UV-pinnakate, VANISHING, kuldfoolium.<\/td>\n<\/tr>\n<tr>\n<td><strong>Kohandatud tellimus<\/strong><\/td>\n<td>Aktsepteeri<\/td>\n<\/tr>\n<tr>\n<td><strong>Kuju<\/strong><\/td>\n<td>Kohandatud erinev kuju<\/td>\n<\/tr>\n<tr>\n<td><strong>Punkti<\/strong><\/td>\n<td>GP-24<\/td>\n<\/tr>\n<tr>\n<td><strong>Kuju<\/strong><\/td>\n<td>Kohandatud kuju<\/td>\n<\/tr>\n<tr>\n<td><strong>Materjal<\/strong><\/td>\n<td>Paberikartong<\/td>\n<\/tr>\n<tr>\n<td><strong>Logo<\/strong><\/td>\n<td>Kohandatud logo vastuv\u00f5etav<\/td>\n<\/tr>\n<tr>\n<td><strong>N\u00e4ide<\/strong><\/td>\n<td>Avaialble<\/td>\n<\/tr>\n<tr>\n<td><strong>Suurus<\/strong><\/td>\n<td>Kohandatud suurus aktsepteeritud<\/td>\n<\/tr>\n<tr>\n<td><strong>Pinna viimistlus<\/strong><\/td>\n<td>4C\/UV\/Lamineerimine\/Lakk\/kuumtemplikspressimine\/pressimine\/templikspressimine<\/td>\n<\/tr>\n<tr>\n<td><strong>Tr\u00fckkimine<\/strong><\/td>\n<td>CMYK 4 v\u00e4rvi Offest tr\u00fckkimine<\/td>\n<\/tr>\n<tr>\n<td><strong>MOQ<\/strong><\/td>\n<td>500tk\/kujundus<\/td>\n<\/tr>\n<tr>\n<td><strong>OEM\/ODM<\/strong><\/td>\n<td>Availalbe<\/td>\n<\/tr>\n<\/table>\n<p><img decoding=\"async\" class=\"detail-desc-decorate-image\" src=\"http:\/\/ibn.wyd.mybluehost.me\/reanpackaging.com\/wp-content\/uploads\/2023\/09\/11-description-Luxury-Rigid-Packaging-Box-Golden-Paper-With-Silk-Ribbon-Flannel-Surface-Durable.jpg\" slate-data-type=\"image\" style=\"max-width: 100%; height: auto; display: block; margin: 0 auto;\"><br \/>\n<img decoding=\"async\" class=\"detail-desc-decorate-image\" src=\"http:\/\/ibn.wyd.mybluehost.me\/reanpackaging.com\/wp-content\/uploads\/2023\/09\/12-description-Luxury-Rigid-Packaging-Box-Golden-Paper-With-Silk-Ribbon-Flannel-Surface-Durable.jpg\" slate-data-type=\"image\" style=\"max-width: 100%; height: auto; display: block; margin: 0 auto;\"><br \/>\n<img decoding=\"async\" class=\"detail-desc-decorate-image\" src=\"http:\/\/ibn.wyd.mybluehost.me\/reanpackaging.com\/wp-content\/uploads\/2023\/09\/13-description-Luxury-Rigid-Packaging-Box-Golden-Paper-With-Silk-Ribbon-Flannel-Surface-Durable.jpg\" slate-data-type=\"image\" style=\"max-width: 100%; height: auto; display: block; margin: 0 auto;\"><br \/>\n<img decoding=\"async\" class=\"detail-desc-decorate-image\" src=\"http:\/\/ibn.wyd.mybluehost.me\/reanpackaging.com\/wp-content\/uploads\/2023\/09\/14-description-Luxury-Rigid-Packaging-Box-Golden-Paper-With-Silk-Ribbon-Flannel-Surface-Durable.jpg\" slate-data-type=\"image\" style=\"max-width: 100%; height: auto; display: block; margin: 0 auto;\"><br \/>\n<img decoding=\"async\" class=\"detail-desc-decorate-image\" src=\"http:\/\/ibn.wyd.mybluehost.me\/reanpackaging.com\/wp-content\/uploads\/2023\/09\/15-description-Luxury-Rigid-Packaging-Box-Golden-Paper-With-Silk-Ribbon-Flannel-Surface-Durable.jpg\" slate-data-type=\"image\" style=\"max-width: 100%; height: auto; display: block; margin: 0 auto;\"><\/p>","protected":false},"excerpt":{"rendered":"<p>Industry-Specific Attributes Industrial Use Gift &#038; Craft Paper Type Paperboard Feature Recycled Materials Other Attributes Box Type Rigid Boxes Printing Handling Matt Lamination, Varnishing, Stamping, Embossing, Glossy Lamination, UV Coating, VANISHING, Gold Foil Custom Order Accept Shape Customized Different Shape Item GP-24 Shape Customized Shape Material Paper Board Logo Customized Logo Acceptable Sample Avaialble Size [&hellip;]<\/p>\n","protected":false},"featured_media":7916,"template":"","meta":{"_seopress_robots_primary_cat":"","_seopress_titles_title":"","_seopress_titles_desc":"","_seopress_robots_index":"","site-sidebar-layout":"default","site-content-layout":"","ast-site-content-layout":"default","site-content-style":"default","site-sidebar-style":"default","ast-global-header-display":"","ast-banner-title-visibility":"","ast-main-header-display":"","ast-hfb-above-header-display":"","ast-hfb-below-header-display":"","ast-hfb-mobile-header-display":"","site-post-title":"","ast-breadcrumbs-content":"","ast-featured-img":"","footer-sml-layout":"","ast-disable-related-posts":"","theme-transparent-header-meta":"","adv-header-id-meta":"","stick-header-meta":"","header-above-stick-meta":"","header-main-stick-meta":"","header-below-stick-meta":"","astra-migrate-meta-layouts":"default","ast-page-background-enabled":"default","ast-page-background-meta":{"desktop":{"background-color":"","background-image":"","background-repeat":"repeat","background-position":"center center","background-size":"auto","background-attachment":"scroll","background-type":"","background-media":"","overlay-type":"","overlay-color":"","overlay-opacity":"","overlay-gradient":""},"tablet":{"background-color":"","background-image":"","background-repeat":"repeat","background-position":"center center","background-size":"auto","background-attachment":"scroll","background-type":"","background-media":"","overlay-type":"","overlay-color":"","overlay-opacity":"","overlay-gradient":""},"mobile":{"background-color":"","background-image":"","background-repeat":"repeat","background-position":"center center","background-size":"auto","background-attachment":"scroll","background-type":"","background-media":"","overlay-type":"","overlay-color":"","overlay-opacity":"","overlay-gradient":""}},"ast-content-background-meta":{"desktop":{"background-color":"var(--ast-global-color-5)","background-image":"","background-repeat":"repeat","background-position":"center center","background-size":"auto","background-attachment":"scroll","background-type":"","background-media":"","overlay-type":"","overlay-color":"","overlay-opacity":"","overlay-gradient":""},"tablet":{"background-color":"var(--ast-global-color-5)","background-image":"","background-repeat":"repeat","background-position":"center center","background-size":"auto","background-attachment":"scroll","background-type":"","background-media":"","overlay-type":"","overlay-color":"","overlay-opacity":"","overlay-gradient":""},"mobile":{"background-color":"var(--ast-global-color-5)","background-image":"","background-repeat":"repeat","background-position":"center center","background-size":"auto","background-attachment":"scroll","background-type":"","background-media":"","overlay-type":"","overlay-color":"","overlay-opacity":"","overlay-gradient":""}}},"product_brand":[],"product_cat":[29],"product_tag":[],"class_list":{"0":"post-7986","1":"product","2":"type-product","3":"status-publish","4":"has-post-thumbnail","6":"product_cat-packaging-boxes","7":"desktop-align-left","8":"tablet-align-left","9":"mobile-align-left","10":"ast-product-gallery-layout-horizontal","11":"ast-product-tabs-layout-horizontal","13":"first","14":"instock","15":"product-type-simple"},"_links":{"self":[{"href":"https:\/\/reanpackaging.com\/et\/wp-json\/wp\/v2\/product\/7986","targetHints":{"allow":["GET"]}}],"collection":[{"href":"https:\/\/reanpackaging.com\/et\/wp-json\/wp\/v2\/product"}],"about":[{"href":"https:\/\/reanpackaging.com\/et\/wp-json\/wp\/v2\/types\/product"}],"wp:featuredmedia":[{"embeddable":true,"href":"https:\/\/reanpackaging.com\/et\/wp-json\/wp\/v2\/media\/7916"}],"wp:attachment":[{"href":"https:\/\/reanpackaging.com\/et\/wp-json\/wp\/v2\/media?parent=7986"}],"wp:term":[{"taxonomy":"product_brand","embeddable":true,"href":"https:\/\/reanpackaging.com\/et\/wp-json\/wp\/v2\/product_brand?post=7986"},{"taxonomy":"product_cat","embeddable":true,"href":"https:\/\/reanpackaging.com\/et\/wp-json\/wp\/v2\/product_cat?post=7986"},{"taxonomy":"product_tag","embeddable":true,"href":"https:\/\/reanpackaging.com\/et\/wp-json\/wp\/v2\/product_tag?post=7986"}],"curies":[{"name":"wp","href":"https:\/\/api.w.org\/{rel}","templated":true}]}}