{"id":9506,"date":"2023-09-25T15:27:58","date_gmt":"2023-09-25T15:27:58","guid":{"rendered":"http:\/\/ibn.wyd.mybluehost.me\/reanpackaging.com\/product\/custom-pink-cute-small-favors-sweet-food-treat-party-wedding-christmas-halloween-gift-flat-small-stripe-candy-paper-bags\/"},"modified":"2023-09-25T15:27:58","modified_gmt":"2023-09-25T15:27:58","slug":"custom-pink-cute-small-favors-sweet-food-treat-party-wedding-christmas-halloween-gift-flat-small-stripe-candy-paper-bags","status":"publish","type":"product","link":"https:\/\/reanpackaging.com\/et\/toode\/custom-pink-cute-small-favors-sweet-food-treat-party-wedding-christmas-halloween-gift-flat-small-stripe-candy-paper-bags\/","title":{"rendered":"Kohandatud roosa armas v\u00e4ike soosib magusat toitu ravida partei pulmad j\u00f5ulud Halloween kingitus korter v\u00e4ike triip Candy paberkotid"},"content":{"rendered":"<h4>T\u00f6\u00f6stusspetsiifilised omadused<\/h4>\n<table border=\"1\">\n<tr>\n<td><strong>T\u00f6\u00f6stuslik kasutamine<\/strong><\/td>\n<td>Toiduained<\/td>\n<\/tr>\n<tr>\n<td><strong>Paberi t\u00fc\u00fcp<\/strong><\/td>\n<td>Kaetud paber<\/td>\n<\/tr>\n<tr>\n<td><strong>Funktsioon<\/strong><\/td>\n<td>Ringlussev\u00f5etud materjalid<\/td>\n<\/tr>\n<\/table>\n<h4>Muud omadused<\/h4>\n<table border=\"1\">\n<tr>\n<td><strong>Pinnak\u00e4itlus<\/strong><\/td>\n<td>Flexotr\u00fckk<\/td>\n<\/tr>\n<tr>\n<td><strong>Tihendus ja k\u00e4epide<\/strong><\/td>\n<td>Isekleepuv tihend<\/td>\n<\/tr>\n<tr>\n<td><strong>Kohandatud tellimus<\/strong><\/td>\n<td>Aktsepteeri<\/td>\n<\/tr>\n<tr>\n<td><strong>Candy paberkotid<\/strong><\/td>\n<td>Pidu j\u00f5ulud halloween kingitus lame v\u00e4ike triibuline kommi paberkotid<\/td>\n<\/tr>\n<tr>\n<td><strong>Materjal<\/strong><\/td>\n<td>J\u00f5upaber, kaetud paber v\u00f5i kohandatud paber<\/td>\n<\/tr>\n<tr>\n<td><strong>Kasutamine<\/strong><\/td>\n<td>R\u00f5ivad, m\u00fc\u00fcgiedendus, restorani take-away jne.<\/td>\n<\/tr>\n<tr>\n<td><strong>Suurus ja paksus<\/strong><\/td>\n<td>Kohandatud.<\/td>\n<\/tr>\n<tr>\n<td><strong>V\u00e4rvid<\/strong><\/td>\n<td>Pruun, valge ja muud Pantone v\u00e4rvi<\/td>\n<\/tr>\n<tr>\n<td><strong>Funktsioon<\/strong><\/td>\n<td>Rasvakindel, veekindel, vastupidav, kaasaskantav, taaskasutatav jne.<\/td>\n<\/tr>\n<tr>\n<td><strong>Pakkimine<\/strong><\/td>\n<td>Standardne ekspordikarp, vastavalt teie vajadusele<\/td>\n<\/tr>\n<tr>\n<td><strong>Paksus<\/strong><\/td>\n<td>30g kuni 120g v\u00f5i kohandatud<\/td>\n<\/tr>\n<tr>\n<td><strong>Pinna viimistlus<\/strong><\/td>\n<td>Flexotr\u00fckk, reljeefne tr\u00fckkimine v\u00f5i kohandamine<\/td>\n<\/tr>\n<tr>\n<td><strong>K\u00e4epidemed Valikud<\/strong><\/td>\n<td>Keeratud k\u00e4epidemed, lamedad k\u00e4epidemed v\u00f5i kohandatud k\u00e4epide<\/td>\n<\/tr>\n<\/table>\n<p><img decoding=\"async\" class=\"detail-desc-decorate-image\" src=\"http:\/\/ibn.wyd.mybluehost.me\/reanpackaging.com\/wp-content\/uploads\/2023\/09\/12-description-Custom-Pink-Cute-Small-Favors-Sweet-Food-Treat-Party-Wedding-Christmas-Halloween-Gift-Flat-Small-Stripe-Candy-Paper-Bags.jpg\" slate-data-type=\"image\" style=\"max-width: 100%; height: auto; display: block; margin: 0 auto;\"><br \/>\n<img decoding=\"async\" class=\"detail-desc-decorate-image\" src=\"http:\/\/ibn.wyd.mybluehost.me\/reanpackaging.com\/wp-content\/uploads\/2023\/09\/13-description-Custom-Pink-Cute-Small-Favors-Sweet-Food-Treat-Party-Wedding-Christmas-Halloween-Gift-Flat-Small-Stripe-Candy-Paper-Bags.jpg\" slate-data-type=\"image\" style=\"max-width: 100%; height: auto; display: block; margin: 0 auto;\"><br \/>\n<img decoding=\"async\" class=\"detail-desc-decorate-image\" src=\"http:\/\/ibn.wyd.mybluehost.me\/reanpackaging.com\/wp-content\/uploads\/2023\/09\/14-description-Custom-Pink-Cute-Small-Favors-Sweet-Food-Treat-Party-Wedding-Christmas-Halloween-Gift-Flat-Small-Stripe-Candy-Paper-Bags.jpg\" slate-data-type=\"image\" style=\"max-width: 100%; height: auto; display: block; margin: 0 auto;\"><br \/>\n<img decoding=\"async\" class=\"detail-desc-decorate-image\" src=\"http:\/\/ibn.wyd.mybluehost.me\/reanpackaging.com\/wp-content\/uploads\/2023\/09\/15-description-Custom-Pink-Cute-Small-Favors-Sweet-Food-Treat-Party-Wedding-Christmas-Halloween-Gift-Flat-Small-Stripe-Candy-Paper-Bags.jpg\" slate-data-type=\"image\" style=\"max-width: 100%; height: auto; display: block; margin: 0 auto;\"><br \/>\n<img decoding=\"async\" class=\"detail-desc-decorate-image\" src=\"http:\/\/ibn.wyd.mybluehost.me\/reanpackaging.com\/wp-content\/uploads\/2023\/09\/16-description-Custom-Pink-Cute-Small-Favors-Sweet-Food-Treat-Party-Wedding-Christmas-Halloween-Gift-Flat-Small-Stripe-Candy-Paper-Bags.jpg\" slate-data-type=\"image\" style=\"max-width: 100%; height: auto; display: block; margin: 0 auto;\"><br \/>\n<img decoding=\"async\" class=\"detail-desc-decorate-image\" src=\"http:\/\/ibn.wyd.mybluehost.me\/reanpackaging.com\/wp-content\/uploads\/2023\/09\/17-description-Custom-Pink-Cute-Small-Favors-Sweet-Food-Treat-Party-Wedding-Christmas-Halloween-Gift-Flat-Small-Stripe-Candy-Paper-Bags.jpg\" slate-data-type=\"image\" style=\"max-width: 100%; height: auto; display: block; margin: 0 auto;\"><br \/>\n<img decoding=\"async\" class=\"detail-desc-decorate-image\" src=\"http:\/\/ibn.wyd.mybluehost.me\/reanpackaging.com\/wp-content\/uploads\/2023\/09\/18-description-Custom-Pink-Cute-Small-Favors-Sweet-Food-Treat-Party-Wedding-Christmas-Halloween-Gift-Flat-Small-Stripe-Candy-Paper-Bags.jpg\" slate-data-type=\"image\" style=\"max-width: 100%; height: auto; display: block; margin: 0 auto;\"><br \/>\n<img decoding=\"async\" class=\"detail-desc-decorate-image\" src=\"http:\/\/ibn.wyd.mybluehost.me\/reanpackaging.com\/wp-content\/uploads\/2023\/09\/19-description-Custom-Pink-Cute-Small-Favors-Sweet-Food-Treat-Party-Wedding-Christmas-Halloween-Gift-Flat-Small-Stripe-Candy-Paper-Bags.jpg\" slate-data-type=\"image\" style=\"max-width: 100%; height: auto; display: block; margin: 0 auto;\"><br \/>\n<img decoding=\"async\" class=\"detail-desc-decorate-image\" src=\"http:\/\/ibn.wyd.mybluehost.me\/reanpackaging.com\/wp-content\/uploads\/2023\/09\/20-description-Custom-Pink-Cute-Small-Favors-Sweet-Food-Treat-Party-Wedding-Christmas-Halloween-Gift-Flat-Small-Stripe-Candy-Paper-Bags.jpg\" slate-data-type=\"image\" style=\"max-width: 100%; height: auto; display: block; margin: 0 auto;\"><br \/>\n<img decoding=\"async\" class=\"detail-desc-decorate-image\" src=\"http:\/\/ibn.wyd.mybluehost.me\/reanpackaging.com\/wp-content\/uploads\/2023\/09\/21-description-Custom-Pink-Cute-Small-Favors-Sweet-Food-Treat-Party-Wedding-Christmas-Halloween-Gift-Flat-Small-Stripe-Candy-Paper-Bags.jpg\" slate-data-type=\"image\" style=\"max-width: 100%; height: auto; display: block; margin: 0 auto;\"><br \/>\n<img decoding=\"async\" class=\"detail-desc-decorate-image\" src=\"http:\/\/ibn.wyd.mybluehost.me\/reanpackaging.com\/wp-content\/uploads\/2023\/09\/22-description-Custom-Pink-Cute-Small-Favors-Sweet-Food-Treat-Party-Wedding-Christmas-Halloween-Gift-Flat-Small-Stripe-Candy-Paper-Bags.jpg\" slate-data-type=\"image\" style=\"max-width: 100%; height: auto; display: block; margin: 0 auto;\"><br \/>\n<img decoding=\"async\" class=\"detail-desc-decorate-image\" src=\"http:\/\/ibn.wyd.mybluehost.me\/reanpackaging.com\/wp-content\/uploads\/2023\/09\/23-description-Custom-Pink-Cute-Small-Favors-Sweet-Food-Treat-Party-Wedding-Christmas-Halloween-Gift-Flat-Small-Stripe-Candy-Paper-Bags.jpg\" slate-data-type=\"image\" style=\"max-width: 100%; height: auto; display: block; margin: 0 auto;\"><\/p>","protected":false},"excerpt":{"rendered":"<p>Industry-Specific Attributes Industrial Use Food Paper Type Coated Paper Feature Recycled Materials Other Attributes Surface Handling Flexo Printing Sealing &#038; Handle Self Adhesive Seal Custom Order Accept Candy Paper Bags Party christmas halloween gift flat small stripe candy paper bags Material Kraft Paper, Coated Paperf or Custom Paper Usage Apparel,Promotion, Restaurant Take-away, etc. Size&#038;Thickness Customized. [&hellip;]<\/p>\n","protected":false},"featured_media":9433,"template":"","meta":{"_seopress_robots_primary_cat":"","_seopress_titles_title":"","_seopress_titles_desc":"","_seopress_robots_index":"","site-sidebar-layout":"default","site-content-layout":"","ast-site-content-layout":"default","site-content-style":"default","site-sidebar-style":"default","ast-global-header-display":"","ast-banner-title-visibility":"","ast-main-header-display":"","ast-hfb-above-header-display":"","ast-hfb-below-header-display":"","ast-hfb-mobile-header-display":"","site-post-title":"","ast-breadcrumbs-content":"","ast-featured-img":"","footer-sml-layout":"","ast-disable-related-posts":"","theme-transparent-header-meta":"","adv-header-id-meta":"","stick-header-meta":"","header-above-stick-meta":"","header-main-stick-meta":"","header-below-stick-meta":"","astra-migrate-meta-layouts":"default","ast-page-background-enabled":"default","ast-page-background-meta":{"desktop":{"background-color":"","background-image":"","background-repeat":"repeat","background-position":"center center","background-size":"auto","background-attachment":"scroll","background-type":"","background-media":"","overlay-type":"","overlay-color":"","overlay-opacity":"","overlay-gradient":""},"tablet":{"background-color":"","background-image":"","background-repeat":"repeat","background-position":"center center","background-size":"auto","background-attachment":"scroll","background-type":"","background-media":"","overlay-type":"","overlay-color":"","overlay-opacity":"","overlay-gradient":""},"mobile":{"background-color":"","background-image":"","background-repeat":"repeat","background-position":"center center","background-size":"auto","background-attachment":"scroll","background-type":"","background-media":"","overlay-type":"","overlay-color":"","overlay-opacity":"","overlay-gradient":""}},"ast-content-background-meta":{"desktop":{"background-color":"var(--ast-global-color-5)","background-image":"","background-repeat":"repeat","background-position":"center center","background-size":"auto","background-attachment":"scroll","background-type":"","background-media":"","overlay-type":"","overlay-color":"","overlay-opacity":"","overlay-gradient":""},"tablet":{"background-color":"var(--ast-global-color-5)","background-image":"","background-repeat":"repeat","background-position":"center center","background-size":"auto","background-attachment":"scroll","background-type":"","background-media":"","overlay-type":"","overlay-color":"","overlay-opacity":"","overlay-gradient":""},"mobile":{"background-color":"var(--ast-global-color-5)","background-image":"","background-repeat":"repeat","background-position":"center center","background-size":"auto","background-attachment":"scroll","background-type":"","background-media":"","overlay-type":"","overlay-color":"","overlay-opacity":"","overlay-gradient":""}}},"product_brand":[],"product_cat":[50,44],"product_tag":[],"class_list":{"0":"post-9506","1":"product","2":"type-product","3":"status-publish","4":"has-post-thumbnail","6":"product_cat-custom-paper-bags","7":"product_cat-paper-bags","8":"desktop-align-left","9":"tablet-align-left","10":"mobile-align-left","11":"ast-product-gallery-layout-horizontal","12":"ast-product-tabs-layout-horizontal","14":"first","15":"instock","16":"product-type-simple"},"_links":{"self":[{"href":"https:\/\/reanpackaging.com\/et\/wp-json\/wp\/v2\/product\/9506","targetHints":{"allow":["GET"]}}],"collection":[{"href":"https:\/\/reanpackaging.com\/et\/wp-json\/wp\/v2\/product"}],"about":[{"href":"https:\/\/reanpackaging.com\/et\/wp-json\/wp\/v2\/types\/product"}],"wp:featuredmedia":[{"embeddable":true,"href":"https:\/\/reanpackaging.com\/et\/wp-json\/wp\/v2\/media\/9433"}],"wp:attachment":[{"href":"https:\/\/reanpackaging.com\/et\/wp-json\/wp\/v2\/media?parent=9506"}],"wp:term":[{"taxonomy":"product_brand","embeddable":true,"href":"https:\/\/reanpackaging.com\/et\/wp-json\/wp\/v2\/product_brand?post=9506"},{"taxonomy":"product_cat","embeddable":true,"href":"https:\/\/reanpackaging.com\/et\/wp-json\/wp\/v2\/product_cat?post=9506"},{"taxonomy":"product_tag","embeddable":true,"href":"https:\/\/reanpackaging.com\/et\/wp-json\/wp\/v2\/product_tag?post=9506"}],"curies":[{"name":"wp","href":"https:\/\/api.w.org\/{rel}","templated":true}]}}