{"id":9522,"date":"2023-09-25T15:27:58","date_gmt":"2023-09-25T15:27:58","guid":{"rendered":"http:\/\/ibn.wyd.mybluehost.me\/reanpackaging.com\/product\/wholesale-custom-design-greaseproof-food-grade-microwavable-glassine-paper-bag-sandwich-bag-with-your-logo\/"},"modified":"2024-10-01T16:50:07","modified_gmt":"2024-10-01T16:50:07","slug":"wholesale-custom-design-greaseproof-food-grade-microwavable-glassine-paper-bag-sandwich-bag-with-your-logo","status":"publish","type":"product","link":"https:\/\/reanpackaging.com\/et\/toode\/wholesale-custom-design-greaseproof-food-grade-microwavable-glassine-paper-bag-sandwich-bag-with-your-logo\/","title":{"rendered":"Hulgim\u00fc\u00fck Custom Design Greaseproof Food Grade Microwavable Glassine paberkott Sandwich kott oma Logo"},"content":{"rendered":"<h4>T\u00f6\u00f6stusspetsiifilised omadused<\/h4>\n<table border=\"1\">\n<tr>\n<td><strong>T\u00f6\u00f6stuslik kasutamine<\/strong><\/td>\n<td>Toiduained<\/td>\n<\/tr>\n<tr>\n<td><strong>Paberi t\u00fc\u00fcp<\/strong><\/td>\n<td>Rasvakindel paber<\/td>\n<\/tr>\n<tr>\n<td><strong>Funktsioon<\/strong><\/td>\n<td>\u00dchekordsed<\/td>\n<\/tr>\n<\/table>\n<h4>Muud omadused<\/h4>\n<table border=\"1\">\n<tr>\n<td><strong>Pinnak\u00e4itlus<\/strong><\/td>\n<td>Flexotr\u00fckk<\/td>\n<\/tr>\n<tr>\n<td><strong>Tihendus ja k\u00e4epide<\/strong><\/td>\n<td>Nupu sulgemine<\/td>\n<\/tr>\n<tr>\n<td><strong>Kohandatud tellimus<\/strong><\/td>\n<td>Aktsepteeri<\/td>\n<\/tr>\n<tr>\n<td><strong>Toote nimi<\/strong><\/td>\n<td>kohandatud disainiga v\u00f5ileivapaberi kotid<\/td>\n<\/tr>\n<tr>\n<td><strong>Kasutamine<\/strong><\/td>\n<td>Pagaritoodete pakendamine;<\/td>\n<\/tr>\n<tr>\n<td><strong>Taotlus<\/strong><\/td>\n<td>v\u00f5ileivapakend, pagaripakend, k\u00f6\u00f6gi restorani pagari\u00e4ris<\/td>\n<\/tr>\n<tr>\n<td><strong>Materjal<\/strong><\/td>\n<td>100% Neitsi tselluloosist rasvapaber<\/td>\n<\/tr>\n<tr>\n<td><strong>M\u00e4rks\u00f5nad<\/strong><\/td>\n<td>toiduainek\u00f5lblik mikrolaine, rasvavaba paberkott<\/td>\n<\/tr>\n<tr>\n<td><strong>Paksus<\/strong><\/td>\n<td>40~150gsm<\/td>\n<\/tr>\n<tr>\n<td><strong>Suurus<\/strong><\/td>\n<td>10*17*05 cm v\u00f5i kohandatud pagarikott<\/td>\n<\/tr>\n<tr>\n<td><strong>MOQ<\/strong><\/td>\n<td>1000<\/td>\n<\/tr>\n<tr>\n<td><strong>Tindi t\u00fc\u00fcp<\/strong><\/td>\n<td>Keskkonnas\u00f5bralik veep\u00f5hine soja tint<\/td>\n<\/tr>\n<\/table>\n<p><img decoding=\"async\" class=\"detail-desc-decorate-image\" src=\"http:\/\/ibn.wyd.mybluehost.me\/reanpackaging.com\/wp-content\/uploads\/2023\/09\/1-description-Wholesale-Custom-Design-Greaseproof-Food-Grade-Microwavable-Glassine-Paper-Bag-Sandwich-Bag-With-Your-Logo.jpg\" slate-data-type=\"image\" style=\"max-width: 100%; height: auto; display: block; margin: 0 auto;\"><br \/>\n<img decoding=\"async\" class=\"detail-desc-decorate-image\" src=\"http:\/\/ibn.wyd.mybluehost.me\/reanpackaging.com\/wp-content\/uploads\/2023\/09\/10-description-Wholesale-Custom-Design-Greaseproof-Food-Grade-Microwavable-Glassine-Paper-Bag-Sandwich-Bag-With-Your-Logo.jpg\" slate-data-type=\"image\" style=\"max-width: 100%; height: auto; display: block; margin: 0 auto;\"><br \/>\n<img decoding=\"async\" class=\"detail-desc-decorate-image\" src=\"http:\/\/ibn.wyd.mybluehost.me\/reanpackaging.com\/wp-content\/uploads\/2023\/09\/2-description-Wholesale-Custom-Design-Greaseproof-Food-Grade-Microwavable-Glassine-Paper-Bag-Sandwich-Bag-With-Your-Logo.jpg\" slate-data-type=\"image\" style=\"max-width: 100%; height: auto; display: block; margin: 0 auto;\"><br \/>\n<img decoding=\"async\" class=\"detail-desc-decorate-image\" src=\"http:\/\/ibn.wyd.mybluehost.me\/reanpackaging.com\/wp-content\/uploads\/2023\/09\/3-description-Wholesale-Custom-Design-Greaseproof-Food-Grade-Microwavable-Glassine-Paper-Bag-Sandwich-Bag-With-Your-Logo.jpg\" slate-data-type=\"image\" style=\"max-width: 100%; height: auto; display: block; margin: 0 auto;\"><br \/>\n<img decoding=\"async\" class=\"detail-desc-decorate-image\" src=\"http:\/\/ibn.wyd.mybluehost.me\/reanpackaging.com\/wp-content\/uploads\/2023\/09\/5-description-Wholesale-Custom-Design-Greaseproof-Food-Grade-Microwavable-Glassine-Paper-Bag-Sandwich-Bag-With-Your-Logo.jpg\" slate-data-type=\"image\" style=\"max-width: 100%; height: auto; display: block; margin: 0 auto;\"><br \/>\n<img decoding=\"async\" class=\"detail-desc-decorate-image\" src=\"http:\/\/ibn.wyd.mybluehost.me\/reanpackaging.com\/wp-content\/uploads\/2023\/09\/6-description-Wholesale-Custom-Design-Greaseproof-Food-Grade-Microwavable-Glassine-Paper-Bag-Sandwich-Bag-With-Your-Logo.jpg\" slate-data-type=\"image\" style=\"max-width: 100%; height: auto; display: block; margin: 0 auto;\"><br \/>\n<img decoding=\"async\" class=\"detail-desc-decorate-image\" src=\"http:\/\/ibn.wyd.mybluehost.me\/reanpackaging.com\/wp-content\/uploads\/2023\/09\/7-description-Wholesale-Custom-Design-Greaseproof-Food-Grade-Microwavable-Glassine-Paper-Bag-Sandwich-Bag-With-Your-Logo.jpg\" slate-data-type=\"image\" style=\"max-width: 100%; height: auto; display: block; margin: 0 auto;\"><br \/>\n<img decoding=\"async\" class=\"detail-desc-decorate-image\" src=\"http:\/\/ibn.wyd.mybluehost.me\/reanpackaging.com\/wp-content\/uploads\/2023\/09\/8-description-Wholesale-Custom-Design-Greaseproof-Food-Grade-Microwavable-Glassine-Paper-Bag-Sandwich-Bag-With-Your-Logo.jpg\" slate-data-type=\"image\" style=\"max-width: 100%; height: auto; display: block; margin: 0 auto;\"><br \/>\n<img decoding=\"async\" class=\"detail-desc-decorate-image\" src=\"http:\/\/ibn.wyd.mybluehost.me\/reanpackaging.com\/wp-content\/uploads\/2023\/09\/9-description-Wholesale-Custom-Design-Greaseproof-Food-Grade-Microwavable-Glassine-Paper-Bag-Sandwich-Bag-With-Your-Logo.jpg\" slate-data-type=\"image\" style=\"max-width: 100%; height: auto; display: block; margin: 0 auto;\"><\/p>","protected":false},"excerpt":{"rendered":"<p>Industry-Specific Attributes Industrial Use Food Paper Type Greaseproof Paper Feature Disposable Other Attributes Surface Handling Flexo Printing Sealing &#038; Handle Button Closure Custom Order Accept Product name custom design greaseproof sandwich paper bags Usage Baked Goods packaging; Application sandwich wrap, bakery package, Kitchen Restaurant Bakery Material 100% Virgin Pulp greaseproof paper Keywords food grade microwavable, [&hellip;]<\/p>\n","protected":false},"featured_media":9493,"template":"","meta":{"_seopress_robots_primary_cat":"none","_seopress_titles_title":"","_seopress_titles_desc":"","_seopress_robots_index":"","site-sidebar-layout":"default","site-content-layout":"","ast-site-content-layout":"default","site-content-style":"default","site-sidebar-style":"default","ast-global-header-display":"","ast-banner-title-visibility":"","ast-main-header-display":"","ast-hfb-above-header-display":"","ast-hfb-below-header-display":"","ast-hfb-mobile-header-display":"","site-post-title":"","ast-breadcrumbs-content":"","ast-featured-img":"","footer-sml-layout":"","ast-disable-related-posts":"","theme-transparent-header-meta":"default","adv-header-id-meta":"","stick-header-meta":"default","header-above-stick-meta":"","header-main-stick-meta":"","header-below-stick-meta":"","astra-migrate-meta-layouts":"set","ast-page-background-enabled":"default","ast-page-background-meta":{"desktop":{"background-color":"","background-image":"","background-repeat":"repeat","background-position":"center center","background-size":"auto","background-attachment":"scroll","background-type":"","background-media":"","overlay-type":"","overlay-color":"","overlay-opacity":"","overlay-gradient":""},"tablet":{"background-color":"","background-image":"","background-repeat":"repeat","background-position":"center center","background-size":"auto","background-attachment":"scroll","background-type":"","background-media":"","overlay-type":"","overlay-color":"","overlay-opacity":"","overlay-gradient":""},"mobile":{"background-color":"","background-image":"","background-repeat":"repeat","background-position":"center center","background-size":"auto","background-attachment":"scroll","background-type":"","background-media":"","overlay-type":"","overlay-color":"","overlay-opacity":"","overlay-gradient":""}},"ast-content-background-meta":{"desktop":{"background-color":"var(--ast-global-color-5)","background-image":"","background-repeat":"repeat","background-position":"center center","background-size":"auto","background-attachment":"scroll","background-type":"","background-media":"","overlay-type":"","overlay-color":"","overlay-opacity":"","overlay-gradient":""},"tablet":{"background-color":"var(--ast-global-color-5)","background-image":"","background-repeat":"repeat","background-position":"center center","background-size":"auto","background-attachment":"scroll","background-type":"","background-media":"","overlay-type":"","overlay-color":"","overlay-opacity":"","overlay-gradient":""},"mobile":{"background-color":"var(--ast-global-color-5)","background-image":"","background-repeat":"repeat","background-position":"center center","background-size":"auto","background-attachment":"scroll","background-type":"","background-media":"","overlay-type":"","overlay-color":"","overlay-opacity":"","overlay-gradient":""}}},"product_brand":[],"product_cat":[50,44],"product_tag":[],"class_list":{"0":"post-9522","1":"product","2":"type-product","3":"status-publish","4":"has-post-thumbnail","6":"product_cat-custom-paper-bags","7":"product_cat-paper-bags","8":"desktop-align-left","9":"tablet-align-left","10":"mobile-align-left","11":"ast-product-gallery-layout-horizontal","12":"ast-product-tabs-layout-horizontal","14":"first","15":"instock","16":"purchasable","17":"product-type-simple"},"_links":{"self":[{"href":"https:\/\/reanpackaging.com\/et\/wp-json\/wp\/v2\/product\/9522","targetHints":{"allow":["GET"]}}],"collection":[{"href":"https:\/\/reanpackaging.com\/et\/wp-json\/wp\/v2\/product"}],"about":[{"href":"https:\/\/reanpackaging.com\/et\/wp-json\/wp\/v2\/types\/product"}],"wp:featuredmedia":[{"embeddable":true,"href":"https:\/\/reanpackaging.com\/et\/wp-json\/wp\/v2\/media\/9493"}],"wp:attachment":[{"href":"https:\/\/reanpackaging.com\/et\/wp-json\/wp\/v2\/media?parent=9522"}],"wp:term":[{"taxonomy":"product_brand","embeddable":true,"href":"https:\/\/reanpackaging.com\/et\/wp-json\/wp\/v2\/product_brand?post=9522"},{"taxonomy":"product_cat","embeddable":true,"href":"https:\/\/reanpackaging.com\/et\/wp-json\/wp\/v2\/product_cat?post=9522"},{"taxonomy":"product_tag","embeddable":true,"href":"https:\/\/reanpackaging.com\/et\/wp-json\/wp\/v2\/product_tag?post=9522"}],"curies":[{"name":"wp","href":"https:\/\/api.w.org\/{rel}","templated":true}]}}