{"id":95367,"date":"2025-03-08T20:45:58","date_gmt":"2025-03-08T20:45:58","guid":{"rendered":"https:\/\/reanpackaging.com\/product\/manufacturer-customizable-vodka-wine-box-packaging-round-wine-box-paper-tube\/"},"modified":"2025-03-08T20:46:30","modified_gmt":"2025-03-08T20:46:30","slug":"manufacturer-customizable-vodka-wine-box-packaging-round-wine-box-paper-tube","status":"publish","type":"product","link":"https:\/\/reanpackaging.com\/et\/toode\/manufacturer-customizable-vodka-wine-box-packaging-round-wine-box-paper-tube\/","title":{"rendered":"Tootja Kohandatav Vodka Wine Box Packaging \u00fcmmargune veinikarbi pabertoru"},"content":{"rendered":"<h4>T\u00f6\u00f6stusspetsiifilised omadused<\/h4>\n<table border=\"1\">\n<tr>\n<td><strong>T\u00f6\u00f6stuslik kasutamine<\/strong><\/td>\n<td>Toiduained<\/td>\n<\/tr>\n<tr>\n<td><strong>Paberi t\u00fc\u00fcp<\/strong><\/td>\n<td>K\u00e4sit\u00f6\u00f6paber<\/td>\n<\/tr>\n<tr>\n<td><strong>Funktsioon<\/strong><\/td>\n<td>Biolagunevad<\/td>\n<\/tr>\n<\/table>\n<h4>Muud omadused<\/h4>\n<table border=\"1\">\n<tr>\n<td><strong>Tr\u00fckkimise k\u00e4sitlemine<\/strong><\/td>\n<td>S\u00fcgavtr\u00fckk, UV-pindamine, lakkimine, l\u00e4ikiv lamineerimine, tembeldamine, matt lamineerimine, VANISHING, kuldfoolium.<\/td>\n<\/tr>\n<tr>\n<td><strong>Suurus<\/strong><\/td>\n<td>Kohandatud<\/td>\n<\/tr>\n<tr>\n<td><strong>Kohandatud tellimus<\/strong><\/td>\n<td>Aktsepteeri<\/td>\n<\/tr>\n<tr>\n<td><strong>Kasutage<\/strong><\/td>\n<td>vein<\/td>\n<\/tr>\n<tr>\n<td><strong>Suurus<\/strong><\/td>\n<td>Kohandatud suurus<\/td>\n<\/tr>\n<tr>\n<td><strong>Materjal<\/strong><\/td>\n<td>Paber<\/td>\n<\/tr>\n<tr>\n<td><strong>Toote nimi<\/strong><\/td>\n<td>Paberitoru pakendikarp<\/td>\n<\/tr>\n<tr>\n<td><strong>Kasutamine<\/strong><\/td>\n<td>Pakkekohad<\/td>\n<\/tr>\n<tr>\n<td><strong>Kuju<\/strong><\/td>\n<td>Silindriline<\/td>\n<\/tr>\n<tr>\n<td><strong>V\u00e4rv<\/strong><\/td>\n<td>CMYK<\/td>\n<\/tr>\n<tr>\n<td><strong>Punkti<\/strong><\/td>\n<td>Kraft \u00fcmmargune toru<\/td>\n<\/tr>\n<tr>\n<td><strong>Taotlus<\/strong><\/td>\n<td>Business.office.gift .promotion.etc<\/td>\n<\/tr>\n<tr>\n<td><strong>Logo<\/strong><\/td>\n<td>Aktsepteeritav kliendi logo<\/td>\n<\/tr>\n<\/table>","protected":false},"excerpt":{"rendered":"<p>Industry-Specific Attributes Industrial Use Food Paper Type Craft Paper Feature Bio-degradable Other Attributes Printing Handling Embossing, UV Coating, Varnishing, Glossy Lamination, Stamping, Matt Lamination, VANISHING, Gold Foil Size Customized Custom Order Accept Use wine Size Customized Size Material Paper Product name Paper Tube Packaging Box Usage Packing Items Shape Cylindrical Color CMYK Item Kraft Round [&hellip;]<\/p>\n","protected":false},"featured_media":95188,"template":"","meta":{"_seopress_robots_primary_cat":"","_seopress_titles_title":"","_seopress_titles_desc":"","_seopress_robots_index":"","site-sidebar-layout":"default","site-content-layout":"","ast-site-content-layout":"default","site-content-style":"default","site-sidebar-style":"default","ast-global-header-display":"","ast-banner-title-visibility":"","ast-main-header-display":"","ast-hfb-above-header-display":"","ast-hfb-below-header-display":"","ast-hfb-mobile-header-display":"","site-post-title":"","ast-breadcrumbs-content":"","ast-featured-img":"","footer-sml-layout":"","ast-disable-related-posts":"","theme-transparent-header-meta":"","adv-header-id-meta":"","stick-header-meta":"","header-above-stick-meta":"","header-main-stick-meta":"","header-below-stick-meta":"","astra-migrate-meta-layouts":"default","ast-page-background-enabled":"default","ast-page-background-meta":{"desktop":{"background-color":"","background-image":"","background-repeat":"repeat","background-position":"center center","background-size":"auto","background-attachment":"scroll","background-type":"","background-media":"","overlay-type":"","overlay-color":"","overlay-opacity":"","overlay-gradient":""},"tablet":{"background-color":"","background-image":"","background-repeat":"repeat","background-position":"center center","background-size":"auto","background-attachment":"scroll","background-type":"","background-media":"","overlay-type":"","overlay-color":"","overlay-opacity":"","overlay-gradient":""},"mobile":{"background-color":"","background-image":"","background-repeat":"repeat","background-position":"center center","background-size":"auto","background-attachment":"scroll","background-type":"","background-media":"","overlay-type":"","overlay-color":"","overlay-opacity":"","overlay-gradient":""}},"ast-content-background-meta":{"desktop":{"background-color":"var(--ast-global-color-5)","background-image":"","background-repeat":"repeat","background-position":"center center","background-size":"auto","background-attachment":"scroll","background-type":"","background-media":"","overlay-type":"","overlay-color":"","overlay-opacity":"","overlay-gradient":""},"tablet":{"background-color":"var(--ast-global-color-5)","background-image":"","background-repeat":"repeat","background-position":"center center","background-size":"auto","background-attachment":"scroll","background-type":"","background-media":"","overlay-type":"","overlay-color":"","overlay-opacity":"","overlay-gradient":""},"mobile":{"background-color":"var(--ast-global-color-5)","background-image":"","background-repeat":"repeat","background-position":"center center","background-size":"auto","background-attachment":"scroll","background-type":"","background-media":"","overlay-type":"","overlay-color":"","overlay-opacity":"","overlay-gradient":""}}},"product_brand":[],"product_cat":[95],"product_tag":[],"class_list":{"0":"post-95367","1":"product","2":"type-product","3":"status-publish","4":"has-post-thumbnail","6":"product_cat-wine-box","7":"desktop-align-left","8":"tablet-align-left","9":"mobile-align-left","10":"ast-product-gallery-layout-horizontal","11":"ast-product-tabs-layout-horizontal","13":"first","14":"instock","15":"product-type-simple"},"_links":{"self":[{"href":"https:\/\/reanpackaging.com\/et\/wp-json\/wp\/v2\/product\/95367","targetHints":{"allow":["GET"]}}],"collection":[{"href":"https:\/\/reanpackaging.com\/et\/wp-json\/wp\/v2\/product"}],"about":[{"href":"https:\/\/reanpackaging.com\/et\/wp-json\/wp\/v2\/types\/product"}],"wp:featuredmedia":[{"embeddable":true,"href":"https:\/\/reanpackaging.com\/et\/wp-json\/wp\/v2\/media\/95188"}],"wp:attachment":[{"href":"https:\/\/reanpackaging.com\/et\/wp-json\/wp\/v2\/media?parent=95367"}],"wp:term":[{"taxonomy":"product_brand","embeddable":true,"href":"https:\/\/reanpackaging.com\/et\/wp-json\/wp\/v2\/product_brand?post=95367"},{"taxonomy":"product_cat","embeddable":true,"href":"https:\/\/reanpackaging.com\/et\/wp-json\/wp\/v2\/product_cat?post=95367"},{"taxonomy":"product_tag","embeddable":true,"href":"https:\/\/reanpackaging.com\/et\/wp-json\/wp\/v2\/product_tag?post=95367"}],"curies":[{"name":"wp","href":"https:\/\/api.w.org\/{rel}","templated":true}]}}