{"id":9992,"date":"2023-09-26T06:51:01","date_gmt":"2023-09-26T06:51:01","guid":{"rendered":"http:\/\/ibn.wyd.mybluehost.me\/reanpackaging.com\/product\/paper-material-and-recyclablerecyclable-packing-feature-christmas-gift-bag\/"},"modified":"2023-09-26T06:57:43","modified_gmt":"2023-09-26T06:57:43","slug":"paper-material-and-recyclablerecyclable-packing-feature-christmas-gift-bag","status":"publish","type":"product","link":"https:\/\/reanpackaging.com\/et\/toode\/paper-material-and-recyclablerecyclable-packing-feature-christmas-gift-bag\/","title":{"rendered":"Paberimaterjal ja taaskasutatav,taaskasutatav pakendamisfunktsioon j\u00f5ulukinkekott"},"content":{"rendered":"<h4>T\u00f6\u00f6stusspetsiifilised omadused<\/h4>\n<table border=\"1\">\n<tbody>\n<tr>\n<td><strong>T\u00f6\u00f6stuslik kasutamine<\/strong><\/td>\n<td>Kingitus ja k\u00e4sit\u00f6\u00f6<\/td>\n<\/tr>\n<tr>\n<td><strong>Paberi t\u00fc\u00fcp<\/strong><\/td>\n<td>Kraftpaber<\/td>\n<\/tr>\n<tr>\n<td><strong>Funktsioon<\/strong><\/td>\n<td>Ringlussev\u00f5etav<\/td>\n<\/tr>\n<\/tbody>\n<\/table>\n<h4>Muud omadused<\/h4>\n<table border=\"1\">\n<tbody>\n<tr>\n<td><strong>Pinnak\u00e4itlus<\/strong><\/td>\n<td>Flexotr\u00fckk<\/td>\n<\/tr>\n<tr>\n<td><strong>Tihendus ja k\u00e4epide<\/strong><\/td>\n<td>K\u00e4e pikkus k\u00e4epide<\/td>\n<\/tr>\n<tr>\n<td><strong>Kohandatud tellimus<\/strong><\/td>\n<td>Aktsepteeri<\/td>\n<\/tr>\n<tr>\n<td><strong>Nimi<\/strong><\/td>\n<td>j\u00f5ulukinkide kott<\/td>\n<\/tr>\n<tr>\n<td><strong>T\u00f6\u00f6stuslik kasutamine<\/strong><\/td>\n<td>Kingitus<\/td>\n<\/tr>\n<tr>\n<td><strong>T\u00fc\u00fcp<\/strong><\/td>\n<td>Toiduainete klassi materjal<\/td>\n<\/tr>\n<tr>\n<td><strong>Tr\u00fckkimine<\/strong><\/td>\n<td>8 v\u00e4rvi flexotr\u00fckk<\/td>\n<\/tr>\n<tr>\n<td><strong>Paksus<\/strong><\/td>\n<td>40gsm~150gsm<\/td>\n<\/tr>\n<tr>\n<td><strong>V\u00e4rv<\/strong><\/td>\n<td>Kohandatud<\/td>\n<\/tr>\n<tr>\n<td><strong>Taotlus<\/strong><\/td>\n<td>V\u00e4ikesed asjad<\/td>\n<\/tr>\n<tr>\n<td><strong>Pakkimine<\/strong><\/td>\n<td>Kartong<\/td>\n<\/tr>\n<tr>\n<td><strong>Disain<\/strong><\/td>\n<td>Pakutav teenus<\/td>\n<\/tr>\n<tr>\n<td><strong>Kasutage<\/strong><\/td>\n<td>kingituspakend<\/td>\n<\/tr>\n<\/tbody>\n<\/table>\n<p><img fetchpriority=\"high\" decoding=\"async\" class=\"wp-image-10018 aligncenter\" src=\"http:\/\/ibn.wyd.mybluehost.me\/reanpackaging.com\/wp-content\/uploads\/2023\/09\/3-description-Paper-Material-And-RecyclableRecyclable-Packing-Feature-Christmas-Gift-Bag-1-182x300.jpg\" alt=\"3 kirjeldus pabermaterjal ja taaskasutatav, taaskasutatav pakendamisfunktsioon j\u00f5ulukinkekott\" width=\"1297\" height=\"2138\" srcset=\"https:\/\/reanpackaging.com\/wp-content\/uploads\/2023\/09\/3-description-Paper-Material-And-RecyclableRecyclable-Packing-Feature-Christmas-Gift-Bag-1-182x300.jpg 182w, https:\/\/reanpackaging.com\/wp-content\/uploads\/2023\/09\/3-description-Paper-Material-And-RecyclableRecyclable-Packing-Feature-Christmas-Gift-Bag-1-621x1024.jpg 621w, https:\/\/reanpackaging.com\/wp-content\/uploads\/2023\/09\/3-description-Paper-Material-And-RecyclableRecyclable-Packing-Feature-Christmas-Gift-Bag-1-600x989.jpg 600w, https:\/\/reanpackaging.com\/wp-content\/uploads\/2023\/09\/3-description-Paper-Material-And-RecyclableRecyclable-Packing-Feature-Christmas-Gift-Bag-1.jpg 750w\" sizes=\"(max-width: 1297px) 100vw, 1297px\" \/><\/p>\n<p><img decoding=\"async\" class=\"wp-image-10019 aligncenter\" src=\"http:\/\/ibn.wyd.mybluehost.me\/reanpackaging.com\/wp-content\/uploads\/2023\/09\/7-description-Paper-Material-And-RecyclableRecyclable-Packing-Feature-Christmas-Gift-Bag-1-280x300.jpg\" alt=\"7 kirjeldus pabermaterjal ja taaskasutatav, taaskasutatav pakendamisfunktsioon j\u00f5ulukinkekott\" width=\"1324\" height=\"1419\" srcset=\"https:\/\/reanpackaging.com\/wp-content\/uploads\/2023\/09\/7-description-Paper-Material-And-RecyclableRecyclable-Packing-Feature-Christmas-Gift-Bag-1-280x300.jpg 280w, https:\/\/reanpackaging.com\/wp-content\/uploads\/2023\/09\/7-description-Paper-Material-And-RecyclableRecyclable-Packing-Feature-Christmas-Gift-Bag-1-600x643.jpg 600w, https:\/\/reanpackaging.com\/wp-content\/uploads\/2023\/09\/7-description-Paper-Material-And-RecyclableRecyclable-Packing-Feature-Christmas-Gift-Bag-1.jpg 751w\" sizes=\"(max-width: 1324px) 100vw, 1324px\" \/><\/p>","protected":false},"excerpt":{"rendered":"<p>Industry-Specific Attributes Industrial Use Gift &amp; Craft Paper Type Kraft Paper Feature Recyclable Other Attributes Surface Handling Flexo Printing Sealing &amp; Handle Hand Length Handle Custom Order Accept Name christmas gift bag Industrial Use Gift Type Food Grade Material Printing 8 color flexo printing Thickness 40gsm~150gsm Color Customized Application Small Things Packing Carton Design Service [&hellip;]<\/p>\n","protected":false},"featured_media":10011,"template":"","meta":{"_seopress_robots_primary_cat":"none","_seopress_titles_title":"","_seopress_titles_desc":"","_seopress_robots_index":"","site-sidebar-layout":"default","site-content-layout":"default","ast-site-content-layout":"default","site-content-style":"default","site-sidebar-style":"default","ast-global-header-display":"","ast-banner-title-visibility":"","ast-main-header-display":"","ast-hfb-above-header-display":"","ast-hfb-below-header-display":"","ast-hfb-mobile-header-display":"","site-post-title":"","ast-breadcrumbs-content":"","ast-featured-img":"","footer-sml-layout":"","ast-disable-related-posts":"","theme-transparent-header-meta":"default","adv-header-id-meta":"","stick-header-meta":"default","header-above-stick-meta":"","header-main-stick-meta":"","header-below-stick-meta":"","astra-migrate-meta-layouts":"default","ast-page-background-enabled":"default","ast-page-background-meta":{"desktop":{"background-color":"","background-image":"","background-repeat":"repeat","background-position":"center center","background-size":"auto","background-attachment":"scroll","background-type":"","background-media":"","overlay-type":"","overlay-color":"","overlay-opacity":"","overlay-gradient":""},"tablet":{"background-color":"","background-image":"","background-repeat":"repeat","background-position":"center center","background-size":"auto","background-attachment":"scroll","background-type":"","background-media":"","overlay-type":"","overlay-color":"","overlay-opacity":"","overlay-gradient":""},"mobile":{"background-color":"","background-image":"","background-repeat":"repeat","background-position":"center center","background-size":"auto","background-attachment":"scroll","background-type":"","background-media":"","overlay-type":"","overlay-color":"","overlay-opacity":"","overlay-gradient":""}},"ast-content-background-meta":{"desktop":{"background-color":"var(--ast-global-color-5)","background-image":"","background-repeat":"repeat","background-position":"center center","background-size":"auto","background-attachment":"scroll","background-type":"","background-media":"","overlay-type":"","overlay-color":"","overlay-opacity":"","overlay-gradient":""},"tablet":{"background-color":"var(--ast-global-color-5)","background-image":"","background-repeat":"repeat","background-position":"center center","background-size":"auto","background-attachment":"scroll","background-type":"","background-media":"","overlay-type":"","overlay-color":"","overlay-opacity":"","overlay-gradient":""},"mobile":{"background-color":"var(--ast-global-color-5)","background-image":"","background-repeat":"repeat","background-position":"center center","background-size":"auto","background-attachment":"scroll","background-type":"","background-media":"","overlay-type":"","overlay-color":"","overlay-opacity":"","overlay-gradient":""}}},"product_brand":[],"product_cat":[40,32],"product_tag":[],"class_list":{"0":"post-9992","1":"product","2":"type-product","3":"status-publish","4":"has-post-thumbnail","6":"product_cat-gift-bags","7":"product_cat-retail-packaging","8":"desktop-align-left","9":"tablet-align-left","10":"mobile-align-left","11":"ast-product-gallery-layout-horizontal","12":"ast-product-tabs-layout-horizontal","14":"first","15":"instock","16":"product-type-simple"},"_links":{"self":[{"href":"https:\/\/reanpackaging.com\/et\/wp-json\/wp\/v2\/product\/9992","targetHints":{"allow":["GET"]}}],"collection":[{"href":"https:\/\/reanpackaging.com\/et\/wp-json\/wp\/v2\/product"}],"about":[{"href":"https:\/\/reanpackaging.com\/et\/wp-json\/wp\/v2\/types\/product"}],"wp:featuredmedia":[{"embeddable":true,"href":"https:\/\/reanpackaging.com\/et\/wp-json\/wp\/v2\/media\/10011"}],"wp:attachment":[{"href":"https:\/\/reanpackaging.com\/et\/wp-json\/wp\/v2\/media?parent=9992"}],"wp:term":[{"taxonomy":"product_brand","embeddable":true,"href":"https:\/\/reanpackaging.com\/et\/wp-json\/wp\/v2\/product_brand?post=9992"},{"taxonomy":"product_cat","embeddable":true,"href":"https:\/\/reanpackaging.com\/et\/wp-json\/wp\/v2\/product_cat?post=9992"},{"taxonomy":"product_tag","embeddable":true,"href":"https:\/\/reanpackaging.com\/et\/wp-json\/wp\/v2\/product_tag?post=9992"}],"curies":[{"name":"wp","href":"https:\/\/api.w.org\/{rel}","templated":true}]}}