{"id":10253,"date":"2023-09-27T01:55:19","date_gmt":"2023-09-27T01:55:19","guid":{"rendered":"http:\/\/ibn.wyd.mybluehost.me\/reanpackaging.com\/product\/wholesale-custom-printed-brand-logo-design-promotion-luxury-clothing-retail-gift-shopping-black-jewellery-paper-bag-with-handle\/"},"modified":"2024-10-01T16:47:17","modified_gmt":"2024-10-01T16:47:17","slug":"wholesale-custom-printed-brand-logo-design-promotion-luxury-clothing-retail-gift-shopping-black-jewellery-paper-bag-with-handle","status":"publish","type":"product","link":"https:\/\/reanpackaging.com\/fr\/produit\/wholesale-custom-printed-brand-logo-design-promotion-luxury-clothing-retail-gift-shopping-black-jewellery-paper-bag-with-handle\/","title":{"rendered":"Wholesale Custom Printed Brand Logo Design Promotion Luxury Clothing Retail Gift Shopping Black Jewellery Paper Bag With Handle"},"content":{"rendered":"<h4>Attributs sp\u00e9cifiques \u00e0 l'industrie<\/h4>\n<table border=\"1\">\n<tr>\n<td><strong>Utilisation industrielle<\/strong><\/td>\n<td>Shopping, v\u00eatements, cadeaux, publicit\u00e9, vente au d\u00e9tail, promotion, \u00e9picerie, alimentation, bijoux, 3C, etc.<\/td>\n<\/tr>\n<tr>\n<td><strong>Type de papier<\/strong><\/td>\n<td>Papier d'art<\/td>\n<\/tr>\n<tr>\n<td><strong>Fonctionnalit\u00e9<\/strong><\/td>\n<td>Recyclable<\/td>\n<\/tr>\n<\/table>\n<h4>Autres attributs<\/h4>\n<table border=\"1\">\n<tr>\n<td><strong>Manipulation de surface<\/strong><\/td>\n<td>Impression flexo\/gravure\/offset, marquage \u00e0 chaud, gaufrage, vernissage, UV, etc.<\/td>\n<\/tr>\n<tr>\n<td><strong>Scellement et poign\u00e9e<\/strong><\/td>\n<td>Longueur de la main Poign\u00e9e<\/td>\n<\/tr>\n<tr>\n<td><strong>Commande personnalis\u00e9e<\/strong><\/td>\n<td>Accepter<\/td>\n<\/tr>\n<tr>\n<td><strong>Nom du produit<\/strong><\/td>\n<td>Sac en papier blanc de luxe imprim\u00e9 avec votre propre logo<\/td>\n<\/tr>\n<tr>\n<td><strong>\u00c9paisseur<\/strong><\/td>\n<td>Personnalis\u00e9 ou 150gsm, 210gsm, 250gsm, 300gsm<\/td>\n<\/tr>\n<tr>\n<td><strong>Taille<\/strong><\/td>\n<td>Taille personnalis\u00e9e accept\u00e9e<\/td>\n<\/tr>\n<tr>\n<td><strong>Logo\/manipulation<\/strong><\/td>\n<td>Logo\/impression personnalis\u00e9(e), Spot UV, Hot Stamping\/Foiled, Gaufrage, Vernissage<\/td>\n<\/tr>\n<tr>\n<td><strong>Couleurs<\/strong><\/td>\n<td>CMYK, Pantone, 4C<\/td>\n<\/tr>\n<tr>\n<td><strong>Options des poign\u00e9es<\/strong><\/td>\n<td>Coton, ruban, PP, corde de papier torsad\u00e9e, d\u00e9coup\u00e9e, coton plat, corde de nylon, etc.<\/td>\n<\/tr>\n<tr>\n<td><strong>Fonctionnalit\u00e9<\/strong><\/td>\n<td>Recyclable, \u00e9cologique, durable et impression pr\u00e9cise<\/td>\n<\/tr>\n<tr>\n<td><strong>Certificat<\/strong><\/td>\n<td>BSCI, ISO9001, etc.<\/td>\n<\/tr>\n<tr>\n<td><strong>Structure des mat\u00e9riaux<\/strong><\/td>\n<td>Papier d'art, papier kraft<\/td>\n<\/tr>\n<tr>\n<td><strong>Scellement et poign\u00e9e<\/strong><\/td>\n<td>Poign\u00e9e \u00e0 main, d\u00e9coup\u00e9e, Flexiloop\/Longueur d'\u00e9paule\/Poign\u00e9e gilet\/Patch<\/td>\n<\/tr>\n<\/table>\n<p><img decoding=\"async\" class=\"detail-desc-decorate-image\" src=\"http:\/\/ibn.wyd.mybluehost.me\/reanpackaging.com\/wp-content\/uploads\/2023\/09\/10-description-Wholesale-Custom-Printed-Brand-Logo-Design-Promotion-Luxury-Clothing-Retail-Gift-Shopping-Black-Jewellery-Paper-Bag-With-Handle.jpg\" slate-data-type=\"image\" style=\"max-width: 100%; height: auto; display: block; margin: 0 auto;\"><br \/>\n<img decoding=\"async\" class=\"detail-desc-decorate-image\" src=\"http:\/\/ibn.wyd.mybluehost.me\/reanpackaging.com\/wp-content\/uploads\/2023\/09\/11-description-Wholesale-Custom-Printed-Brand-Logo-Design-Promotion-Luxury-Clothing-Retail-Gift-Shopping-Black-Jewellery-Paper-Bag-With-Handle.jpg\" slate-data-type=\"image\" style=\"max-width: 100%; height: auto; display: block; margin: 0 auto;\"><br \/>\n<img decoding=\"async\" class=\"detail-desc-decorate-image\" src=\"http:\/\/ibn.wyd.mybluehost.me\/reanpackaging.com\/wp-content\/uploads\/2023\/09\/12-description-Wholesale-Custom-Printed-Brand-Logo-Design-Promotion-Luxury-Clothing-Retail-Gift-Shopping-Black-Jewellery-Paper-Bag-With-Handle.jpg\" slate-data-type=\"image\" style=\"max-width: 100%; height: auto; display: block; margin: 0 auto;\"><br \/>\n<img decoding=\"async\" class=\"detail-desc-decorate-image\" src=\"http:\/\/ibn.wyd.mybluehost.me\/reanpackaging.com\/wp-content\/uploads\/2023\/09\/13-description-Wholesale-Custom-Printed-Brand-Logo-Design-Promotion-Luxury-Clothing-Retail-Gift-Shopping-Black-Jewellery-Paper-Bag-With-Handle.jpg\" slate-data-type=\"image\" style=\"max-width: 100%; height: auto; display: block; margin: 0 auto;\"><br \/>\n<img decoding=\"async\" class=\"detail-desc-decorate-image\" src=\"http:\/\/ibn.wyd.mybluehost.me\/reanpackaging.com\/wp-content\/uploads\/2023\/09\/2-description-Wholesale-Custom-Printed-Brand-Logo-Design-Promotion-Luxury-Clothing-Retail-Gift-Shopping-Black-Jewellery-Paper-Bag-With-Handle.jpg\" slate-data-type=\"image\" style=\"max-width: 100%; height: auto; display: block; margin: 0 auto;\"><br \/>\n<img decoding=\"async\" class=\"detail-desc-decorate-image\" src=\"http:\/\/ibn.wyd.mybluehost.me\/reanpackaging.com\/wp-content\/uploads\/2023\/09\/3-description-Wholesale-Custom-Printed-Brand-Logo-Design-Promotion-Luxury-Clothing-Retail-Gift-Shopping-Black-Jewellery-Paper-Bag-With-Handle.jpg\" slate-data-type=\"image\" style=\"max-width: 100%; height: auto; display: block; margin: 0 auto;\"><br \/>\n<img decoding=\"async\" class=\"detail-desc-decorate-image\" src=\"http:\/\/ibn.wyd.mybluehost.me\/reanpackaging.com\/wp-content\/uploads\/2023\/09\/4-description-Wholesale-Custom-Printed-Brand-Logo-Design-Promotion-Luxury-Clothing-Retail-Gift-Shopping-Black-Jewellery-Paper-Bag-With-Handle.jpg\" slate-data-type=\"image\" style=\"max-width: 100%; height: auto; display: block; margin: 0 auto;\"><br \/>\n<img decoding=\"async\" class=\"detail-desc-decorate-image\" src=\"http:\/\/ibn.wyd.mybluehost.me\/reanpackaging.com\/wp-content\/uploads\/2023\/09\/8-description-Wholesale-Custom-Printed-Brand-Logo-Design-Promotion-Luxury-Clothing-Retail-Gift-Shopping-Black-Jewellery-Paper-Bag-With-Handle.jpg\" slate-data-type=\"image\" style=\"max-width: 100%; height: auto; display: block; margin: 0 auto;\"><br \/>\n<img decoding=\"async\" class=\"detail-desc-decorate-image\" src=\"http:\/\/ibn.wyd.mybluehost.me\/reanpackaging.com\/wp-content\/uploads\/2023\/09\/9-description-Wholesale-Custom-Printed-Brand-Logo-Design-Promotion-Luxury-Clothing-Retail-Gift-Shopping-Black-Jewellery-Paper-Bag-With-Handle.jpg\" slate-data-type=\"image\" style=\"max-width: 100%; height: auto; display: block; margin: 0 auto;\"><\/p>","protected":false},"excerpt":{"rendered":"<p>Industry-Specific Attributes Industrial Use Shopping,Apparel,Gift,Ad,Retail,Promotion,Grocery,Food,Jewelry,3C,etc Paper Type Art Paper Feature Recyclable Other Attributes Surface Handling Flexo\/Gravure\/Offset printing,Hot Stamping,Embossing,Varnishing,UV,etc Sealing &#038; Handle Hand Length Handle Custom Order Accept Product name White Luxury Printed Gift Custom Shopping Paper Bag With Your Own Logo Thickness Customized or 150gsm,210gsm,250gsm,300gsm Size Custom Size Accepted Logo\/Handling Custom Logo\/Printing,Spot UV,Hot Stamping\/Foiled,Embossing,Varnishing Colors [&hellip;]<\/p>\n","protected":false},"featured_media":10214,"template":"","meta":{"_seopress_robots_primary_cat":"none","_seopress_titles_title":"","_seopress_titles_desc":"","_seopress_robots_index":"","site-sidebar-layout":"default","site-content-layout":"","ast-site-content-layout":"default","site-content-style":"default","site-sidebar-style":"default","ast-global-header-display":"","ast-banner-title-visibility":"","ast-main-header-display":"","ast-hfb-above-header-display":"","ast-hfb-below-header-display":"","ast-hfb-mobile-header-display":"","site-post-title":"","ast-breadcrumbs-content":"","ast-featured-img":"","footer-sml-layout":"","ast-disable-related-posts":"","theme-transparent-header-meta":"default","adv-header-id-meta":"","stick-header-meta":"default","header-above-stick-meta":"","header-main-stick-meta":"","header-below-stick-meta":"","astra-migrate-meta-layouts":"set","ast-page-background-enabled":"default","ast-page-background-meta":{"desktop":{"background-color":"","background-image":"","background-repeat":"repeat","background-position":"center center","background-size":"auto","background-attachment":"scroll","background-type":"","background-media":"","overlay-type":"","overlay-color":"","overlay-opacity":"","overlay-gradient":""},"tablet":{"background-color":"","background-image":"","background-repeat":"repeat","background-position":"center center","background-size":"auto","background-attachment":"scroll","background-type":"","background-media":"","overlay-type":"","overlay-color":"","overlay-opacity":"","overlay-gradient":""},"mobile":{"background-color":"","background-image":"","background-repeat":"repeat","background-position":"center center","background-size":"auto","background-attachment":"scroll","background-type":"","background-media":"","overlay-type":"","overlay-color":"","overlay-opacity":"","overlay-gradient":""}},"ast-content-background-meta":{"desktop":{"background-color":"var(--ast-global-color-5)","background-image":"","background-repeat":"repeat","background-position":"center center","background-size":"auto","background-attachment":"scroll","background-type":"","background-media":"","overlay-type":"","overlay-color":"","overlay-opacity":"","overlay-gradient":""},"tablet":{"background-color":"var(--ast-global-color-5)","background-image":"","background-repeat":"repeat","background-position":"center center","background-size":"auto","background-attachment":"scroll","background-type":"","background-media":"","overlay-type":"","overlay-color":"","overlay-opacity":"","overlay-gradient":""},"mobile":{"background-color":"var(--ast-global-color-5)","background-image":"","background-repeat":"repeat","background-position":"center center","background-size":"auto","background-attachment":"scroll","background-type":"","background-media":"","overlay-type":"","overlay-color":"","overlay-opacity":"","overlay-gradient":""}}},"product_brand":[],"product_cat":[41],"product_tag":[],"class_list":{"0":"post-10253","1":"product","2":"type-product","3":"status-publish","4":"has-post-thumbnail","6":"product_cat-shopping-bags","7":"desktop-align-left","8":"tablet-align-left","9":"mobile-align-left","10":"ast-product-gallery-layout-horizontal","11":"ast-product-tabs-layout-horizontal","13":"first","14":"instock","15":"purchasable","16":"product-type-simple"},"_links":{"self":[{"href":"https:\/\/reanpackaging.com\/fr\/wp-json\/wp\/v2\/product\/10253","targetHints":{"allow":["GET"]}}],"collection":[{"href":"https:\/\/reanpackaging.com\/fr\/wp-json\/wp\/v2\/product"}],"about":[{"href":"https:\/\/reanpackaging.com\/fr\/wp-json\/wp\/v2\/types\/product"}],"wp:featuredmedia":[{"embeddable":true,"href":"https:\/\/reanpackaging.com\/fr\/wp-json\/wp\/v2\/media\/10214"}],"wp:attachment":[{"href":"https:\/\/reanpackaging.com\/fr\/wp-json\/wp\/v2\/media?parent=10253"}],"wp:term":[{"taxonomy":"product_brand","embeddable":true,"href":"https:\/\/reanpackaging.com\/fr\/wp-json\/wp\/v2\/product_brand?post=10253"},{"taxonomy":"product_cat","embeddable":true,"href":"https:\/\/reanpackaging.com\/fr\/wp-json\/wp\/v2\/product_cat?post=10253"},{"taxonomy":"product_tag","embeddable":true,"href":"https:\/\/reanpackaging.com\/fr\/wp-json\/wp\/v2\/product_tag?post=10253"}],"curies":[{"name":"wp","href":"https:\/\/api.w.org\/{rel}","templated":true}]}}