{"id":12509,"date":"2023-10-14T17:09:02","date_gmt":"2023-10-14T17:09:02","guid":{"rendered":"http:\/\/ibn.wyd.mybluehost.me\/reanpackaging.com\/product\/luxury-custom-black-hat-shipping-box-baseball-hat-magnetic-cardboard-packaging-gift-box\/"},"modified":"2024-07-30T07:08:45","modified_gmt":"2024-07-30T07:08:45","slug":"luxury-custom-black-hat-shipping-box-baseball-hat-magnetic-cardboard-packaging-gift-box","status":"publish","type":"product","link":"https:\/\/reanpackaging.com\/fr\/produit\/luxury-custom-black-hat-shipping-box-baseball-hat-magnetic-cardboard-packaging-gift-box\/","title":{"rendered":"Bo\u00eete d'exp\u00e9dition personnalis\u00e9e pour chapeau noir Bo\u00eete d'exp\u00e9dition pour chapeau de baseball Emballage magn\u00e9tique en carton Bo\u00eete cadeau"},"content":{"rendered":"<h4>Attributs sp\u00e9cifiques \u00e0 l'industrie<\/h4>\n<table border=\"1\">\n<tr>\n<td><strong>Utilisation industrielle<\/strong><\/td>\n<td>Accessoires de mode<\/td>\n<\/tr>\n<tr>\n<td><strong>Type de papier<\/strong><\/td>\n<td>Carton ondul\u00e9<\/td>\n<\/tr>\n<tr>\n<td><strong>Fonctionnalit\u00e9<\/strong><\/td>\n<td>Mat\u00e9riaux recycl\u00e9s<\/td>\n<\/tr>\n<\/table>\n<h4>Autres attributs<\/h4>\n<table border=\"1\">\n<tr>\n<td><strong>Type de bo\u00eete<\/strong><\/td>\n<td>Bo\u00eetes rigides<\/td>\n<\/tr>\n<tr>\n<td><strong>Manipulation de l'impression<\/strong><\/td>\n<td>Pelliculage mat, vernissage, estampage, gaufrage, pelliculage brillant, vernissage UV, vernissage \u00e0 chaud, feuille d'or<\/td>\n<\/tr>\n<tr>\n<td><strong>Commande personnalis\u00e9e<\/strong><\/td>\n<td>Accepter<\/td>\n<\/tr>\n<tr>\n<td><strong>Forme<\/strong><\/td>\n<td>Rectangle personnalis\u00e9<\/td>\n<\/tr>\n<tr>\n<td><strong>Taille<\/strong><\/td>\n<td>Taille personnalis\u00e9e accept\u00e9e<\/td>\n<\/tr>\n<tr>\n<td><strong>Couleur<\/strong><\/td>\n<td>Couleur personnalis\u00e9e accept\u00e9e\/Pantone<\/td>\n<\/tr>\n<tr>\n<td><strong>Logo<\/strong><\/td>\n<td>Logo du client<\/td>\n<\/tr>\n<tr>\n<td><strong>Type de papier<\/strong><\/td>\n<td>Carton ondul\u00e9<\/td>\n<\/tr>\n<tr>\n<td><strong>MOQ<\/strong><\/td>\n<td>Bo\u00eete en carton ondul\u00e9 de 100 pi\u00e8ces<\/td>\n<\/tr>\n<tr>\n<td><strong>Temps d'\u00e9chantillonnage<\/strong><\/td>\n<td>2-5 jours<\/td>\n<\/tr>\n<tr>\n<td><strong>Exp\u00e9dition<\/strong><\/td>\n<td>Par courrier ou par voie maritime<\/td>\n<\/tr>\n<tr>\n<td><strong>\u00c9chantillon<\/strong><\/td>\n<td>Bo\u00eetes postales d'exp\u00e9dition \u00e0 couleurs personnalis\u00e9es<\/td>\n<\/tr>\n<tr>\n<td><strong>Utilisation industrielle<\/strong><\/td>\n<td>EMBALLAGES DE PRODUITS DE BEAUT\u00c9<\/td>\n<\/tr>\n<\/table>","protected":false},"excerpt":{"rendered":"<p>Industry-Specific Attributes Industrial Use Fashion Accessories Paper Type Corrugated Board Feature Recycled Materials Other Attributes Box Type Rigid Boxes Printing Handling Matt Lamination, Varnishing, Stamping, Embossing, Glossy Lamination, UV Coating, VANISHING, Gold Foil Custom Order Accept Shape Custom rectangle Size Custom Size Accepted Color Custom Color Accepted\/Pantone Logo Customer&#8217;s Logo Paper Type Corrugated Board MOQ [&hellip;]<\/p>\n","protected":false},"featured_media":12443,"template":"","meta":{"_seopress_robots_primary_cat":"none","_seopress_titles_title":"","_seopress_titles_desc":"","_seopress_robots_index":"","site-sidebar-layout":"default","site-content-layout":"","ast-site-content-layout":"default","site-content-style":"default","site-sidebar-style":"default","ast-global-header-display":"","ast-banner-title-visibility":"","ast-main-header-display":"","ast-hfb-above-header-display":"","ast-hfb-below-header-display":"","ast-hfb-mobile-header-display":"","site-post-title":"","ast-breadcrumbs-content":"","ast-featured-img":"","footer-sml-layout":"","ast-disable-related-posts":"","theme-transparent-header-meta":"default","adv-header-id-meta":"","stick-header-meta":"default","header-above-stick-meta":"","header-main-stick-meta":"","header-below-stick-meta":"","astra-migrate-meta-layouts":"set","ast-page-background-enabled":"default","ast-page-background-meta":{"desktop":{"background-color":"","background-image":"","background-repeat":"repeat","background-position":"center center","background-size":"auto","background-attachment":"scroll","background-type":"","background-media":"","overlay-type":"","overlay-color":"","overlay-opacity":"","overlay-gradient":""},"tablet":{"background-color":"","background-image":"","background-repeat":"repeat","background-position":"center center","background-size":"auto","background-attachment":"scroll","background-type":"","background-media":"","overlay-type":"","overlay-color":"","overlay-opacity":"","overlay-gradient":""},"mobile":{"background-color":"","background-image":"","background-repeat":"repeat","background-position":"center center","background-size":"auto","background-attachment":"scroll","background-type":"","background-media":"","overlay-type":"","overlay-color":"","overlay-opacity":"","overlay-gradient":""}},"ast-content-background-meta":{"desktop":{"background-color":"var(--ast-global-color-5)","background-image":"","background-repeat":"repeat","background-position":"center center","background-size":"auto","background-attachment":"scroll","background-type":"","background-media":"","overlay-type":"","overlay-color":"","overlay-opacity":"","overlay-gradient":""},"tablet":{"background-color":"var(--ast-global-color-5)","background-image":"","background-repeat":"repeat","background-position":"center center","background-size":"auto","background-attachment":"scroll","background-type":"","background-media":"","overlay-type":"","overlay-color":"","overlay-opacity":"","overlay-gradient":""},"mobile":{"background-color":"var(--ast-global-color-5)","background-image":"","background-repeat":"repeat","background-position":"center center","background-size":"auto","background-attachment":"scroll","background-type":"","background-media":"","overlay-type":"","overlay-color":"","overlay-opacity":"","overlay-gradient":""}}},"product_brand":[],"product_cat":[39],"product_tag":[],"class_list":{"0":"post-12509","1":"product","2":"type-product","3":"status-publish","4":"has-post-thumbnail","6":"product_cat-gift-boxes","7":"desktop-align-left","8":"tablet-align-left","9":"mobile-align-left","10":"ast-product-gallery-layout-horizontal","11":"ast-product-tabs-layout-horizontal","13":"first","14":"instock","15":"product-type-simple"},"_links":{"self":[{"href":"https:\/\/reanpackaging.com\/fr\/wp-json\/wp\/v2\/product\/12509","targetHints":{"allow":["GET"]}}],"collection":[{"href":"https:\/\/reanpackaging.com\/fr\/wp-json\/wp\/v2\/product"}],"about":[{"href":"https:\/\/reanpackaging.com\/fr\/wp-json\/wp\/v2\/types\/product"}],"wp:featuredmedia":[{"embeddable":true,"href":"https:\/\/reanpackaging.com\/fr\/wp-json\/wp\/v2\/media\/12443"}],"wp:attachment":[{"href":"https:\/\/reanpackaging.com\/fr\/wp-json\/wp\/v2\/media?parent=12509"}],"wp:term":[{"taxonomy":"product_brand","embeddable":true,"href":"https:\/\/reanpackaging.com\/fr\/wp-json\/wp\/v2\/product_brand?post=12509"},{"taxonomy":"product_cat","embeddable":true,"href":"https:\/\/reanpackaging.com\/fr\/wp-json\/wp\/v2\/product_cat?post=12509"},{"taxonomy":"product_tag","embeddable":true,"href":"https:\/\/reanpackaging.com\/fr\/wp-json\/wp\/v2\/product_tag?post=12509"}],"curies":[{"name":"wp","href":"https:\/\/api.w.org\/{rel}","templated":true}]}}