{"id":13164,"date":"2023-10-22T02:02:07","date_gmt":"2023-10-22T02:02:07","guid":{"rendered":"http:\/\/ibn.wyd.mybluehost.me\/reanpackaging.com\/product\/custom-waterproof-shock-resistance-self-laser-bubble-envelope-shipping-mailing-bags-blue-metallic-poly-holographic-bubble-mailer\/"},"modified":"2024-10-01T16:39:46","modified_gmt":"2024-10-01T16:39:46","slug":"custom-waterproof-shock-resistance-self-laser-bubble-envelope-shipping-mailing-bags-blue-metallic-poly-holographic-bubble-mailer","status":"publish","type":"product","link":"https:\/\/reanpackaging.com\/fr\/produit\/custom-waterproof-shock-resistance-self-laser-bubble-envelope-shipping-mailing-bags-blue-metallic-poly-holographic-bubble-mailer\/","title":{"rendered":"Enveloppe \u00e0 bulles d'air laser \u00e9tanche et r\u00e9sistante aux chocs Sacs d'exp\u00e9dition Courrier \u00e0 bulles en poly\u00e9thyl\u00e8ne bleu m\u00e9tallis\u00e9"},"content":{"rendered":"<h4>Attributs sp\u00e9cifiques \u00e0 l'industrie<\/h4>\n<table border=\"1\">\n<tr>\n<td><strong>Mat\u00e9riau<\/strong><\/td>\n<td>Bulle en poly\u00e9thyl\u00e8ne<\/td>\n<\/tr>\n<\/table>\n<h4>Autres attributs<\/h4>\n<table border=\"1\">\n<tr>\n<td><strong>Utilisation industrielle<\/strong><\/td>\n<td>Bijoux, montres et lunettes<\/td>\n<\/tr>\n<tr>\n<td><strong>Nom du produit<\/strong><\/td>\n<td>Enveloppe \u00e0 bulles holographique en poly\u00e9thyl\u00e8ne bleu m\u00e9tallis\u00e9<\/td>\n<\/tr>\n<tr>\n<td><strong>Certification<\/strong><\/td>\n<td>ISO9001, ISO 14001, GRS, BSCI, SEDEX<\/td>\n<\/tr>\n<tr>\n<td><strong>Manipulation de surface<\/strong><\/td>\n<td>Impression en h\u00e9liogravure<\/td>\n<\/tr>\n<tr>\n<td><strong>Impression<\/strong><\/td>\n<td>Sur mesure<\/td>\n<\/tr>\n<tr>\n<td><strong>Scellement et poign\u00e9e<\/strong><\/td>\n<td>Joint autocollant<\/td>\n<\/tr>\n<tr>\n<td><strong>Fonctionnalit\u00e9<\/strong><\/td>\n<td>R\u00e9sistance aux chocs, s\u00e9curit\u00e9, recyclable<\/td>\n<\/tr>\n<tr>\n<td><strong>Usage industriel<\/strong><\/td>\n<td>Mailing, cadeau, promotion, etc.<\/td>\n<\/tr>\n<tr>\n<td><strong>D\u00e9tails de l'emballage<\/strong><\/td>\n<td>Emballage en carton selon la demande du client<\/td>\n<\/tr>\n<tr>\n<td><strong>Couleur<\/strong><\/td>\n<td>Customzie<\/td>\n<\/tr>\n<tr>\n<td><strong>Capacit\u00e9 d'approvisionnement<\/strong><\/td>\n<td>200 000 pi\u00e8ces par jour, 500 000 pi\u00e8ces par mois<\/td>\n<\/tr>\n<\/table>\n<p><img decoding=\"async\" class=\"detail-desc-decorate-image\" src=\"http:\/\/ibn.wyd.mybluehost.me\/reanpackaging.com\/wp-content\/uploads\/2023\/10\/10-description-Custom-Waterproof-Shock-Resistance-Self-Laser-Bubble-Envelope-Shipping-Mailing-Bags-Blue-Metallic-Poly-Holographic-Bubble-Mailer.jpg\" slate-data-type=\"image\" style=\"max-width: 100%; height: auto; display: block; margin: 0 auto;\"><br \/>\n<img decoding=\"async\" class=\"detail-desc-decorate-image\" src=\"http:\/\/ibn.wyd.mybluehost.me\/reanpackaging.com\/wp-content\/uploads\/2023\/10\/3-description-Custom-Waterproof-Shock-Resistance-Self-Laser-Bubble-Envelope-Shipping-Mailing-Bags-Blue-Metallic-Poly-Holographic-Bubble-Mailer.jpg\" slate-data-type=\"image\" style=\"max-width: 100%; height: auto; display: block; margin: 0 auto;\"><br \/>\n<img decoding=\"async\" class=\"detail-desc-decorate-image\" src=\"http:\/\/ibn.wyd.mybluehost.me\/reanpackaging.com\/wp-content\/uploads\/2023\/10\/5-description-Custom-Waterproof-Shock-Resistance-Self-Laser-Bubble-Envelope-Shipping-Mailing-Bags-Blue-Metallic-Poly-Holographic-Bubble-Mailer.jpg\" slate-data-type=\"image\" style=\"max-width: 100%; height: auto; display: block; margin: 0 auto;\"><br \/>\n<img decoding=\"async\" class=\"detail-desc-decorate-image\" src=\"http:\/\/ibn.wyd.mybluehost.me\/reanpackaging.com\/wp-content\/uploads\/2023\/10\/6-description-Custom-Waterproof-Shock-Resistance-Self-Laser-Bubble-Envelope-Shipping-Mailing-Bags-Blue-Metallic-Poly-Holographic-Bubble-Mailer.jpg\" slate-data-type=\"image\" style=\"max-width: 100%; height: auto; display: block; margin: 0 auto;\"><br \/>\n<img decoding=\"async\" class=\"detail-desc-decorate-image\" src=\"http:\/\/ibn.wyd.mybluehost.me\/reanpackaging.com\/wp-content\/uploads\/2023\/10\/7-description-Custom-Waterproof-Shock-Resistance-Self-Laser-Bubble-Envelope-Shipping-Mailing-Bags-Blue-Metallic-Poly-Holographic-Bubble-Mailer.jpg\" slate-data-type=\"image\" style=\"max-width: 100%; height: auto; display: block; margin: 0 auto;\"><br \/>\n<img decoding=\"async\" class=\"detail-desc-decorate-image\" src=\"http:\/\/ibn.wyd.mybluehost.me\/reanpackaging.com\/wp-content\/uploads\/2023\/10\/8-description-Custom-Waterproof-Shock-Resistance-Self-Laser-Bubble-Envelope-Shipping-Mailing-Bags-Blue-Metallic-Poly-Holographic-Bubble-Mailer.jpg\" slate-data-type=\"image\" style=\"max-width: 100%; height: auto; display: block; margin: 0 auto;\"><\/p>","protected":false},"excerpt":{"rendered":"<p>Industry-Specific Attributes Material Poly Bubble Other Attributes Industrial Use Jewelry &#038; Watch &#038; Eyewear Product name Blue Metallic Poly Holographic Bubble Mailer Certification ISO9001,ISO 14001, GRS , BSCI , SEDEX Surface Handling Gravure printing Printing Customized Sealing &#038; Handle Self Adhesive Seal Feature Shock resistence,security,recyclable Industrial use Mailing,gift,promotion,etc. Packaging Details Pack in carton as customer [&hellip;]<\/p>\n","protected":false},"featured_media":13038,"template":"","meta":{"_seopress_robots_primary_cat":"","_seopress_titles_title":"","_seopress_titles_desc":"","_seopress_robots_index":"","site-sidebar-layout":"default","site-content-layout":"","ast-site-content-layout":"default","site-content-style":"default","site-sidebar-style":"default","ast-global-header-display":"","ast-banner-title-visibility":"","ast-main-header-display":"","ast-hfb-above-header-display":"","ast-hfb-below-header-display":"","ast-hfb-mobile-header-display":"","site-post-title":"","ast-breadcrumbs-content":"","ast-featured-img":"","footer-sml-layout":"","ast-disable-related-posts":"","theme-transparent-header-meta":"","adv-header-id-meta":"","stick-header-meta":"","header-above-stick-meta":"","header-main-stick-meta":"","header-below-stick-meta":"","astra-migrate-meta-layouts":"default","ast-page-background-enabled":"default","ast-page-background-meta":{"desktop":{"background-color":"","background-image":"","background-repeat":"repeat","background-position":"center center","background-size":"auto","background-attachment":"scroll","background-type":"","background-media":"","overlay-type":"","overlay-color":"","overlay-opacity":"","overlay-gradient":""},"tablet":{"background-color":"","background-image":"","background-repeat":"repeat","background-position":"center center","background-size":"auto","background-attachment":"scroll","background-type":"","background-media":"","overlay-type":"","overlay-color":"","overlay-opacity":"","overlay-gradient":""},"mobile":{"background-color":"","background-image":"","background-repeat":"repeat","background-position":"center center","background-size":"auto","background-attachment":"scroll","background-type":"","background-media":"","overlay-type":"","overlay-color":"","overlay-opacity":"","overlay-gradient":""}},"ast-content-background-meta":{"desktop":{"background-color":"var(--ast-global-color-5)","background-image":"","background-repeat":"repeat","background-position":"center center","background-size":"auto","background-attachment":"scroll","background-type":"","background-media":"","overlay-type":"","overlay-color":"","overlay-opacity":"","overlay-gradient":""},"tablet":{"background-color":"var(--ast-global-color-5)","background-image":"","background-repeat":"repeat","background-position":"center center","background-size":"auto","background-attachment":"scroll","background-type":"","background-media":"","overlay-type":"","overlay-color":"","overlay-opacity":"","overlay-gradient":""},"mobile":{"background-color":"var(--ast-global-color-5)","background-image":"","background-repeat":"repeat","background-position":"center center","background-size":"auto","background-attachment":"scroll","background-type":"","background-media":"","overlay-type":"","overlay-color":"","overlay-opacity":"","overlay-gradient":""}}},"product_brand":[],"product_cat":[54,51],"product_tag":[],"class_list":{"0":"post-13164","1":"product","2":"type-product","3":"status-publish","4":"has-post-thumbnail","6":"product_cat-bubble-mailers","7":"product_cat-shipping-supplies","8":"desktop-align-left","9":"tablet-align-left","10":"mobile-align-left","11":"ast-product-gallery-layout-horizontal","12":"ast-product-tabs-layout-horizontal","14":"first","15":"instock","16":"purchasable","17":"product-type-simple"},"_links":{"self":[{"href":"https:\/\/reanpackaging.com\/fr\/wp-json\/wp\/v2\/product\/13164","targetHints":{"allow":["GET"]}}],"collection":[{"href":"https:\/\/reanpackaging.com\/fr\/wp-json\/wp\/v2\/product"}],"about":[{"href":"https:\/\/reanpackaging.com\/fr\/wp-json\/wp\/v2\/types\/product"}],"wp:featuredmedia":[{"embeddable":true,"href":"https:\/\/reanpackaging.com\/fr\/wp-json\/wp\/v2\/media\/13038"}],"wp:attachment":[{"href":"https:\/\/reanpackaging.com\/fr\/wp-json\/wp\/v2\/media?parent=13164"}],"wp:term":[{"taxonomy":"product_brand","embeddable":true,"href":"https:\/\/reanpackaging.com\/fr\/wp-json\/wp\/v2\/product_brand?post=13164"},{"taxonomy":"product_cat","embeddable":true,"href":"https:\/\/reanpackaging.com\/fr\/wp-json\/wp\/v2\/product_cat?post=13164"},{"taxonomy":"product_tag","embeddable":true,"href":"https:\/\/reanpackaging.com\/fr\/wp-json\/wp\/v2\/product_tag?post=13164"}],"curies":[{"name":"wp","href":"https:\/\/api.w.org\/{rel}","templated":true}]}}