{"id":14159,"date":"2023-11-05T14:02:59","date_gmt":"2023-11-05T14:02:59","guid":{"rendered":"http:\/\/ibn.wyd.mybluehost.me\/reanpackaging.com\/product\/christmas-printed-burlap-ribbon-jute-ribbon-with-car-and-santa-claus-pattern-roll-wired-edge-ribbon\/"},"modified":"2024-10-01T16:38:51","modified_gmt":"2024-10-01T16:38:51","slug":"christmas-printed-burlap-ribbon-jute-ribbon-with-car-and-santa-claus-pattern-roll-wired-edge-ribbon","status":"publish","type":"product","link":"https:\/\/reanpackaging.com\/fr\/produit\/ruban-de-jute-imprime-de-noel-ruban-de-jute-avec-motif-de-voiture-et-de-pere-noel-rouleau-de-ruban-a-bord-cable\/","title":{"rendered":"Ruban de jute imprim\u00e9 de No\u00ebl Ruban de jute avec motif de voiture et de p\u00e8re No\u00ebl Rouleau de ruban \u00e0 bord c\u00e2bl\u00e9"},"content":{"rendered":"<h4>Attributs sp\u00e9cifiques \u00e0 l'industrie<\/h4>\n<table border=\"1\">\n<tr>\n<td><strong>Impression couleur pour les graphiques<\/strong><\/td>\n<td>1 couleur<\/td>\n<\/tr>\n<tr>\n<td><strong>Techniques d'impression pour les graphiques<\/strong><\/td>\n<td>Impression par gaufrage<\/td>\n<\/tr>\n<\/table>\n<h4>Autres attributs<\/h4>\n<table border=\"1\">\n<tr>\n<td><strong>Taille<\/strong><\/td>\n<td>6.3cm*10yards, peut \u00eatre personnalis\u00e9<\/td>\n<\/tr>\n<tr>\n<td><strong>Mat\u00e9riau<\/strong><\/td>\n<td>Toile de jute<\/td>\n<\/tr>\n<tr>\n<td><strong>Utilisation<\/strong><\/td>\n<td>D\u00e9coration de No\u00ebl<\/td>\n<\/tr>\n<tr>\n<td><strong>Taille<\/strong><\/td>\n<td>Taille personnalis\u00e9e<\/td>\n<\/tr>\n<tr>\n<td><strong>Nom du produit<\/strong><\/td>\n<td>Ruban de No\u00ebl<\/td>\n<\/tr>\n<tr>\n<td><strong>Application<\/strong><\/td>\n<td>Ruban d'emballage cadeau<\/td>\n<\/tr>\n<tr>\n<td><strong>Type<\/strong><\/td>\n<td>D\u00e9co de No\u00ebl<\/td>\n<\/tr>\n<tr>\n<td><strong>Mots cl\u00e9s<\/strong><\/td>\n<td>Bordure en fil de fer de No\u00ebl<\/td>\n<\/tr>\n<tr>\n<td><strong>Type de ruban<\/strong><\/td>\n<td>Ruban de toile de jute \u00e0 bords arm\u00e9s<\/td>\n<\/tr>\n<tr>\n<td><strong>Couleur<\/strong><\/td>\n<td>Couleur personnalis\u00e9e<\/td>\n<\/tr>\n<tr>\n<td><strong>Utilisation<\/strong><\/td>\n<td>D\u00e9oration bricolage<\/td>\n<\/tr>\n<tr>\n<td><strong>Fonctionnalit\u00e9<\/strong><\/td>\n<td>Ruban de sapin de No\u00ebl rose<\/td>\n<\/tr>\n<\/table>\n<p><img decoding=\"async\" class=\"detail-desc-decorate-image\" src=\"http:\/\/ibn.wyd.mybluehost.me\/reanpackaging.com\/wp-content\/uploads\/2023\/11\/4-description-Christmas-Printed-Burlap-Ribbon-Jute-Ribbon-With-Car-And-Santa-Claus-Pattern-Roll-Wired-Edge-Ribbon.jpg\" slate-data-type=\"image\" style=\"max-width: 100%; height: auto; display: block; margin: 0 auto;\"><br \/>\n<img decoding=\"async\" class=\"detail-desc-decorate-image\" src=\"http:\/\/ibn.wyd.mybluehost.me\/reanpackaging.com\/wp-content\/uploads\/2023\/11\/5-description-Christmas-Printed-Burlap-Ribbon-Jute-Ribbon-With-Car-And-Santa-Claus-Pattern-Roll-Wired-Edge-Ribbon.jpg\" slate-data-type=\"image\" style=\"max-width: 100%; height: auto; display: block; margin: 0 auto;\"><br \/>\n<img decoding=\"async\" class=\"detail-desc-decorate-image\" src=\"http:\/\/ibn.wyd.mybluehost.me\/reanpackaging.com\/wp-content\/uploads\/2023\/11\/6-description-Christmas-Printed-Burlap-Ribbon-Jute-Ribbon-With-Car-And-Santa-Claus-Pattern-Roll-Wired-Edge-Ribbon.jpg\" slate-data-type=\"image\" style=\"max-width: 100%; height: auto; display: block; margin: 0 auto;\"><br \/>\n<img decoding=\"async\" class=\"detail-desc-decorate-image\" src=\"http:\/\/ibn.wyd.mybluehost.me\/reanpackaging.com\/wp-content\/uploads\/2023\/11\/8-description-Christmas-Printed-Burlap-Ribbon-Jute-Ribbon-With-Car-And-Santa-Claus-Pattern-Roll-Wired-Edge-Ribbon.jpg\" slate-data-type=\"image\" style=\"max-width: 100%; height: auto; display: block; margin: 0 auto;\"><br \/>\n<img decoding=\"async\" class=\"detail-desc-decorate-image\" src=\"http:\/\/ibn.wyd.mybluehost.me\/reanpackaging.com\/wp-content\/uploads\/2023\/11\/10-description-Christmas-Printed-Burlap-Ribbon-Jute-Ribbon-With-Car-And-Santa-Claus-Pattern-Roll-Wired-Edge-Ribbon.jpg\" slate-data-type=\"image\" style=\"max-width: 100%; height: auto; display: block; margin: 0 auto;\"><\/p>","protected":false},"excerpt":{"rendered":"<p>Industry-Specific Attributes Color printing for Graphics 1 color Printing Techniques for Graphics Embossing printing Other Attributes Size 6.3cm*10yards,can be customized Material Burlap Usage Christamas Decoration Size Customized Size Product name Christmas Ribbon Application Gift Wrapping Ribbon Type Christmas Deco Keywords Christmas Wire Edge Ribbon Type Wired Edge Burlap Ribbon Color Customized Color Use DIY Deoration [&hellip;]<\/p>\n","protected":false},"featured_media":13631,"template":"","meta":{"_seopress_robots_primary_cat":"none","_seopress_titles_title":"","_seopress_titles_desc":"","_seopress_robots_index":"","site-sidebar-layout":"default","site-content-layout":"","ast-site-content-layout":"default","site-content-style":"default","site-sidebar-style":"default","ast-global-header-display":"","ast-banner-title-visibility":"","ast-main-header-display":"","ast-hfb-above-header-display":"","ast-hfb-below-header-display":"","ast-hfb-mobile-header-display":"","site-post-title":"","ast-breadcrumbs-content":"","ast-featured-img":"","footer-sml-layout":"","ast-disable-related-posts":"","theme-transparent-header-meta":"default","adv-header-id-meta":"","stick-header-meta":"default","header-above-stick-meta":"","header-main-stick-meta":"","header-below-stick-meta":"","astra-migrate-meta-layouts":"set","ast-page-background-enabled":"default","ast-page-background-meta":{"desktop":{"background-color":"","background-image":"","background-repeat":"repeat","background-position":"center center","background-size":"auto","background-attachment":"scroll","background-type":"","background-media":"","overlay-type":"","overlay-color":"","overlay-opacity":"","overlay-gradient":""},"tablet":{"background-color":"","background-image":"","background-repeat":"repeat","background-position":"center center","background-size":"auto","background-attachment":"scroll","background-type":"","background-media":"","overlay-type":"","overlay-color":"","overlay-opacity":"","overlay-gradient":""},"mobile":{"background-color":"","background-image":"","background-repeat":"repeat","background-position":"center center","background-size":"auto","background-attachment":"scroll","background-type":"","background-media":"","overlay-type":"","overlay-color":"","overlay-opacity":"","overlay-gradient":""}},"ast-content-background-meta":{"desktop":{"background-color":"var(--ast-global-color-5)","background-image":"","background-repeat":"repeat","background-position":"center center","background-size":"auto","background-attachment":"scroll","background-type":"","background-media":"","overlay-type":"","overlay-color":"","overlay-opacity":"","overlay-gradient":""},"tablet":{"background-color":"var(--ast-global-color-5)","background-image":"","background-repeat":"repeat","background-position":"center center","background-size":"auto","background-attachment":"scroll","background-type":"","background-media":"","overlay-type":"","overlay-color":"","overlay-opacity":"","overlay-gradient":""},"mobile":{"background-color":"var(--ast-global-color-5)","background-image":"","background-repeat":"repeat","background-position":"center center","background-size":"auto","background-attachment":"scroll","background-type":"","background-media":"","overlay-type":"","overlay-color":"","overlay-opacity":"","overlay-gradient":""}}},"product_brand":[],"product_cat":[55,51],"product_tag":[],"class_list":{"0":"post-14159","1":"product","2":"type-product","3":"status-publish","4":"has-post-thumbnail","6":"product_cat-ribbon","7":"product_cat-shipping-supplies","8":"desktop-align-left","9":"tablet-align-left","10":"mobile-align-left","11":"ast-product-gallery-layout-horizontal","12":"ast-product-tabs-layout-horizontal","14":"first","15":"instock","16":"purchasable","17":"product-type-simple"},"_links":{"self":[{"href":"https:\/\/reanpackaging.com\/fr\/wp-json\/wp\/v2\/product\/14159","targetHints":{"allow":["GET"]}}],"collection":[{"href":"https:\/\/reanpackaging.com\/fr\/wp-json\/wp\/v2\/product"}],"about":[{"href":"https:\/\/reanpackaging.com\/fr\/wp-json\/wp\/v2\/types\/product"}],"wp:featuredmedia":[{"embeddable":true,"href":"https:\/\/reanpackaging.com\/fr\/wp-json\/wp\/v2\/media\/13631"}],"wp:attachment":[{"href":"https:\/\/reanpackaging.com\/fr\/wp-json\/wp\/v2\/media?parent=14159"}],"wp:term":[{"taxonomy":"product_brand","embeddable":true,"href":"https:\/\/reanpackaging.com\/fr\/wp-json\/wp\/v2\/product_brand?post=14159"},{"taxonomy":"product_cat","embeddable":true,"href":"https:\/\/reanpackaging.com\/fr\/wp-json\/wp\/v2\/product_cat?post=14159"},{"taxonomy":"product_tag","embeddable":true,"href":"https:\/\/reanpackaging.com\/fr\/wp-json\/wp\/v2\/product_tag?post=14159"}],"curies":[{"name":"wp","href":"https:\/\/api.w.org\/{rel}","templated":true}]}}