{"id":14207,"date":"2023-11-05T14:03:30","date_gmt":"2023-11-05T14:03:30","guid":{"rendered":"http:\/\/ibn.wyd.mybluehost.me\/reanpackaging.com\/product\/rose-silver-gold-foil-print-floral-25mm-polyester-organza-ribbon\/"},"modified":"2024-10-01T16:36:20","modified_gmt":"2024-10-01T16:36:20","slug":"rose-silver-gold-foil-print-floral-25mm-polyester-organza-ribbon","status":"publish","type":"product","link":"https:\/\/reanpackaging.com\/fr\/produit\/ruban-organza-polyester-rose-argent-dore-imprime-floral-25mm\/","title":{"rendered":"Ruban organza en polyester imprim\u00e9 en feuille d'or rose argent\u00e9 25Mm"},"content":{"rendered":"<h4>Attributs sp\u00e9cifiques \u00e0 l'industrie<\/h4>\n<table border=\"1\">\n<tr>\n<td><strong>7 jours pour les commandes d'\u00e9chantillons<\/strong><\/td>\n<td>Soutien<\/td>\n<\/tr>\n<tr>\n<td><strong>Mat\u00e9riau<\/strong><\/td>\n<td>100% Polyester<\/td>\n<\/tr>\n<tr>\n<td><strong>Type de tissu<\/strong><\/td>\n<td>organza<\/td>\n<\/tr>\n<tr>\n<td><strong>Technique<\/strong><\/td>\n<td>Imprim\u00e9<\/td>\n<\/tr>\n<\/table>\n<h4>Autres attributs<\/h4>\n<table border=\"1\">\n<tr>\n<td><strong>Fonctionnalit\u00e9<\/strong><\/td>\n<td>Durable<\/td>\n<\/tr>\n<tr>\n<td><strong>Largeur<\/strong><\/td>\n<td>1&#8243;<\/td>\n<\/tr>\n<tr>\n<td><strong>Style<\/strong><\/td>\n<td>Visage unique<\/td>\n<\/tr>\n<tr>\n<td><strong>Mod\u00e8le<\/strong><\/td>\n<td>Floral<\/td>\n<\/tr>\n<tr>\n<td><strong>Type de produit<\/strong><\/td>\n<td>RIBBONS<\/td>\n<\/tr>\n<tr>\n<td><strong>Taille<\/strong><\/td>\n<td>25mm\/Custom<\/td>\n<\/tr>\n<tr>\n<td><strong>MOQ<\/strong><\/td>\n<td>100 yards<\/td>\n<\/tr>\n<tr>\n<td><strong>Utilisation<\/strong><\/td>\n<td>Bricolage, n\u0153ud \u00e0 cheveux, n\u0153ud Jojo, sac \u00e0 main chaussures accessoires<\/td>\n<\/tr>\n<tr>\n<td><strong>Logo<\/strong><\/td>\n<td>Logo du client acceptable<\/td>\n<\/tr>\n<tr>\n<td><strong>Certification<\/strong><\/td>\n<td>OEKO-tex, sans nickel<\/td>\n<\/tr>\n<tr>\n<td><strong>\u00c9chantillon<\/strong><\/td>\n<td>\u00c9chantillons propos\u00e9s<\/td>\n<\/tr>\n<tr>\n<td><strong>paquet<\/strong><\/td>\n<td>100 yards \/Rouleau<\/td>\n<\/tr>\n<tr>\n<td><strong>Nom du produit<\/strong><\/td>\n<td>Ruban organza en polyester de 25 mm, imprim\u00e9 floral argent\u00e9 et dor\u00e9<\/td>\n<\/tr>\n<\/table>","protected":false},"excerpt":{"rendered":"<p>Industry-Specific Attributes 7 days sample order lead time Support Material 100% Polyester Fabric Type organza Technics Printed Other Attributes Feature Sustainable Width 1&#8243; Style Single Face Pattern Floral Product Type RIBBONS Size 25mm\/Custom MOQ 100 Yards Usage DIY Crafts, Hair Bow, Jojo bow, Handbag Shoes Accessories Logo Acceptable Customer&#8217;s Logo Certification OEKO-tex, Nickel-free Sample Samples [&hellip;]<\/p>\n","protected":false},"featured_media":13871,"template":"","meta":{"_seopress_robots_primary_cat":"none","_seopress_titles_title":"","_seopress_titles_desc":"","_seopress_robots_index":"","site-sidebar-layout":"default","site-content-layout":"","ast-site-content-layout":"default","site-content-style":"default","site-sidebar-style":"default","ast-global-header-display":"","ast-banner-title-visibility":"","ast-main-header-display":"","ast-hfb-above-header-display":"","ast-hfb-below-header-display":"","ast-hfb-mobile-header-display":"","site-post-title":"","ast-breadcrumbs-content":"","ast-featured-img":"","footer-sml-layout":"","ast-disable-related-posts":"","theme-transparent-header-meta":"default","adv-header-id-meta":"","stick-header-meta":"default","header-above-stick-meta":"","header-main-stick-meta":"","header-below-stick-meta":"","astra-migrate-meta-layouts":"set","ast-page-background-enabled":"default","ast-page-background-meta":{"desktop":{"background-color":"","background-image":"","background-repeat":"repeat","background-position":"center center","background-size":"auto","background-attachment":"scroll","background-type":"","background-media":"","overlay-type":"","overlay-color":"","overlay-opacity":"","overlay-gradient":""},"tablet":{"background-color":"","background-image":"","background-repeat":"repeat","background-position":"center center","background-size":"auto","background-attachment":"scroll","background-type":"","background-media":"","overlay-type":"","overlay-color":"","overlay-opacity":"","overlay-gradient":""},"mobile":{"background-color":"","background-image":"","background-repeat":"repeat","background-position":"center center","background-size":"auto","background-attachment":"scroll","background-type":"","background-media":"","overlay-type":"","overlay-color":"","overlay-opacity":"","overlay-gradient":""}},"ast-content-background-meta":{"desktop":{"background-color":"var(--ast-global-color-5)","background-image":"","background-repeat":"repeat","background-position":"center center","background-size":"auto","background-attachment":"scroll","background-type":"","background-media":"","overlay-type":"","overlay-color":"","overlay-opacity":"","overlay-gradient":""},"tablet":{"background-color":"var(--ast-global-color-5)","background-image":"","background-repeat":"repeat","background-position":"center center","background-size":"auto","background-attachment":"scroll","background-type":"","background-media":"","overlay-type":"","overlay-color":"","overlay-opacity":"","overlay-gradient":""},"mobile":{"background-color":"var(--ast-global-color-5)","background-image":"","background-repeat":"repeat","background-position":"center center","background-size":"auto","background-attachment":"scroll","background-type":"","background-media":"","overlay-type":"","overlay-color":"","overlay-opacity":"","overlay-gradient":""}}},"product_brand":[],"product_cat":[55,51],"product_tag":[],"class_list":{"0":"post-14207","1":"product","2":"type-product","3":"status-publish","4":"has-post-thumbnail","6":"product_cat-ribbon","7":"product_cat-shipping-supplies","8":"desktop-align-left","9":"tablet-align-left","10":"mobile-align-left","11":"ast-product-gallery-layout-horizontal","12":"ast-product-tabs-layout-horizontal","14":"first","15":"instock","16":"purchasable","17":"product-type-simple"},"_links":{"self":[{"href":"https:\/\/reanpackaging.com\/fr\/wp-json\/wp\/v2\/product\/14207","targetHints":{"allow":["GET"]}}],"collection":[{"href":"https:\/\/reanpackaging.com\/fr\/wp-json\/wp\/v2\/product"}],"about":[{"href":"https:\/\/reanpackaging.com\/fr\/wp-json\/wp\/v2\/types\/product"}],"wp:featuredmedia":[{"embeddable":true,"href":"https:\/\/reanpackaging.com\/fr\/wp-json\/wp\/v2\/media\/13871"}],"wp:attachment":[{"href":"https:\/\/reanpackaging.com\/fr\/wp-json\/wp\/v2\/media?parent=14207"}],"wp:term":[{"taxonomy":"product_brand","embeddable":true,"href":"https:\/\/reanpackaging.com\/fr\/wp-json\/wp\/v2\/product_brand?post=14207"},{"taxonomy":"product_cat","embeddable":true,"href":"https:\/\/reanpackaging.com\/fr\/wp-json\/wp\/v2\/product_cat?post=14207"},{"taxonomy":"product_tag","embeddable":true,"href":"https:\/\/reanpackaging.com\/fr\/wp-json\/wp\/v2\/product_tag?post=14207"}],"curies":[{"name":"wp","href":"https:\/\/api.w.org\/{rel}","templated":true}]}}