{"id":14210,"date":"2023-11-05T14:03:30","date_gmt":"2023-11-05T14:03:30","guid":{"rendered":"http:\/\/ibn.wyd.mybluehost.me\/reanpackaging.com\/product\/midi-factory-oem-customized-holiday-christmas-burlap-ribbon-roll-wired-edge-ribbon-for-wreath-crafts-party-decoration\/"},"modified":"2024-10-01T16:36:56","modified_gmt":"2024-10-01T16:36:56","slug":"midi-factory-oem-customized-holiday-christmas-burlap-ribbon-roll-wired-edge-ribbon-for-wreath-crafts-party-decoration","status":"publish","type":"product","link":"https:\/\/reanpackaging.com\/fr\/produit\/midi-factory-oem-customized-holiday-christmas-burlap-ribbon-roll-wired-edge-ribbon-for-wreath-crafts-party-decoration\/","title":{"rendered":"Midi Factory Oem Customized Holiday Christmas Burlap Ribbon Roll Wired Edge Ribbon For Wreath Crafts Party Decoration (Rouleau de ruban en toile de jute pour couronnes de No\u00ebl, artisanat et d\u00e9coration)"},"content":{"rendered":"<h4>Attributs sp\u00e9cifiques \u00e0 l'industrie<\/h4>\n<table border=\"1\">\n<tr>\n<td><strong>7 jours pour les commandes d'\u00e9chantillons<\/strong><\/td>\n<td>Soutien<\/td>\n<\/tr>\n<tr>\n<td><strong>Mat\u00e9riau<\/strong><\/td>\n<td>POLYESTER<\/td>\n<\/tr>\n<tr>\n<td><strong>Type de tissu<\/strong><\/td>\n<td>Toile de jute\/Satin\/Organza\/etc.<\/td>\n<\/tr>\n<tr>\n<td><strong>Technique<\/strong><\/td>\n<td>Imprim\u00e9<\/td>\n<\/tr>\n<\/table>\n<h4>Autres attributs<\/h4>\n<table border=\"1\">\n<tr>\n<td><strong>Fonctionnalit\u00e9<\/strong><\/td>\n<td>\u00c9cologique, de haute qualit\u00e9, \u00e0 la mode<\/td>\n<\/tr>\n<tr>\n<td><strong>Largeur<\/strong><\/td>\n<td>Autres, 63 mm<\/td>\n<\/tr>\n<tr>\n<td><strong>Style<\/strong><\/td>\n<td>Visage unique<\/td>\n<\/tr>\n<tr>\n<td><strong>Mod\u00e8le<\/strong><\/td>\n<td>No\u00ebl\/personnalis\u00e9<\/td>\n<\/tr>\n<tr>\n<td><strong>Type de produit<\/strong><\/td>\n<td>RIBBONS<\/td>\n<\/tr>\n<tr>\n<td><strong>Mot cl\u00e9<\/strong><\/td>\n<td>Ruban \u00e0 bords tress\u00e9s, Ruban de No\u00ebl<\/td>\n<\/tr>\n<tr>\n<td><strong>Personnaliser<\/strong><\/td>\n<td>Accept\u00e9<\/td>\n<\/tr>\n<tr>\n<td><strong>OEM<\/strong><\/td>\n<td>ACCEPTER<\/td>\n<\/tr>\n<tr>\n<td><strong>mettre en place<\/strong><\/td>\n<td>6 verges\/10 verges\/25 verges\/100 verges par rouleau ou sur mesure<\/td>\n<\/tr>\n<tr>\n<td><strong>MOQ<\/strong><\/td>\n<td>3000 yards<\/td>\n<\/tr>\n<tr>\n<td><strong>Mat\u00e9riel c\u00e2bl\u00e9<\/strong><\/td>\n<td>Acrylique et m\u00e9tallique<\/td>\n<\/tr>\n<tr>\n<td><strong>Test et certificat<\/strong><\/td>\n<td>OEKO-tex, sans nickel<\/td>\n<\/tr>\n<tr>\n<td><strong>Utilisation<\/strong><\/td>\n<td>Couronnes, n\u0153uds, d\u00e9coration, bricolage, etc.<\/td>\n<\/tr>\n<tr>\n<td><strong>Nom du produit<\/strong><\/td>\n<td>Ruban en toile de jute personnalis\u00e9 pour les f\u00eates de fin d'ann\u00e9e Ruban \u00e0 bords tress\u00e9s<\/td>\n<\/tr>\n<\/table>\n<p><img decoding=\"async\" class=\"detail-desc-decorate-image\" src=\"http:\/\/ibn.wyd.mybluehost.me\/reanpackaging.com\/wp-content\/uploads\/2023\/11\/2-description-Midi-Factory-Oem-Customized-Holiday-Christmas-Burlap-Ribbon-Roll-Wired-Edge-Ribbon-For-Wreath-Crafts-Party-Decoration.jpg\" slate-data-type=\"image\" style=\"max-width: 100%; height: auto; display: block; margin: 0 auto;\"><br \/>\n<img decoding=\"async\" class=\"detail-desc-decorate-image\" src=\"http:\/\/ibn.wyd.mybluehost.me\/reanpackaging.com\/wp-content\/uploads\/2023\/11\/3-description-Midi-Factory-Oem-Customized-Holiday-Christmas-Burlap-Ribbon-Roll-Wired-Edge-Ribbon-For-Wreath-Crafts-Party-Decoration.jpg\" slate-data-type=\"image\" style=\"max-width: 100%; height: auto; display: block; margin: 0 auto;\"><br \/>\n<img decoding=\"async\" class=\"detail-desc-decorate-image\" src=\"http:\/\/ibn.wyd.mybluehost.me\/reanpackaging.com\/wp-content\/uploads\/2023\/11\/4-description-Midi-Factory-Oem-Customized-Holiday-Christmas-Burlap-Ribbon-Roll-Wired-Edge-Ribbon-For-Wreath-Crafts-Party-Decoration.jpg\" slate-data-type=\"image\" style=\"max-width: 100%; height: auto; display: block; margin: 0 auto;\"><br \/>\n<img decoding=\"async\" class=\"detail-desc-decorate-image\" src=\"http:\/\/ibn.wyd.mybluehost.me\/reanpackaging.com\/wp-content\/uploads\/2023\/11\/5-description-Midi-Factory-Oem-Customized-Holiday-Christmas-Burlap-Ribbon-Roll-Wired-Edge-Ribbon-For-Wreath-Crafts-Party-Decoration.jpg\" slate-data-type=\"image\" style=\"max-width: 100%; height: auto; display: block; margin: 0 auto;\"><br \/>\n<img decoding=\"async\" class=\"detail-desc-decorate-image\" src=\"http:\/\/ibn.wyd.mybluehost.me\/reanpackaging.com\/wp-content\/uploads\/2023\/11\/6-description-Midi-Factory-Oem-Customized-Holiday-Christmas-Burlap-Ribbon-Roll-Wired-Edge-Ribbon-For-Wreath-Crafts-Party-Decoration.jpg\" slate-data-type=\"image\" style=\"max-width: 100%; height: auto; display: block; margin: 0 auto;\"><br \/>\n<img decoding=\"async\" class=\"detail-desc-decorate-image\" src=\"http:\/\/ibn.wyd.mybluehost.me\/reanpackaging.com\/wp-content\/uploads\/2023\/11\/7-description-Midi-Factory-Oem-Customized-Holiday-Christmas-Burlap-Ribbon-Roll-Wired-Edge-Ribbon-For-Wreath-Crafts-Party-Decoration.jpg\" slate-data-type=\"image\" style=\"max-width: 100%; height: auto; display: block; margin: 0 auto;\"><br \/>\n<img decoding=\"async\" class=\"detail-desc-decorate-image\" src=\"http:\/\/ibn.wyd.mybluehost.me\/reanpackaging.com\/wp-content\/uploads\/2023\/11\/8-description-Midi-Factory-Oem-Customized-Holiday-Christmas-Burlap-Ribbon-Roll-Wired-Edge-Ribbon-For-Wreath-Crafts-Party-Decoration.jpg\" slate-data-type=\"image\" style=\"max-width: 100%; height: auto; display: block; margin: 0 auto;\"><\/p>","protected":false},"excerpt":{"rendered":"<p>Industry-Specific Attributes 7 days sample order lead time Support Material POLYESTER Fabric Type Burlap\/Satin\/Organza\/etc. Technics Printed Other Attributes Feature Eco-friendly, High Quality, Fashion Width Other, 63 mm Style Single Face Pattern Christmas\/Customized Product Type RIBBONS Key Word Wired Edge Ribbon, Holiday Ribbon Customize Accepted OEM ACCEPT put up 6yards\/10yards\/25 yards\/100 yards per roll or custom [&hellip;]<\/p>\n","protected":false},"featured_media":13782,"template":"","meta":{"_seopress_robots_primary_cat":"none","_seopress_titles_title":"","_seopress_titles_desc":"","_seopress_robots_index":"","site-sidebar-layout":"default","site-content-layout":"","ast-site-content-layout":"default","site-content-style":"default","site-sidebar-style":"default","ast-global-header-display":"","ast-banner-title-visibility":"","ast-main-header-display":"","ast-hfb-above-header-display":"","ast-hfb-below-header-display":"","ast-hfb-mobile-header-display":"","site-post-title":"","ast-breadcrumbs-content":"","ast-featured-img":"","footer-sml-layout":"","ast-disable-related-posts":"","theme-transparent-header-meta":"default","adv-header-id-meta":"","stick-header-meta":"default","header-above-stick-meta":"","header-main-stick-meta":"","header-below-stick-meta":"","astra-migrate-meta-layouts":"set","ast-page-background-enabled":"default","ast-page-background-meta":{"desktop":{"background-color":"","background-image":"","background-repeat":"repeat","background-position":"center center","background-size":"auto","background-attachment":"scroll","background-type":"","background-media":"","overlay-type":"","overlay-color":"","overlay-opacity":"","overlay-gradient":""},"tablet":{"background-color":"","background-image":"","background-repeat":"repeat","background-position":"center center","background-size":"auto","background-attachment":"scroll","background-type":"","background-media":"","overlay-type":"","overlay-color":"","overlay-opacity":"","overlay-gradient":""},"mobile":{"background-color":"","background-image":"","background-repeat":"repeat","background-position":"center center","background-size":"auto","background-attachment":"scroll","background-type":"","background-media":"","overlay-type":"","overlay-color":"","overlay-opacity":"","overlay-gradient":""}},"ast-content-background-meta":{"desktop":{"background-color":"var(--ast-global-color-5)","background-image":"","background-repeat":"repeat","background-position":"center center","background-size":"auto","background-attachment":"scroll","background-type":"","background-media":"","overlay-type":"","overlay-color":"","overlay-opacity":"","overlay-gradient":""},"tablet":{"background-color":"var(--ast-global-color-5)","background-image":"","background-repeat":"repeat","background-position":"center center","background-size":"auto","background-attachment":"scroll","background-type":"","background-media":"","overlay-type":"","overlay-color":"","overlay-opacity":"","overlay-gradient":""},"mobile":{"background-color":"var(--ast-global-color-5)","background-image":"","background-repeat":"repeat","background-position":"center center","background-size":"auto","background-attachment":"scroll","background-type":"","background-media":"","overlay-type":"","overlay-color":"","overlay-opacity":"","overlay-gradient":""}}},"product_brand":[],"product_cat":[55,51],"product_tag":[],"class_list":{"0":"post-14210","1":"product","2":"type-product","3":"status-publish","4":"has-post-thumbnail","6":"product_cat-ribbon","7":"product_cat-shipping-supplies","8":"desktop-align-left","9":"tablet-align-left","10":"mobile-align-left","11":"ast-product-gallery-layout-horizontal","12":"ast-product-tabs-layout-horizontal","14":"first","15":"instock","16":"purchasable","17":"product-type-simple"},"_links":{"self":[{"href":"https:\/\/reanpackaging.com\/fr\/wp-json\/wp\/v2\/product\/14210","targetHints":{"allow":["GET"]}}],"collection":[{"href":"https:\/\/reanpackaging.com\/fr\/wp-json\/wp\/v2\/product"}],"about":[{"href":"https:\/\/reanpackaging.com\/fr\/wp-json\/wp\/v2\/types\/product"}],"wp:featuredmedia":[{"embeddable":true,"href":"https:\/\/reanpackaging.com\/fr\/wp-json\/wp\/v2\/media\/13782"}],"wp:attachment":[{"href":"https:\/\/reanpackaging.com\/fr\/wp-json\/wp\/v2\/media?parent=14210"}],"wp:term":[{"taxonomy":"product_brand","embeddable":true,"href":"https:\/\/reanpackaging.com\/fr\/wp-json\/wp\/v2\/product_brand?post=14210"},{"taxonomy":"product_cat","embeddable":true,"href":"https:\/\/reanpackaging.com\/fr\/wp-json\/wp\/v2\/product_cat?post=14210"},{"taxonomy":"product_tag","embeddable":true,"href":"https:\/\/reanpackaging.com\/fr\/wp-json\/wp\/v2\/product_tag?post=14210"}],"curies":[{"name":"wp","href":"https:\/\/api.w.org\/{rel}","templated":true}]}}