{"id":17189,"date":"2024-04-28T15:56:49","date_gmt":"2024-04-28T15:56:49","guid":{"rendered":"https:\/\/reanpackaging.com\/product\/gift-bags-wholesale-cartoon-holiday-decoration-supplies-custom-christmas-decorations-wine-bottle-cover-drawstring-bag\/"},"modified":"2024-07-29T17:11:50","modified_gmt":"2024-07-29T17:11:50","slug":"gift-bags-wholesale-cartoon-holiday-decoration-supplies-custom-christmas-decorations-wine-bottle-cover-drawstring-bag","status":"publish","type":"product","link":"https:\/\/reanpackaging.com\/fr\/produit\/gift-bags-wholesale-cartoon-holiday-decoration-supplies-custom-christmas-decorations-wine-bottle-cover-drawstring-bag\/","title":{"rendered":"Sacs cadeaux en gros Cartoon Holiday Decoration Supplies Custom Christmas Decorations Wine Bottle Cover Drawstring Bag"},"content":{"rendered":"<\/table>\n<h4>Autres attributs<\/h4>\n<table border=\"1\">\n<tr>\n<td><strong>Lieu d'origine<\/strong><\/td>\n<td>Fujian<\/td>\n<\/tr>\n<tr>\n<td><strong>Num\u00e9ro de mod\u00e8le<\/strong><\/td>\n<td>SY<\/td>\n<\/tr>\n<tr>\n<td><strong>Nom de la marque<\/strong><\/td>\n<td>4-9-1008<\/td>\n<\/tr>\n<tr>\n<td><strong>Sc\u00e9narios d'utilisation<\/strong><\/td>\n<td>No\u00ebl<\/td>\n<\/tr>\n<tr>\n<td><strong>Utilisateur final cible<\/strong><\/td>\n<td><\/td>\n<\/tr>\n<tr>\n<td><strong>Nom du produit<\/strong><\/td>\n<td>D\u00e9corations de No\u00ebl<\/td>\n<\/tr>\n<tr>\n<td><strong>Occasion<\/strong><\/td>\n<td>Mariage, anniversaire, entreprise, autres f\u00eates, etc.<\/td>\n<\/tr>\n<tr>\n<td><strong>Mat\u00e9riau Poids<\/strong><\/td>\n<td>105gsm,128gsm,157gsm,200gsm,250gsm,300gsm etc<\/td>\n<\/tr>\n<tr>\n<td><strong>Impression<\/strong><\/td>\n<td>Impression par transfert thermique, impression par d\u00e9coupage, impression num\u00e9rique, etc.<\/td>\n<\/tr>\n<tr>\n<td><strong>Finition de surface<\/strong><\/td>\n<td>Brillant\/mat, dorure \u00e0 la feuille d'or\/liver, spot UV, gaufrage, etc.<\/td>\n<\/tr>\n<tr>\n<td><strong>MOQ<\/strong><\/td>\n<td>Pour le stock, 1 pi\u00e8ce ; Pour les commandes personnalis\u00e9es, le MOQ est plus \u00e9lev\u00e9, veuillez nous contacter.<\/td>\n<\/tr>\n<tr>\n<td><strong>Qualit\u00e9<\/strong><\/td>\n<td>Syst\u00e8me strict de gestion de la qualit\u00e9<\/td>\n<\/tr>\n<tr>\n<td><strong>\u00c9l\u00e9ments pertinents<\/strong><\/td>\n<td>Impression commerciale, impression d'emballages, impression de cadeaux en papier, etc.<\/td>\n<\/tr>\n<tr>\n<td><strong>D\u00e9lai de paiement<\/strong><\/td>\n<td>L\/C, T\/T, Assurance commerciale, etc.<\/td>\n<\/tr>\n<tr>\n<td><strong>Voie d'acheminement<\/strong><\/td>\n<td>Maritime, a\u00e9rien, terrestre, express, etc.<\/td>\n<\/tr>\n<\/table>\n<p><img decoding=\"async\" class=\"detail-desc-decorate-image\" src=\"https:\/\/reanpackaging.com\/wp-content\/uploads\/2024\/04\/4-description-Gift-Bags-Wholesale-Cartoon-Holiday-Decoration-Supplies-Custom-Christmas-Decorations-Wine-Bottle-Cover-Drawstring-Bag.jpg\" slate-data-type=\"image\" style=\"max-width: 100%; height: auto; display: block; margin: 0 auto;\"><br \/>\n<img decoding=\"async\" class=\"detail-desc-decorate-image\" src=\"https:\/\/reanpackaging.com\/wp-content\/uploads\/2024\/04\/5-description-Gift-Bags-Wholesale-Cartoon-Holiday-Decoration-Supplies-Custom-Christmas-Decorations-Wine-Bottle-Cover-Drawstring-Bag.jpg\" slate-data-type=\"image\" style=\"max-width: 100%; height: auto; display: block; margin: 0 auto;\"><br \/>\n<img decoding=\"async\" class=\"detail-desc-decorate-image\" src=\"https:\/\/reanpackaging.com\/wp-content\/uploads\/2024\/04\/7-description-Gift-Bags-Wholesale-Cartoon-Holiday-Decoration-Supplies-Custom-Christmas-Decorations-Wine-Bottle-Cover-Drawstring-Bag.jpg\" slate-data-type=\"image\" style=\"max-width: 100%; height: auto; display: block; margin: 0 auto;\"><br \/>\n<img decoding=\"async\" class=\"detail-desc-decorate-image\" src=\"https:\/\/reanpackaging.com\/wp-content\/uploads\/2024\/04\/9-description-Gift-Bags-Wholesale-Cartoon-Holiday-Decoration-Supplies-Custom-Christmas-Decorations-Wine-Bottle-Cover-Drawstring-Bag.jpg\" slate-data-type=\"image\" style=\"max-width: 100%; height: auto; display: block; margin: 0 auto;\"><\/p>","protected":false},"excerpt":{"rendered":"<p>Other Attributes Place of Origin Fujian Model Number SY Brand Name 4-9-1008 Usage Scenarios Christmas Target End User Product name Christmas Decorations Occasion Wedding , birthday , business, Other Party etc. Material Weight 105gsm,128gsm,157gsm,200gsm,250gsm,300gsm etc Printing Thermal transfer printing, Die cutting printing,Digital printing Etc. Surface Finishing Glossy\/Matt,Gold\/sliver Foil Stamping,Spot UV, Embossed etc. MOQ For stock, [&hellip;]<\/p>\n","protected":false},"featured_media":17044,"template":"","meta":{"_seopress_robots_primary_cat":"none","_seopress_titles_title":"","_seopress_titles_desc":"","_seopress_robots_index":"","site-sidebar-layout":"default","site-content-layout":"","ast-site-content-layout":"default","site-content-style":"default","site-sidebar-style":"default","ast-global-header-display":"","ast-banner-title-visibility":"","ast-main-header-display":"","ast-hfb-above-header-display":"","ast-hfb-below-header-display":"","ast-hfb-mobile-header-display":"","site-post-title":"","ast-breadcrumbs-content":"","ast-featured-img":"","footer-sml-layout":"","ast-disable-related-posts":"","theme-transparent-header-meta":"default","adv-header-id-meta":"","stick-header-meta":"default","header-above-stick-meta":"","header-main-stick-meta":"","header-below-stick-meta":"","astra-migrate-meta-layouts":"set","ast-page-background-enabled":"default","ast-page-background-meta":{"desktop":{"background-color":"","background-image":"","background-repeat":"repeat","background-position":"center center","background-size":"auto","background-attachment":"scroll","background-type":"","background-media":"","overlay-type":"","overlay-color":"","overlay-opacity":"","overlay-gradient":""},"tablet":{"background-color":"","background-image":"","background-repeat":"repeat","background-position":"center center","background-size":"auto","background-attachment":"scroll","background-type":"","background-media":"","overlay-type":"","overlay-color":"","overlay-opacity":"","overlay-gradient":""},"mobile":{"background-color":"","background-image":"","background-repeat":"repeat","background-position":"center center","background-size":"auto","background-attachment":"scroll","background-type":"","background-media":"","overlay-type":"","overlay-color":"","overlay-opacity":"","overlay-gradient":""}},"ast-content-background-meta":{"desktop":{"background-color":"var(--ast-global-color-5)","background-image":"","background-repeat":"repeat","background-position":"center center","background-size":"auto","background-attachment":"scroll","background-type":"","background-media":"","overlay-type":"","overlay-color":"","overlay-opacity":"","overlay-gradient":""},"tablet":{"background-color":"var(--ast-global-color-5)","background-image":"","background-repeat":"repeat","background-position":"center center","background-size":"auto","background-attachment":"scroll","background-type":"","background-media":"","overlay-type":"","overlay-color":"","overlay-opacity":"","overlay-gradient":""},"mobile":{"background-color":"var(--ast-global-color-5)","background-image":"","background-repeat":"repeat","background-position":"center center","background-size":"auto","background-attachment":"scroll","background-type":"","background-media":"","overlay-type":"","overlay-color":"","overlay-opacity":"","overlay-gradient":""}}},"product_brand":[],"product_cat":[59],"product_tag":[],"class_list":{"0":"post-17189","1":"product","2":"type-product","3":"status-publish","4":"has-post-thumbnail","6":"product_cat-paper-wine-bag","7":"desktop-align-left","8":"tablet-align-left","9":"mobile-align-left","10":"ast-product-gallery-layout-horizontal","11":"ast-product-tabs-layout-horizontal","13":"first","14":"instock","15":"product-type-simple"},"_links":{"self":[{"href":"https:\/\/reanpackaging.com\/fr\/wp-json\/wp\/v2\/product\/17189","targetHints":{"allow":["GET"]}}],"collection":[{"href":"https:\/\/reanpackaging.com\/fr\/wp-json\/wp\/v2\/product"}],"about":[{"href":"https:\/\/reanpackaging.com\/fr\/wp-json\/wp\/v2\/types\/product"}],"wp:featuredmedia":[{"embeddable":true,"href":"https:\/\/reanpackaging.com\/fr\/wp-json\/wp\/v2\/media\/17044"}],"wp:attachment":[{"href":"https:\/\/reanpackaging.com\/fr\/wp-json\/wp\/v2\/media?parent=17189"}],"wp:term":[{"taxonomy":"product_brand","embeddable":true,"href":"https:\/\/reanpackaging.com\/fr\/wp-json\/wp\/v2\/product_brand?post=17189"},{"taxonomy":"product_cat","embeddable":true,"href":"https:\/\/reanpackaging.com\/fr\/wp-json\/wp\/v2\/product_cat?post=17189"},{"taxonomy":"product_tag","embeddable":true,"href":"https:\/\/reanpackaging.com\/fr\/wp-json\/wp\/v2\/product_tag?post=17189"}],"curies":[{"name":"wp","href":"https:\/\/api.w.org\/{rel}","templated":true}]}}