{"id":17197,"date":"2024-04-28T15:56:49","date_gmt":"2024-04-28T15:56:49","guid":{"rendered":"https:\/\/reanpackaging.com\/product\/recyclable-high-grade-custom-design-white-single-bottle-christmas-wine-packaging-gift-paper-bag\/"},"modified":"2024-10-01T16:32:52","modified_gmt":"2024-10-01T16:32:52","slug":"recyclable-high-grade-custom-design-white-single-bottle-christmas-wine-packaging-gift-paper-bag","status":"publish","type":"product","link":"https:\/\/reanpackaging.com\/fr\/produit\/recyclable-high-grade-custom-design-white-single-bottle-christmas-wine-packaging-gift-paper-bag\/","title":{"rendered":"Sac en papier recyclable de haute qualit\u00e9, au design personnalis\u00e9, pour l'emballage d'une bouteille de vin de No\u00ebl."},"content":{"rendered":"<h4>Attributs sp\u00e9cifiques \u00e0 l'industrie<\/h4>\n<table border=\"1\">\n<tr>\n<td><strong>Type de papier<\/strong><\/td>\n<td>Papier Kraft<\/td>\n<\/tr>\n<tr>\n<td><strong>Fonctionnalit\u00e9<\/strong><\/td>\n<td>Mat\u00e9riaux recycl\u00e9s<\/td>\n<\/tr>\n<\/table>\n<h4>Autres attributs<\/h4>\n<table border=\"1\">\n<tr>\n<td><strong>Lieu d'origine<\/strong><\/td>\n<td>Zhejiang, Chine<\/td>\n<\/tr>\n<tr>\n<td><strong>Nom de la marque<\/strong><\/td>\n<td>Qianlin<\/td>\n<\/tr>\n<tr>\n<td><strong>Num\u00e9ro de mod\u00e8le<\/strong><\/td>\n<td>Sur mesure K-07<\/td>\n<\/tr>\n<tr>\n<td><strong>Manipulation de surface<\/strong><\/td>\n<td>Impression flexo<\/td>\n<\/tr>\n<tr>\n<td><strong>Scellement et poign\u00e9e<\/strong><\/td>\n<td>Poign\u00e9e d'\u00e9cusson<\/td>\n<\/tr>\n<tr>\n<td><strong>Commande personnalis\u00e9e<\/strong><\/td>\n<td>Accepter<\/td>\n<\/tr>\n<tr>\n<td><strong>Nom du produit<\/strong><\/td>\n<td>Sacs en papier<\/td>\n<\/tr>\n<tr>\n<td><strong>Impression<\/strong><\/td>\n<td>H\u00e9liogravure\/Embossage\/Surimpression \u00e0 chaud\/CMYK\/Impression en quadrichromie<\/td>\n<\/tr>\n<tr>\n<td><strong>Fonctionnalit\u00e9<\/strong><\/td>\n<td>\u00c9cologique, durable, recyclable, etc.<\/td>\n<\/tr>\n<tr>\n<td><strong>Taille<\/strong><\/td>\n<td>Taille personnalis\u00e9e<\/td>\n<\/tr>\n<tr>\n<td><strong>Utilisation<\/strong><\/td>\n<td>Sacs d'\u00e9picerie, sacs \u00e0 provisions, sacs alimentaires, sacs cadeaux, sacs de cuisine, emballages pour plats \u00e0 emporter, etc.<\/td>\n<\/tr>\n<tr>\n<td><strong>Logo<\/strong><\/td>\n<td>Accepte les logos personnalis\u00e9s<\/td>\n<\/tr>\n<tr>\n<td><strong>Couleur<\/strong><\/td>\n<td>CMYK<\/td>\n<\/tr>\n<tr>\n<td><strong>MOQ<\/strong><\/td>\n<td>5000pcs<\/td>\n<\/tr>\n<tr>\n<td><strong>Type de poign\u00e9e<\/strong><\/td>\n<td>Poign\u00e9e torsad\u00e9e, personnalis\u00e9e selon vos besoins.<\/td>\n<\/tr>\n<tr>\n<td><strong>\u00c9limination en surface<\/strong><\/td>\n<td>Laminage (brillant\/mat) \/ rev\u00eatement UV, etc.<\/td>\n<\/tr>\n<\/table>\n<p><img decoding=\"async\" class=\"detail-desc-decorate-image\" src=\"https:\/\/reanpackaging.com\/wp-content\/uploads\/2024\/04\/1-description-Recyclable-High-Grade-Custom-Design-White-Single-Bottle-Christmas-Wine-Packaging-Gift-Paper-Bag.jpg\" slate-data-type=\"image\" style=\"max-width: 100%; height: auto; display: block; margin: 0 auto;\"><br \/>\n<img decoding=\"async\" class=\"detail-desc-decorate-image\" src=\"https:\/\/reanpackaging.com\/wp-content\/uploads\/2024\/04\/2-description-Recyclable-High-Grade-Custom-Design-White-Single-Bottle-Christmas-Wine-Packaging-Gift-Paper-Bag.jpg\" slate-data-type=\"image\" style=\"max-width: 100%; height: auto; display: block; margin: 0 auto;\"><br \/>\n<img decoding=\"async\" class=\"detail-desc-decorate-image\" src=\"https:\/\/reanpackaging.com\/wp-content\/uploads\/2024\/04\/3-description-Recyclable-High-Grade-Custom-Design-White-Single-Bottle-Christmas-Wine-Packaging-Gift-Paper-Bag.jpg\" slate-data-type=\"image\" style=\"max-width: 100%; height: auto; display: block; margin: 0 auto;\"><br \/>\n<img decoding=\"async\" class=\"detail-desc-decorate-image\" src=\"https:\/\/reanpackaging.com\/wp-content\/uploads\/2024\/04\/4-description-Recyclable-High-Grade-Custom-Design-White-Single-Bottle-Christmas-Wine-Packaging-Gift-Paper-Bag.jpg\" slate-data-type=\"image\" style=\"max-width: 100%; height: auto; display: block; margin: 0 auto;\"><br \/>\n<img decoding=\"async\" class=\"detail-desc-decorate-image\" src=\"https:\/\/reanpackaging.com\/wp-content\/uploads\/2024\/04\/5-description-Recyclable-High-Grade-Custom-Design-White-Single-Bottle-Christmas-Wine-Packaging-Gift-Paper-Bag.jpg\" slate-data-type=\"image\" style=\"max-width: 100%; height: auto; display: block; margin: 0 auto;\"><br \/>\n<img decoding=\"async\" class=\"detail-desc-decorate-image\" src=\"https:\/\/reanpackaging.com\/wp-content\/uploads\/2024\/04\/6-description-Recyclable-High-Grade-Custom-Design-White-Single-Bottle-Christmas-Wine-Packaging-Gift-Paper-Bag.jpg\" slate-data-type=\"image\" style=\"max-width: 100%; height: auto; display: block; margin: 0 auto;\"><\/p>","protected":false},"excerpt":{"rendered":"<p>Industry-Specific Attributes Paper Type Kraft Paper Feature Recycled Materials Other Attributes Place of Origin Zhejiang, China Brand Name Qianlin Model Number Customized K-07 Surface Handling Flexo Printing Sealing &#038; Handle Patch Handle Custom Order Accept Product name Paper bags Printing Gravure printing\/Embossing printing\/Hot stamping\/CMYK\/Full color print Feature Eco friendly,Durable,Recyclable,etc Size Customized Size Usage Grocery, Shopping [&hellip;]<\/p>\n","protected":false},"featured_media":17113,"template":"","meta":{"_seopress_robots_primary_cat":"none","_seopress_titles_title":"","_seopress_titles_desc":"","_seopress_robots_index":"","site-sidebar-layout":"default","site-content-layout":"","ast-site-content-layout":"default","site-content-style":"default","site-sidebar-style":"default","ast-global-header-display":"","ast-banner-title-visibility":"","ast-main-header-display":"","ast-hfb-above-header-display":"","ast-hfb-below-header-display":"","ast-hfb-mobile-header-display":"","site-post-title":"","ast-breadcrumbs-content":"","ast-featured-img":"","footer-sml-layout":"","ast-disable-related-posts":"","theme-transparent-header-meta":"default","adv-header-id-meta":"","stick-header-meta":"default","header-above-stick-meta":"","header-main-stick-meta":"","header-below-stick-meta":"","astra-migrate-meta-layouts":"set","ast-page-background-enabled":"default","ast-page-background-meta":{"desktop":{"background-color":"","background-image":"","background-repeat":"repeat","background-position":"center center","background-size":"auto","background-attachment":"scroll","background-type":"","background-media":"","overlay-type":"","overlay-color":"","overlay-opacity":"","overlay-gradient":""},"tablet":{"background-color":"","background-image":"","background-repeat":"repeat","background-position":"center center","background-size":"auto","background-attachment":"scroll","background-type":"","background-media":"","overlay-type":"","overlay-color":"","overlay-opacity":"","overlay-gradient":""},"mobile":{"background-color":"","background-image":"","background-repeat":"repeat","background-position":"center center","background-size":"auto","background-attachment":"scroll","background-type":"","background-media":"","overlay-type":"","overlay-color":"","overlay-opacity":"","overlay-gradient":""}},"ast-content-background-meta":{"desktop":{"background-color":"var(--ast-global-color-5)","background-image":"","background-repeat":"repeat","background-position":"center center","background-size":"auto","background-attachment":"scroll","background-type":"","background-media":"","overlay-type":"","overlay-color":"","overlay-opacity":"","overlay-gradient":""},"tablet":{"background-color":"var(--ast-global-color-5)","background-image":"","background-repeat":"repeat","background-position":"center center","background-size":"auto","background-attachment":"scroll","background-type":"","background-media":"","overlay-type":"","overlay-color":"","overlay-opacity":"","overlay-gradient":""},"mobile":{"background-color":"var(--ast-global-color-5)","background-image":"","background-repeat":"repeat","background-position":"center center","background-size":"auto","background-attachment":"scroll","background-type":"","background-media":"","overlay-type":"","overlay-color":"","overlay-opacity":"","overlay-gradient":""}}},"product_brand":[],"product_cat":[59],"product_tag":[],"class_list":{"0":"post-17197","1":"product","2":"type-product","3":"status-publish","4":"has-post-thumbnail","6":"product_cat-paper-wine-bag","7":"desktop-align-left","8":"tablet-align-left","9":"mobile-align-left","10":"ast-product-gallery-layout-horizontal","11":"ast-product-tabs-layout-horizontal","13":"first","14":"instock","15":"purchasable","16":"product-type-simple"},"_links":{"self":[{"href":"https:\/\/reanpackaging.com\/fr\/wp-json\/wp\/v2\/product\/17197","targetHints":{"allow":["GET"]}}],"collection":[{"href":"https:\/\/reanpackaging.com\/fr\/wp-json\/wp\/v2\/product"}],"about":[{"href":"https:\/\/reanpackaging.com\/fr\/wp-json\/wp\/v2\/types\/product"}],"wp:featuredmedia":[{"embeddable":true,"href":"https:\/\/reanpackaging.com\/fr\/wp-json\/wp\/v2\/media\/17113"}],"wp:attachment":[{"href":"https:\/\/reanpackaging.com\/fr\/wp-json\/wp\/v2\/media?parent=17197"}],"wp:term":[{"taxonomy":"product_brand","embeddable":true,"href":"https:\/\/reanpackaging.com\/fr\/wp-json\/wp\/v2\/product_brand?post=17197"},{"taxonomy":"product_cat","embeddable":true,"href":"https:\/\/reanpackaging.com\/fr\/wp-json\/wp\/v2\/product_cat?post=17197"},{"taxonomy":"product_tag","embeddable":true,"href":"https:\/\/reanpackaging.com\/fr\/wp-json\/wp\/v2\/product_tag?post=17197"}],"curies":[{"name":"wp","href":"https:\/\/api.w.org\/{rel}","templated":true}]}}