{"id":20744,"date":"2024-07-14T16:20:37","date_gmt":"2024-07-14T16:20:37","guid":{"rendered":"https:\/\/reanpackaging.com\/product\/wholesale-jewelry-packaging-box-necklace-jewelry-box-packaging-luxury-custom-gift-luxury-jewelry-boxes\/"},"modified":"2024-07-14T16:20:42","modified_gmt":"2024-07-14T16:20:42","slug":"wholesale-jewelry-packaging-box-necklace-jewelry-box-packaging-luxury-custom-gift-luxury-jewelry-boxes","status":"publish","type":"product","link":"https:\/\/reanpackaging.com\/fr\/produit\/wholesale-jewelry-packaging-box-necklace-jewelry-box-packaging-luxury-custom-gift-luxury-jewelry-boxes\/","title":{"rendered":"Bo\u00eete d'emballage pour bijoux en gros Collier Bo\u00eete d'emballage pour bijoux de luxe Cadeau personnalis\u00e9 Bo\u00eetes \u00e0 bijoux de luxe"},"content":{"rendered":"<h4>Attributs sp\u00e9cifiques \u00e0 l'industrie<\/h4>\n<table border=\"1\">\n<tr>\n<td><strong>Utilisation industrielle<\/strong><\/td>\n<td>Bijoux, montres et lunettes<\/td>\n<\/tr>\n<tr>\n<td><strong>Type de papier<\/strong><\/td>\n<td>Carton<\/td>\n<\/tr>\n<tr>\n<td><strong>Fonctionnalit\u00e9<\/strong><\/td>\n<td>Fait \u00e0 la main<\/td>\n<\/tr>\n<\/table>\n<h4>Autres attributs<\/h4>\n<table border=\"1\">\n<tr>\n<td><strong>Lieu d'origine<\/strong><\/td>\n<td>Guangdong, Chine<\/td>\n<\/tr>\n<tr>\n<td><strong>Type de bo\u00eete<\/strong><\/td>\n<td>Bo\u00eetes rigides<\/td>\n<\/tr>\n<tr>\n<td><strong>Manipulation de l'impression<\/strong><\/td>\n<td>Vernissage<\/td>\n<\/tr>\n<tr>\n<td><strong>Commande personnalis\u00e9e<\/strong><\/td>\n<td>Accepter<\/td>\n<\/tr>\n<tr>\n<td><strong>Accessoires<\/strong><\/td>\n<td>Fermeture magn\u00e9tique<\/td>\n<\/tr>\n<tr>\n<td><strong>Type de rev\u00eatement<\/strong><\/td>\n<td>Carton<\/td>\n<\/tr>\n<tr>\n<td><strong>Nom du produit<\/strong><\/td>\n<td>Bo\u00eete d'emballage pour bijoux<\/td>\n<\/tr>\n<tr>\n<td><strong>Mat\u00e9riau<\/strong><\/td>\n<td>Carton<\/td>\n<\/tr>\n<tr>\n<td><strong>Utilisation<\/strong><\/td>\n<td>Paquet de bijoux<\/td>\n<\/tr>\n<tr>\n<td><strong>Taille<\/strong><\/td>\n<td>En forme<\/td>\n<\/tr>\n<tr>\n<td><strong>Couleur<\/strong><\/td>\n<td>CMYK<\/td>\n<\/tr>\n<tr>\n<td><strong>Logo<\/strong><\/td>\n<td>Logo du client acceptable<\/td>\n<\/tr>\n<tr>\n<td><strong>Mot-cl\u00e9<\/strong><\/td>\n<td>Bo\u00eete d'emballage Papier Cadeau<\/td>\n<\/tr>\n<tr>\n<td><strong>Impression<\/strong><\/td>\n<td>Impression offset CMYK 4 couleurs<\/td>\n<\/tr>\n<tr>\n<td><strong>Objet<\/strong><\/td>\n<td>Bo\u00eete d'emballage en papier pour cadeaux<\/td>\n<\/tr>\n<tr>\n<td><strong>Application<\/strong><\/td>\n<td>Cadeaux Fleurs Cadeaux Cosm\u00e9tiques Bijoux<\/td>\n<\/tr>\n<\/table>\n<p><img decoding=\"async\" class=\"detail-desc-decorate-image\" src=\"https:\/\/reanpackaging.com\/wp-content\/uploads\/2024\/07\/4-description-Wholesale-Jewelry-Packaging-Box-Necklace-Jewelry-Box-Packaging-Luxury-Custom-Gift-Luxury-Jewelry-Boxes.jpg\" slate-data-type=\"image\" style=\"max-width: 100%; height: auto; display: block; margin: 0 auto;\"><br \/>\n<img decoding=\"async\" class=\"detail-desc-decorate-image\" src=\"https:\/\/reanpackaging.com\/wp-content\/uploads\/2024\/07\/5-description-Wholesale-Jewelry-Packaging-Box-Necklace-Jewelry-Box-Packaging-Luxury-Custom-Gift-Luxury-Jewelry-Boxes.jpg\" slate-data-type=\"image\" style=\"max-width: 100%; height: auto; display: block; margin: 0 auto;\"><br \/>\n<img decoding=\"async\" class=\"detail-desc-decorate-image\" src=\"https:\/\/reanpackaging.com\/wp-content\/uploads\/2024\/07\/6-description-Wholesale-Jewelry-Packaging-Box-Necklace-Jewelry-Box-Packaging-Luxury-Custom-Gift-Luxury-Jewelry-Boxes.jpg\" slate-data-type=\"image\" style=\"max-width: 100%; height: auto; display: block; margin: 0 auto;\"><br \/>\n<img decoding=\"async\" class=\"detail-desc-decorate-image\" src=\"https:\/\/reanpackaging.com\/wp-content\/uploads\/2024\/07\/7-description-Wholesale-Jewelry-Packaging-Box-Necklace-Jewelry-Box-Packaging-Luxury-Custom-Gift-Luxury-Jewelry-Boxes.jpg\" slate-data-type=\"image\" style=\"max-width: 100%; height: auto; display: block; margin: 0 auto;\"><br \/>\n<img decoding=\"async\" class=\"detail-desc-decorate-image\" src=\"https:\/\/reanpackaging.com\/wp-content\/uploads\/2024\/07\/9-description-Wholesale-Jewelry-Packaging-Box-Necklace-Jewelry-Box-Packaging-Luxury-Custom-Gift-Luxury-Jewelry-Boxes.jpg\" slate-data-type=\"image\" style=\"max-width: 100%; height: auto; display: block; margin: 0 auto;\"><br \/>\n<img decoding=\"async\" class=\"detail-desc-decorate-image\" src=\"https:\/\/reanpackaging.com\/wp-content\/uploads\/2024\/07\/10-description-Wholesale-Jewelry-Packaging-Box-Necklace-Jewelry-Box-Packaging-Luxury-Custom-Gift-Luxury-Jewelry-Boxes.jpg\" slate-data-type=\"image\" style=\"max-width: 100%; height: auto; display: block; margin: 0 auto;\"><br \/>\n<img decoding=\"async\" class=\"detail-desc-decorate-image\" src=\"https:\/\/reanpackaging.com\/wp-content\/uploads\/2024\/07\/11-description-Wholesale-Jewelry-Packaging-Box-Necklace-Jewelry-Box-Packaging-Luxury-Custom-Gift-Luxury-Jewelry-Boxes.jpg\" slate-data-type=\"image\" style=\"max-width: 100%; height: auto; display: block; margin: 0 auto;\"><br \/>\n<img decoding=\"async\" class=\"detail-desc-decorate-image\" src=\"https:\/\/reanpackaging.com\/wp-content\/uploads\/2024\/07\/12-description-Wholesale-Jewelry-Packaging-Box-Necklace-Jewelry-Box-Packaging-Luxury-Custom-Gift-Luxury-Jewelry-Boxes.jpg\" slate-data-type=\"image\" style=\"max-width: 100%; height: auto; display: block; margin: 0 auto;\"><br \/>\n<img decoding=\"async\" class=\"detail-desc-decorate-image\" src=\"https:\/\/reanpackaging.com\/wp-content\/uploads\/2024\/07\/13-description-Wholesale-Jewelry-Packaging-Box-Necklace-Jewelry-Box-Packaging-Luxury-Custom-Gift-Luxury-Jewelry-Boxes.jpg\" slate-data-type=\"image\" style=\"max-width: 100%; height: auto; display: block; margin: 0 auto;\"><br \/>\n<img decoding=\"async\" class=\"detail-desc-decorate-image\" src=\"https:\/\/reanpackaging.com\/wp-content\/uploads\/2024\/07\/14-description-Wholesale-Jewelry-Packaging-Box-Necklace-Jewelry-Box-Packaging-Luxury-Custom-Gift-Luxury-Jewelry-Boxes.jpg\" slate-data-type=\"image\" style=\"max-width: 100%; height: auto; display: block; margin: 0 auto;\"><br \/>\n<img decoding=\"async\" class=\"detail-desc-decorate-image\" src=\"https:\/\/reanpackaging.com\/wp-content\/uploads\/2024\/07\/15-description-Wholesale-Jewelry-Packaging-Box-Necklace-Jewelry-Box-Packaging-Luxury-Custom-Gift-Luxury-Jewelry-Boxes.jpg\" slate-data-type=\"image\" style=\"max-width: 100%; height: auto; display: block; margin: 0 auto;\"><\/p>","protected":false},"excerpt":{"rendered":"<p>Industry-Specific Attributes Industrial Use Jewelry &#038; Watch &#038; Eyewear Paper Type Paperboard Feature Handmade Other Attributes Place of Origin Guangdong, China Box Type Rigid Boxes Printing Handling Varnishing Custom Order Accept Accessories Magnetic closure Liner type Paperboard Product name Jewelry Packaging Box Material Paper board Usage Jewelry Package Size Fit Color CMYK Logo Acceptable Customer&#8217;s [&hellip;]<\/p>\n","protected":false},"featured_media":20722,"template":"","meta":{"_seopress_robots_primary_cat":"","_seopress_titles_title":"","_seopress_titles_desc":"","_seopress_robots_index":"","site-sidebar-layout":"default","site-content-layout":"","ast-site-content-layout":"default","site-content-style":"default","site-sidebar-style":"default","ast-global-header-display":"","ast-banner-title-visibility":"","ast-main-header-display":"","ast-hfb-above-header-display":"","ast-hfb-below-header-display":"","ast-hfb-mobile-header-display":"","site-post-title":"","ast-breadcrumbs-content":"","ast-featured-img":"","footer-sml-layout":"","ast-disable-related-posts":"","theme-transparent-header-meta":"","adv-header-id-meta":"","stick-header-meta":"","header-above-stick-meta":"","header-main-stick-meta":"","header-below-stick-meta":"","astra-migrate-meta-layouts":"default","ast-page-background-enabled":"default","ast-page-background-meta":{"desktop":{"background-color":"","background-image":"","background-repeat":"repeat","background-position":"center center","background-size":"auto","background-attachment":"scroll","background-type":"","background-media":"","overlay-type":"","overlay-color":"","overlay-opacity":"","overlay-gradient":""},"tablet":{"background-color":"","background-image":"","background-repeat":"repeat","background-position":"center center","background-size":"auto","background-attachment":"scroll","background-type":"","background-media":"","overlay-type":"","overlay-color":"","overlay-opacity":"","overlay-gradient":""},"mobile":{"background-color":"","background-image":"","background-repeat":"repeat","background-position":"center center","background-size":"auto","background-attachment":"scroll","background-type":"","background-media":"","overlay-type":"","overlay-color":"","overlay-opacity":"","overlay-gradient":""}},"ast-content-background-meta":{"desktop":{"background-color":"var(--ast-global-color-5)","background-image":"","background-repeat":"repeat","background-position":"center center","background-size":"auto","background-attachment":"scroll","background-type":"","background-media":"","overlay-type":"","overlay-color":"","overlay-opacity":"","overlay-gradient":""},"tablet":{"background-color":"var(--ast-global-color-5)","background-image":"","background-repeat":"repeat","background-position":"center center","background-size":"auto","background-attachment":"scroll","background-type":"","background-media":"","overlay-type":"","overlay-color":"","overlay-opacity":"","overlay-gradient":""},"mobile":{"background-color":"var(--ast-global-color-5)","background-image":"","background-repeat":"repeat","background-position":"center center","background-size":"auto","background-attachment":"scroll","background-type":"","background-media":"","overlay-type":"","overlay-color":"","overlay-opacity":"","overlay-gradient":""}}},"product_brand":[],"product_cat":[64],"product_tag":[],"class_list":{"0":"post-20744","1":"product","2":"type-product","3":"status-publish","4":"has-post-thumbnail","6":"product_cat-jewelry-gift-boxes","7":"desktop-align-left","8":"tablet-align-left","9":"mobile-align-left","10":"ast-product-gallery-layout-horizontal","11":"ast-product-tabs-layout-horizontal","13":"first","14":"instock","15":"product-type-simple"},"_links":{"self":[{"href":"https:\/\/reanpackaging.com\/fr\/wp-json\/wp\/v2\/product\/20744","targetHints":{"allow":["GET"]}}],"collection":[{"href":"https:\/\/reanpackaging.com\/fr\/wp-json\/wp\/v2\/product"}],"about":[{"href":"https:\/\/reanpackaging.com\/fr\/wp-json\/wp\/v2\/types\/product"}],"wp:featuredmedia":[{"embeddable":true,"href":"https:\/\/reanpackaging.com\/fr\/wp-json\/wp\/v2\/media\/20722"}],"wp:attachment":[{"href":"https:\/\/reanpackaging.com\/fr\/wp-json\/wp\/v2\/media?parent=20744"}],"wp:term":[{"taxonomy":"product_brand","embeddable":true,"href":"https:\/\/reanpackaging.com\/fr\/wp-json\/wp\/v2\/product_brand?post=20744"},{"taxonomy":"product_cat","embeddable":true,"href":"https:\/\/reanpackaging.com\/fr\/wp-json\/wp\/v2\/product_cat?post=20744"},{"taxonomy":"product_tag","embeddable":true,"href":"https:\/\/reanpackaging.com\/fr\/wp-json\/wp\/v2\/product_tag?post=20744"}],"curies":[{"name":"wp","href":"https:\/\/api.w.org\/{rel}","templated":true}]}}