{"id":21207,"date":"2024-07-17T17:10:03","date_gmt":"2024-07-17T17:10:03","guid":{"rendered":"https:\/\/reanpackaging.com\/product\/transparent-painting-separate-closure-lid-round-cylinder-rigid-ribbon-flower-bouquet-wedding-gift-paper-box-with-pvc-windows\/"},"modified":"2024-07-29T14:57:48","modified_gmt":"2024-07-29T14:57:48","slug":"transparent-painting-separate-closure-lid-round-cylinder-rigid-ribbon-flower-bouquet-wedding-gift-paper-box-with-pvc-windows","status":"publish","type":"product","link":"https:\/\/reanpackaging.com\/fr\/produit\/transparent-painting-separate-closure-lid-round-cylinder-rigid-ribbon-flower-bouquet-wedding-gift-paper-box-with-pvc-windows\/","title":{"rendered":"Peinture transparente Couvercle \u00e0 fermeture s\u00e9par\u00e9e Cylindre rond Ruban rigide Bouquet de fleurs Cadeau de mariage Bo\u00eete en papier avec fen\u00eatres en PVC"},"content":{"rendered":"<h4>Attributs sp\u00e9cifiques \u00e0 l'industrie<\/h4>\n<table border=\"1\">\n<tr>\n<td><strong>Utilisation industrielle<\/strong><\/td>\n<td>Affaires et achats<\/td>\n<\/tr>\n<tr>\n<td><strong>Type de papier<\/strong><\/td>\n<td>Carton<\/td>\n<\/tr>\n<tr>\n<td><strong>Fonctionnalit\u00e9<\/strong><\/td>\n<td>Mat\u00e9riaux recycl\u00e9s<\/td>\n<\/tr>\n<\/table>\n<h4>Autres attributs<\/h4>\n<table border=\"1\">\n<tr>\n<td><strong>Type de bo\u00eete<\/strong><\/td>\n<td>Bo\u00eetes rigides<\/td>\n<\/tr>\n<tr>\n<td><strong>Manipulation de l'impression<\/strong><\/td>\n<td>Vernissage, estampage, gaufrage, vernis UV<\/td>\n<\/tr>\n<tr>\n<td><strong>Commande personnalis\u00e9e<\/strong><\/td>\n<td>Accepter<\/td>\n<\/tr>\n<tr>\n<td><strong>Accessoires<\/strong><\/td>\n<td>Ruban<\/td>\n<\/tr>\n<tr>\n<td><strong>Type de rev\u00eatement<\/strong><\/td>\n<td>Carton<\/td>\n<\/tr>\n<tr>\n<td><strong>Nom<\/strong><\/td>\n<td>Bo\u00eete d'emballage en carton rigide<\/td>\n<\/tr>\n<tr>\n<td><strong>Taille<\/strong><\/td>\n<td>en tant que demande<\/td>\n<\/tr>\n<tr>\n<td><strong>Couleur<\/strong><\/td>\n<td>CMKY ou pantone<\/td>\n<\/tr>\n<tr>\n<td><strong>Fonction<\/strong><\/td>\n<td>Largement utilis\u00e9 pour l'emballage de cadeaux ou d'autres articles d\u00e9licats<\/td>\n<\/tr>\n<tr>\n<td><strong>\u00c9chelle de l'usine<\/strong><\/td>\n<td>Les dix premi\u00e8res usines d'impression<\/td>\n<\/tr>\n<tr>\n<td><strong>MOQ<\/strong><\/td>\n<td>1000 pi\u00e8ces<\/td>\n<\/tr>\n<tr>\n<td><strong>OEM\/ODM<\/strong><\/td>\n<td>Tr\u00e8s bien accueilli Personnalis\u00e9<\/td>\n<\/tr>\n<tr>\n<td><strong>Logo<\/strong><\/td>\n<td>Logo du client<\/td>\n<\/tr>\n<tr>\n<td><strong>Paquet<\/strong><\/td>\n<td>Emballage personnalis\u00e9 accept\u00e9<\/td>\n<\/tr>\n<tr>\n<td><strong>Structure des mat\u00e9riaux<\/strong><\/td>\n<td>Carton<\/td>\n<\/tr>\n<\/table>\n<p><img decoding=\"async\" class=\"detail-desc-decorate-image\" src=\"https:\/\/reanpackaging.com\/wp-content\/uploads\/2024\/07\/1-description-Transparent-Painting-Separate-Closure-Lid-Round-Cylinder-Rigid-Ribbon-Flower-Bouquet-Wedding-Gift-Paper-Box-With-PVC-Windows.jpg\" slate-data-type=\"image\" style=\"max-width: 100%; height: auto; display: block; margin: 0 auto;\"><br \/>\n<img decoding=\"async\" class=\"detail-desc-decorate-image\" src=\"https:\/\/reanpackaging.com\/wp-content\/uploads\/2024\/07\/3-description-Transparent-Painting-Separate-Closure-Lid-Round-Cylinder-Rigid-Ribbon-Flower-Bouquet-Wedding-Gift-Paper-Box-With-PVC-Windows.jpg\" slate-data-type=\"image\" style=\"max-width: 100%; height: auto; display: block; margin: 0 auto;\"><br \/>\n<img decoding=\"async\" class=\"detail-desc-decorate-image\" src=\"https:\/\/reanpackaging.com\/wp-content\/uploads\/2024\/07\/4-description-Transparent-Painting-Separate-Closure-Lid-Round-Cylinder-Rigid-Ribbon-Flower-Bouquet-Wedding-Gift-Paper-Box-With-PVC-Windows.jpg\" slate-data-type=\"image\" style=\"max-width: 100%; height: auto; display: block; margin: 0 auto;\"><br \/>\n<img decoding=\"async\" class=\"detail-desc-decorate-image\" src=\"https:\/\/reanpackaging.com\/wp-content\/uploads\/2024\/07\/5-description-Transparent-Painting-Separate-Closure-Lid-Round-Cylinder-Rigid-Ribbon-Flower-Bouquet-Wedding-Gift-Paper-Box-With-PVC-Windows.jpg\" slate-data-type=\"image\" style=\"max-width: 100%; height: auto; display: block; margin: 0 auto;\"><br \/>\n<img decoding=\"async\" class=\"detail-desc-decorate-image\" src=\"https:\/\/reanpackaging.com\/wp-content\/uploads\/2024\/07\/6-description-Transparent-Painting-Separate-Closure-Lid-Round-Cylinder-Rigid-Ribbon-Flower-Bouquet-Wedding-Gift-Paper-Box-With-PVC-Windows.jpg\" slate-data-type=\"image\" style=\"max-width: 100%; height: auto; display: block; margin: 0 auto;\"><br \/>\n<img decoding=\"async\" class=\"detail-desc-decorate-image\" src=\"https:\/\/reanpackaging.com\/wp-content\/uploads\/2024\/07\/7-description-Transparent-Painting-Separate-Closure-Lid-Round-Cylinder-Rigid-Ribbon-Flower-Bouquet-Wedding-Gift-Paper-Box-With-PVC-Windows.jpg\" slate-data-type=\"image\" style=\"max-width: 100%; height: auto; display: block; margin: 0 auto;\"><br \/>\n<img decoding=\"async\" class=\"detail-desc-decorate-image\" src=\"https:\/\/reanpackaging.com\/wp-content\/uploads\/2024\/07\/8-description-Transparent-Painting-Separate-Closure-Lid-Round-Cylinder-Rigid-Ribbon-Flower-Bouquet-Wedding-Gift-Paper-Box-With-PVC-Windows.jpg\" slate-data-type=\"image\" style=\"max-width: 100%; height: auto; display: block; margin: 0 auto;\"><br \/>\n<img decoding=\"async\" class=\"detail-desc-decorate-image\" src=\"https:\/\/reanpackaging.com\/wp-content\/uploads\/2024\/07\/9-description-Transparent-Painting-Separate-Closure-Lid-Round-Cylinder-Rigid-Ribbon-Flower-Bouquet-Wedding-Gift-Paper-Box-With-PVC-Windows.jpg\" slate-data-type=\"image\" style=\"max-width: 100%; height: auto; display: block; margin: 0 auto;\"><br \/>\n<img decoding=\"async\" class=\"detail-desc-decorate-image\" src=\"https:\/\/reanpackaging.com\/wp-content\/uploads\/2024\/07\/10-description-Transparent-Painting-Separate-Closure-Lid-Round-Cylinder-Rigid-Ribbon-Flower-Bouquet-Wedding-Gift-Paper-Box-With-PVC-Windows.jpg\" slate-data-type=\"image\" style=\"max-width: 100%; height: auto; display: block; margin: 0 auto;\"><br \/>\n<img decoding=\"async\" class=\"detail-desc-decorate-image\" src=\"https:\/\/reanpackaging.com\/wp-content\/uploads\/2024\/07\/11-description-Transparent-Painting-Separate-Closure-Lid-Round-Cylinder-Rigid-Ribbon-Flower-Bouquet-Wedding-Gift-Paper-Box-With-PVC-Windows.jpg\" slate-data-type=\"image\" style=\"max-width: 100%; height: auto; display: block; margin: 0 auto;\"><\/p>","protected":false},"excerpt":{"rendered":"<p>Industry-Specific Attributes Industrial Use Business&#038;Shopping Paper Type Paperboard Feature Recycled Materials Other Attributes Box Type Rigid Boxes Printing Handling Varnishing, Stamping, Embossing, UV Coating Custom Order Accept Accessories Ribbon Liner type Paperboard Name Rigid Cardboard Paper Packaging Box Size as request Color CMKY or pantone Function Widely used for gifts or other delicate items packaging [&hellip;]<\/p>\n","protected":false},"featured_media":21179,"template":"","meta":{"_seopress_robots_primary_cat":"none","_seopress_titles_title":"","_seopress_titles_desc":"","_seopress_robots_index":"","site-sidebar-layout":"default","site-content-layout":"","ast-site-content-layout":"default","site-content-style":"default","site-sidebar-style":"default","ast-global-header-display":"","ast-banner-title-visibility":"","ast-main-header-display":"","ast-hfb-above-header-display":"","ast-hfb-below-header-display":"","ast-hfb-mobile-header-display":"","site-post-title":"","ast-breadcrumbs-content":"","ast-featured-img":"","footer-sml-layout":"","ast-disable-related-posts":"","theme-transparent-header-meta":"default","adv-header-id-meta":"","stick-header-meta":"default","header-above-stick-meta":"","header-main-stick-meta":"","header-below-stick-meta":"","astra-migrate-meta-layouts":"set","ast-page-background-enabled":"default","ast-page-background-meta":{"desktop":{"background-color":"","background-image":"","background-repeat":"repeat","background-position":"center center","background-size":"auto","background-attachment":"scroll","background-type":"","background-media":"","overlay-type":"","overlay-color":"","overlay-opacity":"","overlay-gradient":""},"tablet":{"background-color":"","background-image":"","background-repeat":"repeat","background-position":"center center","background-size":"auto","background-attachment":"scroll","background-type":"","background-media":"","overlay-type":"","overlay-color":"","overlay-opacity":"","overlay-gradient":""},"mobile":{"background-color":"","background-image":"","background-repeat":"repeat","background-position":"center center","background-size":"auto","background-attachment":"scroll","background-type":"","background-media":"","overlay-type":"","overlay-color":"","overlay-opacity":"","overlay-gradient":""}},"ast-content-background-meta":{"desktop":{"background-color":"var(--ast-global-color-5)","background-image":"","background-repeat":"repeat","background-position":"center center","background-size":"auto","background-attachment":"scroll","background-type":"","background-media":"","overlay-type":"","overlay-color":"","overlay-opacity":"","overlay-gradient":""},"tablet":{"background-color":"var(--ast-global-color-5)","background-image":"","background-repeat":"repeat","background-position":"center center","background-size":"auto","background-attachment":"scroll","background-type":"","background-media":"","overlay-type":"","overlay-color":"","overlay-opacity":"","overlay-gradient":""},"mobile":{"background-color":"var(--ast-global-color-5)","background-image":"","background-repeat":"repeat","background-position":"center center","background-size":"auto","background-attachment":"scroll","background-type":"","background-media":"","overlay-type":"","overlay-color":"","overlay-opacity":"","overlay-gradient":""}}},"product_brand":[],"product_cat":[65],"product_tag":[],"class_list":{"0":"post-21207","1":"product","2":"type-product","3":"status-publish","4":"has-post-thumbnail","6":"product_cat-transparent-gift-boxes","7":"desktop-align-left","8":"tablet-align-left","9":"mobile-align-left","10":"ast-product-gallery-layout-horizontal","11":"ast-product-tabs-layout-horizontal","13":"first","14":"instock","15":"product-type-simple"},"_links":{"self":[{"href":"https:\/\/reanpackaging.com\/fr\/wp-json\/wp\/v2\/product\/21207","targetHints":{"allow":["GET"]}}],"collection":[{"href":"https:\/\/reanpackaging.com\/fr\/wp-json\/wp\/v2\/product"}],"about":[{"href":"https:\/\/reanpackaging.com\/fr\/wp-json\/wp\/v2\/types\/product"}],"wp:featuredmedia":[{"embeddable":true,"href":"https:\/\/reanpackaging.com\/fr\/wp-json\/wp\/v2\/media\/21179"}],"wp:attachment":[{"href":"https:\/\/reanpackaging.com\/fr\/wp-json\/wp\/v2\/media?parent=21207"}],"wp:term":[{"taxonomy":"product_brand","embeddable":true,"href":"https:\/\/reanpackaging.com\/fr\/wp-json\/wp\/v2\/product_brand?post=21207"},{"taxonomy":"product_cat","embeddable":true,"href":"https:\/\/reanpackaging.com\/fr\/wp-json\/wp\/v2\/product_cat?post=21207"},{"taxonomy":"product_tag","embeddable":true,"href":"https:\/\/reanpackaging.com\/fr\/wp-json\/wp\/v2\/product_tag?post=21207"}],"curies":[{"name":"wp","href":"https:\/\/api.w.org\/{rel}","templated":true}]}}