{"id":23878,"date":"2024-08-03T06:18:26","date_gmt":"2024-08-03T06:18:26","guid":{"rendered":"https:\/\/reanpackaging.com\/product\/custom-luxury-folding-gift-boxes-hard-cardboard-rigid-magnet-box-with-uv-coating-and-vanishing-printing-mat-with-magnetic-lid\/"},"modified":"2024-10-01T16:12:08","modified_gmt":"2024-10-01T16:12:08","slug":"custom-luxury-folding-gift-boxes-hard-cardboard-rigid-magnet-box-with-uv-coating-and-vanishing-printing-mat-with-magnetic-lid","status":"publish","type":"product","link":"https:\/\/reanpackaging.com\/fr\/produit\/custom-luxury-folding-gift-boxes-hard-cardboard-rigid-magnet-box-with-uv-coating-and-vanishing-printing-mat-with-magnetic-lid\/","title":{"rendered":"Bo\u00eetes cadeaux pliantes de luxe personnalis\u00e9es Bo\u00eete magn\u00e9tique rigide en carton avec vernis UV et impression invisible Mat avec couvercle magn\u00e9tique"},"content":{"rendered":"<h4>Attributs sp\u00e9cifiques \u00e0 l'industrie<\/h4>\n<table border=\"1\">\n<tbody>\n<tr>\n<td><strong>Utilisation industrielle<\/strong><\/td>\n<td>Chaussures et v\u00eatements<\/td>\n<\/tr>\n<tr>\n<td><strong>Type de papier<\/strong><\/td>\n<td>Carton ondul\u00e9<\/td>\n<\/tr>\n<tr>\n<td><strong>Fonctionnalit\u00e9<\/strong><\/td>\n<td>Recyclable<\/td>\n<\/tr>\n<\/tbody>\n<\/table>\n<h4>Autres attributs<\/h4>\n<table border=\"1\">\n<tbody>\n<tr>\n<td><strong>Type de bo\u00eete<\/strong><\/td>\n<td>Bo\u00eetes rigides<\/td>\n<\/tr>\n<tr>\n<td><strong>Manipulation de l'impression<\/strong><\/td>\n<td>Pelliculage mat, vernissage, estampage, gaufrage, pelliculage brillant, vernissage UV, vernissage \u00e0 chaud, feuille d'or<\/td>\n<\/tr>\n<tr>\n<td><strong>Commande personnalis\u00e9e<\/strong><\/td>\n<td>Accepter<\/td>\n<\/tr>\n<tr>\n<td><strong>Forme<\/strong><\/td>\n<td>Formes diff\u00e9rentes sur mesure<\/td>\n<\/tr>\n<tr>\n<td><strong>Nom du produit<\/strong><\/td>\n<td>Bo\u00eete cadeau magn\u00e9tique<\/td>\n<\/tr>\n<tr>\n<td><strong>Forme<\/strong><\/td>\n<td>Forme personnalis\u00e9e<\/td>\n<\/tr>\n<tr>\n<td><strong>Couleur<\/strong><\/td>\n<td>Couleurs personnalis\u00e9es accept\u00e9es<\/td>\n<\/tr>\n<tr>\n<td><strong>Format de l'\u0153uvre d'art<\/strong><\/td>\n<td>AI,PDF,ID,PS,CDR<\/td>\n<\/tr>\n<tr>\n<td><strong>Conception<\/strong><\/td>\n<td>Conception sur mesure<\/td>\n<\/tr>\n<tr>\n<td><strong>Finition de la surface<\/strong><\/td>\n<td>4C\/UV\/Laminage\/Embossage\/Tamponnage<\/td>\n<\/tr>\n<tr>\n<td><strong>\u00c9chantillon<\/strong><\/td>\n<td>Acceptation d'\u00e9chantillons Fabrication sur mesure<\/td>\n<\/tr>\n<tr>\n<td><strong>Temps d'\u00e9chantillonnage<\/strong><\/td>\n<td>3-5 jours<\/td>\n<\/tr>\n<tr>\n<td><strong>Emballage<\/strong><\/td>\n<td>Caisse carton standard export\u00e9e<\/td>\n<\/tr>\n<tr>\n<td><strong>MOQ<\/strong><\/td>\n<td>500<\/td>\n<\/tr>\n<\/tbody>\n<\/table>","protected":false},"excerpt":{"rendered":"<p>Industry-Specific Attributes Industrial Use Shoes &amp; clothing Paper Type Corrugated Board Feature Recyclable Other Attributes Box Type Rigid Boxes Printing Handling Matt Lamination, Varnishing, Stamping, Embossing, Glossy Lamination, UV Coating, VANISHING, Gold Foil Custom Order Accept Shape Customized Different Shape Product name Magnetic gift Box Shape Customized Shape Color Custom Color Accepted Artwork Format AI,PDF,ID,PS,CDR [&hellip;]<\/p>\n","protected":false},"featured_media":23746,"template":"","meta":{"_seopress_robots_primary_cat":"none","_seopress_titles_title":"","_seopress_titles_desc":"","_seopress_robots_index":"","site-sidebar-layout":"default","site-content-layout":"","ast-site-content-layout":"default","site-content-style":"default","site-sidebar-style":"default","ast-global-header-display":"","ast-banner-title-visibility":"","ast-main-header-display":"","ast-hfb-above-header-display":"","ast-hfb-below-header-display":"","ast-hfb-mobile-header-display":"","site-post-title":"","ast-breadcrumbs-content":"","ast-featured-img":"","footer-sml-layout":"","ast-disable-related-posts":"","theme-transparent-header-meta":"default","adv-header-id-meta":"","stick-header-meta":"default","header-above-stick-meta":"","header-main-stick-meta":"","header-below-stick-meta":"","astra-migrate-meta-layouts":"set","ast-page-background-enabled":"default","ast-page-background-meta":{"desktop":{"background-color":"","background-image":"","background-repeat":"repeat","background-position":"center center","background-size":"auto","background-attachment":"scroll","background-type":"","background-media":"","overlay-type":"","overlay-color":"","overlay-opacity":"","overlay-gradient":""},"tablet":{"background-color":"","background-image":"","background-repeat":"repeat","background-position":"center center","background-size":"auto","background-attachment":"scroll","background-type":"","background-media":"","overlay-type":"","overlay-color":"","overlay-opacity":"","overlay-gradient":""},"mobile":{"background-color":"","background-image":"","background-repeat":"repeat","background-position":"center center","background-size":"auto","background-attachment":"scroll","background-type":"","background-media":"","overlay-type":"","overlay-color":"","overlay-opacity":"","overlay-gradient":""}},"ast-content-background-meta":{"desktop":{"background-color":"var(--ast-global-color-5)","background-image":"","background-repeat":"repeat","background-position":"center center","background-size":"auto","background-attachment":"scroll","background-type":"","background-media":"","overlay-type":"","overlay-color":"","overlay-opacity":"","overlay-gradient":""},"tablet":{"background-color":"var(--ast-global-color-5)","background-image":"","background-repeat":"repeat","background-position":"center center","background-size":"auto","background-attachment":"scroll","background-type":"","background-media":"","overlay-type":"","overlay-color":"","overlay-opacity":"","overlay-gradient":""},"mobile":{"background-color":"var(--ast-global-color-5)","background-image":"","background-repeat":"repeat","background-position":"center center","background-size":"auto","background-attachment":"scroll","background-type":"","background-media":"","overlay-type":"","overlay-color":"","overlay-opacity":"","overlay-gradient":""}}},"product_brand":[],"product_cat":[70],"product_tag":[],"class_list":{"0":"post-23878","1":"product","2":"type-product","3":"status-publish","4":"has-post-thumbnail","6":"product_cat-rigid-boxes","7":"desktop-align-left","8":"tablet-align-left","9":"mobile-align-left","10":"ast-product-gallery-layout-horizontal","11":"ast-product-tabs-layout-horizontal","13":"first","14":"instock","15":"purchasable","16":"product-type-simple"},"_links":{"self":[{"href":"https:\/\/reanpackaging.com\/fr\/wp-json\/wp\/v2\/product\/23878","targetHints":{"allow":["GET"]}}],"collection":[{"href":"https:\/\/reanpackaging.com\/fr\/wp-json\/wp\/v2\/product"}],"about":[{"href":"https:\/\/reanpackaging.com\/fr\/wp-json\/wp\/v2\/types\/product"}],"wp:featuredmedia":[{"embeddable":true,"href":"https:\/\/reanpackaging.com\/fr\/wp-json\/wp\/v2\/media\/23746"}],"wp:attachment":[{"href":"https:\/\/reanpackaging.com\/fr\/wp-json\/wp\/v2\/media?parent=23878"}],"wp:term":[{"taxonomy":"product_brand","embeddable":true,"href":"https:\/\/reanpackaging.com\/fr\/wp-json\/wp\/v2\/product_brand?post=23878"},{"taxonomy":"product_cat","embeddable":true,"href":"https:\/\/reanpackaging.com\/fr\/wp-json\/wp\/v2\/product_cat?post=23878"},{"taxonomy":"product_tag","embeddable":true,"href":"https:\/\/reanpackaging.com\/fr\/wp-json\/wp\/v2\/product_tag?post=23878"}],"curies":[{"name":"wp","href":"https:\/\/api.w.org\/{rel}","templated":true}]}}