{"id":24567,"date":"2024-08-06T14:35:12","date_gmt":"2024-08-06T14:35:12","guid":{"rendered":"https:\/\/reanpackaging.com\/product\/powerful-manufacturer-custom-printed-pizza-box-china-wholesale-pizza-paper-packing-box-2\/"},"modified":"2024-08-06T14:45:52","modified_gmt":"2024-08-06T14:45:52","slug":"powerful-manufacturer-custom-printed-pizza-box-china-wholesale-pizza-paper-packing-box-2","status":"publish","type":"product","link":"https:\/\/reanpackaging.com\/fr\/produit\/fabricant-puissant-boite-a-pizza-imprimee-sur-mesure-chine-boite-demballage-en-papier-pour-pizza-en-gros-2\/","title":{"rendered":"Puissant fabricant de bo\u00eetes \u00e0 pizza imprim\u00e9es sur mesure Bo\u00eete d'emballage en papier pour pizzas en gros en Chine"},"content":{"rendered":"<h4>Attributs sp\u00e9cifiques \u00e0 l'industrie<\/h4>\n<table border=\"1\">\n<tbody>\n<tr>\n<td><strong>Utilisation industrielle<\/strong><\/td>\n<td>Alimentation<\/td>\n<\/tr>\n<tr>\n<td><strong>Type de papier<\/strong><\/td>\n<td>Carton ondul\u00e9<\/td>\n<\/tr>\n<tr>\n<td><strong>Fonctionnalit\u00e9<\/strong><\/td>\n<td>Jetable<\/td>\n<\/tr>\n<\/tbody>\n<\/table>\n<h4>Autres attributs<\/h4>\n<table border=\"1\">\n<tbody>\n<tr>\n<td><strong>Type de bo\u00eete<\/strong><\/td>\n<td>Dossiers<\/td>\n<\/tr>\n<tr>\n<td><strong>Manipulation de l'impression<\/strong><\/td>\n<td>Pelliculage mat, vernissage, estampage, gaufrage, pelliculage brillant, vernis UV, feuille d'or<\/td>\n<\/tr>\n<tr>\n<td><strong>Commande personnalis\u00e9e<\/strong><\/td>\n<td>Accepter<\/td>\n<\/tr>\n<tr>\n<td><strong>Forme<\/strong><\/td>\n<td>Carr\u00e9<\/td>\n<\/tr>\n<tr>\n<td><strong>Type de rev\u00eatement<\/strong><\/td>\n<td>Carton<\/td>\n<\/tr>\n<tr>\n<td><strong>Nom du produit<\/strong><\/td>\n<td>Bo\u00eete \u00e0 pizza en carton ondul\u00e9 E-Co<\/td>\n<\/tr>\n<tr>\n<td><strong>Mat\u00e9riau<\/strong><\/td>\n<td>Ondul\u00e9<\/td>\n<\/tr>\n<tr>\n<td><strong>Utilisation<\/strong><\/td>\n<td>Bo\u00eete \u00e0 pizza \u00e0 emporter<\/td>\n<\/tr>\n<tr>\n<td><strong>Taille<\/strong><\/td>\n<td>7\/8\/9\/10\/11\/12\/13\/15\/18\/22\/24\/30 Inches<\/td>\n<\/tr>\n<tr>\n<td><strong>Logo<\/strong><\/td>\n<td>Logo personnalis\u00e9 imprim\u00e9<\/td>\n<\/tr>\n<tr>\n<td><strong>MOQ<\/strong><\/td>\n<td>10000pcs<\/td>\n<\/tr>\n<tr>\n<td><strong>Type<\/strong><\/td>\n<td>Mat\u00e9riaux \u00e9cologiques<\/td>\n<\/tr>\n<tr>\n<td><strong>Style<\/strong><\/td>\n<td>Moderne<\/td>\n<\/tr>\n<\/tbody>\n<\/table>\n<p><img decoding=\"async\" class=\"detail-desc-decorate-image\" style=\"max-width: 100%; height: auto; display: block; margin: 0 auto;\" src=\"https:\/\/reanpackaging.com\/wp-content\/uploads\/2024\/08\/1-description-Powerful-Manufacturer-Custom-Printed-Pizza-Box-China-Wholesale-Pizza-Paper-Packing-Box.jpg\" \/><br \/>\n<img decoding=\"async\" class=\"detail-desc-decorate-image\" style=\"max-width: 100%; height: auto; display: block; margin: 0 auto;\" src=\"https:\/\/reanpackaging.com\/wp-content\/uploads\/2024\/08\/2-description-Powerful-Manufacturer-Custom-Printed-Pizza-Box-China-Wholesale-Pizza-Paper-Packing-Box.jpg\" \/><br \/>\n<img decoding=\"async\" class=\"detail-desc-decorate-image\" style=\"max-width: 100%; height: auto; display: block; margin: 0 auto;\" src=\"https:\/\/reanpackaging.com\/wp-content\/uploads\/2024\/08\/3-description-Powerful-Manufacturer-Custom-Printed-Pizza-Box-China-Wholesale-Pizza-Paper-Packing-Box.jpg\" \/><br \/>\n<img decoding=\"async\" class=\"detail-desc-decorate-image\" style=\"max-width: 100%; height: auto; display: block; margin: 0 auto;\" src=\"https:\/\/reanpackaging.com\/wp-content\/uploads\/2024\/08\/4-description-Powerful-Manufacturer-Custom-Printed-Pizza-Box-China-Wholesale-Pizza-Paper-Packing-Box.jpg\" \/><br \/>\n<img decoding=\"async\" class=\"detail-desc-decorate-image\" style=\"max-width: 100%; height: auto; display: block; margin: 0 auto;\" src=\"https:\/\/reanpackaging.com\/wp-content\/uploads\/2024\/08\/5-description-Powerful-Manufacturer-Custom-Printed-Pizza-Box-China-Wholesale-Pizza-Paper-Packing-Box.jpg\" \/><br \/>\n<img decoding=\"async\" class=\"detail-desc-decorate-image\" style=\"max-width: 100%; height: auto; display: block; margin: 0 auto;\" src=\"https:\/\/reanpackaging.com\/wp-content\/uploads\/2024\/08\/6-description-Powerful-Manufacturer-Custom-Printed-Pizza-Box-China-Wholesale-Pizza-Paper-Packing-Box.jpg\" \/><br \/>\n<img decoding=\"async\" class=\"detail-desc-decorate-image\" style=\"max-width: 100%; height: auto; display: block; margin: 0 auto;\" src=\"https:\/\/reanpackaging.com\/wp-content\/uploads\/2024\/08\/7-description-Powerful-Manufacturer-Custom-Printed-Pizza-Box-China-Wholesale-Pizza-Paper-Packing-Box.jpg\" \/><\/p>","protected":false},"excerpt":{"rendered":"<p>Industry-Specific Attributes Industrial Use Food Paper Type Corrugated Board Feature Disposable Other Attributes Box Type Folders Printing Handling Matt Lamination, Varnishing, Stamping, Embossing, Glossy Lamination, UV Coating, Gold Foil Custom Order Accept Shape Square Liner type Paperboard Product name E-Co Corrugated Pizza Box Material Corrugated Usage Take away Pizza Package box Size 7\/8\/9\/10\/11\/12\/13\/15\/18\/22\/24\/30 Inches Logo [&hellip;]<\/p>\n","protected":false},"featured_media":8537,"template":"","meta":{"_seopress_robots_primary_cat":"none","_seopress_titles_title":"","_seopress_titles_desc":"","_seopress_robots_index":"","site-sidebar-layout":"default","site-content-layout":"","ast-site-content-layout":"default","site-content-style":"default","site-sidebar-style":"default","ast-global-header-display":"","ast-banner-title-visibility":"","ast-main-header-display":"","ast-hfb-above-header-display":"","ast-hfb-below-header-display":"","ast-hfb-mobile-header-display":"","site-post-title":"","ast-breadcrumbs-content":"","ast-featured-img":"","footer-sml-layout":"","ast-disable-related-posts":"","theme-transparent-header-meta":"default","adv-header-id-meta":"","stick-header-meta":"default","header-above-stick-meta":"","header-main-stick-meta":"","header-below-stick-meta":"","astra-migrate-meta-layouts":"set","ast-page-background-enabled":"default","ast-page-background-meta":{"desktop":{"background-color":"","background-image":"","background-repeat":"repeat","background-position":"center center","background-size":"auto","background-attachment":"scroll","background-type":"","background-media":"","overlay-type":"","overlay-color":"","overlay-opacity":"","overlay-gradient":""},"tablet":{"background-color":"","background-image":"","background-repeat":"repeat","background-position":"center center","background-size":"auto","background-attachment":"scroll","background-type":"","background-media":"","overlay-type":"","overlay-color":"","overlay-opacity":"","overlay-gradient":""},"mobile":{"background-color":"","background-image":"","background-repeat":"repeat","background-position":"center center","background-size":"auto","background-attachment":"scroll","background-type":"","background-media":"","overlay-type":"","overlay-color":"","overlay-opacity":"","overlay-gradient":""}},"ast-content-background-meta":{"desktop":{"background-color":"var(--ast-global-color-5)","background-image":"","background-repeat":"repeat","background-position":"center center","background-size":"auto","background-attachment":"scroll","background-type":"","background-media":"","overlay-type":"","overlay-color":"","overlay-opacity":"","overlay-gradient":""},"tablet":{"background-color":"var(--ast-global-color-5)","background-image":"","background-repeat":"repeat","background-position":"center center","background-size":"auto","background-attachment":"scroll","background-type":"","background-media":"","overlay-type":"","overlay-color":"","overlay-opacity":"","overlay-gradient":""},"mobile":{"background-color":"var(--ast-global-color-5)","background-image":"","background-repeat":"repeat","background-position":"center center","background-size":"auto","background-attachment":"scroll","background-type":"","background-media":"","overlay-type":"","overlay-color":"","overlay-opacity":"","overlay-gradient":""}}},"product_brand":[],"product_cat":[71],"product_tag":[],"class_list":{"0":"post-24567","1":"product","2":"type-product","3":"status-publish","4":"has-post-thumbnail","6":"product_cat-pizza-boxes","7":"desktop-align-left","8":"tablet-align-left","9":"mobile-align-left","10":"ast-product-gallery-layout-horizontal","11":"ast-product-tabs-layout-horizontal","13":"first","14":"instock","15":"product-type-simple"},"_links":{"self":[{"href":"https:\/\/reanpackaging.com\/fr\/wp-json\/wp\/v2\/product\/24567","targetHints":{"allow":["GET"]}}],"collection":[{"href":"https:\/\/reanpackaging.com\/fr\/wp-json\/wp\/v2\/product"}],"about":[{"href":"https:\/\/reanpackaging.com\/fr\/wp-json\/wp\/v2\/types\/product"}],"wp:featuredmedia":[{"embeddable":true,"href":"https:\/\/reanpackaging.com\/fr\/wp-json\/wp\/v2\/media\/8537"}],"wp:attachment":[{"href":"https:\/\/reanpackaging.com\/fr\/wp-json\/wp\/v2\/media?parent=24567"}],"wp:term":[{"taxonomy":"product_brand","embeddable":true,"href":"https:\/\/reanpackaging.com\/fr\/wp-json\/wp\/v2\/product_brand?post=24567"},{"taxonomy":"product_cat","embeddable":true,"href":"https:\/\/reanpackaging.com\/fr\/wp-json\/wp\/v2\/product_cat?post=24567"},{"taxonomy":"product_tag","embeddable":true,"href":"https:\/\/reanpackaging.com\/fr\/wp-json\/wp\/v2\/product_tag?post=24567"}],"curies":[{"name":"wp","href":"https:\/\/api.w.org\/{rel}","templated":true}]}}