{"id":24577,"date":"2024-08-06T14:35:12","date_gmt":"2024-08-06T14:35:12","guid":{"rendered":"https:\/\/reanpackaging.com\/product\/custom-pizza-box-with-logo-wholesale-4-6-8-10-12-14-24-inch-pizza-packing-box-custom-printed\/"},"modified":"2024-10-01T16:10:00","modified_gmt":"2024-10-01T16:10:00","slug":"custom-pizza-box-with-logo-wholesale-4-6-8-10-12-14-24-inch-pizza-packing-box-custom-printed","status":"publish","type":"product","link":"https:\/\/reanpackaging.com\/fr\/produit\/custom-pizza-box-with-logo-wholesale-4-6-8-10-12-14-24-inch-pizza-packing-box-custom-printed\/","title":{"rendered":"bo\u00eete \u00e0 pizza personnalis\u00e9e avec logo vente en gros bo\u00eete \u00e0 pizza 4\/6\/8\/10\/12\/14\/24 pouces imprim\u00e9e sur mesure"},"content":{"rendered":"<h4>Attributs sp\u00e9cifiques \u00e0 l'industrie<\/h4>\n<table border=\"1\">\n<tr>\n<td><strong>Utilisation industrielle<\/strong><\/td>\n<td>Alimentation<\/td>\n<\/tr>\n<tr>\n<td><strong>Type de papier<\/strong><\/td>\n<td>Carton ondul\u00e9<\/td>\n<\/tr>\n<tr>\n<td><strong>Fonctionnalit\u00e9<\/strong><\/td>\n<td>Recyclable<\/td>\n<\/tr>\n<\/table>\n<h4>Autres attributs<\/h4>\n<table border=\"1\">\n<tr>\n<td><strong>Type de bo\u00eete<\/strong><\/td>\n<td>Bo\u00eetes rigides<\/td>\n<\/tr>\n<tr>\n<td><strong>Manipulation de l'impression<\/strong><\/td>\n<td>Pelliculage mat, gaufrage, pelliculage brillant, vernissage UV<\/td>\n<\/tr>\n<tr>\n<td><strong>Commande personnalis\u00e9e<\/strong><\/td>\n<td>Accepter<\/td>\n<\/tr>\n<tr>\n<td><strong>Forme<\/strong><\/td>\n<td>octogone ou hexagone<\/td>\n<\/tr>\n<tr>\n<td><strong>Nom du produit<\/strong><\/td>\n<td>Bo\u00eete \u00e0 pizza<\/td>\n<\/tr>\n<tr>\n<td><strong>Mat\u00e9riau<\/strong><\/td>\n<td>Carton ondul\u00e9<\/td>\n<\/tr>\n<tr>\n<td><strong>Taille<\/strong><\/td>\n<td>Taille personnalis\u00e9e accept\u00e9e<\/td>\n<\/tr>\n<tr>\n<td><strong>Couleur<\/strong><\/td>\n<td>Couleur personnalis\u00e9e<\/td>\n<\/tr>\n<tr>\n<td><strong>Logo<\/strong><\/td>\n<td>Logo du client acceptable<\/td>\n<\/tr>\n<tr>\n<td><strong>Impression<\/strong><\/td>\n<td>Impression offset CMYK 4 couleurs<\/td>\n<\/tr>\n<tr>\n<td><strong>Conception<\/strong><\/td>\n<td>Mod\u00e8les OEM personnalis\u00e9s<\/td>\n<\/tr>\n<tr>\n<td><strong>MOQ<\/strong><\/td>\n<td>500pcs<\/td>\n<\/tr>\n<tr>\n<td><strong>\u00c9paisseur<\/strong><\/td>\n<td>\u00c9paisseur personnalis\u00e9e<\/td>\n<\/tr>\n<tr>\n<td><strong>Emballage<\/strong><\/td>\n<td>Emballage en carton<\/td>\n<\/tr>\n<\/table>\n<p><img decoding=\"async\" class=\"detail-desc-decorate-image\" src=\"https:\/\/reanpackaging.com\/wp-content\/uploads\/2024\/08\/1-description-custom-pizza-box-with-logo-wholesale-4-6-8-10-12-14-24-inch-pizza-packing-box-custom-printed.jpg\" slate-data-type=\"image\" style=\"max-width: 100%; height: auto; display: block; margin: 0 auto;\"><br \/>\n<img decoding=\"async\" class=\"detail-desc-decorate-image\" src=\"https:\/\/reanpackaging.com\/wp-content\/uploads\/2024\/08\/2-description-custom-pizza-box-with-logo-wholesale-4-6-8-10-12-14-24-inch-pizza-packing-box-custom-printed.jpg\" slate-data-type=\"image\" style=\"max-width: 100%; height: auto; display: block; margin: 0 auto;\"><br \/>\n<img decoding=\"async\" class=\"detail-desc-decorate-image\" src=\"https:\/\/reanpackaging.com\/wp-content\/uploads\/2024\/08\/3-description-custom-pizza-box-with-logo-wholesale-4-6-8-10-12-14-24-inch-pizza-packing-box-custom-printed.jpg\" slate-data-type=\"image\" style=\"max-width: 100%; height: auto; display: block; margin: 0 auto;\"><br \/>\n<img decoding=\"async\" class=\"detail-desc-decorate-image\" src=\"https:\/\/reanpackaging.com\/wp-content\/uploads\/2024\/08\/4-description-custom-pizza-box-with-logo-wholesale-4-6-8-10-12-14-24-inch-pizza-packing-box-custom-printed.jpg\" slate-data-type=\"image\" style=\"max-width: 100%; height: auto; display: block; margin: 0 auto;\"><br \/>\n<img decoding=\"async\" class=\"detail-desc-decorate-image\" src=\"https:\/\/reanpackaging.com\/wp-content\/uploads\/2024\/08\/5-description-custom-pizza-box-with-logo-wholesale-4-6-8-10-12-14-24-inch-pizza-packing-box-custom-printed.jpg\" slate-data-type=\"image\" style=\"max-width: 100%; height: auto; display: block; margin: 0 auto;\"><br \/>\n<img decoding=\"async\" class=\"detail-desc-decorate-image\" src=\"https:\/\/reanpackaging.com\/wp-content\/uploads\/2024\/08\/6-description-custom-pizza-box-with-logo-wholesale-4-6-8-10-12-14-24-inch-pizza-packing-box-custom-printed.jpg\" slate-data-type=\"image\" style=\"max-width: 100%; height: auto; display: block; margin: 0 auto;\"><br \/>\n<img decoding=\"async\" class=\"detail-desc-decorate-image\" src=\"https:\/\/reanpackaging.com\/wp-content\/uploads\/2024\/08\/7-description-custom-pizza-box-with-logo-wholesale-4-6-8-10-12-14-24-inch-pizza-packing-box-custom-printed.jpg\" slate-data-type=\"image\" style=\"max-width: 100%; height: auto; display: block; margin: 0 auto;\"><\/p>","protected":false},"excerpt":{"rendered":"<p>Industry-Specific Attributes Industrial Use Food Paper Type Corrugated Board Feature Recyclable Other Attributes Box Type Rigid Boxes Printing Handling Matt Lamination, Embossing, Glossy Lamination, UV Coating Custom Order Accept Shape octagon or hexagon Product name Pizza Box Material Corrugated Cardboard Size Custom Size Accepted Color Customized Color Logo Acceptable Customer&#8217;s Logo Printing CMYK 4 Color [&hellip;]<\/p>\n","protected":false},"featured_media":24405,"template":"","meta":{"_seopress_robots_primary_cat":"","_seopress_titles_title":"","_seopress_titles_desc":"","_seopress_robots_index":"","site-sidebar-layout":"default","site-content-layout":"","ast-site-content-layout":"default","site-content-style":"default","site-sidebar-style":"default","ast-global-header-display":"","ast-banner-title-visibility":"","ast-main-header-display":"","ast-hfb-above-header-display":"","ast-hfb-below-header-display":"","ast-hfb-mobile-header-display":"","site-post-title":"","ast-breadcrumbs-content":"","ast-featured-img":"","footer-sml-layout":"","ast-disable-related-posts":"","theme-transparent-header-meta":"","adv-header-id-meta":"","stick-header-meta":"","header-above-stick-meta":"","header-main-stick-meta":"","header-below-stick-meta":"","astra-migrate-meta-layouts":"default","ast-page-background-enabled":"default","ast-page-background-meta":{"desktop":{"background-color":"","background-image":"","background-repeat":"repeat","background-position":"center center","background-size":"auto","background-attachment":"scroll","background-type":"","background-media":"","overlay-type":"","overlay-color":"","overlay-opacity":"","overlay-gradient":""},"tablet":{"background-color":"","background-image":"","background-repeat":"repeat","background-position":"center center","background-size":"auto","background-attachment":"scroll","background-type":"","background-media":"","overlay-type":"","overlay-color":"","overlay-opacity":"","overlay-gradient":""},"mobile":{"background-color":"","background-image":"","background-repeat":"repeat","background-position":"center center","background-size":"auto","background-attachment":"scroll","background-type":"","background-media":"","overlay-type":"","overlay-color":"","overlay-opacity":"","overlay-gradient":""}},"ast-content-background-meta":{"desktop":{"background-color":"var(--ast-global-color-5)","background-image":"","background-repeat":"repeat","background-position":"center center","background-size":"auto","background-attachment":"scroll","background-type":"","background-media":"","overlay-type":"","overlay-color":"","overlay-opacity":"","overlay-gradient":""},"tablet":{"background-color":"var(--ast-global-color-5)","background-image":"","background-repeat":"repeat","background-position":"center center","background-size":"auto","background-attachment":"scroll","background-type":"","background-media":"","overlay-type":"","overlay-color":"","overlay-opacity":"","overlay-gradient":""},"mobile":{"background-color":"var(--ast-global-color-5)","background-image":"","background-repeat":"repeat","background-position":"center center","background-size":"auto","background-attachment":"scroll","background-type":"","background-media":"","overlay-type":"","overlay-color":"","overlay-opacity":"","overlay-gradient":""}}},"product_brand":[],"product_cat":[71],"product_tag":[],"class_list":{"0":"post-24577","1":"product","2":"type-product","3":"status-publish","4":"has-post-thumbnail","6":"product_cat-pizza-boxes","7":"desktop-align-left","8":"tablet-align-left","9":"mobile-align-left","10":"ast-product-gallery-layout-horizontal","11":"ast-product-tabs-layout-horizontal","13":"first","14":"instock","15":"purchasable","16":"product-type-simple"},"_links":{"self":[{"href":"https:\/\/reanpackaging.com\/fr\/wp-json\/wp\/v2\/product\/24577","targetHints":{"allow":["GET"]}}],"collection":[{"href":"https:\/\/reanpackaging.com\/fr\/wp-json\/wp\/v2\/product"}],"about":[{"href":"https:\/\/reanpackaging.com\/fr\/wp-json\/wp\/v2\/types\/product"}],"wp:featuredmedia":[{"embeddable":true,"href":"https:\/\/reanpackaging.com\/fr\/wp-json\/wp\/v2\/media\/24405"}],"wp:attachment":[{"href":"https:\/\/reanpackaging.com\/fr\/wp-json\/wp\/v2\/media?parent=24577"}],"wp:term":[{"taxonomy":"product_brand","embeddable":true,"href":"https:\/\/reanpackaging.com\/fr\/wp-json\/wp\/v2\/product_brand?post=24577"},{"taxonomy":"product_cat","embeddable":true,"href":"https:\/\/reanpackaging.com\/fr\/wp-json\/wp\/v2\/product_cat?post=24577"},{"taxonomy":"product_tag","embeddable":true,"href":"https:\/\/reanpackaging.com\/fr\/wp-json\/wp\/v2\/product_tag?post=24577"}],"curies":[{"name":"wp","href":"https:\/\/api.w.org\/{rel}","templated":true}]}}