{"id":25173,"date":"2024-08-10T13:58:26","date_gmt":"2024-08-10T13:58:26","guid":{"rendered":"https:\/\/reanpackaging.com\/product\/luxury-empty-6-piece-magnetic-paper-valentines-chocolate-folding-packaging-box-with-plastic-tray-small-chocolate-gift-box\/"},"modified":"2024-08-10T14:34:13","modified_gmt":"2024-08-10T14:34:13","slug":"luxury-empty-6-piece-magnetic-paper-valentines-chocolate-folding-packaging-box-with-plastic-tray-small-chocolate-gift-box","status":"publish","type":"product","link":"https:\/\/reanpackaging.com\/fr\/produit\/luxury-empty-6-piece-magnetic-paper-valentines-chocolate-folding-packaging-box-with-plastic-tray-small-chocolate-gift-box\/","title":{"rendered":"Bo\u00eete d'emballage pliante en papier magn\u00e9tique pour chocolat de Saint-Valentin avec plateau en plastique Petite bo\u00eete \u00e0 chocolat"},"content":{"rendered":"<h4>Attributs sp\u00e9cifiques \u00e0 l'industrie<\/h4>\n<table border=\"1\">\n<tbody>\n<tr>\n<td><strong>Utilisation industrielle<\/strong><\/td>\n<td>Alimentation<\/td>\n<\/tr>\n<tr>\n<td><strong>Type de papier<\/strong><\/td>\n<td>Panneau gris<\/td>\n<\/tr>\n<tr>\n<td><strong>Fonctionnalit\u00e9<\/strong><\/td>\n<td>Mat\u00e9riaux recycl\u00e9s<\/td>\n<\/tr>\n<\/tbody>\n<\/table>\n<h4>Autres attributs<\/h4>\n<table border=\"1\">\n<tbody>\n<tr>\n<td><strong>Type de bo\u00eete<\/strong><\/td>\n<td>Bo\u00eetes rigides<\/td>\n<\/tr>\n<tr>\n<td><strong>Manipulation de l'impression<\/strong><\/td>\n<td>Pelliculage mat, vernissage, estampage, gaufrage, pelliculage brillant, vernis UV, feuille d'or<\/td>\n<\/tr>\n<tr>\n<td><strong>Commande personnalis\u00e9e<\/strong><\/td>\n<td>Accepter<\/td>\n<\/tr>\n<tr>\n<td><strong>Forme<\/strong><\/td>\n<td>Rectangle ,Carr\u00e9 ,Forme de c\u0153ur<\/td>\n<\/tr>\n<tr>\n<td><strong>Nom du produit<\/strong><\/td>\n<td>bo\u00eete d'emballage pour le chocolat<\/td>\n<\/tr>\n<tr>\n<td><strong>Forme<\/strong><\/td>\n<td>Rectangulaire, Carr\u00e9, Rond, Personnalis\u00e9<\/td>\n<\/tr>\n<tr>\n<td><strong>Utilisation<\/strong><\/td>\n<td>Macaron, Alimentation ,Chocolat,Bonbons<\/td>\n<\/tr>\n<tr>\n<td><strong>Mat\u00e9riau<\/strong><\/td>\n<td>Carton gris 2 mm+papier d'art\/papier textur\u00e9<\/td>\n<\/tr>\n<tr>\n<td><strong>Fonctionnalit\u00e9<\/strong><\/td>\n<td>Fait \u00e0 la main,Recyclable<\/td>\n<\/tr>\n<tr>\n<td><strong>Style<\/strong><\/td>\n<td>D\u00e9contract\u00e9, \u00c9l\u00e9gant<\/td>\n<\/tr>\n<tr>\n<td><strong>Taille<\/strong><\/td>\n<td>Taille personnalis\u00e9e accept\u00e9e<\/td>\n<\/tr>\n<tr>\n<td><strong>MOQ<\/strong><\/td>\n<td>500 pi\u00e8ces<\/td>\n<\/tr>\n<tr>\n<td><strong>Temps d'\u00e9chantillonnage<\/strong><\/td>\n<td>5-7 jours ouvrables<\/td>\n<\/tr>\n<tr>\n<td><strong>Conception<\/strong><\/td>\n<td>Conception personnalis\u00e9e (service OEM)<\/td>\n<\/tr>\n<\/tbody>\n<\/table>\n<p><img decoding=\"async\" class=\"detail-desc-decorate-image\" style=\"max-width: 100%; height: auto; display: block; margin: 0 auto;\" src=\"https:\/\/reanpackaging.com\/wp-content\/uploads\/2024\/08\/3-description-Luxury-Empty-6-Piece-Magnetic-Paper-Valentines-Chocolate-Folding-Packaging-Box-With-Plastic-Tray-Small-Chocolate-Gift-Box.jpg\" \/><br \/>\n<img decoding=\"async\" class=\"detail-desc-decorate-image\" style=\"max-width: 100%; height: auto; display: block; margin: 0 auto;\" src=\"https:\/\/reanpackaging.com\/wp-content\/uploads\/2024\/08\/4-description-Luxury-Empty-6-Piece-Magnetic-Paper-Valentines-Chocolate-Folding-Packaging-Box-With-Plastic-Tray-Small-Chocolate-Gift-Box.jpg\" \/><br \/>\n<img decoding=\"async\" class=\"detail-desc-decorate-image\" style=\"max-width: 100%; height: auto; display: block; margin: 0 auto;\" src=\"https:\/\/reanpackaging.com\/wp-content\/uploads\/2024\/08\/5-description-Luxury-Empty-6-Piece-Magnetic-Paper-Valentines-Chocolate-Folding-Packaging-Box-With-Plastic-Tray-Small-Chocolate-Gift-Box.jpg\" \/><br \/>\n<img decoding=\"async\" class=\"detail-desc-decorate-image\" style=\"max-width: 100%; height: auto; display: block; margin: 0 auto;\" src=\"https:\/\/reanpackaging.com\/wp-content\/uploads\/2024\/08\/6-description-Luxury-Empty-6-Piece-Magnetic-Paper-Valentines-Chocolate-Folding-Packaging-Box-With-Plastic-Tray-Small-Chocolate-Gift-Box.jpg\" \/><br \/>\n<img decoding=\"async\" class=\"detail-desc-decorate-image\" style=\"max-width: 100%; height: auto; display: block; margin: 0 auto;\" src=\"https:\/\/reanpackaging.com\/wp-content\/uploads\/2024\/08\/7-description-Luxury-Empty-6-Piece-Magnetic-Paper-Valentines-Chocolate-Folding-Packaging-Box-With-Plastic-Tray-Small-Chocolate-Gift-Box.jpg\" \/><br \/>\n<img decoding=\"async\" class=\"detail-desc-decorate-image\" style=\"max-width: 100%; height: auto; display: block; margin: 0 auto;\" src=\"https:\/\/reanpackaging.com\/wp-content\/uploads\/2024\/08\/8-description-Luxury-Empty-6-Piece-Magnetic-Paper-Valentines-Chocolate-Folding-Packaging-Box-With-Plastic-Tray-Small-Chocolate-Gift-Box.jpg\" \/><br \/>\n<img decoding=\"async\" class=\"detail-desc-decorate-image\" style=\"max-width: 100%; height: auto; display: block; margin: 0 auto;\" src=\"https:\/\/reanpackaging.com\/wp-content\/uploads\/2024\/08\/9-description-Luxury-Empty-6-Piece-Magnetic-Paper-Valentines-Chocolate-Folding-Packaging-Box-With-Plastic-Tray-Small-Chocolate-Gift-Box.jpg\" \/><br \/>\n<img decoding=\"async\" class=\"detail-desc-decorate-image\" style=\"max-width: 100%; height: auto; display: block; margin: 0 auto;\" src=\"https:\/\/reanpackaging.com\/wp-content\/uploads\/2024\/08\/10-description-Luxury-Empty-6-Piece-Magnetic-Paper-Valentines-Chocolate-Folding-Packaging-Box-With-Plastic-Tray-Small-Chocolate-Gift-Box.jpg\" \/><br \/>\n<img decoding=\"async\" class=\"detail-desc-decorate-image\" style=\"max-width: 100%; height: auto; display: block; margin: 0 auto;\" src=\"https:\/\/reanpackaging.com\/wp-content\/uploads\/2024\/08\/11-description-Luxury-Empty-6-Piece-Magnetic-Paper-Valentines-Chocolate-Folding-Packaging-Box-With-Plastic-Tray-Small-Chocolate-Gift-Box.jpg\" \/><br \/>\n<img decoding=\"async\" class=\"detail-desc-decorate-image\" style=\"max-width: 100%; height: auto; display: block; margin: 0 auto;\" src=\"https:\/\/reanpackaging.com\/wp-content\/uploads\/2024\/08\/12-description-Luxury-Empty-6-Piece-Magnetic-Paper-Valentines-Chocolate-Folding-Packaging-Box-With-Plastic-Tray-Small-Chocolate-Gift-Box.jpg\" \/><br \/>\n<img decoding=\"async\" class=\"detail-desc-decorate-image\" style=\"max-width: 100%; height: auto; display: block; margin: 0 auto;\" src=\"https:\/\/reanpackaging.com\/wp-content\/uploads\/2024\/08\/13-description-Luxury-Empty-6-Piece-Magnetic-Paper-Valentines-Chocolate-Folding-Packaging-Box-With-Plastic-Tray-Small-Chocolate-Gift-Box.jpg\" \/><br \/>\n<img decoding=\"async\" class=\"detail-desc-decorate-image\" style=\"max-width: 100%; height: auto; display: block; margin: 0 auto;\" src=\"https:\/\/reanpackaging.com\/wp-content\/uploads\/2024\/08\/14-description-Luxury-Empty-6-Piece-Magnetic-Paper-Valentines-Chocolate-Folding-Packaging-Box-With-Plastic-Tray-Small-Chocolate-Gift-Box.jpg\" \/><br \/>\n<img decoding=\"async\" class=\"detail-desc-decorate-image\" style=\"max-width: 100%; height: auto; display: block; margin: 0 auto;\" src=\"https:\/\/reanpackaging.com\/wp-content\/uploads\/2024\/08\/15-description-Luxury-Empty-6-Piece-Magnetic-Paper-Valentines-Chocolate-Folding-Packaging-Box-With-Plastic-Tray-Small-Chocolate-Gift-Box.jpg\" \/><br \/>\n<img decoding=\"async\" class=\"detail-desc-decorate-image\" style=\"max-width: 100%; height: auto; display: block; margin: 0 auto;\" src=\"https:\/\/reanpackaging.com\/wp-content\/uploads\/2024\/08\/16-description-Luxury-Empty-6-Piece-Magnetic-Paper-Valentines-Chocolate-Folding-Packaging-Box-With-Plastic-Tray-Small-Chocolate-Gift-Box.jpg\" \/><br \/>\n<img decoding=\"async\" class=\"detail-desc-decorate-image\" style=\"max-width: 100%; height: auto; display: block; margin: 0 auto;\" src=\"https:\/\/reanpackaging.com\/wp-content\/uploads\/2024\/08\/17-description-Luxury-Empty-6-Piece-Magnetic-Paper-Valentines-Chocolate-Folding-Packaging-Box-With-Plastic-Tray-Small-Chocolate-Gift-Box.jpg\" \/><\/p>","protected":false},"excerpt":{"rendered":"<p>Industry-Specific Attributes Industrial Use Food Paper Type Grey Board Feature Recycled Materials Other Attributes Box Type Rigid Boxes Printing Handling Matt Lamination, Varnishing, Stamping, Embossing, Glossy Lamination, UV Coating, Gold Foil Custom Order Accept Shape Rectangle ,Square ,Heart shape Product name chocolate packaging box Shape Rectangular, Square, Round, Customized Usage Macaron, Food ,Chocolate,Candy Material 2mm [&hellip;]<\/p>\n","protected":false},"featured_media":25079,"template":"","meta":{"_seopress_robots_primary_cat":"none","_seopress_titles_title":"","_seopress_titles_desc":"","_seopress_robots_index":"","site-sidebar-layout":"default","site-content-layout":"","ast-site-content-layout":"default","site-content-style":"default","site-sidebar-style":"default","ast-global-header-display":"","ast-banner-title-visibility":"","ast-main-header-display":"","ast-hfb-above-header-display":"","ast-hfb-below-header-display":"","ast-hfb-mobile-header-display":"","site-post-title":"","ast-breadcrumbs-content":"","ast-featured-img":"","footer-sml-layout":"","ast-disable-related-posts":"","theme-transparent-header-meta":"default","adv-header-id-meta":"","stick-header-meta":"default","header-above-stick-meta":"","header-main-stick-meta":"","header-below-stick-meta":"","astra-migrate-meta-layouts":"set","ast-page-background-enabled":"default","ast-page-background-meta":{"desktop":{"background-color":"","background-image":"","background-repeat":"repeat","background-position":"center center","background-size":"auto","background-attachment":"scroll","background-type":"","background-media":"","overlay-type":"","overlay-color":"","overlay-opacity":"","overlay-gradient":""},"tablet":{"background-color":"","background-image":"","background-repeat":"repeat","background-position":"center center","background-size":"auto","background-attachment":"scroll","background-type":"","background-media":"","overlay-type":"","overlay-color":"","overlay-opacity":"","overlay-gradient":""},"mobile":{"background-color":"","background-image":"","background-repeat":"repeat","background-position":"center center","background-size":"auto","background-attachment":"scroll","background-type":"","background-media":"","overlay-type":"","overlay-color":"","overlay-opacity":"","overlay-gradient":""}},"ast-content-background-meta":{"desktop":{"background-color":"var(--ast-global-color-5)","background-image":"","background-repeat":"repeat","background-position":"center center","background-size":"auto","background-attachment":"scroll","background-type":"","background-media":"","overlay-type":"","overlay-color":"","overlay-opacity":"","overlay-gradient":""},"tablet":{"background-color":"var(--ast-global-color-5)","background-image":"","background-repeat":"repeat","background-position":"center center","background-size":"auto","background-attachment":"scroll","background-type":"","background-media":"","overlay-type":"","overlay-color":"","overlay-opacity":"","overlay-gradient":""},"mobile":{"background-color":"var(--ast-global-color-5)","background-image":"","background-repeat":"repeat","background-position":"center center","background-size":"auto","background-attachment":"scroll","background-type":"","background-media":"","overlay-type":"","overlay-color":"","overlay-opacity":"","overlay-gradient":""}}},"product_brand":[],"product_cat":[72],"product_tag":[],"class_list":{"0":"post-25173","1":"product","2":"type-product","3":"status-publish","4":"has-post-thumbnail","6":"product_cat-chocolate-box","7":"desktop-align-left","8":"tablet-align-left","9":"mobile-align-left","10":"ast-product-gallery-layout-horizontal","11":"ast-product-tabs-layout-horizontal","13":"first","14":"instock","15":"product-type-simple"},"_links":{"self":[{"href":"https:\/\/reanpackaging.com\/fr\/wp-json\/wp\/v2\/product\/25173","targetHints":{"allow":["GET"]}}],"collection":[{"href":"https:\/\/reanpackaging.com\/fr\/wp-json\/wp\/v2\/product"}],"about":[{"href":"https:\/\/reanpackaging.com\/fr\/wp-json\/wp\/v2\/types\/product"}],"wp:featuredmedia":[{"embeddable":true,"href":"https:\/\/reanpackaging.com\/fr\/wp-json\/wp\/v2\/media\/25079"}],"wp:attachment":[{"href":"https:\/\/reanpackaging.com\/fr\/wp-json\/wp\/v2\/media?parent=25173"}],"wp:term":[{"taxonomy":"product_brand","embeddable":true,"href":"https:\/\/reanpackaging.com\/fr\/wp-json\/wp\/v2\/product_brand?post=25173"},{"taxonomy":"product_cat","embeddable":true,"href":"https:\/\/reanpackaging.com\/fr\/wp-json\/wp\/v2\/product_cat?post=25173"},{"taxonomy":"product_tag","embeddable":true,"href":"https:\/\/reanpackaging.com\/fr\/wp-json\/wp\/v2\/product_tag?post=25173"}],"curies":[{"name":"wp","href":"https:\/\/api.w.org\/{rel}","templated":true}]}}