{"id":27797,"date":"2024-11-24T16:30:07","date_gmt":"2024-11-24T16:30:07","guid":{"rendered":"https:\/\/reanpackaging.com\/product\/paper-bag-personalized-logo-degradable-luxury-gift-clothing-retail-store-packaging-paper-bag\/"},"modified":"2024-11-24T16:42:40","modified_gmt":"2024-11-24T16:42:40","slug":"paper-bag-personalized-logo-degradable-luxury-gift-clothing-retail-store-packaging-paper-bag","status":"publish","type":"product","link":"https:\/\/reanpackaging.com\/fr\/produit\/paper-bag-personalized-logo-degradable-luxury-gift-clothing-retail-store-packaging-paper-bag\/","title":{"rendered":"Sac en papier Logo personnalis\u00e9 D\u00e9gradable Cadeau de luxe V\u00eatements Emballage de magasin de d\u00e9tail Sac en papier"},"content":{"rendered":"<h4>Attributs sp\u00e9cifiques \u00e0 l'industrie<\/h4>\n<table border=\"1\">\n<tbody>\n<tr>\n<td><strong>Utilisation industrielle<\/strong><\/td>\n<td>Affaires et achats<\/td>\n<\/tr>\n<tr>\n<td><strong>Type de papier<\/strong><\/td>\n<td>Carton<\/td>\n<\/tr>\n<tr>\n<td><strong>Fonctionnalit\u00e9<\/strong><\/td>\n<td>Recyclable<\/td>\n<\/tr>\n<\/tbody>\n<\/table>\n<h4>Autres attributs<\/h4>\n<table border=\"1\">\n<tbody>\n<tr>\n<td><strong>Manipulation de surface<\/strong><\/td>\n<td>Impression offset<\/td>\n<\/tr>\n<tr>\n<td><strong>Scellement et poign\u00e9e<\/strong><\/td>\n<td>Longueur de la main Poign\u00e9e<\/td>\n<\/tr>\n<tr>\n<td><strong>Commande personnalis\u00e9e<\/strong><\/td>\n<td>Accepter<\/td>\n<\/tr>\n<tr>\n<td><strong>Accessoires<\/strong><\/td>\n<td>Poign\u00e9e, ruban, personnalisation<\/td>\n<\/tr>\n<tr>\n<td><strong>Style<\/strong><\/td>\n<td>Luxe<\/td>\n<\/tr>\n<tr>\n<td><strong>Nom du produit<\/strong><\/td>\n<td>Sac en papier personnalis\u00e9<\/td>\n<\/tr>\n<tr>\n<td><strong>Utilisation<\/strong><\/td>\n<td>Cadeaux et artisanat, chaussures et v\u00eatements<\/td>\n<\/tr>\n<tr>\n<td><strong>Taille<\/strong><\/td>\n<td>Taille personnalis\u00e9e<\/td>\n<\/tr>\n<tr>\n<td><strong>Logo<\/strong><\/td>\n<td>Logo du client<\/td>\n<\/tr>\n<tr>\n<td><strong>Couleurs<\/strong><\/td>\n<td>Couleurs personnalis\u00e9es accept\u00e9es<\/td>\n<\/tr>\n<tr>\n<td><strong>Conception<\/strong><\/td>\n<td>OEM ODM Acceptation<\/td>\n<\/tr>\n<tr>\n<td><strong>MOQ<\/strong><\/td>\n<td>100pcs<\/td>\n<\/tr>\n<tr>\n<td><strong>Mat\u00e9riau<\/strong><\/td>\n<td>Carte blanche\/Carte noire\/Papier kraft<\/td>\n<\/tr>\n<tr>\n<td><strong>Impression<\/strong><\/td>\n<td>CMYK\/pantone<\/td>\n<\/tr>\n<\/tbody>\n<\/table>","protected":false},"excerpt":{"rendered":"<p>Industry-Specific Attributes Industrial Use Business&amp;Shopping Paper Type Paperboard Feature Recyclable Other Attributes Surface Handling Offset printing Sealing &amp; Handle Hand Length Handle Custom Order Accept Accessories Handle, Ribbon, Customize Style Luxury Product name Custom Paper Bag Use Gift &amp; Craft &amp; Shoes &amp; Clothing Size Customized Size Logo Customer&#8217;s Logo Colors Custom Color Accepted Design [&hellip;]<\/p>\n","protected":false},"featured_media":27749,"template":"","meta":{"_seopress_robots_primary_cat":"none","_seopress_titles_title":"","_seopress_titles_desc":"","_seopress_robots_index":"","site-sidebar-layout":"default","site-content-layout":"","ast-site-content-layout":"default","site-content-style":"default","site-sidebar-style":"default","ast-global-header-display":"","ast-banner-title-visibility":"","ast-main-header-display":"","ast-hfb-above-header-display":"","ast-hfb-below-header-display":"","ast-hfb-mobile-header-display":"","site-post-title":"","ast-breadcrumbs-content":"","ast-featured-img":"","footer-sml-layout":"","ast-disable-related-posts":"","theme-transparent-header-meta":"default","adv-header-id-meta":"","stick-header-meta":"default","header-above-stick-meta":"","header-main-stick-meta":"","header-below-stick-meta":"","astra-migrate-meta-layouts":"set","ast-page-background-enabled":"default","ast-page-background-meta":{"desktop":{"background-color":"","background-image":"","background-repeat":"repeat","background-position":"center center","background-size":"auto","background-attachment":"scroll","background-type":"","background-media":"","overlay-type":"","overlay-color":"","overlay-opacity":"","overlay-gradient":""},"tablet":{"background-color":"","background-image":"","background-repeat":"repeat","background-position":"center center","background-size":"auto","background-attachment":"scroll","background-type":"","background-media":"","overlay-type":"","overlay-color":"","overlay-opacity":"","overlay-gradient":""},"mobile":{"background-color":"","background-image":"","background-repeat":"repeat","background-position":"center center","background-size":"auto","background-attachment":"scroll","background-type":"","background-media":"","overlay-type":"","overlay-color":"","overlay-opacity":"","overlay-gradient":""}},"ast-content-background-meta":{"desktop":{"background-color":"var(--ast-global-color-5)","background-image":"","background-repeat":"repeat","background-position":"center center","background-size":"auto","background-attachment":"scroll","background-type":"","background-media":"","overlay-type":"","overlay-color":"","overlay-opacity":"","overlay-gradient":""},"tablet":{"background-color":"var(--ast-global-color-5)","background-image":"","background-repeat":"repeat","background-position":"center center","background-size":"auto","background-attachment":"scroll","background-type":"","background-media":"","overlay-type":"","overlay-color":"","overlay-opacity":"","overlay-gradient":""},"mobile":{"background-color":"var(--ast-global-color-5)","background-image":"","background-repeat":"repeat","background-position":"center center","background-size":"auto","background-attachment":"scroll","background-type":"","background-media":"","overlay-type":"","overlay-color":"","overlay-opacity":"","overlay-gradient":""}}},"product_brand":[],"product_cat":[76],"product_tag":[],"class_list":{"0":"post-27797","1":"product","2":"type-product","3":"status-publish","4":"has-post-thumbnail","6":"product_cat-white-paper-bags-with-handels","7":"desktop-align-left","8":"tablet-align-left","9":"mobile-align-left","10":"ast-product-gallery-layout-horizontal","11":"ast-product-tabs-layout-horizontal","13":"first","14":"instock","15":"product-type-simple"},"_links":{"self":[{"href":"https:\/\/reanpackaging.com\/fr\/wp-json\/wp\/v2\/product\/27797","targetHints":{"allow":["GET"]}}],"collection":[{"href":"https:\/\/reanpackaging.com\/fr\/wp-json\/wp\/v2\/product"}],"about":[{"href":"https:\/\/reanpackaging.com\/fr\/wp-json\/wp\/v2\/types\/product"}],"wp:featuredmedia":[{"embeddable":true,"href":"https:\/\/reanpackaging.com\/fr\/wp-json\/wp\/v2\/media\/27749"}],"wp:attachment":[{"href":"https:\/\/reanpackaging.com\/fr\/wp-json\/wp\/v2\/media?parent=27797"}],"wp:term":[{"taxonomy":"product_brand","embeddable":true,"href":"https:\/\/reanpackaging.com\/fr\/wp-json\/wp\/v2\/product_brand?post=27797"},{"taxonomy":"product_cat","embeddable":true,"href":"https:\/\/reanpackaging.com\/fr\/wp-json\/wp\/v2\/product_cat?post=27797"},{"taxonomy":"product_tag","embeddable":true,"href":"https:\/\/reanpackaging.com\/fr\/wp-json\/wp\/v2\/product_tag?post=27797"}],"curies":[{"name":"wp","href":"https:\/\/api.w.org\/{rel}","templated":true}]}}