{"id":28754,"date":"2024-12-15T11:37:45","date_gmt":"2024-12-15T11:37:45","guid":{"rendered":"https:\/\/reanpackaging.com\/product\/heart-shaped-chocolate-box-luxury-cardboard-packaging-custom-strawberry-candy-mystery-explosion-surprise-valentines-gift-box\/"},"modified":"2024-12-15T11:50:14","modified_gmt":"2024-12-15T11:50:14","slug":"heart-shaped-chocolate-box-luxury-cardboard-packaging-custom-strawberry-candy-mystery-explosion-surprise-valentines-gift-box","status":"publish","type":"product","link":"https:\/\/reanpackaging.com\/fr\/produit\/heart-shaped-chocolate-box-luxury-cardboard-packaging-custom-strawberry-candy-mystery-explosion-surprise-valentines-gift-box\/","title":{"rendered":"Bo\u00eete \u00e0 chocolat en forme de coeur emballage en carton de luxe bonbons \u00e0 la fraise personnalis\u00e9 myst\u00e8re explosion surprise bo\u00eete cadeau valentine"},"content":{"rendered":"<h4>Attributs sp\u00e9cifiques \u00e0 l'industrie<\/h4>\n<table border=\"1\">\n<tbody>\n<tr>\n<td><strong>Utilisation industrielle<\/strong><\/td>\n<td>Alimentation<\/td>\n<\/tr>\n<tr>\n<td><strong>Type de papier<\/strong><\/td>\n<td>Carton<\/td>\n<\/tr>\n<tr>\n<td><strong>Fonctionnalit\u00e9<\/strong><\/td>\n<td>Fait \u00e0 la main<\/td>\n<\/tr>\n<tr>\n<td><strong>type de bo\u00eete<\/strong><\/td>\n<td>Bo\u00eetes rigides<\/td>\n<\/tr>\n<\/tbody>\n<\/table>\n<h4>Autres attributs<\/h4>\n<table border=\"1\">\n<tbody>\n<tr>\n<td><strong>Forme<\/strong><\/td>\n<td>sur mesure<\/td>\n<\/tr>\n<tr>\n<td><strong>Manipulation de l'impression<\/strong><\/td>\n<td>Gaufrage, pelliculage brillant, pelliculage mat, estampage, vernissage UV, vernissage \u00e0 chaud, vernissage \u00e0 froid, feuille d'or<\/td>\n<\/tr>\n<tr>\n<td><strong>Commande personnalis\u00e9e<\/strong><\/td>\n<td>Accepter<\/td>\n<\/tr>\n<tr>\n<td><strong>Type de rev\u00eatement<\/strong><\/td>\n<td>Carton<\/td>\n<\/tr>\n<tr>\n<td><strong>Taille<\/strong><\/td>\n<td>4,4 haut 6,8 large 6,3 profond<\/td>\n<\/tr>\n<tr>\n<td><strong>Utilisation<\/strong><\/td>\n<td>bo\u00eete de chocolat emballage de luxe<\/td>\n<\/tr>\n<tr>\n<td><strong>Objet<\/strong><\/td>\n<td>bo\u00eetes de bonbons au chocolat<\/td>\n<\/tr>\n<tr>\n<td><strong>Couleur<\/strong><\/td>\n<td>CMYK<\/td>\n<\/tr>\n<tr>\n<td><strong>Forme<\/strong><\/td>\n<td>Forme personnalis\u00e9e<\/td>\n<\/tr>\n<tr>\n<td><strong>Logo<\/strong><\/td>\n<td>Logo du client<\/td>\n<\/tr>\n<tr>\n<td><strong>Impression<\/strong><\/td>\n<td>Impression offset 4c<\/td>\n<\/tr>\n<\/tbody>\n<\/table>\n<p><img fetchpriority=\"high\" decoding=\"async\" class=\"alignnone size-medium wp-image-28393\" src=\"https:\/\/reanpackaging.com\/wp-content\/uploads\/2024\/12\/1-description-Heart-shaped-chocolate-box-luxury-cardboard-packaging-custom-strawberry-candy-mystery-explosion-surprise-valentines-gift-box-300x300.jpg\" alt=\"1 description bo\u00eete \u00e0 chocolat en forme de coeur emballage en carton de luxe bonbons \u00e0 la fraise personnalis\u00e9 myst\u00e8re explosion surprise bo\u00eete cadeau valentine\" width=\"800\" height=\"800\" srcset=\"https:\/\/reanpackaging.com\/wp-content\/uploads\/2024\/12\/1-description-Heart-shaped-chocolate-box-luxury-cardboard-packaging-custom-strawberry-candy-mystery-explosion-surprise-valentines-gift-box-300x300.jpg 300w, https:\/\/reanpackaging.com\/wp-content\/uploads\/2024\/12\/1-description-Heart-shaped-chocolate-box-luxury-cardboard-packaging-custom-strawberry-candy-mystery-explosion-surprise-valentines-gift-box-150x150.jpg 150w, https:\/\/reanpackaging.com\/wp-content\/uploads\/2024\/12\/1-description-Heart-shaped-chocolate-box-luxury-cardboard-packaging-custom-strawberry-candy-mystery-explosion-surprise-valentines-gift-box-768x768.jpg 768w, https:\/\/reanpackaging.com\/wp-content\/uploads\/2024\/12\/1-description-Heart-shaped-chocolate-box-luxury-cardboard-packaging-custom-strawberry-candy-mystery-explosion-surprise-valentines-gift-box-12x12.jpg 12w, https:\/\/reanpackaging.com\/wp-content\/uploads\/2024\/12\/1-description-Heart-shaped-chocolate-box-luxury-cardboard-packaging-custom-strawberry-candy-mystery-explosion-surprise-valentines-gift-box-600x600.jpg 600w, https:\/\/reanpackaging.com\/wp-content\/uploads\/2024\/12\/1-description-Heart-shaped-chocolate-box-luxury-cardboard-packaging-custom-strawberry-candy-mystery-explosion-surprise-valentines-gift-box-100x100.jpg 100w, https:\/\/reanpackaging.com\/wp-content\/uploads\/2024\/12\/1-description-Heart-shaped-chocolate-box-luxury-cardboard-packaging-custom-strawberry-candy-mystery-explosion-surprise-valentines-gift-box.jpg 800w\" sizes=\"(max-width: 800px) 100vw, 800px\" \/><\/p>\n<p><img decoding=\"async\" class=\"alignnone size-medium wp-image-28429\" src=\"https:\/\/reanpackaging.com\/wp-content\/uploads\/2024\/12\/3-description-Heart-shaped-chocolate-box-luxury-cardboard-packaging-custom-strawberry-candy-mystery-explosion-surprise-valentines-gift-box-300x300.jpg\" alt=\"3 description bo\u00eete \u00e0 chocolat en forme de coeur emballage en carton de luxe bonbon \u00e0 la fraise personnalis\u00e9 myst\u00e8re explosion surprise bo\u00eete cadeau valentine\" width=\"800\" height=\"800\" srcset=\"https:\/\/reanpackaging.com\/wp-content\/uploads\/2024\/12\/3-description-Heart-shaped-chocolate-box-luxury-cardboard-packaging-custom-strawberry-candy-mystery-explosion-surprise-valentines-gift-box-300x300.jpg 300w, https:\/\/reanpackaging.com\/wp-content\/uploads\/2024\/12\/3-description-Heart-shaped-chocolate-box-luxury-cardboard-packaging-custom-strawberry-candy-mystery-explosion-surprise-valentines-gift-box-150x150.jpg 150w, https:\/\/reanpackaging.com\/wp-content\/uploads\/2024\/12\/3-description-Heart-shaped-chocolate-box-luxury-cardboard-packaging-custom-strawberry-candy-mystery-explosion-surprise-valentines-gift-box-768x768.jpg 768w, https:\/\/reanpackaging.com\/wp-content\/uploads\/2024\/12\/3-description-Heart-shaped-chocolate-box-luxury-cardboard-packaging-custom-strawberry-candy-mystery-explosion-surprise-valentines-gift-box-12x12.jpg 12w, https:\/\/reanpackaging.com\/wp-content\/uploads\/2024\/12\/3-description-Heart-shaped-chocolate-box-luxury-cardboard-packaging-custom-strawberry-candy-mystery-explosion-surprise-valentines-gift-box-600x600.jpg 600w, https:\/\/reanpackaging.com\/wp-content\/uploads\/2024\/12\/3-description-Heart-shaped-chocolate-box-luxury-cardboard-packaging-custom-strawberry-candy-mystery-explosion-surprise-valentines-gift-box-100x100.jpg 100w, https:\/\/reanpackaging.com\/wp-content\/uploads\/2024\/12\/3-description-Heart-shaped-chocolate-box-luxury-cardboard-packaging-custom-strawberry-candy-mystery-explosion-surprise-valentines-gift-box.jpg 800w\" sizes=\"(max-width: 800px) 100vw, 800px\" \/><\/p>\n<p><img decoding=\"async\" class=\"alignnone size-medium wp-image-28471\" src=\"https:\/\/reanpackaging.com\/wp-content\/uploads\/2024\/12\/5-description-Heart-shaped-chocolate-box-luxury-cardboard-packaging-custom-strawberry-candy-mystery-explosion-surprise-valentines-gift-box-300x300.jpg\" alt=\"5 description bo\u00eete de chocolat en forme de coeur emballage en carton de luxe bonbons \u00e0 la fraise personnalis\u00e9 myst\u00e8re explosion surprise bo\u00eete cadeau valentine\" width=\"800\" height=\"800\" srcset=\"https:\/\/reanpackaging.com\/wp-content\/uploads\/2024\/12\/5-description-Heart-shaped-chocolate-box-luxury-cardboard-packaging-custom-strawberry-candy-mystery-explosion-surprise-valentines-gift-box-300x300.jpg 300w, https:\/\/reanpackaging.com\/wp-content\/uploads\/2024\/12\/5-description-Heart-shaped-chocolate-box-luxury-cardboard-packaging-custom-strawberry-candy-mystery-explosion-surprise-valentines-gift-box-150x150.jpg 150w, https:\/\/reanpackaging.com\/wp-content\/uploads\/2024\/12\/5-description-Heart-shaped-chocolate-box-luxury-cardboard-packaging-custom-strawberry-candy-mystery-explosion-surprise-valentines-gift-box-768x768.jpg 768w, https:\/\/reanpackaging.com\/wp-content\/uploads\/2024\/12\/5-description-Heart-shaped-chocolate-box-luxury-cardboard-packaging-custom-strawberry-candy-mystery-explosion-surprise-valentines-gift-box-12x12.jpg 12w, https:\/\/reanpackaging.com\/wp-content\/uploads\/2024\/12\/5-description-Heart-shaped-chocolate-box-luxury-cardboard-packaging-custom-strawberry-candy-mystery-explosion-surprise-valentines-gift-box-600x600.jpg 600w, https:\/\/reanpackaging.com\/wp-content\/uploads\/2024\/12\/5-description-Heart-shaped-chocolate-box-luxury-cardboard-packaging-custom-strawberry-candy-mystery-explosion-surprise-valentines-gift-box-100x100.jpg 100w, https:\/\/reanpackaging.com\/wp-content\/uploads\/2024\/12\/5-description-Heart-shaped-chocolate-box-luxury-cardboard-packaging-custom-strawberry-candy-mystery-explosion-surprise-valentines-gift-box.jpg 800w\" sizes=\"(max-width: 800px) 100vw, 800px\" \/><\/p>","protected":false},"excerpt":{"rendered":"<p>Industry-Specific Attributes Industrial Use Food Paper Type Paperboard Feature Handmade box type Rigid Boxes Other Attributes Shape custom Printing Handling Embossing, Glossy Lamination, Matt Lamination, Stamping, UV Coating, Varnishing, VANISHING, Gold Foil Custom Order Accept Liner type Paperboard Size 4.4 high 6.8wide 6.3deep Usage chocolate box packaging luxury Item chocolate bonbon boxes Color CMYK Shape [&hellip;]<\/p>\n","protected":false},"featured_media":28592,"template":"","meta":{"_seopress_robots_primary_cat":"none","_seopress_titles_title":"","_seopress_titles_desc":"","_seopress_robots_index":"","site-sidebar-layout":"default","site-content-layout":"","ast-site-content-layout":"default","site-content-style":"default","site-sidebar-style":"default","ast-global-header-display":"","ast-banner-title-visibility":"","ast-main-header-display":"","ast-hfb-above-header-display":"","ast-hfb-below-header-display":"","ast-hfb-mobile-header-display":"","site-post-title":"","ast-breadcrumbs-content":"","ast-featured-img":"","footer-sml-layout":"","ast-disable-related-posts":"","theme-transparent-header-meta":"default","adv-header-id-meta":"","stick-header-meta":"default","header-above-stick-meta":"","header-main-stick-meta":"","header-below-stick-meta":"","astra-migrate-meta-layouts":"set","ast-page-background-enabled":"default","ast-page-background-meta":{"desktop":{"background-color":"","background-image":"","background-repeat":"repeat","background-position":"center center","background-size":"auto","background-attachment":"scroll","background-type":"","background-media":"","overlay-type":"","overlay-color":"","overlay-opacity":"","overlay-gradient":""},"tablet":{"background-color":"","background-image":"","background-repeat":"repeat","background-position":"center center","background-size":"auto","background-attachment":"scroll","background-type":"","background-media":"","overlay-type":"","overlay-color":"","overlay-opacity":"","overlay-gradient":""},"mobile":{"background-color":"","background-image":"","background-repeat":"repeat","background-position":"center center","background-size":"auto","background-attachment":"scroll","background-type":"","background-media":"","overlay-type":"","overlay-color":"","overlay-opacity":"","overlay-gradient":""}},"ast-content-background-meta":{"desktop":{"background-color":"var(--ast-global-color-5)","background-image":"","background-repeat":"repeat","background-position":"center center","background-size":"auto","background-attachment":"scroll","background-type":"","background-media":"","overlay-type":"","overlay-color":"","overlay-opacity":"","overlay-gradient":""},"tablet":{"background-color":"var(--ast-global-color-5)","background-image":"","background-repeat":"repeat","background-position":"center center","background-size":"auto","background-attachment":"scroll","background-type":"","background-media":"","overlay-type":"","overlay-color":"","overlay-opacity":"","overlay-gradient":""},"mobile":{"background-color":"var(--ast-global-color-5)","background-image":"","background-repeat":"repeat","background-position":"center center","background-size":"auto","background-attachment":"scroll","background-type":"","background-media":"","overlay-type":"","overlay-color":"","overlay-opacity":"","overlay-gradient":""}}},"product_brand":[],"product_cat":[78],"product_tag":[],"class_list":{"0":"post-28754","1":"product","2":"type-product","3":"status-publish","4":"has-post-thumbnail","6":"product_cat-heart-shape-gift-boxes","7":"desktop-align-left","8":"tablet-align-left","9":"mobile-align-left","10":"ast-product-gallery-layout-horizontal","11":"ast-product-tabs-layout-horizontal","13":"first","14":"instock","15":"product-type-simple"},"_links":{"self":[{"href":"https:\/\/reanpackaging.com\/fr\/wp-json\/wp\/v2\/product\/28754","targetHints":{"allow":["GET"]}}],"collection":[{"href":"https:\/\/reanpackaging.com\/fr\/wp-json\/wp\/v2\/product"}],"about":[{"href":"https:\/\/reanpackaging.com\/fr\/wp-json\/wp\/v2\/types\/product"}],"wp:featuredmedia":[{"embeddable":true,"href":"https:\/\/reanpackaging.com\/fr\/wp-json\/wp\/v2\/media\/28592"}],"wp:attachment":[{"href":"https:\/\/reanpackaging.com\/fr\/wp-json\/wp\/v2\/media?parent=28754"}],"wp:term":[{"taxonomy":"product_brand","embeddable":true,"href":"https:\/\/reanpackaging.com\/fr\/wp-json\/wp\/v2\/product_brand?post=28754"},{"taxonomy":"product_cat","embeddable":true,"href":"https:\/\/reanpackaging.com\/fr\/wp-json\/wp\/v2\/product_cat?post=28754"},{"taxonomy":"product_tag","embeddable":true,"href":"https:\/\/reanpackaging.com\/fr\/wp-json\/wp\/v2\/product_tag?post=28754"}],"curies":[{"name":"wp","href":"https:\/\/api.w.org\/{rel}","templated":true}]}}