{"id":29133,"date":"2024-12-16T09:00:31","date_gmt":"2024-12-16T09:00:31","guid":{"rendered":"https:\/\/reanpackaging.com\/product\/new-fashion-creative-explosion-valentine-gift-denture-magnetic-stash-gift-paper-packaging-surprise-box-set-for-women-recyclable\/"},"modified":"2024-12-16T09:08:24","modified_gmt":"2024-12-16T09:08:24","slug":"new-fashion-creative-explosion-valentine-gift-denture-magnetic-stash-gift-paper-packaging-surprise-box-set-for-women-recyclable","status":"publish","type":"product","link":"https:\/\/reanpackaging.com\/fr\/produit\/new-fashion-creative-explosion-valentine-gift-denture-magnetic-stash-gift-paper-packaging-surprise-box-set-for-women-recyclable\/","title":{"rendered":"Nouvelle Mode Explosion Cr\u00e9ative Valentine Cadeau Denture Stash Magn\u00e9tique Emballage Papier Cadeau Surprise Set pour Femmes Recyclable"},"content":{"rendered":"<h4>Attributs sp\u00e9cifiques \u00e0 l'industrie<\/h4>\n<table border=\"1\">\n<tbody>\n<tr>\n<td><strong>Mat\u00e9riau<\/strong><\/td>\n<td>papier<\/td>\n<\/tr>\n<tr>\n<td><strong>Type de produit<\/strong><\/td>\n<td>D\u00e9coupage du papier<\/td>\n<\/tr>\n<tr>\n<td><strong>Th\u00e8me<\/strong><\/td>\n<td>Amour<\/td>\n<\/tr>\n<\/tbody>\n<\/table>\n<h4>Autres attributs<\/h4>\n<table border=\"1\">\n<tbody>\n<tr>\n<td><strong>Impression<\/strong><\/td>\n<td>Impression par transfert thermique, impression offset, s\u00e9rigraphie, h\u00e9liogravure, typographie, d\u00e9coupe, impression UV, gaufrage, impression num\u00e9rique<\/td>\n<\/tr>\n<tr>\n<td><strong>Mat\u00e9riau<\/strong><\/td>\n<td>Carton gris, papier kraft\/papier sp\u00e9cial, papier couch\u00e9, papier d'art, etc.<\/td>\n<\/tr>\n<tr>\n<td><strong>Bo\u00eete de style<\/strong><\/td>\n<td>Base du couvercle, bo\u00eete magn\u00e9tique, bo\u00eete pliante, bo\u00eete \u00e0 manchettes, bo\u00eete de forme sp\u00e9ciale, etc.<\/td>\n<\/tr>\n<tr>\n<td><strong>MOQ<\/strong><\/td>\n<td>1 pi\u00e8ce, MOQ pour la personnalisation est de 500 pi\u00e8ces<\/td>\n<\/tr>\n<tr>\n<td><strong>Temps d'\u00e9chantillonnage<\/strong><\/td>\n<td>3-7 jours ouvrables<\/td>\n<\/tr>\n<tr>\n<td><strong>Conception\/impression<\/strong><\/td>\n<td>Impression cutomis\u00e9e, CMYK, couleur Pantone, impression UV, etc.<\/td>\n<\/tr>\n<tr>\n<td><strong>OEM\/ODM<\/strong><\/td>\n<td>Acceptables<\/td>\n<\/tr>\n<tr>\n<td><strong>Utilisation<\/strong><\/td>\n<td>Emballage papier, stockage, emballage, protection des produits, valorisation<\/td>\n<\/tr>\n<tr>\n<td><strong>Taille<\/strong><\/td>\n<td>20x15x7, 21x21x8, 24x24x9, 29x21x11, 34x22x12cm ou taille personnalis\u00e9e<\/td>\n<\/tr>\n<tr>\n<td><strong>Logo<\/strong><\/td>\n<td>Cutomisation, CMYK, dorure, gaufrage\/d\u00e9bossage, UV, impression sur soie, etc.<\/td>\n<\/tr>\n<tr>\n<td><strong>Paiement<\/strong><\/td>\n<td>T\/T, Alipay, PayPal, L\/C, etc.<\/td>\n<\/tr>\n<\/tbody>\n<\/table>","protected":false},"excerpt":{"rendered":"<p>Industry-Specific Attributes Material paper Product Type Paper Cutting Theme Love Other Attributes Printing Thermal transfer printing, Offset printing, Silk screen printing, Gravure printing, Letterpress printing, Die cutting printing, UV printing, Embossing printing, Digital printing Material Grey Board, Kraft Paper\/Specialty Paper, Coated Paper, Art Paper, etc. Box Style Lid Base, Magnetic Box, Folding Box, Cuff Box, [&hellip;]<\/p>\n","protected":false},"featured_media":29019,"template":"","meta":{"_seopress_robots_primary_cat":"none","_seopress_titles_title":"","_seopress_titles_desc":"","_seopress_robots_index":"","site-sidebar-layout":"default","site-content-layout":"","ast-site-content-layout":"default","site-content-style":"default","site-sidebar-style":"default","ast-global-header-display":"","ast-banner-title-visibility":"","ast-main-header-display":"","ast-hfb-above-header-display":"","ast-hfb-below-header-display":"","ast-hfb-mobile-header-display":"","site-post-title":"","ast-breadcrumbs-content":"","ast-featured-img":"","footer-sml-layout":"","ast-disable-related-posts":"","theme-transparent-header-meta":"default","adv-header-id-meta":"","stick-header-meta":"default","header-above-stick-meta":"","header-main-stick-meta":"","header-below-stick-meta":"","astra-migrate-meta-layouts":"set","ast-page-background-enabled":"default","ast-page-background-meta":{"desktop":{"background-color":"","background-image":"","background-repeat":"repeat","background-position":"center center","background-size":"auto","background-attachment":"scroll","background-type":"","background-media":"","overlay-type":"","overlay-color":"","overlay-opacity":"","overlay-gradient":""},"tablet":{"background-color":"","background-image":"","background-repeat":"repeat","background-position":"center center","background-size":"auto","background-attachment":"scroll","background-type":"","background-media":"","overlay-type":"","overlay-color":"","overlay-opacity":"","overlay-gradient":""},"mobile":{"background-color":"","background-image":"","background-repeat":"repeat","background-position":"center center","background-size":"auto","background-attachment":"scroll","background-type":"","background-media":"","overlay-type":"","overlay-color":"","overlay-opacity":"","overlay-gradient":""}},"ast-content-background-meta":{"desktop":{"background-color":"var(--ast-global-color-5)","background-image":"","background-repeat":"repeat","background-position":"center center","background-size":"auto","background-attachment":"scroll","background-type":"","background-media":"","overlay-type":"","overlay-color":"","overlay-opacity":"","overlay-gradient":""},"tablet":{"background-color":"var(--ast-global-color-5)","background-image":"","background-repeat":"repeat","background-position":"center center","background-size":"auto","background-attachment":"scroll","background-type":"","background-media":"","overlay-type":"","overlay-color":"","overlay-opacity":"","overlay-gradient":""},"mobile":{"background-color":"var(--ast-global-color-5)","background-image":"","background-repeat":"repeat","background-position":"center center","background-size":"auto","background-attachment":"scroll","background-type":"","background-media":"","overlay-type":"","overlay-color":"","overlay-opacity":"","overlay-gradient":""}}},"product_brand":[],"product_cat":[79],"product_tag":[],"class_list":{"0":"post-29133","1":"product","2":"type-product","3":"status-publish","4":"has-post-thumbnail","6":"product_cat-valentine-gift-boxes","7":"desktop-align-left","8":"tablet-align-left","9":"mobile-align-left","10":"ast-product-gallery-layout-horizontal","11":"ast-product-tabs-layout-horizontal","13":"first","14":"instock","15":"product-type-simple"},"_links":{"self":[{"href":"https:\/\/reanpackaging.com\/fr\/wp-json\/wp\/v2\/product\/29133","targetHints":{"allow":["GET"]}}],"collection":[{"href":"https:\/\/reanpackaging.com\/fr\/wp-json\/wp\/v2\/product"}],"about":[{"href":"https:\/\/reanpackaging.com\/fr\/wp-json\/wp\/v2\/types\/product"}],"wp:featuredmedia":[{"embeddable":true,"href":"https:\/\/reanpackaging.com\/fr\/wp-json\/wp\/v2\/media\/29019"}],"wp:attachment":[{"href":"https:\/\/reanpackaging.com\/fr\/wp-json\/wp\/v2\/media?parent=29133"}],"wp:term":[{"taxonomy":"product_brand","embeddable":true,"href":"https:\/\/reanpackaging.com\/fr\/wp-json\/wp\/v2\/product_brand?post=29133"},{"taxonomy":"product_cat","embeddable":true,"href":"https:\/\/reanpackaging.com\/fr\/wp-json\/wp\/v2\/product_cat?post=29133"},{"taxonomy":"product_tag","embeddable":true,"href":"https:\/\/reanpackaging.com\/fr\/wp-json\/wp\/v2\/product_tag?post=29133"}],"curies":[{"name":"wp","href":"https:\/\/api.w.org\/{rel}","templated":true}]}}