{"id":29139,"date":"2024-12-16T09:01:17","date_gmt":"2024-12-16T09:01:17","guid":{"rendered":"https:\/\/reanpackaging.com\/product\/valentine-wholesale-luxury-gift-preserved-flower-box-everlasting-stabilized-preserved-rose-in-gift-box\/"},"modified":"2024-12-16T09:04:05","modified_gmt":"2024-12-16T09:04:05","slug":"valentine-wholesale-luxury-gift-preserved-flower-box-everlasting-stabilized-preserved-rose-in-gift-box","status":"publish","type":"product","link":"https:\/\/reanpackaging.com\/fr\/produit\/valentine-wholesale-luxury-gift-preserved-flower-box-everlasting-stabilized-preserved-rose-in-gift-box\/","title":{"rendered":"Valentin Gros cadeau de luxe Bo\u00eete \u00e0 fleurs conserv\u00e9es Rose conserv\u00e9e stabilis\u00e9e de longue dur\u00e9e dans une bo\u00eete \u00e0 cadeaux"},"content":{"rendered":"<h4>Attributs sp\u00e9cifiques \u00e0 l'industrie<\/h4>\n<table border=\"1\">\n<tbody>\n<tr>\n<td><strong>Occasion<\/strong><\/td>\n<td>Poisson d'avril, rentr\u00e9e scolaire, Nouvel An chinois, No\u00ebl, Journ\u00e9e de la Terre, P\u00e2ques, F\u00eate des p\u00e8res, Remise des dipl\u00f4mes, Halloween, F\u00eate des m\u00e8res, Nouvel An, Action de gr\u00e2ce, Saint-Valentin, Autres<\/td>\n<\/tr>\n<\/tbody>\n<\/table>\n<h4>Autres attributs<\/h4>\n<table border=\"1\">\n<tbody>\n<tr>\n<td><strong>Lieu d'origine<\/strong><\/td>\n<td>Sichuan, Chine<\/td>\n<\/tr>\n<tr>\n<td><strong>Taille<\/strong><\/td>\n<td>20*20*5 CM<\/td>\n<\/tr>\n<tr>\n<td><strong>S\u00e9rie de produits<\/strong><\/td>\n<td>Bo\u00eete en acrylique Roses\/fleurs conserv\u00e9es<\/td>\n<\/tr>\n<tr>\n<td><strong>Mati\u00e8res premi\u00e8res<\/strong><\/td>\n<td>100% Natural Real Fresh Flower<\/td>\n<\/tr>\n<tr>\n<td><strong>Niveau de qualit\u00e9<\/strong><\/td>\n<td>Un grade<\/td>\n<\/tr>\n<tr>\n<td><strong>Mat\u00e9riau de base<\/strong><\/td>\n<td>Roses conserv\u00e9es<\/td>\n<\/tr>\n<tr>\n<td><strong>Mat\u00e9riaux auxiliaires<\/strong><\/td>\n<td>Plus de 40 plantes (fleurs) au choix<\/td>\n<\/tr>\n<tr>\n<td><strong>Couleur<\/strong><\/td>\n<td>Plusieurs couleurs au choix<\/td>\n<\/tr>\n<tr>\n<td><strong>OEM ET ODM<\/strong><\/td>\n<td>Acceptables<\/td>\n<\/tr>\n<tr>\n<td><strong>Sur mesure<\/strong><\/td>\n<td>Acceptables<\/td>\n<\/tr>\n<tr>\n<td><strong>Technique<\/strong><\/td>\n<td>Fait \u00e0 la main<\/td>\n<\/tr>\n<\/tbody>\n<\/table>\n<p><img decoding=\"async\" class=\"detail-desc-decorate-image\" style=\"max-width: 100%; height: auto; display: block; margin: 0 auto;\" src=\"https:\/\/reanpackaging.com\/wp-content\/uploads\/2024\/12\/1-description-Valentine-Wholesale-Luxury-Gift-Preserved-Flower-Box-Everlasting-Stabilized-Preserved-Rose-In-Gift-Box.jpg\" \/><br \/>\n<img decoding=\"async\" class=\"detail-desc-decorate-image\" style=\"max-width: 100%; height: auto; display: block; margin: 0 auto;\" src=\"https:\/\/reanpackaging.com\/wp-content\/uploads\/2024\/12\/2-description-Valentine-Wholesale-Luxury-Gift-Preserved-Flower-Box-Everlasting-Stabilized-Preserved-Rose-In-Gift-Box.jpg\" \/><br \/>\n<img decoding=\"async\" class=\"detail-desc-decorate-image\" style=\"max-width: 100%; height: auto; display: block; margin: 0 auto;\" src=\"https:\/\/reanpackaging.com\/wp-content\/uploads\/2024\/12\/3-description-Valentine-Wholesale-Luxury-Gift-Preserved-Flower-Box-Everlasting-Stabilized-Preserved-Rose-In-Gift-Box.jpg\" \/><br \/>\n<img decoding=\"async\" class=\"detail-desc-decorate-image\" style=\"max-width: 100%; height: auto; display: block; margin: 0 auto;\" src=\"https:\/\/reanpackaging.com\/wp-content\/uploads\/2024\/12\/4-description-Valentine-Wholesale-Luxury-Gift-Preserved-Flower-Box-Everlasting-Stabilized-Preserved-Rose-In-Gift-Box.jpg\" \/><br \/>\n<img decoding=\"async\" class=\"detail-desc-decorate-image\" style=\"max-width: 100%; height: auto; display: block; margin: 0 auto;\" src=\"https:\/\/reanpackaging.com\/wp-content\/uploads\/2024\/12\/5-description-Valentine-Wholesale-Luxury-Gift-Preserved-Flower-Box-Everlasting-Stabilized-Preserved-Rose-In-Gift-Box.jpg\" \/><\/p>","protected":false},"excerpt":{"rendered":"<p>Industry-Specific Attributes Occasion April Fool&#8217;s Day, Back to School, Chinese New Year, Christmas, Earth Day, Easter, Father&#8217;s Day, Graduation, Halloween, Mother&#8217;s Day, New Year, Thanksgiving, Valentine&#8217;s Day, Other Other Attributes Place of Origin Sichuan, China Size 20*20*5 CM Product Series Acrylic Boxed Preserved Roses\/flowers Raw material 100% Natural Real Fresh Flower Quality Grade A Grade [&hellip;]<\/p>\n","protected":false},"featured_media":29038,"template":"","meta":{"_seopress_robots_primary_cat":"none","_seopress_titles_title":"","_seopress_titles_desc":"","_seopress_robots_index":"","site-sidebar-layout":"default","site-content-layout":"","ast-site-content-layout":"default","site-content-style":"default","site-sidebar-style":"default","ast-global-header-display":"","ast-banner-title-visibility":"","ast-main-header-display":"","ast-hfb-above-header-display":"","ast-hfb-below-header-display":"","ast-hfb-mobile-header-display":"","site-post-title":"","ast-breadcrumbs-content":"","ast-featured-img":"","footer-sml-layout":"","ast-disable-related-posts":"","theme-transparent-header-meta":"default","adv-header-id-meta":"","stick-header-meta":"default","header-above-stick-meta":"","header-main-stick-meta":"","header-below-stick-meta":"","astra-migrate-meta-layouts":"set","ast-page-background-enabled":"default","ast-page-background-meta":{"desktop":{"background-color":"","background-image":"","background-repeat":"repeat","background-position":"center center","background-size":"auto","background-attachment":"scroll","background-type":"","background-media":"","overlay-type":"","overlay-color":"","overlay-opacity":"","overlay-gradient":""},"tablet":{"background-color":"","background-image":"","background-repeat":"repeat","background-position":"center center","background-size":"auto","background-attachment":"scroll","background-type":"","background-media":"","overlay-type":"","overlay-color":"","overlay-opacity":"","overlay-gradient":""},"mobile":{"background-color":"","background-image":"","background-repeat":"repeat","background-position":"center center","background-size":"auto","background-attachment":"scroll","background-type":"","background-media":"","overlay-type":"","overlay-color":"","overlay-opacity":"","overlay-gradient":""}},"ast-content-background-meta":{"desktop":{"background-color":"var(--ast-global-color-5)","background-image":"","background-repeat":"repeat","background-position":"center center","background-size":"auto","background-attachment":"scroll","background-type":"","background-media":"","overlay-type":"","overlay-color":"","overlay-opacity":"","overlay-gradient":""},"tablet":{"background-color":"var(--ast-global-color-5)","background-image":"","background-repeat":"repeat","background-position":"center center","background-size":"auto","background-attachment":"scroll","background-type":"","background-media":"","overlay-type":"","overlay-color":"","overlay-opacity":"","overlay-gradient":""},"mobile":{"background-color":"var(--ast-global-color-5)","background-image":"","background-repeat":"repeat","background-position":"center center","background-size":"auto","background-attachment":"scroll","background-type":"","background-media":"","overlay-type":"","overlay-color":"","overlay-opacity":"","overlay-gradient":""}}},"product_brand":[],"product_cat":[79],"product_tag":[],"class_list":{"0":"post-29139","1":"product","2":"type-product","3":"status-publish","4":"has-post-thumbnail","6":"product_cat-valentine-gift-boxes","7":"desktop-align-left","8":"tablet-align-left","9":"mobile-align-left","10":"ast-product-gallery-layout-horizontal","11":"ast-product-tabs-layout-horizontal","13":"first","14":"instock","15":"product-type-simple"},"_links":{"self":[{"href":"https:\/\/reanpackaging.com\/fr\/wp-json\/wp\/v2\/product\/29139","targetHints":{"allow":["GET"]}}],"collection":[{"href":"https:\/\/reanpackaging.com\/fr\/wp-json\/wp\/v2\/product"}],"about":[{"href":"https:\/\/reanpackaging.com\/fr\/wp-json\/wp\/v2\/types\/product"}],"wp:featuredmedia":[{"embeddable":true,"href":"https:\/\/reanpackaging.com\/fr\/wp-json\/wp\/v2\/media\/29038"}],"wp:attachment":[{"href":"https:\/\/reanpackaging.com\/fr\/wp-json\/wp\/v2\/media?parent=29139"}],"wp:term":[{"taxonomy":"product_brand","embeddable":true,"href":"https:\/\/reanpackaging.com\/fr\/wp-json\/wp\/v2\/product_brand?post=29139"},{"taxonomy":"product_cat","embeddable":true,"href":"https:\/\/reanpackaging.com\/fr\/wp-json\/wp\/v2\/product_cat?post=29139"},{"taxonomy":"product_tag","embeddable":true,"href":"https:\/\/reanpackaging.com\/fr\/wp-json\/wp\/v2\/product_tag?post=29139"}],"curies":[{"name":"wp","href":"https:\/\/api.w.org\/{rel}","templated":true}]}}