{"id":30211,"date":"2024-12-21T03:34:55","date_gmt":"2024-12-21T03:34:55","guid":{"rendered":"https:\/\/reanpackaging.com\/product\/wholesale-luxury-custom-jewelry-ring-box-packaging-boxes-wedding-ring-box-for-ring-bracelet-pendant-necklace\/"},"modified":"2024-12-21T03:48:43","modified_gmt":"2024-12-21T03:48:43","slug":"wholesale-luxury-custom-jewelry-ring-box-packaging-boxes-wedding-ring-box-for-ring-bracelet-pendant-necklace","status":"publish","type":"product","link":"https:\/\/reanpackaging.com\/fr\/produit\/wholesale-luxury-custom-jewelry-ring-box-packaging-boxes-wedding-ring-box-for-ring-bracelet-pendant-necklace\/","title":{"rendered":"Bo\u00eete \u00e0 bagues pour bijoux en gros Luxe Bo\u00eete \u00e0 bagues pour bijoux en gros Luxe Bo\u00eete \u00e0 bagues pour bijoux en gros Luxe Bo\u00eete \u00e0 bagues pour bijoux en gros Luxe Bo\u00eete \u00e0 bagues pour pendentifs"},"content":{"rendered":"<h4>Attributs sp\u00e9cifiques \u00e0 l'industrie<\/h4>\n<table border=\"1\">\n<tbody>\n<tr>\n<td><strong>Bijoux Mat\u00e9riau principal<\/strong><\/td>\n<td>Autres<\/td>\n<\/tr>\n<tr>\n<td><strong>Style<\/strong><\/td>\n<td>Vintage<\/td>\n<\/tr>\n<\/tbody>\n<\/table>\n<h4>Autres attributs<\/h4>\n<table border=\"1\">\n<tbody>\n<tr>\n<td><strong>Genre<\/strong><\/td>\n<td>Unisexe, Femmes, Enfants<\/td>\n<\/tr>\n<tr>\n<td><strong>Type de bagues<\/strong><\/td>\n<td>Autres<\/td>\n<\/tr>\n<tr>\n<td><strong>Occasion<\/strong><\/td>\n<td>Anniversaire, Fian\u00e7ailles, Cadeau, Mariage, Autre<\/td>\n<\/tr>\n<tr>\n<td><strong>Technologie des incrustations<\/strong><\/td>\n<td>R\u00e9glage du canal<\/td>\n<\/tr>\n<tr>\n<td><strong>Nom du produit<\/strong><\/td>\n<td>bo\u00eete \u00e0 bijoux pour bague<\/td>\n<\/tr>\n<tr>\n<td><strong>Emballage<\/strong><\/td>\n<td>Bo\u00eete<\/td>\n<\/tr>\n<tr>\n<td><strong>Utilisation<\/strong><\/td>\n<td>D\u00e9coration de bijoux<\/td>\n<\/tr>\n<tr>\n<td><strong>Qualit\u00e9<\/strong><\/td>\n<td>Haute qualit\u00e9<\/td>\n<\/tr>\n<tr>\n<td><strong>D\u00e9lai de paiement<\/strong><\/td>\n<td>T.T.Western Union.Paypal.Assurance commerciale<\/td>\n<\/tr>\n<tr>\n<td><strong>D\u00e9lai de livraison<\/strong><\/td>\n<td>7-15 jours<\/td>\n<\/tr>\n<tr>\n<td><strong>OEM\/ODM<\/strong><\/td>\n<td>Un accueil chaleureux<\/td>\n<\/tr>\n<tr>\n<td><strong>Conception<\/strong><\/td>\n<td>Mod\u00e8les uniques<\/td>\n<\/tr>\n<tr>\n<td><strong>Exp\u00e9dition<\/strong><\/td>\n<td>DHL FedEx UPS TNT USPS<\/td>\n<\/tr>\n<\/tbody>\n<\/table>","protected":false},"excerpt":{"rendered":"<p>Industry-Specific Attributes Jewelry Main Material Other Style Vintage Other Attributes Gender Unisex, Women&#8217;s, Children&#8217;s Rings Type Other Occasion Anniversary, Engagement, Gift, Wedding, Other Inlay technology Channel setting Product name jewelry box for ring Packing Box Usage Jewelry Decoration Quality High Quanlity Payment Term T.T.Western Union.Paypal.Trade Assurance Delivery time 7-15 Days OEM\/ODM Warmly Welcomed Design Unique [&hellip;]<\/p>\n","protected":false},"featured_media":30165,"template":"","meta":{"_seopress_robots_primary_cat":"none","_seopress_titles_title":"","_seopress_titles_desc":"","_seopress_robots_index":"","_seopress_analysis_target_kw":"","site-sidebar-layout":"default","site-content-layout":"","ast-site-content-layout":"default","site-content-style":"default","site-sidebar-style":"default","ast-global-header-display":"","ast-banner-title-visibility":"","ast-main-header-display":"","ast-hfb-above-header-display":"","ast-hfb-below-header-display":"","ast-hfb-mobile-header-display":"","site-post-title":"","ast-breadcrumbs-content":"","ast-featured-img":"","footer-sml-layout":"","ast-disable-related-posts":"","theme-transparent-header-meta":"default","adv-header-id-meta":"","stick-header-meta":"default","header-above-stick-meta":"","header-main-stick-meta":"","header-below-stick-meta":"","astra-migrate-meta-layouts":"set","ast-page-background-enabled":"default","ast-page-background-meta":{"desktop":{"background-color":"","background-image":"","background-repeat":"repeat","background-position":"center center","background-size":"auto","background-attachment":"scroll","background-type":"","background-media":"","overlay-type":"","overlay-color":"","overlay-opacity":"","overlay-gradient":""},"tablet":{"background-color":"","background-image":"","background-repeat":"repeat","background-position":"center center","background-size":"auto","background-attachment":"scroll","background-type":"","background-media":"","overlay-type":"","overlay-color":"","overlay-opacity":"","overlay-gradient":""},"mobile":{"background-color":"","background-image":"","background-repeat":"repeat","background-position":"center center","background-size":"auto","background-attachment":"scroll","background-type":"","background-media":"","overlay-type":"","overlay-color":"","overlay-opacity":"","overlay-gradient":""}},"ast-content-background-meta":{"desktop":{"background-color":"var(--ast-global-color-5)","background-image":"","background-repeat":"repeat","background-position":"center center","background-size":"auto","background-attachment":"scroll","background-type":"","background-media":"","overlay-type":"","overlay-color":"","overlay-opacity":"","overlay-gradient":""},"tablet":{"background-color":"var(--ast-global-color-5)","background-image":"","background-repeat":"repeat","background-position":"center center","background-size":"auto","background-attachment":"scroll","background-type":"","background-media":"","overlay-type":"","overlay-color":"","overlay-opacity":"","overlay-gradient":""},"mobile":{"background-color":"var(--ast-global-color-5)","background-image":"","background-repeat":"repeat","background-position":"center center","background-size":"auto","background-attachment":"scroll","background-type":"","background-media":"","overlay-type":"","overlay-color":"","overlay-opacity":"","overlay-gradient":""}}},"product_brand":[],"product_cat":[82],"product_tag":[],"class_list":{"0":"post-30211","1":"product","2":"type-product","3":"status-publish","4":"has-post-thumbnail","6":"product_cat-ring-box","7":"desktop-align-left","8":"tablet-align-left","9":"mobile-align-left","10":"ast-product-gallery-layout-horizontal","11":"ast-product-tabs-layout-horizontal","13":"first","14":"instock","15":"product-type-simple"},"_links":{"self":[{"href":"https:\/\/reanpackaging.com\/fr\/wp-json\/wp\/v2\/product\/30211","targetHints":{"allow":["GET"]}}],"collection":[{"href":"https:\/\/reanpackaging.com\/fr\/wp-json\/wp\/v2\/product"}],"about":[{"href":"https:\/\/reanpackaging.com\/fr\/wp-json\/wp\/v2\/types\/product"}],"wp:featuredmedia":[{"embeddable":true,"href":"https:\/\/reanpackaging.com\/fr\/wp-json\/wp\/v2\/media\/30165"}],"wp:attachment":[{"href":"https:\/\/reanpackaging.com\/fr\/wp-json\/wp\/v2\/media?parent=30211"}],"wp:term":[{"taxonomy":"product_brand","embeddable":true,"href":"https:\/\/reanpackaging.com\/fr\/wp-json\/wp\/v2\/product_brand?post=30211"},{"taxonomy":"product_cat","embeddable":true,"href":"https:\/\/reanpackaging.com\/fr\/wp-json\/wp\/v2\/product_cat?post=30211"},{"taxonomy":"product_tag","embeddable":true,"href":"https:\/\/reanpackaging.com\/fr\/wp-json\/wp\/v2\/product_tag?post=30211"}],"curies":[{"name":"wp","href":"https:\/\/api.w.org\/{rel}","templated":true}]}}