{"id":30866,"date":"2024-12-27T16:44:11","date_gmt":"2024-12-27T16:44:11","guid":{"rendered":"https:\/\/reanpackaging.com\/product\/high-end-cool-gray-brushed-leather-pu-earring-box-large-quantity-ready-made-jewelry-packaging-for-earrings-cool-gray-jewelry-box\/"},"modified":"2024-12-27T17:15:38","modified_gmt":"2024-12-27T17:15:38","slug":"high-end-cool-gray-brushed-leather-pu-earring-box-large-quantity-ready-made-jewelry-packaging-for-earrings-cool-gray-jewelry-box","status":"publish","type":"product","link":"https:\/\/reanpackaging.com\/fr\/produit\/high-end-cool-gray-brushed-leather-pu-earring-box-large-quantity-ready-made-jewelry-packaging-for-earrings-cool-gray-jewelry-box\/","title":{"rendered":"Bo\u00eete \u00e0 boucles d'oreilles en cuir PU gris bross\u00e9 haut de gamme Grande quantit\u00e9 Emballage pr\u00eat \u00e0 l'emploi pour boucles d'oreilles Bo\u00eete \u00e0 boucles d'oreilles gris bross\u00e9 haut de gamme"},"content":{"rendered":"<h4>Autres attributs<\/h4>\n<table border=\"1\">\n<tbody>\n<tr>\n<td><strong>Type d'emballage et de pr\u00e9sentation des bijoux<\/strong><\/td>\n<td>Mallettes et pr\u00e9sentoirs<\/td>\n<\/tr>\n<tr>\n<td><strong>Taille<\/strong><\/td>\n<td>10*10*5cm \/ sur mesure<\/td>\n<\/tr>\n<tr>\n<td><strong>Type de mat\u00e9riau<\/strong><\/td>\n<td>Cuir<\/td>\n<\/tr>\n<tr>\n<td><strong>Conseils importants<\/strong><\/td>\n<td>Veuillez nous contacter pour obtenir des tarifs d'exp\u00e9dition plus avantageux et des remises.<\/td>\n<\/tr>\n<tr>\n<td><strong>Frais d'\u00e9chantillonnage<\/strong><\/td>\n<td>Nos \u00e9chantillons sont gratuits. Ils seront rembours\u00e9s lors de la confirmation de la commande.<\/td>\n<\/tr>\n<tr>\n<td><strong>MOQ<\/strong><\/td>\n<td>500pcs<\/td>\n<\/tr>\n<tr>\n<td><strong>D\u00c9LAI DE LIVRAISON<\/strong><\/td>\n<td>3-5 jours ouvrables<\/td>\n<\/tr>\n<\/tbody>\n<\/table>","protected":false},"excerpt":{"rendered":"<p>Autres attributs Bijoux Emballage et pr\u00e9sentoir Type d'\u00e9tui et de pr\u00e9sentoir Taille 10*10*5cm \/ sur mesure Type de mat\u00e9riau Cuir Conseils importants Veuillez nous contacter pour obtenir des frais d'exp\u00e9dition moins \u00e9lev\u00e9s et des remises Frais d'\u00e9chantillon Notre \u00e9chantillon est gratuit Il sera rembours\u00e9 lorsque la commande sera confirm\u00e9e MOQ 500pcs D\u00c9LAI DE LIVRAISON 3-5 jours ouvrables<\/p>","protected":false},"featured_media":31069,"template":"","meta":{"_seopress_robots_primary_cat":"none","_seopress_titles_title":"","_seopress_titles_desc":"","_seopress_robots_index":"","site-sidebar-layout":"default","site-content-layout":"","ast-site-content-layout":"default","site-content-style":"default","site-sidebar-style":"default","ast-global-header-display":"","ast-banner-title-visibility":"","ast-main-header-display":"","ast-hfb-above-header-display":"","ast-hfb-below-header-display":"","ast-hfb-mobile-header-display":"","site-post-title":"","ast-breadcrumbs-content":"","ast-featured-img":"","footer-sml-layout":"","ast-disable-related-posts":"","theme-transparent-header-meta":"default","adv-header-id-meta":"","stick-header-meta":"default","header-above-stick-meta":"","header-main-stick-meta":"","header-below-stick-meta":"","astra-migrate-meta-layouts":"set","ast-page-background-enabled":"default","ast-page-background-meta":{"desktop":{"background-color":"","background-image":"","background-repeat":"repeat","background-position":"center center","background-size":"auto","background-attachment":"scroll","background-type":"","background-media":"","overlay-type":"","overlay-color":"","overlay-opacity":"","overlay-gradient":""},"tablet":{"background-color":"","background-image":"","background-repeat":"repeat","background-position":"center center","background-size":"auto","background-attachment":"scroll","background-type":"","background-media":"","overlay-type":"","overlay-color":"","overlay-opacity":"","overlay-gradient":""},"mobile":{"background-color":"","background-image":"","background-repeat":"repeat","background-position":"center center","background-size":"auto","background-attachment":"scroll","background-type":"","background-media":"","overlay-type":"","overlay-color":"","overlay-opacity":"","overlay-gradient":""}},"ast-content-background-meta":{"desktop":{"background-color":"var(--ast-global-color-5)","background-image":"","background-repeat":"repeat","background-position":"center center","background-size":"auto","background-attachment":"scroll","background-type":"","background-media":"","overlay-type":"","overlay-color":"","overlay-opacity":"","overlay-gradient":""},"tablet":{"background-color":"var(--ast-global-color-5)","background-image":"","background-repeat":"repeat","background-position":"center center","background-size":"auto","background-attachment":"scroll","background-type":"","background-media":"","overlay-type":"","overlay-color":"","overlay-opacity":"","overlay-gradient":""},"mobile":{"background-color":"var(--ast-global-color-5)","background-image":"","background-repeat":"repeat","background-position":"center center","background-size":"auto","background-attachment":"scroll","background-type":"","background-media":"","overlay-type":"","overlay-color":"","overlay-opacity":"","overlay-gradient":""}}},"product_brand":[],"product_cat":[84],"product_tag":[],"class_list":{"0":"post-30866","1":"product","2":"type-product","3":"status-publish","4":"has-post-thumbnail","6":"product_cat-earring-box","7":"desktop-align-left","8":"tablet-align-left","9":"mobile-align-left","10":"ast-product-gallery-layout-horizontal","11":"ast-product-tabs-layout-horizontal","13":"first","14":"instock","15":"product-type-simple"},"_links":{"self":[{"href":"https:\/\/reanpackaging.com\/fr\/wp-json\/wp\/v2\/product\/30866","targetHints":{"allow":["GET"]}}],"collection":[{"href":"https:\/\/reanpackaging.com\/fr\/wp-json\/wp\/v2\/product"}],"about":[{"href":"https:\/\/reanpackaging.com\/fr\/wp-json\/wp\/v2\/types\/product"}],"wp:featuredmedia":[{"embeddable":true,"href":"https:\/\/reanpackaging.com\/fr\/wp-json\/wp\/v2\/media\/31069"}],"wp:attachment":[{"href":"https:\/\/reanpackaging.com\/fr\/wp-json\/wp\/v2\/media?parent=30866"}],"wp:term":[{"taxonomy":"product_brand","embeddable":true,"href":"https:\/\/reanpackaging.com\/fr\/wp-json\/wp\/v2\/product_brand?post=30866"},{"taxonomy":"product_cat","embeddable":true,"href":"https:\/\/reanpackaging.com\/fr\/wp-json\/wp\/v2\/product_cat?post=30866"},{"taxonomy":"product_tag","embeddable":true,"href":"https:\/\/reanpackaging.com\/fr\/wp-json\/wp\/v2\/product_tag?post=30866"}],"curies":[{"name":"wp","href":"https:\/\/api.w.org\/{rel}","templated":true}]}}